{"id":770,"date":"2025-03-03T13:52:58","date_gmt":"2025-03-03T12:52:58","guid":{"rendered":"https:\/\/scandinavianhealthcenter.com\/we-will-contact-you\/"},"modified":"2025-04-07T16:50:39","modified_gmt":"2025-04-07T14:50:39","slug":"we-will-contact-you","status":"publish","type":"page","link":"https:\/\/scandinavianhealthcenter.com\/no\/we-will-contact-you\/","title":{"rendered":"Vi kommer til \u00e5 kontakte deg"},"content":{"rendered":"\t\t<div data-elementor-type=\"wp-page\" data-elementor-id=\"770\" class=\"elementor elementor-770 elementor-200\">\n\t\t\t\t<div class=\"elementor-element elementor-element-0010272 e-flex e-con-boxed e-con e-parent\" data-id=\"0010272\" data-element_type=\"container\">\n\t\t\t\t\t<div class=\"e-con-inner\">\n\t\t\t\t<div class=\"elementor-element elementor-element-a47c814 elementor-widget elementor-widget-spacer\" data-id=\"a47c814\" data-element_type=\"widget\" data-widget_type=\"spacer.default\">\n\t\t\t\t<div class=\"elementor-widget-container\">\n\t\t\t\t\t\t\t<div class=\"elementor-spacer\">\n\t\t\t<div class=\"elementor-spacer-inner\"><\/div>\n\t\t<\/div>\n\t\t\t\t\t\t<\/div>\n\t\t\t\t<\/div>\n\t\t<div class=\"elementor-element elementor-element-3c30fde e-flex e-con-boxed e-con e-child\" data-id=\"3c30fde\" data-element_type=\"container\">\n\t\t\t\t\t<div class=\"e-con-inner\">\n\t\t\t\t<div class=\"elementor-element elementor-element-f66b793 elementor-widget elementor-widget-text-editor\" data-id=\"f66b793\" data-element_type=\"widget\" data-widget_type=\"text-editor.default\">\n\t\t\t\t<div class=\"elementor-widget-container\">\n\t\t\t\t\t\t\t\t\t<h2 style=\"text-align: center;\"><span style=\"color: #164386;\"><strong>Vi kontakter deg og booker m\u00f8tet ditt<\/strong><\/span><\/h2><h3 style=\"text-align: center;\">Fortell oss hva du trenger, s\u00e5 hjelper vi deg<\/h3><h4 style=\"text-align: center;\"><strong>Fyll ut f\u00f8lgende skjema<\/strong><\/h4>\t\t\t\t\t\t\t\t<\/div>\n\t\t\t\t<\/div>\n\t\t\t\t<div class=\"elementor-element elementor-element-ce697d4 elementor-widget-divider--view-line elementor-widget elementor-widget-divider\" data-id=\"ce697d4\" data-element_type=\"widget\" data-widget_type=\"divider.default\">\n\t\t\t\t<div class=\"elementor-widget-container\">\n\t\t\t\t\t\t\t<div class=\"elementor-divider\">\n\t\t\t<span class=\"elementor-divider-separator\">\n\t\t\t\t\t\t<\/span>\n\t\t<\/div>\n\t\t\t\t\t\t<\/div>\n\t\t\t\t<\/div>\n\t\t\t\t\t<\/div>\n\t\t\t\t<\/div>\n\t\t\t\t<div class=\"elementor-element elementor-element-9cae382 elementor-widget elementor-widget-shortcode\" data-id=\"9cae382\" data-element_type=\"widget\" data-widget_type=\"shortcode.default\">\n\t\t\t\t<div class=\"elementor-widget-container\">\n\t\t\t\t\t\t\t<div class=\"elementor-shortcode\">\n<div class=\"wpcf7 no-js\" id=\"wpcf7-f1063-o1\" lang=\"es-ES\" dir=\"ltr\" data-wpcf7-id=\"1063\">\n<div class=\"screen-reader-response\"><p role=\"status\" aria-live=\"polite\" aria-atomic=\"true\"><\/p> <ul><\/ul><\/div>\n<form action=\"\/no\/wp-json\/wp\/v2\/pages\/770#wpcf7-f1063-o1\" method=\"post\" class=\"wpcf7-form init\" aria-label=\"Formulario de contacto\" novalidate=\"novalidate\" data-status=\"init\">\n<fieldset class=\"hidden-fields-container\"><input type=\"hidden\" name=\"_wpcf7\" value=\"1063\" \/><input type=\"hidden\" name=\"_wpcf7_version\" value=\"6.1.4\" \/><input type=\"hidden\" name=\"_wpcf7_locale\" value=\"es_ES\" \/><input type=\"hidden\" name=\"_wpcf7_unit_tag\" value=\"wpcf7-f1063-o1\" \/><input type=\"hidden\" name=\"_wpcf7_container_post\" value=\"0\" \/><input type=\"hidden\" name=\"_wpcf7_posted_data_hash\" value=\"\" \/><input type=\"hidden\" name=\"_wpcf7dtx_version\" value=\"5.0.4\" \/><input type=\"hidden\" name=\"_wpcf7_recaptcha_response\" value=\"\" \/>\n<\/fieldset>\n<h2>Kontaktskjema<\/h2>\n<ul>\n<li><span class=\"wpcf7-form-control-wrap\" data-name=\"txt-nombre\"><input size=\"40\" maxlength=\"400\" class=\"wpcf7-form-control wpcf7-text wpcf7-validates-as-required\" aria-required=\"true\" aria-invalid=\"false\" placeholder=\"Navn *\" value=\"\" type=\"text\" name=\"txt-nombre\" \/><\/span><span id=\"wpcf7-69eb758c90d9f-wrapper\" class=\"wpcf7-form-control-wrap e-mail-wrap\" ><label for=\"e-mail\" class=\"hp-message\">Por favor, deja este campo vac\u00edo.<\/label><input id=\"e-mail\"  class=\"wpcf7-form-control wpcf7-text e-mail\" type=\"text\" name=\"e-mail\" value=\"\" size=\"40\" tabindex=\"-1\" autocomplete=\"new-password\" \/><\/span><\/li>\n<li><span class=\"wpcf7-form-control-wrap\" data-name=\"txt-apellido\"><input size=\"40\" maxlength=\"400\" class=\"wpcf7-form-control wpcf7-text wpcf7-validates-as-required\" aria-required=\"true\" aria-invalid=\"false\" placeholder=\"Etternavn *\" value=\"\" type=\"text\" name=\"txt-apellido\" \/><\/span><span id=\"wpcf7-69eb758c90eaa-wrapper\" class=\"wpcf7-form-control-wrap email-wrap\" ><label for=\"email\" class=\"hp-message\">Por favor, deja este campo vac\u00edo.<\/label><input id=\"email\"  class=\"wpcf7-form-control wpcf7-text email\" type=\"text\" name=\"email\" value=\"\" size=\"40\" tabindex=\"-1\" autocomplete=\"new-password\" \/><\/span><\/li>\n<li><span class=\"wpcf7-form-control-wrap\" data-name=\"txt-fono\"><input size=\"40\" maxlength=\"400\" class=\"wpcf7-form-control wpcf7-tel wpcf7-validates-as-required wpcf7-text wpcf7-validates-as-tel\" aria-required=\"true\" aria-invalid=\"false\" placeholder=\"Mobil *\" value=\"\" type=\"tel\" name=\"txt-fono\" \/><\/span><span id=\"wpcf7-69eb758c90f51-wrapper\" class=\"wpcf7-form-control-wrap mail-wrap\" ><label for=\"mail\" class=\"hp-message\">Por favor, deja este campo vac\u00edo.<\/label><input id=\"mail\"  class=\"wpcf7-form-control wpcf7-text mail\" type=\"text\" name=\"mail\" value=\"\" size=\"40\" tabindex=\"-1\" autocomplete=\"new-password\" \/><\/span><\/li>\n<li><span class=\"wpcf7-form-control-wrap\" data-name=\"txt-emilio\"><input size=\"40\" maxlength=\"400\" class=\"wpcf7-form-control wpcf7-email wpcf7-validates-as-required wpcf7-text wpcf7-validates-as-email\" aria-required=\"true\" aria-invalid=\"false\" placeholder=\"E-post *\" value=\"\" type=\"email\" name=\"txt-emilio\" \/><\/span><\/li>\n<li class=\"checkgroup\"><label>Kontaktpreferanse<\/label><span class=\"wpcf7-form-control-wrap\" data-name=\"cbg-preferencia\"><span class=\"wpcf7-form-control wpcf7-checkbox\"><span class=\"wpcf7-list-item first\"><input type=\"checkbox\" name=\"cbg-preferencia[]\" value=\"E-post\" \/><span class=\"wpcf7-list-item-label\">E-post<\/span><\/span><span class=\"wpcf7-list-item\"><input type=\"checkbox\" name=\"cbg-preferencia[]\" value=\"Telefon\" \/><span class=\"wpcf7-list-item-label\">Telefon<\/span><\/span><span class=\"wpcf7-list-item last\"><input type=\"checkbox\" name=\"cbg-preferencia[]\" value=\"WhatsApp\" \/><span class=\"wpcf7-list-item-label\">WhatsApp<\/span><\/span><\/span><\/span><\/li>\n<li><span class=\"wpcf7-form-control-wrap\" data-name=\"txt-mensaje\"><textarea cols=\"40\" rows=\"10\" maxlength=\"2000\" class=\"wpcf7-form-control wpcf7-textarea wpcf7-validates-as-required\" aria-required=\"true\" aria-invalid=\"false\" placeholder=\"Kommentarer\" name=\"txt-mensaje\"><\/textarea><\/span><\/li>\n<li class=\"acepto-obligatorio acepto obligatorio\"><span class=\"wpcf7-form-control-wrap\" data-name=\"acceptance-717\"><span class=\"wpcf7-form-control wpcf7-acceptance\"><span class=\"wpcf7-list-item\"><input type=\"checkbox\" name=\"acceptance-717\" value=\"1\" aria-invalid=\"false\" \/><\/span><\/span><\/span> Jeg har lest og godtar <a href=\"https:\/\/scandinavianhealthcenter.com\/no\/privacy-policy\/\" target=\"_blank\">personvernerkl\u00e6ringen<\/a> <small>(*) Obligatoriske felt<\/small><\/li>\n<li><input class=\"wpcf7-form-control wpcf7-submit has-spinner button\" type=\"submit\" value=\"SEND\" \/> <\/li>\n<\/ul><div class=\"wpcf7-response-output\" aria-hidden=\"true\"><\/div>\n<\/form>\n<\/div>\n<\/div>\n\t\t\t\t\t\t<\/div>\n\t\t\t\t<\/div>\n\t\t\t\t<div class=\"elementor-element elementor-element-e6ccfc6 elementor-widget elementor-widget-spacer\" data-id=\"e6ccfc6\" data-element_type=\"widget\" data-widget_type=\"spacer.default\">\n\t\t\t\t<div class=\"elementor-widget-container\">\n\t\t\t\t\t\t\t<div class=\"elementor-spacer\">\n\t\t\t<div class=\"elementor-spacer-inner\"><\/div>\n\t\t<\/div>\n\t\t\t\t\t\t<\/div>\n\t\t\t\t<\/div>\n\t\t\t\t\t<\/div>\n\t\t\t\t<\/div>\n\t\t\t\t<\/div>\n\t\t","protected":false},"excerpt":{"rendered":"<p>Vi kontakter deg og booker m\u00f8tet ditt Fortell oss hva du trenger, s\u00e5 hjelper vi deg Fyll ut f\u00f8lgende skjema<\/p>\n","protected":false},"author":1,"featured_media":706,"parent":0,"menu_order":0,"comment_status":"closed","ping_status":"closed","template":"","meta":{"footnotes":""},"class_list":["post-770","page","type-page","status-publish","has-post-thumbnail","hentry"],"yoast_head":"<!-- This site is optimized with the Yoast SEO plugin v26.8 - https:\/\/yoast.com\/product\/yoast-seo-wordpress\/ -->\n<title>We will contact you | Scandinavian Health Center<\/title>\n<meta name=\"description\" content=\"We will contact you. Scandinavian Health Center\" \/>\n<meta name=\"robots\" content=\"index, follow, max-snippet:-1, max-image-preview:large, max-video-preview:-1\" \/>\n<link rel=\"canonical\" href=\"https:\/\/scandinavianhealthcenter.com\/no\/we-will-contact-you\/\" \/>\n<meta property=\"og:locale\" content=\"nb_NO\" \/>\n<meta property=\"og:type\" content=\"article\" \/>\n<meta property=\"og:title\" content=\"We will contact you | Scandinavian Health Center\" \/>\n<meta property=\"og:description\" content=\"We will contact you. Scandinavian Health Center\" \/>\n<meta property=\"og:url\" content=\"https:\/\/scandinavianhealthcenter.com\/no\/we-will-contact-you\/\" \/>\n<meta property=\"og:site_name\" content=\"Scandinavian Health Center\" \/>\n<meta property=\"article:modified_time\" content=\"2025-04-07T14:50:39+00:00\" \/>\n<meta property=\"og:image\" content=\"https:\/\/scandinavianhealthcenter.com\/wp-content\/uploads\/2025\/03\/citam-doctor-header.jpg\" \/>\n\t<meta property=\"og:image:width\" content=\"1599\" \/>\n\t<meta property=\"og:image:height\" content=\"700\" \/>\n\t<meta property=\"og:image:type\" content=\"image\/jpeg\" \/>\n<meta name=\"twitter:card\" content=\"summary_large_image\" \/>\n<meta name=\"twitter:label1\" content=\"Ansl. lesetid\" \/>\n\t<meta name=\"twitter:data1\" content=\"1 minutt\" \/>\n<script type=\"application\/ld+json\" class=\"yoast-schema-graph\">{\"@context\":\"https:\/\/schema.org\",\"@graph\":[{\"@type\":\"WebPage\",\"@id\":\"https:\/\/scandinavianhealthcenter.com\/no\/we-will-contact-you\/\",\"url\":\"https:\/\/scandinavianhealthcenter.com\/no\/we-will-contact-you\/\",\"name\":\"We will contact you | Scandinavian Health Center\",\"isPartOf\":{\"@id\":\"https:\/\/scandinavianhealthcenter.com\/no\/#website\"},\"primaryImageOfPage\":{\"@id\":\"https:\/\/scandinavianhealthcenter.com\/no\/we-will-contact-you\/#primaryimage\"},\"image\":{\"@id\":\"https:\/\/scandinavianhealthcenter.com\/no\/we-will-contact-you\/#primaryimage\"},\"thumbnailUrl\":\"https:\/\/scandinavianhealthcenter.com\/wp-content\/uploads\/2025\/03\/citam-doctor-header.jpg\",\"datePublished\":\"2025-03-03T12:52:58+00:00\",\"dateModified\":\"2025-04-07T14:50:39+00:00\",\"description\":\"We will contact you. Scandinavian Health Center\",\"breadcrumb\":{\"@id\":\"https:\/\/scandinavianhealthcenter.com\/no\/we-will-contact-you\/#breadcrumb\"},\"inLanguage\":\"nb-NO\",\"potentialAction\":[{\"@type\":\"ReadAction\",\"target\":[\"https:\/\/scandinavianhealthcenter.com\/no\/we-will-contact-you\/\"]}]},{\"@type\":\"ImageObject\",\"inLanguage\":\"nb-NO\",\"@id\":\"https:\/\/scandinavianhealthcenter.com\/no\/we-will-contact-you\/#primaryimage\",\"url\":\"https:\/\/scandinavianhealthcenter.com\/wp-content\/uploads\/2025\/03\/citam-doctor-header.jpg\",\"contentUrl\":\"https:\/\/scandinavianhealthcenter.com\/wp-content\/uploads\/2025\/03\/citam-doctor-header.jpg\",\"width\":1599,\"height\":700},{\"@type\":\"BreadcrumbList\",\"@id\":\"https:\/\/scandinavianhealthcenter.com\/no\/we-will-contact-you\/#breadcrumb\",\"itemListElement\":[{\"@type\":\"ListItem\",\"position\":1,\"name\":\"Hjem\",\"item\":\"https:\/\/scandinavianhealthcenter.com\/no\/\"},{\"@type\":\"ListItem\",\"position\":2,\"name\":\"Vi kommer til \u00e5 kontakte deg\"}]},{\"@type\":\"WebSite\",\"@id\":\"https:\/\/scandinavianhealthcenter.com\/no\/#website\",\"url\":\"https:\/\/scandinavianhealthcenter.com\/no\/\",\"name\":\"Scandinavian HealtCenter\",\"description\":\"Medisinsk assistanse for skandinaver i Mallorca\",\"publisher\":{\"@id\":\"https:\/\/scandinavianhealthcenter.com\/no\/#organization\"},\"potentialAction\":[{\"@type\":\"SearchAction\",\"target\":{\"@type\":\"EntryPoint\",\"urlTemplate\":\"https:\/\/scandinavianhealthcenter.com\/no\/?s={search_term_string}\"},\"query-input\":{\"@type\":\"PropertyValueSpecification\",\"valueRequired\":true,\"valueName\":\"search_term_string\"}}],\"inLanguage\":\"nb-NO\"},{\"@type\":\"Organization\",\"@id\":\"https:\/\/scandinavianhealthcenter.com\/no\/#organization\",\"name\":\"Citam\",\"url\":\"https:\/\/scandinavianhealthcenter.com\/no\/\",\"logo\":{\"@type\":\"ImageObject\",\"inLanguage\":\"nb-NO\",\"@id\":\"https:\/\/scandinavianhealthcenter.com\/no\/#\/schema\/logo\/image\/\",\"url\":\"https:\/\/scandinavianhealthcenter.com\/wp-content\/uploads\/2025\/03\/scandinavianhealthcenter-logo-top.png\",\"contentUrl\":\"https:\/\/scandinavianhealthcenter.com\/wp-content\/uploads\/2025\/03\/scandinavianhealthcenter-logo-top.png\",\"width\":350,\"height\":99,\"caption\":\"Citam\"},\"image\":{\"@id\":\"https:\/\/scandinavianhealthcenter.com\/no\/#\/schema\/logo\/image\/\"}}]}<\/script>\n<!-- \/ Yoast SEO plugin. -->","yoast_head_json":{"title":"We will contact you | Scandinavian Health Center","description":"We will contact you. Scandinavian Health Center","robots":{"index":"index","follow":"follow","max-snippet":"max-snippet:-1","max-image-preview":"max-image-preview:large","max-video-preview":"max-video-preview:-1"},"canonical":"https:\/\/scandinavianhealthcenter.com\/no\/we-will-contact-you\/","og_locale":"nb_NO","og_type":"article","og_title":"We will contact you | Scandinavian Health Center","og_description":"We will contact you. Scandinavian Health Center","og_url":"https:\/\/scandinavianhealthcenter.com\/no\/we-will-contact-you\/","og_site_name":"Scandinavian Health Center","article_modified_time":"2025-04-07T14:50:39+00:00","og_image":[{"width":1599,"height":700,"url":"https:\/\/scandinavianhealthcenter.com\/wp-content\/uploads\/2025\/03\/citam-doctor-header.jpg","type":"image\/jpeg"}],"twitter_card":"summary_large_image","twitter_misc":{"Ansl. lesetid":"1 minutt"},"schema":{"@context":"https:\/\/schema.org","@graph":[{"@type":"WebPage","@id":"https:\/\/scandinavianhealthcenter.com\/no\/we-will-contact-you\/","url":"https:\/\/scandinavianhealthcenter.com\/no\/we-will-contact-you\/","name":"We will contact you | Scandinavian Health Center","isPartOf":{"@id":"https:\/\/scandinavianhealthcenter.com\/no\/#website"},"primaryImageOfPage":{"@id":"https:\/\/scandinavianhealthcenter.com\/no\/we-will-contact-you\/#primaryimage"},"image":{"@id":"https:\/\/scandinavianhealthcenter.com\/no\/we-will-contact-you\/#primaryimage"},"thumbnailUrl":"https:\/\/scandinavianhealthcenter.com\/wp-content\/uploads\/2025\/03\/citam-doctor-header.jpg","datePublished":"2025-03-03T12:52:58+00:00","dateModified":"2025-04-07T14:50:39+00:00","description":"We will contact you. Scandinavian Health Center","breadcrumb":{"@id":"https:\/\/scandinavianhealthcenter.com\/no\/we-will-contact-you\/#breadcrumb"},"inLanguage":"nb-NO","potentialAction":[{"@type":"ReadAction","target":["https:\/\/scandinavianhealthcenter.com\/no\/we-will-contact-you\/"]}]},{"@type":"ImageObject","inLanguage":"nb-NO","@id":"https:\/\/scandinavianhealthcenter.com\/no\/we-will-contact-you\/#primaryimage","url":"https:\/\/scandinavianhealthcenter.com\/wp-content\/uploads\/2025\/03\/citam-doctor-header.jpg","contentUrl":"https:\/\/scandinavianhealthcenter.com\/wp-content\/uploads\/2025\/03\/citam-doctor-header.jpg","width":1599,"height":700},{"@type":"BreadcrumbList","@id":"https:\/\/scandinavianhealthcenter.com\/no\/we-will-contact-you\/#breadcrumb","itemListElement":[{"@type":"ListItem","position":1,"name":"Hjem","item":"https:\/\/scandinavianhealthcenter.com\/no\/"},{"@type":"ListItem","position":2,"name":"Vi kommer til \u00e5 kontakte deg"}]},{"@type":"WebSite","@id":"https:\/\/scandinavianhealthcenter.com\/no\/#website","url":"https:\/\/scandinavianhealthcenter.com\/no\/","name":"Scandinavian HealtCenter","description":"Medisinsk assistanse for skandinaver i Mallorca","publisher":{"@id":"https:\/\/scandinavianhealthcenter.com\/no\/#organization"},"potentialAction":[{"@type":"SearchAction","target":{"@type":"EntryPoint","urlTemplate":"https:\/\/scandinavianhealthcenter.com\/no\/?s={search_term_string}"},"query-input":{"@type":"PropertyValueSpecification","valueRequired":true,"valueName":"search_term_string"}}],"inLanguage":"nb-NO"},{"@type":"Organization","@id":"https:\/\/scandinavianhealthcenter.com\/no\/#organization","name":"Citam","url":"https:\/\/scandinavianhealthcenter.com\/no\/","logo":{"@type":"ImageObject","inLanguage":"nb-NO","@id":"https:\/\/scandinavianhealthcenter.com\/no\/#\/schema\/logo\/image\/","url":"https:\/\/scandinavianhealthcenter.com\/wp-content\/uploads\/2025\/03\/scandinavianhealthcenter-logo-top.png","contentUrl":"https:\/\/scandinavianhealthcenter.com\/wp-content\/uploads\/2025\/03\/scandinavianhealthcenter-logo-top.png","width":350,"height":99,"caption":"Citam"},"image":{"@id":"https:\/\/scandinavianhealthcenter.com\/no\/#\/schema\/logo\/image\/"}}]}},"_links":{"self":[{"href":"https:\/\/scandinavianhealthcenter.com\/no\/wp-json\/wp\/v2\/pages\/770","targetHints":{"allow":["GET"]}}],"collection":[{"href":"https:\/\/scandinavianhealthcenter.com\/no\/wp-json\/wp\/v2\/pages"}],"about":[{"href":"https:\/\/scandinavianhealthcenter.com\/no\/wp-json\/wp\/v2\/types\/page"}],"author":[{"embeddable":true,"href":"https:\/\/scandinavianhealthcenter.com\/no\/wp-json\/wp\/v2\/users\/1"}],"replies":[{"embeddable":true,"href":"https:\/\/scandinavianhealthcenter.com\/no\/wp-json\/wp\/v2\/comments?post=770"}],"version-history":[{"count":8,"href":"https:\/\/scandinavianhealthcenter.com\/no\/wp-json\/wp\/v2\/pages\/770\/revisions"}],"predecessor-version":[{"id":1217,"href":"https:\/\/scandinavianhealthcenter.com\/no\/wp-json\/wp\/v2\/pages\/770\/revisions\/1217"}],"wp:featuredmedia":[{"embeddable":true,"href":"https:\/\/scandinavianhealthcenter.com\/no\/wp-json\/wp\/v2\/media\/706"}],"wp:attachment":[{"href":"https:\/\/scandinavianhealthcenter.com\/no\/wp-json\/wp\/v2\/media?parent=770"}],"curies":[{"name":"wp","href":"https:\/\/api.w.org\/{rel}","templated":true}]}}