{"id":761,"date":"2025-03-03T12:03:26","date_gmt":"2025-03-03T11:03:26","guid":{"rendered":"https:\/\/scandinavianhealthcenter.com\/search-for-symptoms\/"},"modified":"2025-03-03T12:03:26","modified_gmt":"2025-03-03T11:03:26","slug":"search-for-symptoms","status":"publish","type":"page","link":"https:\/\/scandinavianhealthcenter.com\/no\/search-for-symptoms\/","title":{"rendered":"Search for symptoms"},"content":{"rendered":"\t\t<div data-elementor-type=\"wp-page\" data-elementor-id=\"761\" class=\"elementor elementor-761 elementor-182\">\n\t\t\t\t<div class=\"elementor-element elementor-element-2595c96 e-flex e-con-boxed e-con e-parent\" data-id=\"2595c96\" data-element_type=\"container\">\n\t\t\t\t\t<div class=\"e-con-inner\">\n\t\t\t\t<div class=\"elementor-element elementor-element-5749ba4 elementor-widget elementor-widget-heading\" data-id=\"5749ba4\" data-element_type=\"widget\" data-widget_type=\"heading.default\">\n\t\t\t\t<div class=\"elementor-widget-container\">\n\t\t\t\t\t<h2 class=\"elementor-heading-title elementor-size-default\">K\u00e4nner du till dina symtom eller en m\u00f6jlig diagnos?<\/h2>\t\t\t\t<\/div>\n\t\t\t\t<\/div>\n\t\t\t\t<div class=\"elementor-element elementor-element-ed3a83a elementor-widget elementor-widget-spacer\" data-id=\"ed3a83a\" data-element_type=\"widget\" data-widget_type=\"spacer.default\">\n\t\t\t\t<div class=\"elementor-widget-container\">\n\t\t\t\t\t\t\t<div class=\"elementor-spacer\">\n\t\t\t<div class=\"elementor-spacer-inner\"><\/div>\n\t\t<\/div>\n\t\t\t\t\t\t<\/div>\n\t\t\t\t<\/div>\n\t\t\t\t<div class=\"elementor-element elementor-element-b8e519a elementor-widget elementor-widget-heading\" data-id=\"b8e519a\" data-element_type=\"widget\" data-widget_type=\"heading.default\">\n\t\t\t\t<div class=\"elementor-widget-container\">\n\t\t\t\t\t<h3 class=\"elementor-heading-title elementor-size-default\">Hitta din specialist!<\/h3>\t\t\t\t<\/div>\n\t\t\t\t<\/div>\n\t\t\t\t<div class=\"elementor-element elementor-element-9d1d6af elementor-widget elementor-widget-spacer\" data-id=\"9d1d6af\" data-element_type=\"widget\" data-widget_type=\"spacer.default\">\n\t\t\t\t<div class=\"elementor-widget-container\">\n\t\t\t\t\t\t\t<div class=\"elementor-spacer\">\n\t\t\t<div class=\"elementor-spacer-inner\"><\/div>\n\t\t<\/div>\n\t\t\t\t\t\t<\/div>\n\t\t\t\t<\/div>\n\t\t\t\t<div class=\"elementor-element elementor-element-1471ddf elementor-widget elementor-widget-text-editor\" data-id=\"1471ddf\" data-element_type=\"widget\" data-widget_type=\"text-editor.default\">\n\t\t\t\t<div class=\"elementor-widget-container\">\n\t\t\t\t\t\t\t\t\t<p>F\u00e5 tillg\u00e5ng till v\u00e5r s\u00f6kmotor f\u00f6r nyckelord..<\/p>\t\t\t\t\t\t\t\t<\/div>\n\t\t\t\t<\/div>\n\t\t\t\t\t<\/div>\n\t\t\t\t<\/div>\n\t\t\t\t<\/div>\n\t\t","protected":false},"excerpt":{"rendered":"<p>K\u00e4nner du till dina symtom eller en m\u00f6jlig diagnos? Hitta din specialist! F\u00e5 tillg\u00e5ng till v\u00e5r s\u00f6kmotor f\u00f6r nyckelord..<\/p>\n","protected":false},"author":1,"featured_media":762,"parent":0,"menu_order":0,"comment_status":"closed","ping_status":"closed","template":"page-sintomas.php","meta":{"footnotes":""},"class_list":["post-761","page","type-page","status-publish","has-post-thumbnail","hentry"],"yoast_head":"<!-- This site is optimized with the Yoast SEO plugin v26.8 - https:\/\/yoast.com\/product\/yoast-seo-wordpress\/ -->\n<title>Search for symptoms - Scandinavian Health Center<\/title>\n<meta name=\"robots\" content=\"index, follow, max-snippet:-1, max-image-preview:large, max-video-preview:-1\" \/>\n<link rel=\"canonical\" href=\"https:\/\/scandinavianhealthcenter.com\/no\/search-for-symptoms\/\" \/>\n<meta property=\"og:locale\" content=\"nb_NO\" \/>\n<meta property=\"og:type\" content=\"article\" \/>\n<meta property=\"og:title\" content=\"Search for symptoms - Scandinavian Health Center\" \/>\n<meta property=\"og:description\" content=\"K\u00e4nner du till dina symtom eller en m\u00f6jlig diagnos? Hitta din specialist! F\u00e5 tillg\u00e5ng till v\u00e5r s\u00f6kmotor f\u00f6r nyckelord..\" \/>\n<meta property=\"og:url\" content=\"https:\/\/scandinavianhealthcenter.com\/no\/search-for-symptoms\/\" \/>\n<meta property=\"og:site_name\" content=\"Scandinavian Health Center\" \/>\n<meta name=\"twitter:card\" content=\"summary_large_image\" \/>\n<script type=\"application\/ld+json\" class=\"yoast-schema-graph\">{\"@context\":\"https:\/\/schema.org\",\"@graph\":[{\"@type\":\"WebPage\",\"@id\":\"https:\/\/scandinavianhealthcenter.com\/no\/search-for-symptoms\/\",\"url\":\"https:\/\/scandinavianhealthcenter.com\/no\/search-for-symptoms\/\",\"name\":\"Search for symptoms - Scandinavian Health Center\",\"isPartOf\":{\"@id\":\"https:\/\/scandinavianhealthcenter.com\/no\/#website\"},\"primaryImageOfPage\":{\"@id\":\"https:\/\/scandinavianhealthcenter.com\/no\/search-for-symptoms\/#primaryimage\"},\"image\":{\"@id\":\"https:\/\/scandinavianhealthcenter.com\/no\/search-for-symptoms\/#primaryimage\"},\"thumbnailUrl\":\"https:\/\/scandinavianhealthcenter.com\/wp-content\/uploads\/2025\/03\/Citam-Buscador-de-Patologias.jpg\",\"datePublished\":\"2025-03-03T11:03:26+00:00\",\"breadcrumb\":{\"@id\":\"https:\/\/scandinavianhealthcenter.com\/no\/search-for-symptoms\/#breadcrumb\"},\"inLanguage\":\"nb-NO\",\"potentialAction\":[{\"@type\":\"ReadAction\",\"target\":[\"https:\/\/scandinavianhealthcenter.com\/no\/search-for-symptoms\/\"]}]},{\"@type\":\"ImageObject\",\"inLanguage\":\"nb-NO\",\"@id\":\"https:\/\/scandinavianhealthcenter.com\/no\/search-for-symptoms\/#primaryimage\",\"url\":\"https:\/\/scandinavianhealthcenter.com\/wp-content\/uploads\/2025\/03\/Citam-Buscador-de-Patologias.jpg\",\"contentUrl\":\"https:\/\/scandinavianhealthcenter.com\/wp-content\/uploads\/2025\/03\/Citam-Buscador-de-Patologias.jpg\",\"width\":2560,\"height\":1117,\"caption\":\"Hands of unknown woman-doctor reassuring her female patient, close-up. Medicine concept.\"},{\"@type\":\"BreadcrumbList\",\"@id\":\"https:\/\/scandinavianhealthcenter.com\/no\/search-for-symptoms\/#breadcrumb\",\"itemListElement\":[{\"@type\":\"ListItem\",\"position\":1,\"name\":\"Hjem\",\"item\":\"https:\/\/scandinavianhealthcenter.com\/no\/\"},{\"@type\":\"ListItem\",\"position\":2,\"name\":\"Search for symptoms\"}]},{\"@type\":\"WebSite\",\"@id\":\"https:\/\/scandinavianhealthcenter.com\/no\/#website\",\"url\":\"https:\/\/scandinavianhealthcenter.com\/no\/\",\"name\":\"Scandinavian HealtCenter\",\"description\":\"Medisinsk assistanse for skandinaver i Mallorca\",\"publisher\":{\"@id\":\"https:\/\/scandinavianhealthcenter.com\/no\/#organization\"},\"potentialAction\":[{\"@type\":\"SearchAction\",\"target\":{\"@type\":\"EntryPoint\",\"urlTemplate\":\"https:\/\/scandinavianhealthcenter.com\/no\/?s={search_term_string}\"},\"query-input\":{\"@type\":\"PropertyValueSpecification\",\"valueRequired\":true,\"valueName\":\"search_term_string\"}}],\"inLanguage\":\"nb-NO\"},{\"@type\":\"Organization\",\"@id\":\"https:\/\/scandinavianhealthcenter.com\/no\/#organization\",\"name\":\"Citam\",\"url\":\"https:\/\/scandinavianhealthcenter.com\/no\/\",\"logo\":{\"@type\":\"ImageObject\",\"inLanguage\":\"nb-NO\",\"@id\":\"https:\/\/scandinavianhealthcenter.com\/no\/#\/schema\/logo\/image\/\",\"url\":\"https:\/\/scandinavianhealthcenter.com\/wp-content\/uploads\/2025\/03\/scandinavianhealthcenter-logo-top.png\",\"contentUrl\":\"https:\/\/scandinavianhealthcenter.com\/wp-content\/uploads\/2025\/03\/scandinavianhealthcenter-logo-top.png\",\"width\":350,\"height\":99,\"caption\":\"Citam\"},\"image\":{\"@id\":\"https:\/\/scandinavianhealthcenter.com\/no\/#\/schema\/logo\/image\/\"}}]}<\/script>\n<!-- \/ Yoast SEO plugin. -->","yoast_head_json":{"title":"Search for symptoms - Scandinavian Health Center","robots":{"index":"index","follow":"follow","max-snippet":"max-snippet:-1","max-image-preview":"max-image-preview:large","max-video-preview":"max-video-preview:-1"},"canonical":"https:\/\/scandinavianhealthcenter.com\/no\/search-for-symptoms\/","og_locale":"nb_NO","og_type":"article","og_title":"Search for symptoms - Scandinavian Health Center","og_description":"K\u00e4nner du till dina symtom eller en m\u00f6jlig diagnos? Hitta din specialist! F\u00e5 tillg\u00e5ng till v\u00e5r s\u00f6kmotor f\u00f6r nyckelord..","og_url":"https:\/\/scandinavianhealthcenter.com\/no\/search-for-symptoms\/","og_site_name":"Scandinavian Health Center","twitter_card":"summary_large_image","schema":{"@context":"https:\/\/schema.org","@graph":[{"@type":"WebPage","@id":"https:\/\/scandinavianhealthcenter.com\/no\/search-for-symptoms\/","url":"https:\/\/scandinavianhealthcenter.com\/no\/search-for-symptoms\/","name":"Search for symptoms - Scandinavian Health Center","isPartOf":{"@id":"https:\/\/scandinavianhealthcenter.com\/no\/#website"},"primaryImageOfPage":{"@id":"https:\/\/scandinavianhealthcenter.com\/no\/search-for-symptoms\/#primaryimage"},"image":{"@id":"https:\/\/scandinavianhealthcenter.com\/no\/search-for-symptoms\/#primaryimage"},"thumbnailUrl":"https:\/\/scandinavianhealthcenter.com\/wp-content\/uploads\/2025\/03\/Citam-Buscador-de-Patologias.jpg","datePublished":"2025-03-03T11:03:26+00:00","breadcrumb":{"@id":"https:\/\/scandinavianhealthcenter.com\/no\/search-for-symptoms\/#breadcrumb"},"inLanguage":"nb-NO","potentialAction":[{"@type":"ReadAction","target":["https:\/\/scandinavianhealthcenter.com\/no\/search-for-symptoms\/"]}]},{"@type":"ImageObject","inLanguage":"nb-NO","@id":"https:\/\/scandinavianhealthcenter.com\/no\/search-for-symptoms\/#primaryimage","url":"https:\/\/scandinavianhealthcenter.com\/wp-content\/uploads\/2025\/03\/Citam-Buscador-de-Patologias.jpg","contentUrl":"https:\/\/scandinavianhealthcenter.com\/wp-content\/uploads\/2025\/03\/Citam-Buscador-de-Patologias.jpg","width":2560,"height":1117,"caption":"Hands of unknown woman-doctor reassuring her female patient, close-up. Medicine concept."},{"@type":"BreadcrumbList","@id":"https:\/\/scandinavianhealthcenter.com\/no\/search-for-symptoms\/#breadcrumb","itemListElement":[{"@type":"ListItem","position":1,"name":"Hjem","item":"https:\/\/scandinavianhealthcenter.com\/no\/"},{"@type":"ListItem","position":2,"name":"Search for symptoms"}]},{"@type":"WebSite","@id":"https:\/\/scandinavianhealthcenter.com\/no\/#website","url":"https:\/\/scandinavianhealthcenter.com\/no\/","name":"Scandinavian HealtCenter","description":"Medisinsk assistanse for skandinaver i Mallorca","publisher":{"@id":"https:\/\/scandinavianhealthcenter.com\/no\/#organization"},"potentialAction":[{"@type":"SearchAction","target":{"@type":"EntryPoint","urlTemplate":"https:\/\/scandinavianhealthcenter.com\/no\/?s={search_term_string}"},"query-input":{"@type":"PropertyValueSpecification","valueRequired":true,"valueName":"search_term_string"}}],"inLanguage":"nb-NO"},{"@type":"Organization","@id":"https:\/\/scandinavianhealthcenter.com\/no\/#organization","name":"Citam","url":"https:\/\/scandinavianhealthcenter.com\/no\/","logo":{"@type":"ImageObject","inLanguage":"nb-NO","@id":"https:\/\/scandinavianhealthcenter.com\/no\/#\/schema\/logo\/image\/","url":"https:\/\/scandinavianhealthcenter.com\/wp-content\/uploads\/2025\/03\/scandinavianhealthcenter-logo-top.png","contentUrl":"https:\/\/scandinavianhealthcenter.com\/wp-content\/uploads\/2025\/03\/scandinavianhealthcenter-logo-top.png","width":350,"height":99,"caption":"Citam"},"image":{"@id":"https:\/\/scandinavianhealthcenter.com\/no\/#\/schema\/logo\/image\/"}}]}},"_links":{"self":[{"href":"https:\/\/scandinavianhealthcenter.com\/no\/wp-json\/wp\/v2\/pages\/761","targetHints":{"allow":["GET"]}}],"collection":[{"href":"https:\/\/scandinavianhealthcenter.com\/no\/wp-json\/wp\/v2\/pages"}],"about":[{"href":"https:\/\/scandinavianhealthcenter.com\/no\/wp-json\/wp\/v2\/types\/page"}],"author":[{"embeddable":true,"href":"https:\/\/scandinavianhealthcenter.com\/no\/wp-json\/wp\/v2\/users\/1"}],"replies":[{"embeddable":true,"href":"https:\/\/scandinavianhealthcenter.com\/no\/wp-json\/wp\/v2\/comments?post=761"}],"version-history":[{"count":0,"href":"https:\/\/scandinavianhealthcenter.com\/no\/wp-json\/wp\/v2\/pages\/761\/revisions"}],"wp:featuredmedia":[{"embeddable":true,"href":"https:\/\/scandinavianhealthcenter.com\/no\/wp-json\/wp\/v2\/media\/762"}],"wp:attachment":[{"href":"https:\/\/scandinavianhealthcenter.com\/no\/wp-json\/wp\/v2\/media?parent=761"}],"curies":[{"name":"wp","href":"https:\/\/api.w.org\/{rel}","templated":true}]}}