{"id":742,"date":"2025-03-03T11:47:22","date_gmt":"2025-03-03T10:47:22","guid":{"rendered":"https:\/\/scandinavianhealthcenter.com\/legal-information\/"},"modified":"2025-04-07T16:24:56","modified_gmt":"2025-04-07T14:24:56","slug":"legal-information","status":"publish","type":"page","link":"https:\/\/scandinavianhealthcenter.com\/no\/legal-information\/","title":{"rendered":"Juridisk informasjon"},"content":{"rendered":"\t\t<div data-elementor-type=\"wp-page\" data-elementor-id=\"742\" class=\"elementor elementor-742 elementor-162\">\n\t\t\t\t<div class=\"elementor-element elementor-element-fb8d85d e-flex e-con-boxed e-con e-parent\" data-id=\"fb8d85d\" data-element_type=\"container\">\n\t\t\t\t\t<div class=\"e-con-inner\">\n\t\t\t\t<div class=\"elementor-element elementor-element-6057a19 elementor-widget elementor-widget-spacer\" data-id=\"6057a19\" data-element_type=\"widget\" data-widget_type=\"spacer.default\">\n\t\t\t\t<div class=\"elementor-widget-container\">\n\t\t\t\t\t\t\t<div class=\"elementor-spacer\">\n\t\t\t<div class=\"elementor-spacer-inner\"><\/div>\n\t\t<\/div>\n\t\t\t\t\t\t<\/div>\n\t\t\t\t<\/div>\n\t\t\t\t\t<\/div>\n\t\t\t\t<\/div>\n\t\t<div class=\"elementor-element elementor-element-a002c7f e-flex e-con-boxed e-con e-parent\" data-id=\"a002c7f\" data-element_type=\"container\">\n\t\t\t\t\t<div class=\"e-con-inner\">\n\t\t\t\t<div class=\"elementor-element elementor-element-5a162bc columnas-2 elementor-widget elementor-widget-text-editor\" data-id=\"5a162bc\" data-element_type=\"widget\" data-widget_type=\"text-editor.default\">\n\t\t\t\t<div class=\"elementor-widget-container\">\n\t\t\t\t\t\t\t\t\t<h2><span style=\"color: #164386;\">Juridisk informasjon<\/span><\/h2><p>I samsvar med bestemmelsene i artikkel 10 i lov 34\/2002, av 11. juli, om informasjonssamfunnets tjenester og elektronisk handel, informerer vi deg herved om at enheten som leverer tjenestene er selskapet Es Blonquet S.L. (heretter SHC), et spansk selskap med registrert kontor i Palma, Gabriel Cort\u00e9s n\u00famero 1, 3\u00aa. 07009, Palma de Mallorca, CIF B07872260.<\/p><h2><span style=\"color: #164386;\">Objekt<\/span><\/h2><p>Form\u00e5let med disse bruksvilk\u00e5rene (heretter kalt vilk\u00e5rene) er \u00e5 regulere tilgang, surfing og bruk av SHCs nettsted (heretter kalt portalen, nettportalen, nettstedet eller nettsiden). Tilgang, surfing og\/eller bruk av portalen inneb\u00e6rer aksept av alle bestemmelsene i disse vilk\u00e5rene, samt personvernerkl\u00e6ringen og retningslinjene for informasjonskapsler.<\/p><p>Det finnes imidlertid visse tjenester og innhold som er tilgjengelige via nettportalen, og som er underlagt spesielle vilk\u00e5r som kan erstatte og\/eller utfylle disse vilk\u00e5rene.<\/p><h2><span style=\"color: #164386;\">Brukerstatus<\/span><\/h2><p>Med bruker forst\u00e5s den personen som f\u00e5r tilgang til, surfer p\u00e5 og bruker nettportalen, tjenestene og\/eller innholdet som finnes der.<\/p><p>Surfing, tilgang og bruk av nettportalen krever ikke forh\u00e5ndsregistrering, men det finnes visse tjenester som tilbys gjennom portalen, og tilgang til disse er n\u00f8dvendigvis betinget av registrering og aksept av de spesifikke vilk\u00e5rene som gjelder for den aktuelle tjenesten.<\/p><p>Mindre\u00e5riges tilgang til nettportalen skal forst\u00e5s som uttrykkelig autorisert av deres foreldre, verger eller juridiske representanter, som er ansvarlige for handlingene som utf\u00f8res av mindre\u00e5rige som brukere av nettet i samsvar med gjeldende forskrifter.<\/p><h2><span style=\"color: #164386;\">Krav til bruk<\/span><\/h2><p>For \u00e5 f\u00e5 tilgang til portalen og tjenestene som tilbys, trenger du en enhet som oppfyller kravene til maskinvare- og programvarekompatibilitet (som kan variere over tid) og Internett-tilgang. Brukeren skal v\u00e6re klar over at disse faktorene kan p\u00e5virke ytelsen til nettportalen og\/eller muligheten for \u00e5 f\u00e5 tilgang til tjenestene som tilbys der.<\/p><p>SHC er ikke ansvarlig for manglende tilgang til eller mangler i funksjonen til Nettportalen og\/eller tjenestene som tilbys gjennom den p\u00e5 grunn av bruk av uegnet utstyr, eller p\u00e5 grunn av avbrudd i Internett-tjenesten som f\u00f8lge av nettverksmetning eller av andre \u00e5rsaker.<\/p><h2><span style=\"color: #164386;\">Regler for bruk<\/span><\/h2><p><span style=\"color: #164386;\"><strong>Bruk av tjenesten:<\/strong><\/span><\/p><p>Brukeren forplikter seg i alle tilfeller til \u00e5 bruke portalen og dens tjenester p\u00e5 en aktsom, korrekt og lovlig m\u00e5te, i samsvar med loven, den juridiske merknaden, disse vilk\u00e5rene (og\/eller de som gjelder i hvert enkelt tilfelle), bruksregler og instruksjoner som er gjort kjent for ham\/henne, samt med moral, allment akseptert god skikk og offentlig orden.<\/p><p>For dette form\u00e5l skal han\/hun avst\u00e5 fra \u00e5 utf\u00f8re aktiviteter som er ulovlige, forbudte eller skadelige for tredjeparts rettigheter og interesser, eller som p\u00e5 noen m\u00e5te kan skade, gj\u00f8re ubrukelig, overbelaste, forringe eller hindre normal bruk av tjenestene, datautstyr eller dokumenter, filer og alle typer innhold som er lagret p\u00e5 datautstyr som tilh\u00f8rer SHC, andre brukere eller Internett-brukere (maskinvare og programvare).<\/p><p><span style=\"color: #164386;\"><strong>Adgangskontroll:<\/strong><\/span> Brukeren kan bare f\u00e5 tilgang til de ressursene i informasjonssystemet som han\/hun er autorisert til.<\/p><p><span style=\"color: #164386;\"><strong>Midlertidige filer:<\/strong><\/span> informasjonen som er lagret p\u00e5 Nettportalen m\u00e5 konsulteres p\u00e5 SHCs systemer, og SHC skal under ingen omstendigheter holdes ansvarlig for informasjonen som Brukeren eksporterer fra nevnte systemer.<\/p><p><span style=\"color: #164386;\"><strong>Vilk\u00e5r for bruk:<\/strong><\/span><\/p><p>N\u00e5r Brukeren bruker Nettportalen, er han\/hun ansvarlig for at informasjonen han\/hun h\u00e5ndterer ikke kan ses av uvedkommende.<\/p><p>Brukeren forplikter seg uttrykkelig til ikke \u00e5 lagre, bruke, overf\u00f8re eller spre:<\/p><ul><li>Cracks, programvareserienumre eller annet innhold som krenker tredjeparts immaterielle rettigheter.<\/li><li>Distribusjon av virus via Internett, ormer, trojanere eller annen destruktiv aktivitet, for eksempel metning, mailbombing osv. eller tjenestenektangrep.<\/li><li>Aktiviteter som forstyrrer eller forstyrrer den effektive bruken av andres nettverksressurser.<\/li><li>Innsamling og\/eller bruk av personopplysninger om andre brukere uten deres uttrykkelige samtykke eller i strid med personvernbestemmelser.<\/li><li>Dele de oppgitte tilgangskodene (i tilfelle brukeren er registrert som bruker av en bestemt tjeneste som krever det) med en annen fysisk eller juridisk person.<\/li><li>\u00d8delegge, endre, gj\u00f8re ubrukelig eller p\u00e5 annen m\u00e5te skade data, programmer eller elektroniske dokumenter tilh\u00f8rende SHC eller tredjeparter.<\/li><li>Hindrer tilgangen til andre brukere ved hjelp av massivt og uberettiget forbruk av dataressursene som SHC tilbyr sine tjenester gjennom, samt utf\u00f8rer handlinger som skader, avbryter eller genererer feil i nevnte systemer.<\/li><li>Bruke systemet til \u00e5 fors\u00f8ke \u00e5 f\u00e5 tilgang til begrensede omr\u00e5der p\u00e5 serveren, uten beh\u00f8rig autorisasjon fra SHC.<\/li><\/ul><h2><span style=\"color: #164386;\">Immaterielle og industrielle rettigheter<\/span><\/h2><p>Design, bilder, etiketter, kjennetegn, handelsnavn, varemerker, logoer, produkter og tjenester osv. som finnes p\u00e5 nettstedet, er beskyttet av lov om industriell eiendomsrett og tilh\u00f8rer SHC, og det kan ikke forst\u00e5s slik at bruk av eller tilgang til nettstedet og\/eller tjenestene som tilbys der, gir brukeren noen rett til nevnte design, bilder, etiketter, kjennetegn, handelsnavn, varemerker, logoer, produkter og tjenester.<\/p><p>P\u00e5 samme m\u00e5te er nettstedet, kildekoden og innholdet som er tilgjengelig via dette nettstedet, SHCs og\/eller tredjeparters immaterielle eiendom, og kan ikke under noen omstendigheter anses \u00e5 v\u00e6re overf\u00f8rt til brukeren.<\/p><p>SHC er eier eller rettighetshaver til alle rettigheter til innholdet p\u00e5 Nettportalen og de tjenester som tilbys gjennom den. Tilgang til Nettstedet eller dets tjenester gir ikke Brukeren noen som helst rett eller eierskap til de intellektuelle eller industrielle eiendomsrettighetene til Innholdet. Brukeren erkjenner og aksepterer at det er strengt forbudt \u00e5 bruke det, samt \u00e5 reprodusere, kommunisere og\/eller distribuere, modifisere, endre eller dekompilere det, enten det er for personlig, privat og ikke-kommersiell bruk eller for kommersielle eller profittgivende form\u00e5l.<\/p><p>SHC forbeholder seg retten til \u00e5 ta rettslige skritt mot brukere som bryter eller krenker immaterielle og industrielle eiendomsrettigheter.<\/p><h2><span style=\"color: #164386;\">Brukerens ansvar<\/span><\/h2><p>Brukeren skal v\u00e6re ansvarlig for:<\/p><ul><li>Opprettholde konfidensialiteten til n\u00f8klene du har f\u00e5tt utlevert, hvis det er aktuelt.<\/li><li>Gi SHC korrekt informasjon; eventuelle feil i de oppgitte dataene er utelukkende Brukerens ansvar. P\u00e5 samme m\u00e5te er Brukeren ansvarlig for \u00e5 holde all informasjon som gis til SHC oppdatert, slik at den til enhver tid samsvarer med Brukerens reelle situasjon.<\/li><li>Eventuelle skader som kan p\u00e5f\u00f8res SHC eller tredjeparter som f\u00f8lge av de oppgitte dataene, som f\u00f8lge av bruk av data som ikke er oppdaterte, falske eller ikke stemmer overens med virkeligheten og tredjeparters bruk av brukerens personlige passord.<\/li><li>Hvis brukeren f\u00e5r en kopi av sine kliniske data, er han\/hun ene og alene ansvarlig for bruken og oppbevaringen av denne informasjonen.<\/li><\/ul><h2><span style=\"color: #164386;\">Tjenestens tilgjengelighet<\/span><\/h2><p>Informasjonen, innholdet eller tjenestene som tilbys gjennom nettstedet er de som SHC til enhver tid bestemmer, og kan variere over tid. Derfor er det ingen forpliktelse til \u00e5 holde tjenestene tilgjengelige. Brukerne vil imidlertid bli informert n\u00e5r SHC bestemmer seg for \u00e5 avbryte kontinuiteten til en gitt tjeneste og vilk\u00e5rene for opph\u00f8r.<\/p><p>P\u00e5 samme m\u00e5te kan SHC avbryte tilgangen til tjenestene, helt eller delvis, til de brukerne som ikke overholder disse vilk\u00e5rene.<\/p><h2><span style=\"color: #164386;\">SHCs garanti og ansvar<\/span><\/h2><p>Selv om SHC bruker systemer som er kompatible med de fleste teknologiene p\u00e5 markedet, kan SHC ikke garantere kompatibiliteten til enhetene som brukes av brukeren.<\/p><p>SHC garanterer ikke tilgjengeligheten og kontinuiteten i driften av nettstedet eller tjenestene som tilbys. SHC er derfor fritatt for ethvert ansvar som oppst\u00e5r som f\u00f8lge av tilgang til og bruk av nettstedet eller tjenestene som tilbys gjennom det (ytelsesfeil, avbrudd eller forsinkelser i driften av tjenestene, system- eller linjefeil osv.), selv om det oppst\u00e5r en feil eller funksjonsfeil som for\u00e5rsaker skade p\u00e5 tredjeparts dataverkt\u00f8y. I denne forstand har brukeren tilgang til nettstedet og tjenestene p\u00e5 eget ansvar.<\/p><p>Tjenestene som tilbys gjennom nettstedet er i samsvar med bestemmelsene i spansk lov.<\/p><p>SHC skal ikke holdes ansvarlig i tilfelle feilaktig bruk av portalen og\/eller tjenestene av brukeren.<\/p><p>SHC skal ikke holdes ansvarlig i tilfelle utilgjengelighet av tjenestene p\u00e5 grunn av force majeure eller midlertidig suspensjon av samme av tekniske \u00e5rsaker. SHC p\u00e5tar seg derfor ikke noe ansvar for eventuelle skader eller tap som kan oppst\u00e5 som f\u00f8lge av hendelser som ikke kunne ha v\u00e6rt forutsett, eller som var forutsett \u00e5 v\u00e6re uunng\u00e5elige, enten p\u00e5 grunn av uforutsigbare omstendigheter eller force majeure.<\/p><p>SHC skal ikke holdes ansvarlig for feil, tekniske feil, uhell, sammenbrudd, manipulasjon, avbrudd i tjenestene eller andre hendelser som kan oppst\u00e5 i produkter, utstyr eller tekniske tjenester som ikke tilh\u00f8rer SHC, og som er n\u00f8dvendige for \u00e5 f\u00e5 tilgang til tjenestene.<\/p><p>Selv om SHC har handlet med omhu og har iverksatt n\u00f8dvendige tiltak, i samsvar med den teknologiske utviklingen, for \u00e5 unng\u00e5 mulige brudd p\u00e5 sikkerheten til portalen, kan den absolutte umuligheten av s\u00e5rbarhet for sikkerhetstiltakene som er vedtatt, ikke garanteres.<\/p><p>SHC p\u00e5tar seg ikke noe ansvar for lovligheten av andre tredjeparts nettsteder som portalen kan n\u00e5s fra. SHC er heller ikke ansvarlig for lovligheten av andre tredjeparts nettsteder som kan v\u00e6re lenket til eller lenket fra denne portalen.<\/p><p>SHC skal s\u00e5 langt det er mulig fors\u00f8ke \u00e5 oppdatere og korrigere informasjonen p\u00e5 sine nettsider. SHC er imidlertid ikke ansvarlig for eventuelle skader av noe slag som kan skyldes manglende sannferdighet, n\u00f8yaktighet, fullstendighet og\/eller aktualitet i innholdet som overf\u00f8res, formidles, lagres, gj\u00f8res tilgjengelig, mottas, innhentes eller gj\u00f8res tilgjengelig via nettstedet.<\/p><p>N\u00e5r det gjelder helserelatert informasjon og innhold, er dette kun ment som informasjon, og SHC anbefaler at brukerne alltid f\u00f8lger profesjonell medisinsk r\u00e5dgivning.<\/p><p>Brukeren forutsetter at dersom han\/hun tar beslutninger basert p\u00e5 informasjonen som gis p\u00e5 nettstedet, er det utelukkende hans\/hennes eget ansvar, og han\/hun har ikke rett til \u00e5 gj\u00f8re SHC ansvarlig for konsekvensene av de beslutningene som er tatt.<\/p><h2><span style=\"color: #164386;\">Endring av innhold og betingelser<\/span><\/h2><p>SHC kan legge til nye funksjoner p\u00e5 Nettstedet og\/eller endre de gjeldende Vilk\u00e5rene. I s\u00e5 fall vil oppdateringen bli publisert p\u00e5 Portalen slik at Brukeren er klar over eventuelle endringer. Hvis Brukeren ikke er enig i de nye vilk\u00e5rene, skal han\/hun ha en frist p\u00e5 femten kalenderdager fra datoen for varselet til \u00e5 si opp kontrakten ved hjelp av et p\u00e5litelig varsel til SHC. Hvis den nevnte perioden utl\u00f8per uten at Brukeren har gitt uttrykk for noe annet, inneb\u00e6rer dette full aksept av de nye vilk\u00e5rene.<\/p><h2><span style=\"color: #164386;\">Jurisdiksjon og gjeldende lov<\/span><\/h2><p>Denne juridiske merknaden skal styres og tolkes i samsvar med spansk lov. Enhver tvist som kan oppst\u00e5 som f\u00f8lge av tilgang til eller bruk av nettstedet, skal v\u00e6re underlagt den eksklusive jurisdiksjonen til domstolene i Palma, uten at det ber\u00f8rer anvendelsen av eventuelle ufravikelige bestemmelser om det motsatte, og i s\u00e5 fall skal innholdet i disse gjelde.<\/p>\t\t\t\t\t\t\t\t<\/div>\n\t\t\t\t<\/div>\n\t\t\t\t\t<\/div>\n\t\t\t\t<\/div>\n\t\t\t\t<\/div>\n\t\t","protected":false},"excerpt":{"rendered":"<p>Juridisk informasjon I samsvar med bestemmelsene i artikkel 10 i lov 34\/2002, av 11. juli, om informasjonssamfunnets tjenester og elektronisk handel, informerer vi deg herved om at enheten som leverer tjenestene er selskapet Es Blonquet S.L. (heretter SHC), et spansk selskap med registrert kontor i Palma, Gabriel Cort\u00e9s n\u00famero 1, 3\u00aa. 07009, Palma de Mallorca,&#8230;<\/p>\n","protected":false},"author":1,"featured_media":682,"parent":0,"menu_order":0,"comment_status":"closed","ping_status":"closed","template":"","meta":{"footnotes":""},"class_list":["post-742","page","type-page","status-publish","has-post-thumbnail","hentry"],"yoast_head":"<!-- This site is optimized with the Yoast SEO plugin v26.8 - https:\/\/yoast.com\/product\/yoast-seo-wordpress\/ -->\n<title>Juridisk informasjon | Scandinavian Health Center<\/title>\n<meta name=\"robots\" content=\"index, follow, max-snippet:-1, max-image-preview:large, max-video-preview:-1\" \/>\n<link rel=\"canonical\" href=\"https:\/\/scandinavianhealthcenter.com\/no\/legal-information\/\" \/>\n<meta property=\"og:locale\" content=\"nb_NO\" \/>\n<meta property=\"og:type\" content=\"article\" \/>\n<meta property=\"og:title\" content=\"Juridisk informasjon | Scandinavian Health Center\" \/>\n<meta property=\"og:description\" content=\"Juridisk informasjon I samsvar med bestemmelsene i artikkel 10 i lov 34\/2002, av 11. juli, om informasjonssamfunnets tjenester og elektronisk handel, informerer vi deg herved om at enheten som leverer tjenestene er selskapet Es Blonquet S.L. (heretter SHC), et spansk selskap med registrert kontor i Palma, Gabriel Cort\u00e9s n\u00famero 1, 3\u00aa. 07009, Palma de Mallorca,...\" \/>\n<meta property=\"og:url\" content=\"https:\/\/scandinavianhealthcenter.com\/no\/legal-information\/\" \/>\n<meta property=\"og:site_name\" content=\"Scandinavian Health Center\" \/>\n<meta property=\"article:modified_time\" content=\"2025-04-07T14:24:56+00:00\" \/>\n<meta property=\"og:image\" content=\"https:\/\/scandinavianhealthcenter.com\/wp-content\/uploads\/2025\/03\/citam-trabaja-con-nosotros-doctores.jpg\" \/>\n\t<meta property=\"og:image:width\" content=\"1600\" \/>\n\t<meta property=\"og:image:height\" content=\"701\" \/>\n\t<meta property=\"og:image:type\" content=\"image\/jpeg\" \/>\n<meta name=\"twitter:card\" content=\"summary_large_image\" \/>\n<meta name=\"twitter:label1\" content=\"Ansl. lesetid\" \/>\n\t<meta name=\"twitter:data1\" content=\"9 minutter\" \/>\n<script type=\"application\/ld+json\" class=\"yoast-schema-graph\">{\"@context\":\"https:\/\/schema.org\",\"@graph\":[{\"@type\":\"WebPage\",\"@id\":\"https:\/\/scandinavianhealthcenter.com\/no\/legal-information\/\",\"url\":\"https:\/\/scandinavianhealthcenter.com\/no\/legal-information\/\",\"name\":\"Juridisk informasjon | Scandinavian Health Center\",\"isPartOf\":{\"@id\":\"https:\/\/scandinavianhealthcenter.com\/no\/#website\"},\"primaryImageOfPage\":{\"@id\":\"https:\/\/scandinavianhealthcenter.com\/no\/legal-information\/#primaryimage\"},\"image\":{\"@id\":\"https:\/\/scandinavianhealthcenter.com\/no\/legal-information\/#primaryimage\"},\"thumbnailUrl\":\"https:\/\/scandinavianhealthcenter.com\/wp-content\/uploads\/2025\/03\/citam-trabaja-con-nosotros-doctores.jpg\",\"datePublished\":\"2025-03-03T10:47:22+00:00\",\"dateModified\":\"2025-04-07T14:24:56+00:00\",\"breadcrumb\":{\"@id\":\"https:\/\/scandinavianhealthcenter.com\/no\/legal-information\/#breadcrumb\"},\"inLanguage\":\"nb-NO\",\"potentialAction\":[{\"@type\":\"ReadAction\",\"target\":[\"https:\/\/scandinavianhealthcenter.com\/no\/legal-information\/\"]}]},{\"@type\":\"ImageObject\",\"inLanguage\":\"nb-NO\",\"@id\":\"https:\/\/scandinavianhealthcenter.com\/no\/legal-information\/#primaryimage\",\"url\":\"https:\/\/scandinavianhealthcenter.com\/wp-content\/uploads\/2025\/03\/citam-trabaja-con-nosotros-doctores.jpg\",\"contentUrl\":\"https:\/\/scandinavianhealthcenter.com\/wp-content\/uploads\/2025\/03\/citam-trabaja-con-nosotros-doctores.jpg\",\"width\":1600,\"height\":701},{\"@type\":\"BreadcrumbList\",\"@id\":\"https:\/\/scandinavianhealthcenter.com\/no\/legal-information\/#breadcrumb\",\"itemListElement\":[{\"@type\":\"ListItem\",\"position\":1,\"name\":\"Hjem\",\"item\":\"https:\/\/scandinavianhealthcenter.com\/no\/\"},{\"@type\":\"ListItem\",\"position\":2,\"name\":\"Juridisk informasjon\"}]},{\"@type\":\"WebSite\",\"@id\":\"https:\/\/scandinavianhealthcenter.com\/no\/#website\",\"url\":\"https:\/\/scandinavianhealthcenter.com\/no\/\",\"name\":\"Scandinavian HealtCenter\",\"description\":\"Medisinsk assistanse for skandinaver i Mallorca\",\"publisher\":{\"@id\":\"https:\/\/scandinavianhealthcenter.com\/no\/#organization\"},\"potentialAction\":[{\"@type\":\"SearchAction\",\"target\":{\"@type\":\"EntryPoint\",\"urlTemplate\":\"https:\/\/scandinavianhealthcenter.com\/no\/?s={search_term_string}\"},\"query-input\":{\"@type\":\"PropertyValueSpecification\",\"valueRequired\":true,\"valueName\":\"search_term_string\"}}],\"inLanguage\":\"nb-NO\"},{\"@type\":\"Organization\",\"@id\":\"https:\/\/scandinavianhealthcenter.com\/no\/#organization\",\"name\":\"Citam\",\"url\":\"https:\/\/scandinavianhealthcenter.com\/no\/\",\"logo\":{\"@type\":\"ImageObject\",\"inLanguage\":\"nb-NO\",\"@id\":\"https:\/\/scandinavianhealthcenter.com\/no\/#\/schema\/logo\/image\/\",\"url\":\"https:\/\/scandinavianhealthcenter.com\/wp-content\/uploads\/2025\/03\/scandinavianhealthcenter-logo-top.png\",\"contentUrl\":\"https:\/\/scandinavianhealthcenter.com\/wp-content\/uploads\/2025\/03\/scandinavianhealthcenter-logo-top.png\",\"width\":350,\"height\":99,\"caption\":\"Citam\"},\"image\":{\"@id\":\"https:\/\/scandinavianhealthcenter.com\/no\/#\/schema\/logo\/image\/\"}}]}<\/script>\n<!-- \/ Yoast SEO plugin. -->","yoast_head_json":{"title":"Juridisk informasjon | Scandinavian Health Center","robots":{"index":"index","follow":"follow","max-snippet":"max-snippet:-1","max-image-preview":"max-image-preview:large","max-video-preview":"max-video-preview:-1"},"canonical":"https:\/\/scandinavianhealthcenter.com\/no\/legal-information\/","og_locale":"nb_NO","og_type":"article","og_title":"Juridisk informasjon | Scandinavian Health Center","og_description":"Juridisk informasjon I samsvar med bestemmelsene i artikkel 10 i lov 34\/2002, av 11. juli, om informasjonssamfunnets tjenester og elektronisk handel, informerer vi deg herved om at enheten som leverer tjenestene er selskapet Es Blonquet S.L. (heretter SHC), et spansk selskap med registrert kontor i Palma, Gabriel Cort\u00e9s n\u00famero 1, 3\u00aa. 07009, Palma de Mallorca,...","og_url":"https:\/\/scandinavianhealthcenter.com\/no\/legal-information\/","og_site_name":"Scandinavian Health Center","article_modified_time":"2025-04-07T14:24:56+00:00","og_image":[{"width":1600,"height":701,"url":"https:\/\/scandinavianhealthcenter.com\/wp-content\/uploads\/2025\/03\/citam-trabaja-con-nosotros-doctores.jpg","type":"image\/jpeg"}],"twitter_card":"summary_large_image","twitter_misc":{"Ansl. lesetid":"9 minutter"},"schema":{"@context":"https:\/\/schema.org","@graph":[{"@type":"WebPage","@id":"https:\/\/scandinavianhealthcenter.com\/no\/legal-information\/","url":"https:\/\/scandinavianhealthcenter.com\/no\/legal-information\/","name":"Juridisk informasjon | Scandinavian Health Center","isPartOf":{"@id":"https:\/\/scandinavianhealthcenter.com\/no\/#website"},"primaryImageOfPage":{"@id":"https:\/\/scandinavianhealthcenter.com\/no\/legal-information\/#primaryimage"},"image":{"@id":"https:\/\/scandinavianhealthcenter.com\/no\/legal-information\/#primaryimage"},"thumbnailUrl":"https:\/\/scandinavianhealthcenter.com\/wp-content\/uploads\/2025\/03\/citam-trabaja-con-nosotros-doctores.jpg","datePublished":"2025-03-03T10:47:22+00:00","dateModified":"2025-04-07T14:24:56+00:00","breadcrumb":{"@id":"https:\/\/scandinavianhealthcenter.com\/no\/legal-information\/#breadcrumb"},"inLanguage":"nb-NO","potentialAction":[{"@type":"ReadAction","target":["https:\/\/scandinavianhealthcenter.com\/no\/legal-information\/"]}]},{"@type":"ImageObject","inLanguage":"nb-NO","@id":"https:\/\/scandinavianhealthcenter.com\/no\/legal-information\/#primaryimage","url":"https:\/\/scandinavianhealthcenter.com\/wp-content\/uploads\/2025\/03\/citam-trabaja-con-nosotros-doctores.jpg","contentUrl":"https:\/\/scandinavianhealthcenter.com\/wp-content\/uploads\/2025\/03\/citam-trabaja-con-nosotros-doctores.jpg","width":1600,"height":701},{"@type":"BreadcrumbList","@id":"https:\/\/scandinavianhealthcenter.com\/no\/legal-information\/#breadcrumb","itemListElement":[{"@type":"ListItem","position":1,"name":"Hjem","item":"https:\/\/scandinavianhealthcenter.com\/no\/"},{"@type":"ListItem","position":2,"name":"Juridisk informasjon"}]},{"@type":"WebSite","@id":"https:\/\/scandinavianhealthcenter.com\/no\/#website","url":"https:\/\/scandinavianhealthcenter.com\/no\/","name":"Scandinavian HealtCenter","description":"Medisinsk assistanse for skandinaver i Mallorca","publisher":{"@id":"https:\/\/scandinavianhealthcenter.com\/no\/#organization"},"potentialAction":[{"@type":"SearchAction","target":{"@type":"EntryPoint","urlTemplate":"https:\/\/scandinavianhealthcenter.com\/no\/?s={search_term_string}"},"query-input":{"@type":"PropertyValueSpecification","valueRequired":true,"valueName":"search_term_string"}}],"inLanguage":"nb-NO"},{"@type":"Organization","@id":"https:\/\/scandinavianhealthcenter.com\/no\/#organization","name":"Citam","url":"https:\/\/scandinavianhealthcenter.com\/no\/","logo":{"@type":"ImageObject","inLanguage":"nb-NO","@id":"https:\/\/scandinavianhealthcenter.com\/no\/#\/schema\/logo\/image\/","url":"https:\/\/scandinavianhealthcenter.com\/wp-content\/uploads\/2025\/03\/scandinavianhealthcenter-logo-top.png","contentUrl":"https:\/\/scandinavianhealthcenter.com\/wp-content\/uploads\/2025\/03\/scandinavianhealthcenter-logo-top.png","width":350,"height":99,"caption":"Citam"},"image":{"@id":"https:\/\/scandinavianhealthcenter.com\/no\/#\/schema\/logo\/image\/"}}]}},"_links":{"self":[{"href":"https:\/\/scandinavianhealthcenter.com\/no\/wp-json\/wp\/v2\/pages\/742","targetHints":{"allow":["GET"]}}],"collection":[{"href":"https:\/\/scandinavianhealthcenter.com\/no\/wp-json\/wp\/v2\/pages"}],"about":[{"href":"https:\/\/scandinavianhealthcenter.com\/no\/wp-json\/wp\/v2\/types\/page"}],"author":[{"embeddable":true,"href":"https:\/\/scandinavianhealthcenter.com\/no\/wp-json\/wp\/v2\/users\/1"}],"replies":[{"embeddable":true,"href":"https:\/\/scandinavianhealthcenter.com\/no\/wp-json\/wp\/v2\/comments?post=742"}],"version-history":[{"count":7,"href":"https:\/\/scandinavianhealthcenter.com\/no\/wp-json\/wp\/v2\/pages\/742\/revisions"}],"predecessor-version":[{"id":1197,"href":"https:\/\/scandinavianhealthcenter.com\/no\/wp-json\/wp\/v2\/pages\/742\/revisions\/1197"}],"wp:featuredmedia":[{"embeddable":true,"href":"https:\/\/scandinavianhealthcenter.com\/no\/wp-json\/wp\/v2\/media\/682"}],"wp:attachment":[{"href":"https:\/\/scandinavianhealthcenter.com\/no\/wp-json\/wp\/v2\/media?parent=742"}],"curies":[{"name":"wp","href":"https:\/\/api.w.org\/{rel}","templated":true}]}}