{"id":717,"date":"2025-03-03T13:51:42","date_gmt":"2025-03-03T12:51:42","guid":{"rendered":"https:\/\/scandinavianhealthcenter.com\/frequently-asked-questions\/"},"modified":"2025-04-07T15:41:17","modified_gmt":"2025-04-07T13:41:17","slug":"frequently-asked-questions","status":"publish","type":"page","link":"https:\/\/scandinavianhealthcenter.com\/no\/frequently-asked-questions\/","title":{"rendered":"Ofte stilte sp\u00f8rsm\u00e5l"},"content":{"rendered":"\t\t<div data-elementor-type=\"wp-page\" data-elementor-id=\"717\" class=\"elementor elementor-717 elementor-193\">\n\t\t\t\t<div class=\"elementor-element elementor-element-8794b32 e-flex e-con-boxed e-con e-parent\" data-id=\"8794b32\" data-element_type=\"container\">\n\t\t\t\t\t<div class=\"e-con-inner\">\n\t\t\t\t<div class=\"elementor-element elementor-element-d4002e5 elementor-widget elementor-widget-spacer\" data-id=\"d4002e5\" data-element_type=\"widget\" data-widget_type=\"spacer.default\">\n\t\t\t\t<div class=\"elementor-widget-container\">\n\t\t\t\t\t\t\t<div class=\"elementor-spacer\">\n\t\t\t<div class=\"elementor-spacer-inner\"><\/div>\n\t\t<\/div>\n\t\t\t\t\t\t<\/div>\n\t\t\t\t<\/div>\n\t\t\t\t<div class=\"elementor-element elementor-element-c07c97f elementor-widget elementor-widget-accordion\" data-id=\"c07c97f\" data-element_type=\"widget\" data-widget_type=\"accordion.default\">\n\t\t\t\t<div class=\"elementor-widget-container\">\n\t\t\t\t\t\t\t<div class=\"elementor-accordion\">\n\t\t\t\t\t\t\t<div class=\"elementor-accordion-item\">\n\t\t\t\t\t<div id=\"elementor-tab-title-2011\" class=\"elementor-tab-title\" data-tab=\"1\" role=\"button\" aria-controls=\"elementor-tab-content-2011\" aria-expanded=\"false\">\n\t\t\t\t\t\t\t\t\t\t\t\t\t<span class=\"elementor-accordion-icon elementor-accordion-icon-right\" aria-hidden=\"true\">\n\t\t\t\t\t\t\t\t\t\t\t\t\t\t\t<span class=\"elementor-accordion-icon-closed\"><svg class=\"e-font-icon-svg e-fas-chevron-down\" viewBox=\"0 0 448 512\" xmlns=\"http:\/\/www.w3.org\/2000\/svg\"><path d=\"M207.029 381.476L12.686 187.132c-9.373-9.373-9.373-24.569 0-33.941l22.667-22.667c9.357-9.357 24.522-9.375 33.901-.04L224 284.505l154.745-154.021c9.379-9.335 24.544-9.317 33.901.04l22.667 22.667c9.373 9.373 9.373 24.569 0 33.941L240.971 381.476c-9.373 9.372-24.569 9.372-33.942 0z\"><\/path><\/svg><\/span>\n\t\t\t\t\t\t\t\t<span class=\"elementor-accordion-icon-opened\"><svg class=\"e-font-icon-svg e-fas-chevron-up\" viewBox=\"0 0 448 512\" xmlns=\"http:\/\/www.w3.org\/2000\/svg\"><path d=\"M240.971 130.524l194.343 194.343c9.373 9.373 9.373 24.569 0 33.941l-22.667 22.667c-9.357 9.357-24.522 9.375-33.901.04L224 227.495 69.255 381.516c-9.379 9.335-24.544 9.317-33.901-.04l-22.667-22.667c-9.373-9.373-9.373-24.569 0-33.941L207.03 130.525c9.372-9.373 24.568-9.373 33.941-.001z\"><\/path><\/svg><\/span>\n\t\t\t\t\t\t\t\t\t\t\t\t\t\t<\/span>\n\t\t\t\t\t\t\t\t\t\t\t\t<a class=\"elementor-accordion-title\" tabindex=\"0\">Jag vet inte vilken specialist som \u00e4r b\u00e4st l\u00e4mpad f\u00f6r min patologi.<\/a>\n\t\t\t\t\t<\/div>\n\t\t\t\t\t<div id=\"elementor-tab-content-2011\" class=\"elementor-tab-content elementor-clearfix\" data-tab=\"1\" role=\"region\" aria-labelledby=\"elementor-tab-title-2011\"><p>P\u00e5 <span style=\"color: #164386;\"><strong>Scandinavian HEALTHCENTER<\/strong><\/span> har vi experter som kostnadsfritt kan hj\u00e4lpa dig via telefon att rekommendera den specialitet som b\u00e4st passar dina behov.<\/p><\/div>\n\t\t\t\t<\/div>\n\t\t\t\t\t\t\t<div class=\"elementor-accordion-item\">\n\t\t\t\t\t<div id=\"elementor-tab-title-2012\" class=\"elementor-tab-title\" data-tab=\"2\" role=\"button\" aria-controls=\"elementor-tab-content-2012\" aria-expanded=\"false\">\n\t\t\t\t\t\t\t\t\t\t\t\t\t<span class=\"elementor-accordion-icon elementor-accordion-icon-right\" aria-hidden=\"true\">\n\t\t\t\t\t\t\t\t\t\t\t\t\t\t\t<span class=\"elementor-accordion-icon-closed\"><svg class=\"e-font-icon-svg e-fas-chevron-down\" viewBox=\"0 0 448 512\" xmlns=\"http:\/\/www.w3.org\/2000\/svg\"><path d=\"M207.029 381.476L12.686 187.132c-9.373-9.373-9.373-24.569 0-33.941l22.667-22.667c9.357-9.357 24.522-9.375 33.901-.04L224 284.505l154.745-154.021c9.379-9.335 24.544-9.317 33.901.04l22.667 22.667c9.373 9.373 9.373 24.569 0 33.941L240.971 381.476c-9.373 9.372-24.569 9.372-33.942 0z\"><\/path><\/svg><\/span>\n\t\t\t\t\t\t\t\t<span class=\"elementor-accordion-icon-opened\"><svg class=\"e-font-icon-svg e-fas-chevron-up\" viewBox=\"0 0 448 512\" xmlns=\"http:\/\/www.w3.org\/2000\/svg\"><path d=\"M240.971 130.524l194.343 194.343c9.373 9.373 9.373 24.569 0 33.941l-22.667 22.667c-9.357 9.357-24.522 9.375-33.901.04L224 227.495 69.255 381.516c-9.379 9.335-24.544 9.317-33.901-.04l-22.667-22.667c-9.373-9.373-9.373-24.569 0-33.941L207.03 130.525c9.372-9.373 24.568-9.373 33.941-.001z\"><\/path><\/svg><\/span>\n\t\t\t\t\t\t\t\t\t\t\t\t\t\t<\/span>\n\t\t\t\t\t\t\t\t\t\t\t\t<a class=\"elementor-accordion-title\" tabindex=\"0\">Hur kan jag kontakta Scandinavian HEALTHCENTER?<\/a>\n\t\t\t\t\t<\/div>\n\t\t\t\t\t<div id=\"elementor-tab-content-2012\" class=\"elementor-tab-content elementor-clearfix\" data-tab=\"2\" role=\"region\" aria-labelledby=\"elementor-tab-title-2012\"><p>P\u00e5 <span style=\"color: #164386;\"><strong>Scandinavian HEALTHCENTER<\/strong><\/span> anpassar vi oss f\u00f6r att hj\u00e4lpa dig p\u00e5 det s\u00e4tt och vid den tidpunkt som passar dig b\u00e4st.V\u00e5ra handl\u00e4ggare \u00e4r redo att hj\u00e4lpa dig m\u00e5ndag till fredag kl. 9.30-14.30 och kl. 16.30-19, via e-post p\u00e5 <strong><span style=\"color: #333399;\">admin@scandinavianhealthcenter.com<\/span><\/strong>\u00a0eller via formul\u00e4ren p\u00e5 hemsidan.<\/p><\/div>\n\t\t\t\t<\/div>\n\t\t\t\t\t\t\t<div class=\"elementor-accordion-item\">\n\t\t\t\t\t<div id=\"elementor-tab-title-2013\" class=\"elementor-tab-title\" data-tab=\"3\" role=\"button\" aria-controls=\"elementor-tab-content-2013\" aria-expanded=\"false\">\n\t\t\t\t\t\t\t\t\t\t\t\t\t<span class=\"elementor-accordion-icon elementor-accordion-icon-right\" aria-hidden=\"true\">\n\t\t\t\t\t\t\t\t\t\t\t\t\t\t\t<span class=\"elementor-accordion-icon-closed\"><svg class=\"e-font-icon-svg e-fas-chevron-down\" viewBox=\"0 0 448 512\" xmlns=\"http:\/\/www.w3.org\/2000\/svg\"><path d=\"M207.029 381.476L12.686 187.132c-9.373-9.373-9.373-24.569 0-33.941l22.667-22.667c9.357-9.357 24.522-9.375 33.901-.04L224 284.505l154.745-154.021c9.379-9.335 24.544-9.317 33.901.04l22.667 22.667c9.373 9.373 9.373 24.569 0 33.941L240.971 381.476c-9.373 9.372-24.569 9.372-33.942 0z\"><\/path><\/svg><\/span>\n\t\t\t\t\t\t\t\t<span class=\"elementor-accordion-icon-opened\"><svg class=\"e-font-icon-svg e-fas-chevron-up\" viewBox=\"0 0 448 512\" xmlns=\"http:\/\/www.w3.org\/2000\/svg\"><path d=\"M240.971 130.524l194.343 194.343c9.373 9.373 9.373 24.569 0 33.941l-22.667 22.667c-9.357 9.357-24.522 9.375-33.901.04L224 227.495 69.255 381.516c-9.379 9.335-24.544 9.317-33.901-.04l-22.667-22.667c-9.373-9.373-9.373-24.569 0-33.941L207.03 130.525c9.372-9.373 24.568-9.373 33.941-.001z\"><\/path><\/svg><\/span>\n\t\t\t\t\t\t\t\t\t\t\t\t\t\t<\/span>\n\t\t\t\t\t\t\t\t\t\t\t\t<a class=\"elementor-accordion-title\" tabindex=\"0\">Jag har en privat f\u00f6rs\u00e4kring, kan jag f\u00e5 en tid via Scandinavian HEALTHCENTER?<\/a>\n\t\t\t\t\t<\/div>\n\t\t\t\t\t<div id=\"elementor-tab-content-2013\" class=\"elementor-tab-content elementor-clearfix\" data-tab=\"3\" role=\"region\" aria-labelledby=\"elementor-tab-title-2013\"><p><strong><span style=\"color: #164386;\">Scandinavian HEALTHCENTER<\/span><\/strong> och de yrkesverksamma som arbetar med oss har \u00e5tagit sig att snabbt ordna en tid f\u00f6r privatpatienter med alla typer av f\u00f6rs\u00e4kringar eller med r\u00e4tt till ers\u00e4ttning.<\/p><\/div>\n\t\t\t\t<\/div>\n\t\t\t\t\t\t\t\t\t\t<script type=\"application\/ld+json\">{\"@context\":\"https:\\\/\\\/schema.org\",\"@type\":\"FAQPage\",\"mainEntity\":[{\"@type\":\"Question\",\"name\":\"Jag vet inte vilken specialist som \\u00e4r b\\u00e4st l\\u00e4mpad f\\u00f6r min patologi.\",\"acceptedAnswer\":{\"@type\":\"Answer\",\"text\":\"<p>P\\u00e5 <span style=\\\"color: #164386;\\\"><strong>Scandinavian HEALTHCENTER<\\\/strong><\\\/span> har vi experter som kostnadsfritt kan hj\\u00e4lpa dig via telefon att rekommendera den specialitet som b\\u00e4st passar dina behov.<\\\/p>\"}},{\"@type\":\"Question\",\"name\":\"Hur kan jag kontakta Scandinavian HEALTHCENTER?\",\"acceptedAnswer\":{\"@type\":\"Answer\",\"text\":\"<p>P\\u00e5 <span style=\\\"color: #164386;\\\"><strong>Scandinavian HEALTHCENTER<\\\/strong><\\\/span> anpassar vi oss f\\u00f6r att hj\\u00e4lpa dig p\\u00e5 det s\\u00e4tt och vid den tidpunkt som passar dig b\\u00e4st.V\\u00e5ra handl\\u00e4ggare \\u00e4r redo att hj\\u00e4lpa dig m\\u00e5ndag till fredag kl. 9.30-14.30 och kl. 16.30-19, via e-post p\\u00e5 <strong><span style=\\\"color: #333399;\\\">admin@scandinavianhealthcenter.com<\\\/span><\\\/strong>\\u00a0eller via formul\\u00e4ren p\\u00e5 hemsidan.<\\\/p>\"}},{\"@type\":\"Question\",\"name\":\"Jag har en privat f\\u00f6rs\\u00e4kring, kan jag f\\u00e5 en tid via Scandinavian HEALTHCENTER?\",\"acceptedAnswer\":{\"@type\":\"Answer\",\"text\":\"<p><strong><span style=\\\"color: #164386;\\\">Scandinavian HEALTHCENTER<\\\/span><\\\/strong> och de yrkesverksamma som arbetar med oss har \\u00e5tagit sig att snabbt ordna en tid f\\u00f6r privatpatienter med alla typer av f\\u00f6rs\\u00e4kringar eller med r\\u00e4tt till ers\\u00e4ttning.<\\\/p>\"}}]}<\/script>\n\t\t\t\t\t<\/div>\n\t\t\t\t\t\t<\/div>\n\t\t\t\t<\/div>\n\t\t\t\t\t<\/div>\n\t\t\t\t<\/div>\n\t\t<div class=\"elementor-element elementor-element-b7d82b8 e-flex e-con-boxed e-con e-parent\" data-id=\"b7d82b8\" data-element_type=\"container\">\n\t\t\t\t\t<div class=\"e-con-inner\">\n\t\t\t\t<div class=\"elementor-element elementor-element-07fc712 elementor-widget elementor-widget-heading\" data-id=\"07fc712\" data-element_type=\"widget\" data-widget_type=\"heading.default\">\n\t\t\t\t<div class=\"elementor-widget-container\">\n\t\t\t\t\t<h3 class=\"elementor-heading-title elementor-size-default\">Har du n\u00e5gra andra fr\u00e5gor?<\/h3>\t\t\t\t<\/div>\n\t\t\t\t<\/div>\n\t\t\t\t<div class=\"elementor-element elementor-element-8f4c92e elementor-align-center elementor-widget elementor-widget-button\" data-id=\"8f4c92e\" data-element_type=\"widget\" data-widget_type=\"button.default\">\n\t\t\t\t<div class=\"elementor-widget-container\">\n\t\t\t\t\t\t\t\t\t<div class=\"elementor-button-wrapper\">\n\t\t\t\t\t<a class=\"elementor-button elementor-button-link elementor-size-sm\" href=\"https:\/\/scandinavianhealthcenter.com\/no\/contact-us\/\">\n\t\t\t\t\t\t<span class=\"elementor-button-content-wrapper\">\n\t\t\t\t\t\t\t\t\t<span class=\"elementor-button-text\">S\u00c4ND DET TILL OSS<\/span>\n\t\t\t\t\t<\/span>\n\t\t\t\t\t<\/a>\n\t\t\t\t<\/div>\n\t\t\t\t\t\t\t\t<\/div>\n\t\t\t\t<\/div>\n\t\t\t\t<div class=\"elementor-element elementor-element-ef44286 elementor-widget elementor-widget-spacer\" data-id=\"ef44286\" data-element_type=\"widget\" data-widget_type=\"spacer.default\">\n\t\t\t\t<div class=\"elementor-widget-container\">\n\t\t\t\t\t\t\t<div class=\"elementor-spacer\">\n\t\t\t<div class=\"elementor-spacer-inner\"><\/div>\n\t\t<\/div>\n\t\t\t\t\t\t<\/div>\n\t\t\t\t<\/div>\n\t\t\t\t\t<\/div>\n\t\t\t\t<\/div>\n\t\t\t\t<\/div>\n\t\t","protected":false},"excerpt":{"rendered":"<p>Jag vet inte vilken specialist som \u00e4r b\u00e4st l\u00e4mpad f\u00f6r min patologi. P\u00e5 Scandinavian HEALTHCENTER har vi experter som kostnadsfritt kan hj\u00e4lpa dig via telefon att rekommendera den specialitet som b\u00e4st passar dina behov. Hur kan jag kontakta Scandinavian HEALTHCENTER? P\u00e5 Scandinavian HEALTHCENTER anpassar vi oss f\u00f6r att hj\u00e4lpa dig p\u00e5 det s\u00e4tt och vid&#8230;<\/p>\n","protected":false},"author":1,"featured_media":718,"parent":0,"menu_order":0,"comment_status":"closed","ping_status":"closed","template":"","meta":{"footnotes":""},"class_list":["post-717","page","type-page","status-publish","has-post-thumbnail","hentry"],"yoast_head":"<!-- This site is optimized with the Yoast SEO plugin v26.8 - https:\/\/yoast.com\/product\/yoast-seo-wordpress\/ -->\n<title>Ofte stilte sp\u00f8rsm\u00e5l | Scandinavian Health Center<\/title>\n<meta name=\"description\" content=\"Frequently asked questions and answers\" \/>\n<meta name=\"robots\" content=\"index, follow, max-snippet:-1, max-image-preview:large, max-video-preview:-1\" \/>\n<link rel=\"canonical\" href=\"https:\/\/scandinavianhealthcenter.com\/no\/frequently-asked-questions\/\" \/>\n<meta property=\"og:locale\" content=\"nb_NO\" \/>\n<meta property=\"og:type\" content=\"article\" \/>\n<meta property=\"og:title\" content=\"Ofte stilte sp\u00f8rsm\u00e5l | Scandinavian Health Center\" \/>\n<meta property=\"og:description\" content=\"Frequently asked questions and answers\" \/>\n<meta property=\"og:url\" content=\"https:\/\/scandinavianhealthcenter.com\/no\/frequently-asked-questions\/\" \/>\n<meta property=\"og:site_name\" content=\"Scandinavian Health Center\" \/>\n<meta property=\"article:modified_time\" content=\"2025-04-07T13:41:17+00:00\" \/>\n<meta property=\"og:image\" content=\"https:\/\/scandinavianhealthcenter.com\/wp-content\/uploads\/2025\/03\/Citam-Preguntas-Frecuentes.jpg\" \/>\n\t<meta property=\"og:image:width\" content=\"2200\" \/>\n\t<meta property=\"og:image:height\" content=\"960\" \/>\n\t<meta property=\"og:image:type\" content=\"image\/jpeg\" \/>\n<meta name=\"twitter:card\" content=\"summary_large_image\" \/>\n<meta name=\"twitter:label1\" content=\"Ansl. lesetid\" \/>\n\t<meta name=\"twitter:data1\" content=\"1 minutt\" \/>\n<script type=\"application\/ld+json\" class=\"yoast-schema-graph\">{\"@context\":\"https:\/\/schema.org\",\"@graph\":[{\"@type\":\"WebPage\",\"@id\":\"https:\/\/scandinavianhealthcenter.com\/no\/frequently-asked-questions\/\",\"url\":\"https:\/\/scandinavianhealthcenter.com\/no\/frequently-asked-questions\/\",\"name\":\"Ofte stilte sp\u00f8rsm\u00e5l | Scandinavian Health Center\",\"isPartOf\":{\"@id\":\"https:\/\/scandinavianhealthcenter.com\/no\/#website\"},\"primaryImageOfPage\":{\"@id\":\"https:\/\/scandinavianhealthcenter.com\/no\/frequently-asked-questions\/#primaryimage\"},\"image\":{\"@id\":\"https:\/\/scandinavianhealthcenter.com\/no\/frequently-asked-questions\/#primaryimage\"},\"thumbnailUrl\":\"https:\/\/scandinavianhealthcenter.com\/wp-content\/uploads\/2025\/03\/Citam-Preguntas-Frecuentes.jpg\",\"datePublished\":\"2025-03-03T12:51:42+00:00\",\"dateModified\":\"2025-04-07T13:41:17+00:00\",\"description\":\"Frequently asked questions and answers\",\"breadcrumb\":{\"@id\":\"https:\/\/scandinavianhealthcenter.com\/no\/frequently-asked-questions\/#breadcrumb\"},\"inLanguage\":\"nb-NO\",\"potentialAction\":[{\"@type\":\"ReadAction\",\"target\":[\"https:\/\/scandinavianhealthcenter.com\/no\/frequently-asked-questions\/\"]}]},{\"@type\":\"ImageObject\",\"inLanguage\":\"nb-NO\",\"@id\":\"https:\/\/scandinavianhealthcenter.com\/no\/frequently-asked-questions\/#primaryimage\",\"url\":\"https:\/\/scandinavianhealthcenter.com\/wp-content\/uploads\/2025\/03\/Citam-Preguntas-Frecuentes.jpg\",\"contentUrl\":\"https:\/\/scandinavianhealthcenter.com\/wp-content\/uploads\/2025\/03\/Citam-Preguntas-Frecuentes.jpg\",\"width\":2200,\"height\":960},{\"@type\":\"BreadcrumbList\",\"@id\":\"https:\/\/scandinavianhealthcenter.com\/no\/frequently-asked-questions\/#breadcrumb\",\"itemListElement\":[{\"@type\":\"ListItem\",\"position\":1,\"name\":\"Hjem\",\"item\":\"https:\/\/scandinavianhealthcenter.com\/no\/\"},{\"@type\":\"ListItem\",\"position\":2,\"name\":\"Ofte stilte sp\u00f8rsm\u00e5l\"}]},{\"@type\":\"WebSite\",\"@id\":\"https:\/\/scandinavianhealthcenter.com\/no\/#website\",\"url\":\"https:\/\/scandinavianhealthcenter.com\/no\/\",\"name\":\"Scandinavian HealtCenter\",\"description\":\"Medisinsk assistanse for skandinaver i Mallorca\",\"publisher\":{\"@id\":\"https:\/\/scandinavianhealthcenter.com\/no\/#organization\"},\"potentialAction\":[{\"@type\":\"SearchAction\",\"target\":{\"@type\":\"EntryPoint\",\"urlTemplate\":\"https:\/\/scandinavianhealthcenter.com\/no\/?s={search_term_string}\"},\"query-input\":{\"@type\":\"PropertyValueSpecification\",\"valueRequired\":true,\"valueName\":\"search_term_string\"}}],\"inLanguage\":\"nb-NO\"},{\"@type\":\"Organization\",\"@id\":\"https:\/\/scandinavianhealthcenter.com\/no\/#organization\",\"name\":\"Citam\",\"url\":\"https:\/\/scandinavianhealthcenter.com\/no\/\",\"logo\":{\"@type\":\"ImageObject\",\"inLanguage\":\"nb-NO\",\"@id\":\"https:\/\/scandinavianhealthcenter.com\/no\/#\/schema\/logo\/image\/\",\"url\":\"https:\/\/scandinavianhealthcenter.com\/wp-content\/uploads\/2025\/03\/scandinavianhealthcenter-logo-top.png\",\"contentUrl\":\"https:\/\/scandinavianhealthcenter.com\/wp-content\/uploads\/2025\/03\/scandinavianhealthcenter-logo-top.png\",\"width\":350,\"height\":99,\"caption\":\"Citam\"},\"image\":{\"@id\":\"https:\/\/scandinavianhealthcenter.com\/no\/#\/schema\/logo\/image\/\"}}]}<\/script>\n<!-- \/ Yoast SEO plugin. -->","yoast_head_json":{"title":"Ofte stilte sp\u00f8rsm\u00e5l | Scandinavian Health Center","description":"Frequently asked questions and answers","robots":{"index":"index","follow":"follow","max-snippet":"max-snippet:-1","max-image-preview":"max-image-preview:large","max-video-preview":"max-video-preview:-1"},"canonical":"https:\/\/scandinavianhealthcenter.com\/no\/frequently-asked-questions\/","og_locale":"nb_NO","og_type":"article","og_title":"Ofte stilte sp\u00f8rsm\u00e5l | Scandinavian Health Center","og_description":"Frequently asked questions and answers","og_url":"https:\/\/scandinavianhealthcenter.com\/no\/frequently-asked-questions\/","og_site_name":"Scandinavian Health Center","article_modified_time":"2025-04-07T13:41:17+00:00","og_image":[{"width":2200,"height":960,"url":"https:\/\/scandinavianhealthcenter.com\/wp-content\/uploads\/2025\/03\/Citam-Preguntas-Frecuentes.jpg","type":"image\/jpeg"}],"twitter_card":"summary_large_image","twitter_misc":{"Ansl. lesetid":"1 minutt"},"schema":{"@context":"https:\/\/schema.org","@graph":[{"@type":"WebPage","@id":"https:\/\/scandinavianhealthcenter.com\/no\/frequently-asked-questions\/","url":"https:\/\/scandinavianhealthcenter.com\/no\/frequently-asked-questions\/","name":"Ofte stilte sp\u00f8rsm\u00e5l | Scandinavian Health Center","isPartOf":{"@id":"https:\/\/scandinavianhealthcenter.com\/no\/#website"},"primaryImageOfPage":{"@id":"https:\/\/scandinavianhealthcenter.com\/no\/frequently-asked-questions\/#primaryimage"},"image":{"@id":"https:\/\/scandinavianhealthcenter.com\/no\/frequently-asked-questions\/#primaryimage"},"thumbnailUrl":"https:\/\/scandinavianhealthcenter.com\/wp-content\/uploads\/2025\/03\/Citam-Preguntas-Frecuentes.jpg","datePublished":"2025-03-03T12:51:42+00:00","dateModified":"2025-04-07T13:41:17+00:00","description":"Frequently asked questions and answers","breadcrumb":{"@id":"https:\/\/scandinavianhealthcenter.com\/no\/frequently-asked-questions\/#breadcrumb"},"inLanguage":"nb-NO","potentialAction":[{"@type":"ReadAction","target":["https:\/\/scandinavianhealthcenter.com\/no\/frequently-asked-questions\/"]}]},{"@type":"ImageObject","inLanguage":"nb-NO","@id":"https:\/\/scandinavianhealthcenter.com\/no\/frequently-asked-questions\/#primaryimage","url":"https:\/\/scandinavianhealthcenter.com\/wp-content\/uploads\/2025\/03\/Citam-Preguntas-Frecuentes.jpg","contentUrl":"https:\/\/scandinavianhealthcenter.com\/wp-content\/uploads\/2025\/03\/Citam-Preguntas-Frecuentes.jpg","width":2200,"height":960},{"@type":"BreadcrumbList","@id":"https:\/\/scandinavianhealthcenter.com\/no\/frequently-asked-questions\/#breadcrumb","itemListElement":[{"@type":"ListItem","position":1,"name":"Hjem","item":"https:\/\/scandinavianhealthcenter.com\/no\/"},{"@type":"ListItem","position":2,"name":"Ofte stilte sp\u00f8rsm\u00e5l"}]},{"@type":"WebSite","@id":"https:\/\/scandinavianhealthcenter.com\/no\/#website","url":"https:\/\/scandinavianhealthcenter.com\/no\/","name":"Scandinavian HealtCenter","description":"Medisinsk assistanse for skandinaver i Mallorca","publisher":{"@id":"https:\/\/scandinavianhealthcenter.com\/no\/#organization"},"potentialAction":[{"@type":"SearchAction","target":{"@type":"EntryPoint","urlTemplate":"https:\/\/scandinavianhealthcenter.com\/no\/?s={search_term_string}"},"query-input":{"@type":"PropertyValueSpecification","valueRequired":true,"valueName":"search_term_string"}}],"inLanguage":"nb-NO"},{"@type":"Organization","@id":"https:\/\/scandinavianhealthcenter.com\/no\/#organization","name":"Citam","url":"https:\/\/scandinavianhealthcenter.com\/no\/","logo":{"@type":"ImageObject","inLanguage":"nb-NO","@id":"https:\/\/scandinavianhealthcenter.com\/no\/#\/schema\/logo\/image\/","url":"https:\/\/scandinavianhealthcenter.com\/wp-content\/uploads\/2025\/03\/scandinavianhealthcenter-logo-top.png","contentUrl":"https:\/\/scandinavianhealthcenter.com\/wp-content\/uploads\/2025\/03\/scandinavianhealthcenter-logo-top.png","width":350,"height":99,"caption":"Citam"},"image":{"@id":"https:\/\/scandinavianhealthcenter.com\/no\/#\/schema\/logo\/image\/"}}]}},"_links":{"self":[{"href":"https:\/\/scandinavianhealthcenter.com\/no\/wp-json\/wp\/v2\/pages\/717","targetHints":{"allow":["GET"]}}],"collection":[{"href":"https:\/\/scandinavianhealthcenter.com\/no\/wp-json\/wp\/v2\/pages"}],"about":[{"href":"https:\/\/scandinavianhealthcenter.com\/no\/wp-json\/wp\/v2\/types\/page"}],"author":[{"embeddable":true,"href":"https:\/\/scandinavianhealthcenter.com\/no\/wp-json\/wp\/v2\/users\/1"}],"replies":[{"embeddable":true,"href":"https:\/\/scandinavianhealthcenter.com\/no\/wp-json\/wp\/v2\/comments?post=717"}],"version-history":[{"count":5,"href":"https:\/\/scandinavianhealthcenter.com\/no\/wp-json\/wp\/v2\/pages\/717\/revisions"}],"predecessor-version":[{"id":1180,"href":"https:\/\/scandinavianhealthcenter.com\/no\/wp-json\/wp\/v2\/pages\/717\/revisions\/1180"}],"wp:featuredmedia":[{"embeddable":true,"href":"https:\/\/scandinavianhealthcenter.com\/no\/wp-json\/wp\/v2\/media\/718"}],"wp:attachment":[{"href":"https:\/\/scandinavianhealthcenter.com\/no\/wp-json\/wp\/v2\/media?parent=717"}],"curies":[{"name":"wp","href":"https:\/\/api.w.org\/{rel}","templated":true}]}}