{"id":710,"date":"2025-03-03T11:57:06","date_gmt":"2025-03-03T10:57:06","guid":{"rendered":"https:\/\/scandinavianhealthcenter.com\/cookie-policy\/"},"modified":"2025-04-07T16:05:22","modified_gmt":"2025-04-07T14:05:22","slug":"cookie-policy","status":"publish","type":"page","link":"https:\/\/scandinavianhealthcenter.com\/no\/cookie-policy\/","title":{"rendered":"Retningslinjer for informasjonskapsler"},"content":{"rendered":"\t\t<div data-elementor-type=\"wp-page\" data-elementor-id=\"710\" class=\"elementor elementor-710 elementor-176\">\n\t\t\t\t<div class=\"elementor-element elementor-element-0b594a7 e-flex e-con-boxed e-con e-parent\" data-id=\"0b594a7\" data-element_type=\"container\">\n\t\t\t\t\t<div class=\"e-con-inner\">\n\t\t\t\t<div class=\"elementor-element elementor-element-aa17541 columnas-2 elementor-widget elementor-widget-text-editor\" data-id=\"aa17541\" data-element_type=\"widget\" data-widget_type=\"text-editor.default\">\n\t\t\t\t<div class=\"elementor-widget-container\">\n\t\t\t\t\t\t\t\t\t<h2><span style=\"color: #164386;\">Er Blonquet S.L. eier av merkevaren Scandinavian Healthcenter informerer<\/span><\/h2><p>Informasjonskapsler er filer som kan lastes ned til datamaskinen din av nettsteder. De er viktige verkt\u00f8y for \u00e5 kunne tilby tjenester i informasjonssamfunnet. De gj\u00f8r det blant annet mulig for et nettsted \u00e5 lagre og hente informasjon om brukerens surfevaner eller utstyr, og avhengig av informasjonen som innhentes, kan de brukes til \u00e5 gjenkjenne brukeren og forbedre tjenesten som tilbys.<\/p><h3><span style=\"color: #164386;\">Typer informasjonskapsler <\/span><\/h3><p>Avhengig av hvilken enhet som administrerer domenet som informasjonskapslene sendes fra og behandler de innhentede dataene, kan det gj\u00f8res et skille:<\/p><ul><li><span style=\"color: #164386;\"><strong>Egne informasjonskapsler:<\/strong><\/span> er de som sendes til brukerens terminalutstyr fra en datamaskin eller et domene som administreres av utgiveren selv, og hvorfra tjenesten som brukeren har bedt om, leveres.<\/li><li><span style=\"color: #164386;\"><strong>Informasjonskapsler fra tredjeparter: <\/strong><\/span>Informasjonskapsler er informasjonskapsler som sendes til brukerens terminalutstyr fra en datamaskin eller et domene som ikke administreres av redakt\u00f8ren, men av en annen enhet som behandler dataene som innhentes gjennom informasjonskapslene.<\/li><\/ul><p>Avhengig av hvor lenge de forblir aktivert i terminalutstyret, kan vi skille mellom:<\/p><ul><li><span style=\"color: #164386;\"><strong>Informasjonskapsler for \u00f8kt:<\/strong><\/span> Dette er en type informasjonskapsel som er utformet for \u00e5 samle inn og lagre data mens brukeren er inne p\u00e5 et nettsted. De brukes vanligvis til \u00e5 lagre informasjon som bare m\u00e5 oppbevares for \u00e5 kunne levere den tjenesten brukeren har bedt om ved en enkelt anledning, og de utl\u00f8per n\u00e5r brukeren logger seg ut eller lukker nettleseren.<\/li><li><span style=\"color: #164386;\"><strong>Permanente informasjonskapsler: <\/strong><\/span>Dette er en type informasjonskapsel der dataene fortsetter \u00e5 bli lagret i terminalen, slik at de kan \u00e5pnes og brukes i mer enn \u00e9n \u00f8kt. De kan brukes og behandles i en periode som defineres av den som er ansvarlig for informasjonskapselen, og som kan variere fra noen minutter til flere \u00e5r.<\/li><\/ul><p>Avhengig av form\u00e5let med behandlingen av opplysningene som innhentes gjennom informasjonskapslene, kan disse v\u00e6re:<\/p><ul><li><span style=\"color: #164386;\"><strong>Tekniske informasjonskapsler:<\/strong><\/span> Dette er de som gj\u00f8r det mulig for brukeren \u00e5 surfe gjennom et nettsted, en plattform eller en nettside og bruke de ulike alternativene eller tjenestene som finnes der, som for eksempel \u00e5 kontrollere trafikk og datakommunikasjon, identifisere \u00f8kten og f\u00e5 tilgang til omr\u00e5der med begrenset tilgang.<\/li><li><span style=\"color: #164386;\"><strong>Informasjonskapsler for personlig tilpasning:<\/strong><\/span> Disse gir brukeren tilgang til tjenesten med noen generelle egenskaper som er forh\u00e5ndsdefinert i henhold til en rekke kriterier i brukerens terminal, som for eksempel spr\u00e5k og nettlesertype.<\/li><li><span style=\"color: #164386;\"><strong>Informasjonskapsler for analyse: <\/strong><\/span>Disse informasjonskapslene gj\u00f8r det mulig for den ansvarlige \u00e5 overv\u00e5ke og analysere atferden til brukerne som de er knyttet til. Informasjonen som samles inn gjennom denne typen informasjonskapsler, brukes til \u00e5 m\u00e5le aktiviteten p\u00e5 nettstedet, nettsiden eller plattformen og til \u00e5 opprette brukerprofiler.<\/li><li><span style=\"color: #164386;\"><strong>Informasjonskapsler for reklame:<\/strong><\/span> Dette er de som gj\u00f8r det mulig \u00e5 forvalte reklameplassene p\u00e5 en mest mulig effektiv m\u00e5te.<\/li><li><span style=\"color: #164386;\"><strong>Informasjonskapsler for atferdsbasert reklame:<\/strong><\/span> Disse informasjonskapslene lagrer informasjon om brukernes atferd som er innhentet gjennom kontinuerlig observasjon av deres surfevaner, noe som gj\u00f8r det mulig \u00e5 utvikle en spesifikk profil for \u00e5 kunne vise reklame basert p\u00e5 denne.<\/li><\/ul><p>For mer informasjon om dette emnet, vennligst se det spanske datatilsynets veiledning om bruk av informasjonskapsler.<\/p><h3><span style=\"color: #164386;\">Informasjonskapsler som brukes p\u00e5 nettstedet<\/span><\/h3><p>Nedenfor finner du informasjon om hvilke informasjonskapsler som brukes p\u00e5 dette nettstedet, samt deres type og funksjon:<\/p><p>SHCs nettsted bruker Google Analytics, en analysetjeneste utviklet av Google, som gj\u00f8r det mulig \u00e5 m\u00e5le og analysere surfing p\u00e5 nettsteder. I henhold til typologien ovenfor er dette egne informasjonskapsler, \u00f8kt- og analyseinformasjonskapsler. Du kan finne mer informasjon om dette og deaktivere bruken av disse informasjonskapslene<\/p><p><a href=\"http:\/\/www.google.es\/intl\/es\/analytics\/privacyoverview.html\" target=\"_blank\" rel=\"noopener\">www.google.es\/intl\/es\/analytics\/privacyoverview.html<\/a> .<\/p><p>Gjennom webanalyse innhentes informasjon om antall brukere som g\u00e5r inn p\u00e5 nettstedet, antall sider som vises, hyppigheten og gjentakelsen av bes\u00f8k, varigheten av bes\u00f8kene, nettleseren som brukes, operat\u00f8ren som leverer tjenesten, spr\u00e5ket, terminalen som brukes, eller byen IP-adressen din er tilordnet. Denne informasjonen gj\u00f8r det mulig for denne portalen \u00e5 tilby en bedre og mer hensiktsmessig tjeneste.<\/p><h3><span style=\"color: #164386;\">Slik endrer du innstillingene for informasjonskapsler<\/span><\/h3><p>Du kan begrense, blokkere eller slette informasjonskapsler fra SHC eller andre nettsteder ved hjelp av nettleseren din. Hver nettleser fungerer forskjellig, og \u00abHjelp\u00bb-funksjonen vil vise deg hvordan du gj\u00f8r dette.<\/p><ul><li><span style=\"color: #164386;\"><strong>Internet Explorer: <\/strong><\/span><a href=\"http:\/\/windows.microsoft.com\/es-xl\/internet-explorer\/delete-manage-cookies#ie=ie-10\" target=\"_blank\" rel=\"noopener\">windows.microsoft.com\/es-xl\/internet-explorer\/delete-manage-cookies#ie=ie-10<\/a><\/li><li><span style=\"color: #164386;\"><strong>FireFox: <\/strong><\/span><a href=\"http:\/\/support.mozilla.org\/es\/kb\/Borrar%20cookies\" target=\"_blank\" rel=\"noopener\">support.mozilla.org\/es\/kb\/Borrar%20cookies<\/a><\/li><li><span style=\"color: #164386;\"><strong>Chrome: <\/strong><\/span><a href=\"http:\/\/support.google.com\/chrome\/answer\/95647?hl=es\" target=\"_blank\" rel=\"noopener\">support.google.com\/chrome\/answer\/95647?hl=es<\/a><\/li><li><span style=\"color: #164386;\"><strong>Safari: <\/strong><\/span><a href=\"http:\/\/www.apple.com\/es\/privacy\/use-of-cookies\/\" target=\"_blank\" rel=\"noopener\">www.apple.com\/es\/privacy\/use-of-cookies\/<\/a><\/li><\/ul><p>I tillegg kan du ogs\u00e5 administrere lagringen av informasjonskapsler i nettleseren din ved hjelp av verkt\u00f8y som for eksempel f\u00f8lgende:<\/p><ul><li><span style=\"color: #164386;\"><strong>Ghostery: <\/strong><\/span><a href=\"http:\/\/www.ghostery.com\/\" target=\"_blank\" rel=\"noopener\">www.ghostery.com\/<\/a><\/li><li><span style=\"color: #164386;\"><strong>Your online choices: <\/strong><\/span><a href=\"http:\/\/www.youronlinechoices.com\/es\/\" target=\"_blank\" rel=\"noopener\">www.youronlinechoices.com\/es\/<\/a><\/li><\/ul>\t\t\t\t\t\t\t\t<\/div>\n\t\t\t\t<\/div>\n\t\t\t\t\t<\/div>\n\t\t\t\t<\/div>\n\t\t\t\t<\/div>\n\t\t","protected":false},"excerpt":{"rendered":"<p>Er Blonquet S.L. eier av merkevaren Scandinavian Healthcenter informerer Informasjonskapsler er filer som kan lastes ned til datamaskinen din av nettsteder. De er viktige verkt\u00f8y for \u00e5 kunne tilby tjenester i informasjonssamfunnet. De gj\u00f8r det blant annet mulig for et nettsted \u00e5 lagre og hente informasjon om brukerens surfevaner eller utstyr, og avhengig av informasjonen&#8230;<\/p>\n","protected":false},"author":1,"featured_media":0,"parent":0,"menu_order":0,"comment_status":"closed","ping_status":"closed","template":"","meta":{"footnotes":""},"class_list":["post-710","page","type-page","status-publish","hentry"],"yoast_head":"<!-- This site is optimized with the Yoast SEO plugin v26.8 - https:\/\/yoast.com\/product\/yoast-seo-wordpress\/ -->\n<title>Retningslinjer for informasjonskapsler | Scandinavian Health Center<\/title>\n<meta name=\"robots\" content=\"index, follow, max-snippet:-1, max-image-preview:large, max-video-preview:-1\" \/>\n<link rel=\"canonical\" href=\"https:\/\/scandinavianhealthcenter.com\/no\/cookie-policy\/\" \/>\n<meta property=\"og:locale\" content=\"nb_NO\" \/>\n<meta property=\"og:type\" content=\"article\" \/>\n<meta property=\"og:title\" content=\"Retningslinjer for informasjonskapsler | Scandinavian Health Center\" \/>\n<meta property=\"og:description\" content=\"Er Blonquet S.L. eier av merkevaren Scandinavian Healthcenter informerer Informasjonskapsler er filer som kan lastes ned til datamaskinen din av nettsteder. De er viktige verkt\u00f8y for \u00e5 kunne tilby tjenester i informasjonssamfunnet. De gj\u00f8r det blant annet mulig for et nettsted \u00e5 lagre og hente informasjon om brukerens surfevaner eller utstyr, og avhengig av informasjonen...\" \/>\n<meta property=\"og:url\" content=\"https:\/\/scandinavianhealthcenter.com\/no\/cookie-policy\/\" \/>\n<meta property=\"og:site_name\" content=\"Scandinavian Health Center\" \/>\n<meta property=\"article:modified_time\" content=\"2025-04-07T14:05:22+00:00\" \/>\n<meta name=\"twitter:card\" content=\"summary_large_image\" \/>\n<meta name=\"twitter:label1\" content=\"Ansl. lesetid\" \/>\n\t<meta name=\"twitter:data1\" content=\"4 minutter\" \/>\n<script type=\"application\/ld+json\" class=\"yoast-schema-graph\">{\"@context\":\"https:\/\/schema.org\",\"@graph\":[{\"@type\":\"WebPage\",\"@id\":\"https:\/\/scandinavianhealthcenter.com\/no\/cookie-policy\/\",\"url\":\"https:\/\/scandinavianhealthcenter.com\/no\/cookie-policy\/\",\"name\":\"Retningslinjer for informasjonskapsler | Scandinavian Health Center\",\"isPartOf\":{\"@id\":\"https:\/\/scandinavianhealthcenter.com\/no\/#website\"},\"datePublished\":\"2025-03-03T10:57:06+00:00\",\"dateModified\":\"2025-04-07T14:05:22+00:00\",\"breadcrumb\":{\"@id\":\"https:\/\/scandinavianhealthcenter.com\/no\/cookie-policy\/#breadcrumb\"},\"inLanguage\":\"nb-NO\",\"potentialAction\":[{\"@type\":\"ReadAction\",\"target\":[\"https:\/\/scandinavianhealthcenter.com\/no\/cookie-policy\/\"]}]},{\"@type\":\"BreadcrumbList\",\"@id\":\"https:\/\/scandinavianhealthcenter.com\/no\/cookie-policy\/#breadcrumb\",\"itemListElement\":[{\"@type\":\"ListItem\",\"position\":1,\"name\":\"Hjem\",\"item\":\"https:\/\/scandinavianhealthcenter.com\/no\/\"},{\"@type\":\"ListItem\",\"position\":2,\"name\":\"Retningslinjer for informasjonskapsler\"}]},{\"@type\":\"WebSite\",\"@id\":\"https:\/\/scandinavianhealthcenter.com\/no\/#website\",\"url\":\"https:\/\/scandinavianhealthcenter.com\/no\/\",\"name\":\"Scandinavian HealtCenter\",\"description\":\"Medisinsk assistanse for skandinaver i Mallorca\",\"publisher\":{\"@id\":\"https:\/\/scandinavianhealthcenter.com\/no\/#organization\"},\"potentialAction\":[{\"@type\":\"SearchAction\",\"target\":{\"@type\":\"EntryPoint\",\"urlTemplate\":\"https:\/\/scandinavianhealthcenter.com\/no\/?s={search_term_string}\"},\"query-input\":{\"@type\":\"PropertyValueSpecification\",\"valueRequired\":true,\"valueName\":\"search_term_string\"}}],\"inLanguage\":\"nb-NO\"},{\"@type\":\"Organization\",\"@id\":\"https:\/\/scandinavianhealthcenter.com\/no\/#organization\",\"name\":\"Citam\",\"url\":\"https:\/\/scandinavianhealthcenter.com\/no\/\",\"logo\":{\"@type\":\"ImageObject\",\"inLanguage\":\"nb-NO\",\"@id\":\"https:\/\/scandinavianhealthcenter.com\/no\/#\/schema\/logo\/image\/\",\"url\":\"https:\/\/scandinavianhealthcenter.com\/wp-content\/uploads\/2025\/03\/scandinavianhealthcenter-logo-top.png\",\"contentUrl\":\"https:\/\/scandinavianhealthcenter.com\/wp-content\/uploads\/2025\/03\/scandinavianhealthcenter-logo-top.png\",\"width\":350,\"height\":99,\"caption\":\"Citam\"},\"image\":{\"@id\":\"https:\/\/scandinavianhealthcenter.com\/no\/#\/schema\/logo\/image\/\"}}]}<\/script>\n<!-- \/ Yoast SEO plugin. -->","yoast_head_json":{"title":"Retningslinjer for informasjonskapsler | Scandinavian Health Center","robots":{"index":"index","follow":"follow","max-snippet":"max-snippet:-1","max-image-preview":"max-image-preview:large","max-video-preview":"max-video-preview:-1"},"canonical":"https:\/\/scandinavianhealthcenter.com\/no\/cookie-policy\/","og_locale":"nb_NO","og_type":"article","og_title":"Retningslinjer for informasjonskapsler | Scandinavian Health Center","og_description":"Er Blonquet S.L. eier av merkevaren Scandinavian Healthcenter informerer Informasjonskapsler er filer som kan lastes ned til datamaskinen din av nettsteder. De er viktige verkt\u00f8y for \u00e5 kunne tilby tjenester i informasjonssamfunnet. De gj\u00f8r det blant annet mulig for et nettsted \u00e5 lagre og hente informasjon om brukerens surfevaner eller utstyr, og avhengig av informasjonen...","og_url":"https:\/\/scandinavianhealthcenter.com\/no\/cookie-policy\/","og_site_name":"Scandinavian Health Center","article_modified_time":"2025-04-07T14:05:22+00:00","twitter_card":"summary_large_image","twitter_misc":{"Ansl. lesetid":"4 minutter"},"schema":{"@context":"https:\/\/schema.org","@graph":[{"@type":"WebPage","@id":"https:\/\/scandinavianhealthcenter.com\/no\/cookie-policy\/","url":"https:\/\/scandinavianhealthcenter.com\/no\/cookie-policy\/","name":"Retningslinjer for informasjonskapsler | Scandinavian Health Center","isPartOf":{"@id":"https:\/\/scandinavianhealthcenter.com\/no\/#website"},"datePublished":"2025-03-03T10:57:06+00:00","dateModified":"2025-04-07T14:05:22+00:00","breadcrumb":{"@id":"https:\/\/scandinavianhealthcenter.com\/no\/cookie-policy\/#breadcrumb"},"inLanguage":"nb-NO","potentialAction":[{"@type":"ReadAction","target":["https:\/\/scandinavianhealthcenter.com\/no\/cookie-policy\/"]}]},{"@type":"BreadcrumbList","@id":"https:\/\/scandinavianhealthcenter.com\/no\/cookie-policy\/#breadcrumb","itemListElement":[{"@type":"ListItem","position":1,"name":"Hjem","item":"https:\/\/scandinavianhealthcenter.com\/no\/"},{"@type":"ListItem","position":2,"name":"Retningslinjer for informasjonskapsler"}]},{"@type":"WebSite","@id":"https:\/\/scandinavianhealthcenter.com\/no\/#website","url":"https:\/\/scandinavianhealthcenter.com\/no\/","name":"Scandinavian HealtCenter","description":"Medisinsk assistanse for skandinaver i Mallorca","publisher":{"@id":"https:\/\/scandinavianhealthcenter.com\/no\/#organization"},"potentialAction":[{"@type":"SearchAction","target":{"@type":"EntryPoint","urlTemplate":"https:\/\/scandinavianhealthcenter.com\/no\/?s={search_term_string}"},"query-input":{"@type":"PropertyValueSpecification","valueRequired":true,"valueName":"search_term_string"}}],"inLanguage":"nb-NO"},{"@type":"Organization","@id":"https:\/\/scandinavianhealthcenter.com\/no\/#organization","name":"Citam","url":"https:\/\/scandinavianhealthcenter.com\/no\/","logo":{"@type":"ImageObject","inLanguage":"nb-NO","@id":"https:\/\/scandinavianhealthcenter.com\/no\/#\/schema\/logo\/image\/","url":"https:\/\/scandinavianhealthcenter.com\/wp-content\/uploads\/2025\/03\/scandinavianhealthcenter-logo-top.png","contentUrl":"https:\/\/scandinavianhealthcenter.com\/wp-content\/uploads\/2025\/03\/scandinavianhealthcenter-logo-top.png","width":350,"height":99,"caption":"Citam"},"image":{"@id":"https:\/\/scandinavianhealthcenter.com\/no\/#\/schema\/logo\/image\/"}}]}},"_links":{"self":[{"href":"https:\/\/scandinavianhealthcenter.com\/no\/wp-json\/wp\/v2\/pages\/710","targetHints":{"allow":["GET"]}}],"collection":[{"href":"https:\/\/scandinavianhealthcenter.com\/no\/wp-json\/wp\/v2\/pages"}],"about":[{"href":"https:\/\/scandinavianhealthcenter.com\/no\/wp-json\/wp\/v2\/types\/page"}],"author":[{"embeddable":true,"href":"https:\/\/scandinavianhealthcenter.com\/no\/wp-json\/wp\/v2\/users\/1"}],"replies":[{"embeddable":true,"href":"https:\/\/scandinavianhealthcenter.com\/no\/wp-json\/wp\/v2\/comments?post=710"}],"version-history":[{"count":4,"href":"https:\/\/scandinavianhealthcenter.com\/no\/wp-json\/wp\/v2\/pages\/710\/revisions"}],"predecessor-version":[{"id":1188,"href":"https:\/\/scandinavianhealthcenter.com\/no\/wp-json\/wp\/v2\/pages\/710\/revisions\/1188"}],"wp:attachment":[{"href":"https:\/\/scandinavianhealthcenter.com\/no\/wp-json\/wp\/v2\/media?parent=710"}],"curies":[{"name":"wp","href":"https:\/\/api.w.org\/{rel}","templated":true}]}}