{"id":693,"date":"2025-03-03T13:54:39","date_gmt":"2025-03-03T12:54:39","guid":{"rendered":"https:\/\/scandinavianhealthcenter.com\/about-us\/"},"modified":"2025-04-07T12:29:13","modified_gmt":"2025-04-07T10:29:13","slug":"about-us","status":"publish","type":"page","link":"https:\/\/scandinavianhealthcenter.com\/no\/about-us\/","title":{"rendered":"Om oss"},"content":{"rendered":"\t\t<div data-elementor-type=\"wp-page\" data-elementor-id=\"693\" class=\"elementor elementor-693 elementor-205\">\n\t\t\t\t<div class=\"elementor-element elementor-element-dfecc76 elementor-hidden-mobile e-flex e-con-boxed e-con e-parent\" data-id=\"dfecc76\" data-element_type=\"container\">\n\t\t\t\t\t<div class=\"e-con-inner\">\n\t\t\t\t<div class=\"elementor-element elementor-element-47d74b2 elementor-widget elementor-widget-spacer\" data-id=\"47d74b2\" data-element_type=\"widget\" data-widget_type=\"spacer.default\">\n\t\t\t\t<div class=\"elementor-widget-container\">\n\t\t\t\t\t\t\t<div class=\"elementor-spacer\">\n\t\t\t<div class=\"elementor-spacer-inner\"><\/div>\n\t\t<\/div>\n\t\t\t\t\t\t<\/div>\n\t\t\t\t<\/div>\n\t\t\t\t\t<\/div>\n\t\t\t\t<\/div>\n\t\t<div class=\"elementor-element elementor-element-7f31459 e-flex e-con-boxed e-con e-parent\" data-id=\"7f31459\" data-element_type=\"container\">\n\t\t\t\t\t<div class=\"e-con-inner\">\n\t\t\t\t<div class=\"elementor-element elementor-element-1d1a9cf columnas-2 elementor-widget elementor-widget-text-editor\" data-id=\"1d1a9cf\" data-element_type=\"widget\" data-widget_type=\"text-editor.default\">\n\t\t\t\t<div class=\"elementor-widget-container\">\n\t\t\t\t\t\t\t\t\t<h2>Scandinavian HEALTHCENTER er din medisinske serviceformidler<\/h2><p>Scandinavian HEALTHCENTER tilbyr deg behandling av all assistanse, noe som garanterer:<\/p><p>&#8211; Tilgang til de beste private klinikkene<\/p><p>&#8211; De beste medisinske fagpersonene<\/p><p>&#8211; Kun klinikker og fagfolk som er autorisert i henhold til europeiske forskrifter<\/p><p>&#8211; Rett til behandling av h\u00f8y kvalitet og pasientsikkerhet<\/p><p>&#8211; Rett til informasjon og informert samtykke<\/p><p>&#8211; Rett til valg av helsetjenesteleverand\u00f8r<\/p><p>&#8211; Tilgjengelighet til sykehus for pasienter med nedsatt funksjonsevne<\/p><p>&#8211; Rett til \u00e5 f\u00e5 kopi av journalen din<\/p><p>&#8211; Rett til samarbeid med egen lege for \u00e5 f\u00e5 oppf\u00f8lging<\/p><p>&#8211; Rett til personvern og beskyttelse av dine personopplysninger<\/p><p>&#8211; Offisielle behandlingspriser<\/p><h3>Helsetjenester i utlandet<\/h3><p>Vi behandler din medisinske behandling med alle typer forsikringer. Hvis du ikke har forsikring, kan vi ogs\u00e5 behandle din rett til refusjon f\u00f8r de offentlige tjenestene i ditt land.<\/p>\t\t\t\t\t\t\t\t<\/div>\n\t\t\t\t<\/div>\n\t\t\t\t\t<\/div>\n\t\t\t\t<\/div>\n\t\t\t\t<\/div>\n\t\t","protected":false},"excerpt":{"rendered":"<p>Scandinavian HEALTHCENTER er din medisinske serviceformidler Scandinavian HEALTHCENTER tilbyr deg behandling av all assistanse, noe som garanterer: &#8211; Tilgang til de beste private klinikkene &#8211; De beste medisinske fagpersonene &#8211; Kun klinikker og fagfolk som er autorisert i henhold til europeiske forskrifter &#8211; Rett til behandling av h\u00f8y kvalitet og pasientsikkerhet &#8211; Rett til informasjon&#8230;<\/p>\n","protected":false},"author":1,"featured_media":694,"parent":0,"menu_order":0,"comment_status":"closed","ping_status":"closed","template":"","meta":{"footnotes":""},"class_list":["post-693","page","type-page","status-publish","has-post-thumbnail","hentry"],"yoast_head":"<!-- This site is optimized with the Yoast SEO plugin v26.8 - https:\/\/yoast.com\/product\/yoast-seo-wordpress\/ -->\n<title>Om oss | Scandinavian Health Center<\/title>\n<meta name=\"description\" content=\"Scandinavian HEALTHCENTER er din medisinske serviceformidler. Scandinavian HEALTHCENTER tilbyr deg behandling av all assistanse, noe...\" \/>\n<meta name=\"robots\" content=\"index, follow, max-snippet:-1, max-image-preview:large, max-video-preview:-1\" \/>\n<link rel=\"canonical\" href=\"https:\/\/scandinavianhealthcenter.com\/no\/about-us\/\" \/>\n<meta property=\"og:locale\" content=\"nb_NO\" \/>\n<meta property=\"og:type\" content=\"article\" \/>\n<meta property=\"og:title\" content=\"Om oss | Scandinavian Health Center\" \/>\n<meta property=\"og:description\" content=\"Scandinavian HEALTHCENTER er din medisinske serviceformidler. Scandinavian HEALTHCENTER tilbyr deg behandling av all assistanse, noe...\" \/>\n<meta property=\"og:url\" content=\"https:\/\/scandinavianhealthcenter.com\/no\/about-us\/\" \/>\n<meta property=\"og:site_name\" content=\"Scandinavian Health Center\" \/>\n<meta property=\"article:modified_time\" content=\"2025-04-07T10:29:13+00:00\" \/>\n<meta property=\"og:image\" content=\"https:\/\/scandinavianhealthcenter.com\/wp-content\/uploads\/2025\/03\/Citam-Header-Home_2-1.jpg\" \/>\n\t<meta property=\"og:image:width\" content=\"2200\" \/>\n\t<meta property=\"og:image:height\" content=\"960\" \/>\n\t<meta property=\"og:image:type\" content=\"image\/jpeg\" \/>\n<meta name=\"twitter:card\" content=\"summary_large_image\" \/>\n<meta name=\"twitter:label1\" content=\"Ansl. lesetid\" \/>\n\t<meta name=\"twitter:data1\" content=\"1 minutt\" \/>\n<script type=\"application\/ld+json\" class=\"yoast-schema-graph\">{\"@context\":\"https:\/\/schema.org\",\"@graph\":[{\"@type\":\"WebPage\",\"@id\":\"https:\/\/scandinavianhealthcenter.com\/no\/about-us\/\",\"url\":\"https:\/\/scandinavianhealthcenter.com\/no\/about-us\/\",\"name\":\"Om oss | Scandinavian Health Center\",\"isPartOf\":{\"@id\":\"https:\/\/scandinavianhealthcenter.com\/no\/#website\"},\"primaryImageOfPage\":{\"@id\":\"https:\/\/scandinavianhealthcenter.com\/no\/about-us\/#primaryimage\"},\"image\":{\"@id\":\"https:\/\/scandinavianhealthcenter.com\/no\/about-us\/#primaryimage\"},\"thumbnailUrl\":\"https:\/\/scandinavianhealthcenter.com\/wp-content\/uploads\/2025\/03\/Citam-Header-Home_2-1.jpg\",\"datePublished\":\"2025-03-03T12:54:39+00:00\",\"dateModified\":\"2025-04-07T10:29:13+00:00\",\"description\":\"Scandinavian HEALTHCENTER er din medisinske serviceformidler. Scandinavian HEALTHCENTER tilbyr deg behandling av all assistanse, noe...\",\"breadcrumb\":{\"@id\":\"https:\/\/scandinavianhealthcenter.com\/no\/about-us\/#breadcrumb\"},\"inLanguage\":\"nb-NO\",\"potentialAction\":[{\"@type\":\"ReadAction\",\"target\":[\"https:\/\/scandinavianhealthcenter.com\/no\/about-us\/\"]}]},{\"@type\":\"ImageObject\",\"inLanguage\":\"nb-NO\",\"@id\":\"https:\/\/scandinavianhealthcenter.com\/no\/about-us\/#primaryimage\",\"url\":\"https:\/\/scandinavianhealthcenter.com\/wp-content\/uploads\/2025\/03\/Citam-Header-Home_2-1.jpg\",\"contentUrl\":\"https:\/\/scandinavianhealthcenter.com\/wp-content\/uploads\/2025\/03\/Citam-Header-Home_2-1.jpg\",\"width\":2200,\"height\":960,\"caption\":\"Citam-Header-Home\"},{\"@type\":\"BreadcrumbList\",\"@id\":\"https:\/\/scandinavianhealthcenter.com\/no\/about-us\/#breadcrumb\",\"itemListElement\":[{\"@type\":\"ListItem\",\"position\":1,\"name\":\"Hjem\",\"item\":\"https:\/\/scandinavianhealthcenter.com\/no\/\"},{\"@type\":\"ListItem\",\"position\":2,\"name\":\"Om oss\"}]},{\"@type\":\"WebSite\",\"@id\":\"https:\/\/scandinavianhealthcenter.com\/no\/#website\",\"url\":\"https:\/\/scandinavianhealthcenter.com\/no\/\",\"name\":\"Scandinavian HealtCenter\",\"description\":\"Medisinsk assistanse for skandinaver i Mallorca\",\"publisher\":{\"@id\":\"https:\/\/scandinavianhealthcenter.com\/no\/#organization\"},\"potentialAction\":[{\"@type\":\"SearchAction\",\"target\":{\"@type\":\"EntryPoint\",\"urlTemplate\":\"https:\/\/scandinavianhealthcenter.com\/no\/?s={search_term_string}\"},\"query-input\":{\"@type\":\"PropertyValueSpecification\",\"valueRequired\":true,\"valueName\":\"search_term_string\"}}],\"inLanguage\":\"nb-NO\"},{\"@type\":\"Organization\",\"@id\":\"https:\/\/scandinavianhealthcenter.com\/no\/#organization\",\"name\":\"Citam\",\"url\":\"https:\/\/scandinavianhealthcenter.com\/no\/\",\"logo\":{\"@type\":\"ImageObject\",\"inLanguage\":\"nb-NO\",\"@id\":\"https:\/\/scandinavianhealthcenter.com\/no\/#\/schema\/logo\/image\/\",\"url\":\"https:\/\/scandinavianhealthcenter.com\/wp-content\/uploads\/2025\/03\/scandinavianhealthcenter-logo-top.png\",\"contentUrl\":\"https:\/\/scandinavianhealthcenter.com\/wp-content\/uploads\/2025\/03\/scandinavianhealthcenter-logo-top.png\",\"width\":350,\"height\":99,\"caption\":\"Citam\"},\"image\":{\"@id\":\"https:\/\/scandinavianhealthcenter.com\/no\/#\/schema\/logo\/image\/\"}}]}<\/script>\n<!-- \/ Yoast SEO plugin. -->","yoast_head_json":{"title":"Om oss | Scandinavian Health Center","description":"Scandinavian HEALTHCENTER er din medisinske serviceformidler. Scandinavian HEALTHCENTER tilbyr deg behandling av all assistanse, noe...","robots":{"index":"index","follow":"follow","max-snippet":"max-snippet:-1","max-image-preview":"max-image-preview:large","max-video-preview":"max-video-preview:-1"},"canonical":"https:\/\/scandinavianhealthcenter.com\/no\/about-us\/","og_locale":"nb_NO","og_type":"article","og_title":"Om oss | Scandinavian Health Center","og_description":"Scandinavian HEALTHCENTER er din medisinske serviceformidler. Scandinavian HEALTHCENTER tilbyr deg behandling av all assistanse, noe...","og_url":"https:\/\/scandinavianhealthcenter.com\/no\/about-us\/","og_site_name":"Scandinavian Health Center","article_modified_time":"2025-04-07T10:29:13+00:00","og_image":[{"width":2200,"height":960,"url":"https:\/\/scandinavianhealthcenter.com\/wp-content\/uploads\/2025\/03\/Citam-Header-Home_2-1.jpg","type":"image\/jpeg"}],"twitter_card":"summary_large_image","twitter_misc":{"Ansl. lesetid":"1 minutt"},"schema":{"@context":"https:\/\/schema.org","@graph":[{"@type":"WebPage","@id":"https:\/\/scandinavianhealthcenter.com\/no\/about-us\/","url":"https:\/\/scandinavianhealthcenter.com\/no\/about-us\/","name":"Om oss | Scandinavian Health Center","isPartOf":{"@id":"https:\/\/scandinavianhealthcenter.com\/no\/#website"},"primaryImageOfPage":{"@id":"https:\/\/scandinavianhealthcenter.com\/no\/about-us\/#primaryimage"},"image":{"@id":"https:\/\/scandinavianhealthcenter.com\/no\/about-us\/#primaryimage"},"thumbnailUrl":"https:\/\/scandinavianhealthcenter.com\/wp-content\/uploads\/2025\/03\/Citam-Header-Home_2-1.jpg","datePublished":"2025-03-03T12:54:39+00:00","dateModified":"2025-04-07T10:29:13+00:00","description":"Scandinavian HEALTHCENTER er din medisinske serviceformidler. Scandinavian HEALTHCENTER tilbyr deg behandling av all assistanse, noe...","breadcrumb":{"@id":"https:\/\/scandinavianhealthcenter.com\/no\/about-us\/#breadcrumb"},"inLanguage":"nb-NO","potentialAction":[{"@type":"ReadAction","target":["https:\/\/scandinavianhealthcenter.com\/no\/about-us\/"]}]},{"@type":"ImageObject","inLanguage":"nb-NO","@id":"https:\/\/scandinavianhealthcenter.com\/no\/about-us\/#primaryimage","url":"https:\/\/scandinavianhealthcenter.com\/wp-content\/uploads\/2025\/03\/Citam-Header-Home_2-1.jpg","contentUrl":"https:\/\/scandinavianhealthcenter.com\/wp-content\/uploads\/2025\/03\/Citam-Header-Home_2-1.jpg","width":2200,"height":960,"caption":"Citam-Header-Home"},{"@type":"BreadcrumbList","@id":"https:\/\/scandinavianhealthcenter.com\/no\/about-us\/#breadcrumb","itemListElement":[{"@type":"ListItem","position":1,"name":"Hjem","item":"https:\/\/scandinavianhealthcenter.com\/no\/"},{"@type":"ListItem","position":2,"name":"Om oss"}]},{"@type":"WebSite","@id":"https:\/\/scandinavianhealthcenter.com\/no\/#website","url":"https:\/\/scandinavianhealthcenter.com\/no\/","name":"Scandinavian HealtCenter","description":"Medisinsk assistanse for skandinaver i Mallorca","publisher":{"@id":"https:\/\/scandinavianhealthcenter.com\/no\/#organization"},"potentialAction":[{"@type":"SearchAction","target":{"@type":"EntryPoint","urlTemplate":"https:\/\/scandinavianhealthcenter.com\/no\/?s={search_term_string}"},"query-input":{"@type":"PropertyValueSpecification","valueRequired":true,"valueName":"search_term_string"}}],"inLanguage":"nb-NO"},{"@type":"Organization","@id":"https:\/\/scandinavianhealthcenter.com\/no\/#organization","name":"Citam","url":"https:\/\/scandinavianhealthcenter.com\/no\/","logo":{"@type":"ImageObject","inLanguage":"nb-NO","@id":"https:\/\/scandinavianhealthcenter.com\/no\/#\/schema\/logo\/image\/","url":"https:\/\/scandinavianhealthcenter.com\/wp-content\/uploads\/2025\/03\/scandinavianhealthcenter-logo-top.png","contentUrl":"https:\/\/scandinavianhealthcenter.com\/wp-content\/uploads\/2025\/03\/scandinavianhealthcenter-logo-top.png","width":350,"height":99,"caption":"Citam"},"image":{"@id":"https:\/\/scandinavianhealthcenter.com\/no\/#\/schema\/logo\/image\/"}}]}},"_links":{"self":[{"href":"https:\/\/scandinavianhealthcenter.com\/no\/wp-json\/wp\/v2\/pages\/693","targetHints":{"allow":["GET"]}}],"collection":[{"href":"https:\/\/scandinavianhealthcenter.com\/no\/wp-json\/wp\/v2\/pages"}],"about":[{"href":"https:\/\/scandinavianhealthcenter.com\/no\/wp-json\/wp\/v2\/types\/page"}],"author":[{"embeddable":true,"href":"https:\/\/scandinavianhealthcenter.com\/no\/wp-json\/wp\/v2\/users\/1"}],"replies":[{"embeddable":true,"href":"https:\/\/scandinavianhealthcenter.com\/no\/wp-json\/wp\/v2\/comments?post=693"}],"version-history":[{"count":5,"href":"https:\/\/scandinavianhealthcenter.com\/no\/wp-json\/wp\/v2\/pages\/693\/revisions"}],"predecessor-version":[{"id":1157,"href":"https:\/\/scandinavianhealthcenter.com\/no\/wp-json\/wp\/v2\/pages\/693\/revisions\/1157"}],"wp:featuredmedia":[{"embeddable":true,"href":"https:\/\/scandinavianhealthcenter.com\/no\/wp-json\/wp\/v2\/media\/694"}],"wp:attachment":[{"href":"https:\/\/scandinavianhealthcenter.com\/no\/wp-json\/wp\/v2\/media?parent=693"}],"curies":[{"name":"wp","href":"https:\/\/api.w.org\/{rel}","templated":true}]}}