{"id":745,"date":"2025-03-03T11:27:34","date_gmt":"2025-03-03T10:27:34","guid":{"rendered":"https:\/\/scandinavianhealthcenter.com\/make-an-appointment\/"},"modified":"2025-04-11T13:01:30","modified_gmt":"2025-04-11T11:01:30","slug":"make-an-appointment","status":"publish","type":"page","link":"https:\/\/scandinavianhealthcenter.com\/is\/make-an-appointment\/","title":{"rendered":"Panta\u00f0u t\u00edma"},"content":{"rendered":"\t\t<div data-elementor-type=\"wp-page\" data-elementor-id=\"745\" class=\"elementor elementor-745 elementor-133\">\n\t\t\t\t<div class=\"elementor-element elementor-element-b2d1ad3 e-flex e-con-boxed e-con e-parent\" data-id=\"b2d1ad3\" data-element_type=\"container\" data-settings=\"{&quot;background_background&quot;:&quot;classic&quot;}\">\n\t\t\t\t\t<div class=\"e-con-inner\">\n\t\t\t\t<div class=\"elementor-element elementor-element-9146592 elementor-widget elementor-widget-spacer\" data-id=\"9146592\" data-element_type=\"widget\" data-widget_type=\"spacer.default\">\n\t\t\t\t<div class=\"elementor-widget-container\">\n\t\t\t\t\t\t\t<div class=\"elementor-spacer\">\n\t\t\t<div class=\"elementor-spacer-inner\"><\/div>\n\t\t<\/div>\n\t\t\t\t\t\t<\/div>\n\t\t\t\t<\/div>\n\t\t\t\t<div class=\"elementor-element elementor-element-0423bda elementor-widget elementor-widget-image\" data-id=\"0423bda\" data-element_type=\"widget\" data-widget_type=\"image.default\">\n\t\t\t\t<div class=\"elementor-widget-container\">\n\t\t\t\t\t\t\t\t\t\t\t\t\t\t\t<img decoding=\"async\" width=\"350\" height=\"99\" src=\"https:\/\/scandinavianhealthcenter.com\/wp-content\/uploads\/2025\/03\/scandinavianhealthcenter-logo-top.png\" class=\"attachment-full size-full wp-image-17\" alt=\"\" \/>\t\t\t\t\t\t\t\t\t\t\t\t\t\t\t<\/div>\n\t\t\t\t<\/div>\n\t\t<div class=\"elementor-element elementor-element-e94b604 e-flex e-con-boxed e-con e-child\" data-id=\"e94b604\" data-element_type=\"container\">\n\t\t\t\t\t<div class=\"e-con-inner\">\n\t\t\t\t<div class=\"elementor-element elementor-element-1212c8a elementor-widget elementor-widget-spacer\" data-id=\"1212c8a\" data-element_type=\"widget\" data-widget_type=\"spacer.default\">\n\t\t\t\t<div class=\"elementor-widget-container\">\n\t\t\t\t\t\t\t<div class=\"elementor-spacer\">\n\t\t\t<div class=\"elementor-spacer-inner\"><\/div>\n\t\t<\/div>\n\t\t\t\t\t\t<\/div>\n\t\t\t\t<\/div>\n\t\t\t\t<div class=\"elementor-element elementor-element-5f66f7a elementor-widget elementor-widget-text-editor\" data-id=\"5f66f7a\" data-element_type=\"widget\" data-widget_type=\"text-editor.default\">\n\t\t\t\t<div class=\"elementor-widget-container\">\n\t\t\t\t\t\t\t\t\t<p style=\"text-align: center;\"><span style=\"font-size: 20px;\"><strong>N\u00e6stum \u00fea\u00f0!<\/strong><\/span><\/p><p style=\"text-align: center;\">Fylltu \u00fat formi\u00f0 h\u00e9r a\u00f0 ne\u00f0an og umbo\u00f0smenn okkar munu hafa samband vi\u00f0 \u00feig innan skamms til a\u00f0 a\u00f0sto\u00f0a \u00feig vi\u00f0 a\u00f0 f\u00e1 l\u00e6knist\u00edma \u00feinn.<\/p>\t\t\t\t\t\t\t\t<\/div>\n\t\t\t\t<\/div>\n\t\t\t\t<div class=\"elementor-element elementor-element-b4512a4 elementor-widget elementor-widget-spacer\" data-id=\"b4512a4\" data-element_type=\"widget\" data-widget_type=\"spacer.default\">\n\t\t\t\t<div class=\"elementor-widget-container\">\n\t\t\t\t\t\t\t<div class=\"elementor-spacer\">\n\t\t\t<div class=\"elementor-spacer-inner\"><\/div>\n\t\t<\/div>\n\t\t\t\t\t\t<\/div>\n\t\t\t\t<\/div>\n\t\t\t\t<div class=\"elementor-element elementor-element-2fb9670 pedir-cita elementor-widget elementor-widget-shortcode\" data-id=\"2fb9670\" data-element_type=\"widget\" data-widget_type=\"shortcode.default\">\n\t\t\t\t<div class=\"elementor-widget-container\">\n\t\t\t\t\t\t\t<div class=\"elementor-shortcode\">\n<div class=\"wpcf7 no-js\" id=\"wpcf7-f1070-o1\" lang=\"es-ES\" dir=\"ltr\" data-wpcf7-id=\"1070\">\n<div class=\"screen-reader-response\"><p role=\"status\" aria-live=\"polite\" aria-atomic=\"true\"><\/p> <ul><\/ul><\/div>\n<form action=\"\/is\/wp-json\/wp\/v2\/pages\/745#wpcf7-f1070-o1\" method=\"post\" class=\"wpcf7-form init\" aria-label=\"Formulario de contacto\" novalidate=\"novalidate\" data-status=\"init\">\n<fieldset class=\"hidden-fields-container\"><input type=\"hidden\" name=\"_wpcf7\" value=\"1070\" \/><input type=\"hidden\" name=\"_wpcf7_version\" value=\"6.1.4\" \/><input type=\"hidden\" name=\"_wpcf7_locale\" value=\"es_ES\" \/><input type=\"hidden\" name=\"_wpcf7_unit_tag\" value=\"wpcf7-f1070-o1\" \/><input type=\"hidden\" name=\"_wpcf7_container_post\" value=\"0\" \/><input type=\"hidden\" name=\"_wpcf7_posted_data_hash\" value=\"\" \/><input type=\"hidden\" name=\"_wpcf7dtx_version\" value=\"5.0.4\" \/><input type=\"hidden\" name=\"_wpcf7_recaptcha_response\" value=\"\" \/>\n<\/fieldset>\n<h2>Haf\u00f0u samband<\/h2>\n<span class=\"wpcf7-form-control-wrap cs_email\" data-name=\"cs_email\"><input type=\"email\" name=\"cs_email\" class=\"wpcf7-form-control wpcf7-email wpcf7dtx wpcf7dtx-email wpcf7-validates-as-email oculto\" aria-invalid=\"false\" required=\"required\" readonly=\"readonly\"><\/span>\n<div class=\"container\">\n<div class=\"row\">\n<div class=\"col-6\"><span class=\"wpcf7-form-control-wrap cs_especialidad\" data-name=\"cs_especialidad\"><input type=\"text\" name=\"cs_especialidad\" id=\"cs_especialidad\" class=\"wpcf7-form-control wpcf7-text wpcf7dtx wpcf7dtx-text cs_especialidad\" aria-invalid=\"false\" required=\"required\" readonly=\"readonly\"><\/span><span id=\"wpcf7-69ebc2235ddd2-wrapper\" class=\"wpcf7-form-control-wrap e-mail-wrap\" ><label for=\"e-mail\" class=\"hp-message\">Por favor, deja este campo vac\u00edo.<\/label><input id=\"e-mail\"  class=\"wpcf7-form-control wpcf7-text e-mail\" type=\"text\" name=\"e-mail\" value=\"\" size=\"40\" tabindex=\"-1\" autocomplete=\"new-password\" \/><\/span><\/div>\n<div class=\"col-6\"><span class=\"wpcf7-form-control-wrap cd_doctor\" data-name=\"cd_doctor\"><input type=\"text\" name=\"cd_doctor\" id=\"cd_doctor\" class=\"wpcf7-form-control wpcf7-text wpcf7dtx wpcf7dtx-text cd_doctor\" aria-invalid=\"false\" required=\"required\" readonly=\"readonly\"><\/span><span id=\"wpcf7-69ebc2235e07f-wrapper\" class=\"wpcf7-form-control-wrap email-wrap\" ><label for=\"email\" class=\"hp-message\">Por favor, deja este campo vac\u00edo.<\/label><input id=\"email\"  class=\"wpcf7-form-control wpcf7-text email\" type=\"text\" name=\"email\" value=\"\" size=\"40\" tabindex=\"-1\" autocomplete=\"new-password\" \/><\/span><\/div>\n<div class=\"col-12 padding\"><label>Type of Visit:<\/label> <span id=\"cs_tipo\" class=\"wpcf7-form-control-wrap cs_tipo\" data-name=\"cs_tipo\"><span class=\"wpcf7-list-item wpcf7-list-item-1 first\"><input value=\"S\u00edmi\" type=\"checkbox\" id=\"cs_tipo_1\" name=\"cs_tipo[]\" class=\"wpcf7-form-control wpcf7-checkbox wpcf7dtx wpcf7dtx-checkbox cs_tipo\" aria-invalid=\"false\" required=\"required\"><label for=\"cs_tipo_1\">S\u00edmi<\/label><\/span><span class=\"wpcf7-list-item wpcf7-list-item-2\"><input value=\"\u00cd eigin pers\u00f3nu\" type=\"checkbox\" id=\"cs_tipo_2\" name=\"cs_tipo[]\" class=\"wpcf7-form-control wpcf7-checkbox wpcf7dtx wpcf7dtx-checkbox cs_tipo\" aria-invalid=\"false\" required=\"required\"><label for=\"cs_tipo_2\">\u00cd eigin pers\u00f3nu<\/label><\/span><span class=\"wpcf7-list-item wpcf7-list-item-3 last\"><input value=\"Mynds\u00edmtal\" type=\"checkbox\" id=\"cs_tipo_3\" name=\"cs_tipo[]\" class=\"wpcf7-form-control wpcf7-checkbox wpcf7dtx wpcf7dtx-checkbox cs_tipo\" aria-invalid=\"false\" required=\"required\"><label for=\"cs_tipo_3\">Mynds\u00edmtal<\/label><\/span><\/span><\/div>\n<div class=\"col-12 padding full\"><label>Priority: (select one or more options)<\/label> <span id=\"cs_prioridad\" class=\"wpcf7-form-control-wrap cs_prioridad\" data-name=\"cs_prioridad\"><span class=\"wpcf7-list-item wpcf7-list-item-1 first\"><input value=\"Strax (24 klst.)\" type=\"checkbox\" id=\"cs_prioridad_1\" name=\"cs_prioridad[]\" class=\"wpcf7-form-control wpcf7-checkbox wpcf7dtx wpcf7dtx-checkbox cs_prioridad\" aria-invalid=\"false\" required=\"required\"><label for=\"cs_prioridad_1\">Strax (24 klst.)<\/label><\/span><span class=\"wpcf7-list-item wpcf7-list-item-2\"><input value=\"\u00cdvilnandi (1-3 dagar)\" type=\"checkbox\" id=\"cs_prioridad_2\" name=\"cs_prioridad[]\" class=\"wpcf7-form-control wpcf7-checkbox wpcf7dtx wpcf7dtx-checkbox cs_prioridad\" aria-invalid=\"false\" required=\"required\"><label for=\"cs_prioridad_2\">\u00cdvilnandi (1-3 dagar)<\/label><\/span><span class=\"wpcf7-list-item wpcf7-list-item-3\"><input value=\"Lipur (4-10 dagar)\" type=\"checkbox\" id=\"cs_prioridad_3\" name=\"cs_prioridad[]\" class=\"wpcf7-form-control wpcf7-checkbox wpcf7dtx wpcf7dtx-checkbox cs_prioridad\" aria-invalid=\"false\" required=\"required\"><label for=\"cs_prioridad_3\">Lipur (4-10 dagar)<\/label><\/span><span class=\"wpcf7-list-item wpcf7-list-item-4 last\"><input value=\"Standard (meira en 10 dagar)\" type=\"checkbox\" id=\"cs_prioridad_4\" name=\"cs_prioridad[]\" class=\"wpcf7-form-control wpcf7-checkbox wpcf7dtx wpcf7dtx-checkbox cs_prioridad\" aria-invalid=\"false\" required=\"required\"><label for=\"cs_prioridad_4\">Standard (meira en 10 dagar)<\/label><\/span><\/span><\/div>\n<div class=\"col-12\"><span class=\"wpcf7-form-control-wrap\" data-name=\"txt-nombre\"><input size=\"40\" maxlength=\"400\" class=\"wpcf7-form-control wpcf7-text wpcf7-validates-as-required\" aria-required=\"true\" aria-invalid=\"false\" placeholder=\"Nafn *\" value=\"\" type=\"text\" name=\"txt-nombre\" \/><\/span><\/div>\n<div class=\"col-12\"><span class=\"wpcf7-form-control-wrap\" data-name=\"txt-apellido\"><input size=\"40\" maxlength=\"400\" class=\"wpcf7-form-control wpcf7-text wpcf7-validates-as-required\" aria-required=\"true\" aria-invalid=\"false\" placeholder=\"Eftirnafn *\" value=\"\" type=\"text\" name=\"txt-apellido\" \/><\/span><\/div>\n<div class=\"col-12\"><span class=\"wpcf7-form-control-wrap\" data-name=\"txt-fono\"><input size=\"40\" maxlength=\"400\" class=\"wpcf7-form-control wpcf7-tel wpcf7-validates-as-required wpcf7-text wpcf7-validates-as-tel\" aria-required=\"true\" aria-invalid=\"false\" placeholder=\"Fars\u00edmi *\" value=\"\" type=\"tel\" name=\"txt-fono\" \/><\/span><\/div>\n<div class=\"col-12\"><span class=\"wpcf7-form-control-wrap\" data-name=\"txt-emilio\"><input size=\"40\" maxlength=\"400\" class=\"wpcf7-form-control wpcf7-email wpcf7-validates-as-required wpcf7-text wpcf7-validates-as-email\" aria-required=\"true\" aria-invalid=\"false\" placeholder=\"T\u00f6lvup\u00f3stur *\" value=\"\" type=\"email\" name=\"txt-emilio\" \/><\/span><span id=\"wpcf7-69ebc2235eabf-wrapper\" class=\"wpcf7-form-control-wrap mail-wrap\" ><label for=\"mail\" class=\"hp-message\">Por favor, deja este campo vac\u00edo.<\/label><input id=\"mail\"  class=\"wpcf7-form-control wpcf7-text mail\" type=\"text\" name=\"mail\" value=\"\" size=\"40\" tabindex=\"-1\" autocomplete=\"new-password\" \/><\/span><\/div>\n<div class=\"col-12 padding\"><label>Samskiptavalkostir:<\/label> <span class=\"wpcf7-form-control-wrap\" data-name=\"chk-contacto\"><span class=\"wpcf7-form-control wpcf7-checkbox wpcf7-validates-as-required\"><span class=\"wpcf7-list-item first\"><input type=\"checkbox\" name=\"chk-contacto[]\" value=\"T\u00f6lvup\u00f3stur\" \/><span class=\"wpcf7-list-item-label\">T\u00f6lvup\u00f3stur<\/span><\/span><span class=\"wpcf7-list-item\"><input type=\"checkbox\" name=\"chk-contacto[]\" value=\"S\u00edmi\" \/><span class=\"wpcf7-list-item-label\">S\u00edmi<\/span><\/span><span class=\"wpcf7-list-item last\"><input type=\"checkbox\" name=\"chk-contacto[]\" value=\"WhatsApp\" \/><span class=\"wpcf7-list-item-label\">WhatsApp<\/span><\/span><\/span><\/span><\/div>\n<div class=\"col-12 padding\"><label>T\u00edmabo\u00f0:<\/label><span class=\"wpcf7-form-control-wrap\" data-name=\"chk-dias\"><span class=\"wpcf7-form-control wpcf7-checkbox wpcf7-validates-as-required\"><span class=\"wpcf7-list-item first\"><label><input type=\"checkbox\" name=\"chk-dias[]\" value=\"M\" \/><span class=\"wpcf7-list-item-label\">M<\/span><\/label><\/span><span class=\"wpcf7-list-item\"><label><input type=\"checkbox\" name=\"chk-dias[]\" value=\"\u00de\" \/><span class=\"wpcf7-list-item-label\">\u00de<\/span><\/label><\/span><span class=\"wpcf7-list-item\"><label><input type=\"checkbox\" name=\"chk-dias[]\" value=\"Mi\" \/><span class=\"wpcf7-list-item-label\">Mi<\/span><\/label><\/span><span class=\"wpcf7-list-item\"><label><input type=\"checkbox\" name=\"chk-dias[]\" value=\"Fi\" \/><span class=\"wpcf7-list-item-label\">Fi<\/span><\/label><\/span><span class=\"wpcf7-list-item last\"><label><input type=\"checkbox\" name=\"chk-dias[]\" value=\"F\u00f6\" \/><span class=\"wpcf7-list-item-label\">F\u00f6<\/span><\/label><\/span><\/span><\/span><span class=\"wpcf7-form-control-wrap\" data-name=\"chk-am-pm\"><span class=\"wpcf7-form-control wpcf7-checkbox wpcf7-validates-as-required\"><span class=\"wpcf7-list-item first\"><label><input type=\"checkbox\" name=\"chk-am-pm[]\" value=\"Morgunn\" \/><span class=\"wpcf7-list-item-label\">Morgunn<\/span><\/label><\/span><span class=\"wpcf7-list-item last\"><label><input type=\"checkbox\" name=\"chk-am-pm[]\" value=\"S\u00ed\u00f0degis\" \/><span class=\"wpcf7-list-item-label\">S\u00ed\u00f0degis<\/span><\/label><\/span><\/span><\/span><\/div>\n<div class=\"col-12 acepto-obligatorio acepto obligatorio text-right padding\"><span class=\"wpcf7-form-control-wrap\" data-name=\"acceptance-717\"><span class=\"wpcf7-form-control wpcf7-acceptance\"><span class=\"wpcf7-list-item\"><input type=\"checkbox\" name=\"acceptance-717\" value=\"1\" aria-invalid=\"false\" \/><\/span><\/span><\/span> \u00c9g hef lesi\u00f0 og sam\u00feykki <a href=\"https:\/\/scandinavianhealthcenter.com\/is\/privacy-policy\/\" target=\"_blank\">pers\u00f3nuverndarstefnuna<\/a> <small>(*) Skyldureitir<\/small><\/div>\n<div class=\"col-12\"><input class=\"wpcf7-form-control wpcf7-submit has-spinner button\" type=\"submit\" value=\"SENDA\" \/><\/div>\n<\/div>\n<\/div><div class=\"wpcf7-response-output\" aria-hidden=\"true\"><\/div>\n<\/form>\n<\/div>\n<\/div>\n\t\t\t\t\t\t<\/div>\n\t\t\t\t<\/div>\n\t\t\t\t<div class=\"elementor-element elementor-element-b4e72c5 elementor-widget elementor-widget-spacer\" data-id=\"b4e72c5\" data-element_type=\"widget\" data-widget_type=\"spacer.default\">\n\t\t\t\t<div class=\"elementor-widget-container\">\n\t\t\t\t\t\t\t<div class=\"elementor-spacer\">\n\t\t\t<div class=\"elementor-spacer-inner\"><\/div>\n\t\t<\/div>\n\t\t\t\t\t\t<\/div>\n\t\t\t\t<\/div>\n\t\t\t\t\t<\/div>\n\t\t\t\t<\/div>\n\t\t\t\t\t<\/div>\n\t\t\t\t<\/div>\n\t\t<div class=\"elementor-element elementor-element-2a88ffb e-flex e-con-boxed e-con e-parent\" data-id=\"2a88ffb\" data-element_type=\"container\">\n\t\t\t\t\t<div class=\"e-con-inner\">\n\t\t\t\t<div class=\"elementor-element elementor-element-72752f6 elementor-widget elementor-widget-spacer\" data-id=\"72752f6\" data-element_type=\"widget\" data-widget_type=\"spacer.default\">\n\t\t\t\t<div class=\"elementor-widget-container\">\n\t\t\t\t\t\t\t<div class=\"elementor-spacer\">\n\t\t\t<div class=\"elementor-spacer-inner\"><\/div>\n\t\t<\/div>\n\t\t\t\t\t\t<\/div>\n\t\t\t\t<\/div>\n\t\t\t\t\t<\/div>\n\t\t\t\t<\/div>\n\t\t\t\t<\/div>\n\t\t","protected":false},"excerpt":{"rendered":"<p>N\u00e6stum \u00fea\u00f0! Fylltu \u00fat formi\u00f0 h\u00e9r a\u00f0 ne\u00f0an og umbo\u00f0smenn okkar munu hafa samband vi\u00f0 \u00feig innan skamms til a\u00f0 a\u00f0sto\u00f0a \u00feig vi\u00f0 a\u00f0 f\u00e1 l\u00e6knist\u00edma \u00feinn.<\/p>\n","protected":false},"author":1,"featured_media":704,"parent":0,"menu_order":0,"comment_status":"closed","ping_status":"closed","template":"page-form-doctor.php","meta":{"footnotes":""},"class_list":["post-745","page","type-page","status-publish","has-post-thumbnail","hentry"],"yoast_head":"<!-- This site is optimized with the Yoast SEO plugin v26.8 - https:\/\/yoast.com\/product\/yoast-seo-wordpress\/ -->\n<title>Panta\u00f0u t\u00edma - Scandinavian Health Center<\/title>\n<meta name=\"robots\" content=\"index, follow, max-snippet:-1, max-image-preview:large, max-video-preview:-1\" \/>\n<link rel=\"canonical\" href=\"https:\/\/scandinavianhealthcenter.com\/is\/make-an-appointment\/\" \/>\n<meta property=\"og:locale\" content=\"is_IS\" \/>\n<meta property=\"og:type\" content=\"article\" \/>\n<meta property=\"og:title\" content=\"Panta\u00f0u t\u00edma - Scandinavian Health Center\" \/>\n<meta property=\"og:description\" content=\"N\u00e6stum \u00fea\u00f0! Fylltu \u00fat formi\u00f0 h\u00e9r a\u00f0 ne\u00f0an og umbo\u00f0smenn okkar munu hafa samband vi\u00f0 \u00feig innan skamms til a\u00f0 a\u00f0sto\u00f0a \u00feig vi\u00f0 a\u00f0 f\u00e1 l\u00e6knist\u00edma \u00feinn.\" \/>\n<meta property=\"og:url\" content=\"https:\/\/scandinavianhealthcenter.com\/is\/make-an-appointment\/\" \/>\n<meta property=\"og:site_name\" content=\"Scandinavian Health Center\" \/>\n<meta property=\"article:modified_time\" content=\"2025-04-11T11:01:30+00:00\" \/>\n<meta property=\"og:image\" content=\"https:\/\/scandinavianhealthcenter.com\/wp-content\/uploads\/2025\/03\/citam-doctor-header.jpg\" \/>\n\t<meta property=\"og:image:width\" content=\"1599\" \/>\n\t<meta property=\"og:image:height\" content=\"700\" \/>\n\t<meta property=\"og:image:type\" content=\"image\/jpeg\" \/>\n<meta name=\"twitter:card\" content=\"summary_large_image\" \/>\n<meta name=\"twitter:label1\" content=\"Est. reading time\" \/>\n\t<meta name=\"twitter:data1\" content=\"1 minute\" \/>\n<script type=\"application\/ld+json\" class=\"yoast-schema-graph\">{\"@context\":\"https:\/\/schema.org\",\"@graph\":[{\"@type\":\"WebPage\",\"@id\":\"https:\/\/scandinavianhealthcenter.com\/is\/make-an-appointment\/\",\"url\":\"https:\/\/scandinavianhealthcenter.com\/is\/make-an-appointment\/\",\"name\":\"Panta\u00f0u t\u00edma - Scandinavian Health Center\",\"isPartOf\":{\"@id\":\"https:\/\/scandinavianhealthcenter.com\/is\/#website\"},\"primaryImageOfPage\":{\"@id\":\"https:\/\/scandinavianhealthcenter.com\/is\/make-an-appointment\/#primaryimage\"},\"image\":{\"@id\":\"https:\/\/scandinavianhealthcenter.com\/is\/make-an-appointment\/#primaryimage\"},\"thumbnailUrl\":\"https:\/\/scandinavianhealthcenter.com\/wp-content\/uploads\/2025\/03\/citam-doctor-header.jpg\",\"datePublished\":\"2025-03-03T10:27:34+00:00\",\"dateModified\":\"2025-04-11T11:01:30+00:00\",\"breadcrumb\":{\"@id\":\"https:\/\/scandinavianhealthcenter.com\/is\/make-an-appointment\/#breadcrumb\"},\"inLanguage\":\"is\",\"potentialAction\":[{\"@type\":\"ReadAction\",\"target\":[\"https:\/\/scandinavianhealthcenter.com\/is\/make-an-appointment\/\"]}]},{\"@type\":\"ImageObject\",\"inLanguage\":\"is\",\"@id\":\"https:\/\/scandinavianhealthcenter.com\/is\/make-an-appointment\/#primaryimage\",\"url\":\"https:\/\/scandinavianhealthcenter.com\/wp-content\/uploads\/2025\/03\/citam-doctor-header.jpg\",\"contentUrl\":\"https:\/\/scandinavianhealthcenter.com\/wp-content\/uploads\/2025\/03\/citam-doctor-header.jpg\",\"width\":1599,\"height\":700},{\"@type\":\"BreadcrumbList\",\"@id\":\"https:\/\/scandinavianhealthcenter.com\/is\/make-an-appointment\/#breadcrumb\",\"itemListElement\":[{\"@type\":\"ListItem\",\"position\":1,\"name\":\"Heim\",\"item\":\"https:\/\/scandinavianhealthcenter.com\/is\/\"},{\"@type\":\"ListItem\",\"position\":2,\"name\":\"Panta\u00f0u t\u00edma\"}]},{\"@type\":\"WebSite\",\"@id\":\"https:\/\/scandinavianhealthcenter.com\/is\/#website\",\"url\":\"https:\/\/scandinavianhealthcenter.com\/is\/\",\"name\":\"Scandinavian HealtCenter\",\"description\":\"L\u00e6knisa\u00f0sto\u00f0 fyrir Skandinava \u00e1 Mallorca\",\"publisher\":{\"@id\":\"https:\/\/scandinavianhealthcenter.com\/is\/#organization\"},\"potentialAction\":[{\"@type\":\"SearchAction\",\"target\":{\"@type\":\"EntryPoint\",\"urlTemplate\":\"https:\/\/scandinavianhealthcenter.com\/is\/?s={search_term_string}\"},\"query-input\":{\"@type\":\"PropertyValueSpecification\",\"valueRequired\":true,\"valueName\":\"search_term_string\"}}],\"inLanguage\":\"is\"},{\"@type\":\"Organization\",\"@id\":\"https:\/\/scandinavianhealthcenter.com\/is\/#organization\",\"name\":\"Citam\",\"url\":\"https:\/\/scandinavianhealthcenter.com\/is\/\",\"logo\":{\"@type\":\"ImageObject\",\"inLanguage\":\"is\",\"@id\":\"https:\/\/scandinavianhealthcenter.com\/is\/#\/schema\/logo\/image\/\",\"url\":\"https:\/\/scandinavianhealthcenter.com\/wp-content\/uploads\/2025\/03\/scandinavianhealthcenter-logo-top.png\",\"contentUrl\":\"https:\/\/scandinavianhealthcenter.com\/wp-content\/uploads\/2025\/03\/scandinavianhealthcenter-logo-top.png\",\"width\":350,\"height\":99,\"caption\":\"Citam\"},\"image\":{\"@id\":\"https:\/\/scandinavianhealthcenter.com\/is\/#\/schema\/logo\/image\/\"}}]}<\/script>\n<!-- \/ Yoast SEO plugin. -->","yoast_head_json":{"title":"Panta\u00f0u t\u00edma - Scandinavian Health Center","robots":{"index":"index","follow":"follow","max-snippet":"max-snippet:-1","max-image-preview":"max-image-preview:large","max-video-preview":"max-video-preview:-1"},"canonical":"https:\/\/scandinavianhealthcenter.com\/is\/make-an-appointment\/","og_locale":"is_IS","og_type":"article","og_title":"Panta\u00f0u t\u00edma - Scandinavian Health Center","og_description":"N\u00e6stum \u00fea\u00f0! Fylltu \u00fat formi\u00f0 h\u00e9r a\u00f0 ne\u00f0an og umbo\u00f0smenn okkar munu hafa samband vi\u00f0 \u00feig innan skamms til a\u00f0 a\u00f0sto\u00f0a \u00feig vi\u00f0 a\u00f0 f\u00e1 l\u00e6knist\u00edma \u00feinn.","og_url":"https:\/\/scandinavianhealthcenter.com\/is\/make-an-appointment\/","og_site_name":"Scandinavian Health Center","article_modified_time":"2025-04-11T11:01:30+00:00","og_image":[{"width":1599,"height":700,"url":"https:\/\/scandinavianhealthcenter.com\/wp-content\/uploads\/2025\/03\/citam-doctor-header.jpg","type":"image\/jpeg"}],"twitter_card":"summary_large_image","twitter_misc":{"Est. reading time":"1 minute"},"schema":{"@context":"https:\/\/schema.org","@graph":[{"@type":"WebPage","@id":"https:\/\/scandinavianhealthcenter.com\/is\/make-an-appointment\/","url":"https:\/\/scandinavianhealthcenter.com\/is\/make-an-appointment\/","name":"Panta\u00f0u t\u00edma - Scandinavian Health Center","isPartOf":{"@id":"https:\/\/scandinavianhealthcenter.com\/is\/#website"},"primaryImageOfPage":{"@id":"https:\/\/scandinavianhealthcenter.com\/is\/make-an-appointment\/#primaryimage"},"image":{"@id":"https:\/\/scandinavianhealthcenter.com\/is\/make-an-appointment\/#primaryimage"},"thumbnailUrl":"https:\/\/scandinavianhealthcenter.com\/wp-content\/uploads\/2025\/03\/citam-doctor-header.jpg","datePublished":"2025-03-03T10:27:34+00:00","dateModified":"2025-04-11T11:01:30+00:00","breadcrumb":{"@id":"https:\/\/scandinavianhealthcenter.com\/is\/make-an-appointment\/#breadcrumb"},"inLanguage":"is","potentialAction":[{"@type":"ReadAction","target":["https:\/\/scandinavianhealthcenter.com\/is\/make-an-appointment\/"]}]},{"@type":"ImageObject","inLanguage":"is","@id":"https:\/\/scandinavianhealthcenter.com\/is\/make-an-appointment\/#primaryimage","url":"https:\/\/scandinavianhealthcenter.com\/wp-content\/uploads\/2025\/03\/citam-doctor-header.jpg","contentUrl":"https:\/\/scandinavianhealthcenter.com\/wp-content\/uploads\/2025\/03\/citam-doctor-header.jpg","width":1599,"height":700},{"@type":"BreadcrumbList","@id":"https:\/\/scandinavianhealthcenter.com\/is\/make-an-appointment\/#breadcrumb","itemListElement":[{"@type":"ListItem","position":1,"name":"Heim","item":"https:\/\/scandinavianhealthcenter.com\/is\/"},{"@type":"ListItem","position":2,"name":"Panta\u00f0u t\u00edma"}]},{"@type":"WebSite","@id":"https:\/\/scandinavianhealthcenter.com\/is\/#website","url":"https:\/\/scandinavianhealthcenter.com\/is\/","name":"Scandinavian HealtCenter","description":"L\u00e6knisa\u00f0sto\u00f0 fyrir Skandinava \u00e1 Mallorca","publisher":{"@id":"https:\/\/scandinavianhealthcenter.com\/is\/#organization"},"potentialAction":[{"@type":"SearchAction","target":{"@type":"EntryPoint","urlTemplate":"https:\/\/scandinavianhealthcenter.com\/is\/?s={search_term_string}"},"query-input":{"@type":"PropertyValueSpecification","valueRequired":true,"valueName":"search_term_string"}}],"inLanguage":"is"},{"@type":"Organization","@id":"https:\/\/scandinavianhealthcenter.com\/is\/#organization","name":"Citam","url":"https:\/\/scandinavianhealthcenter.com\/is\/","logo":{"@type":"ImageObject","inLanguage":"is","@id":"https:\/\/scandinavianhealthcenter.com\/is\/#\/schema\/logo\/image\/","url":"https:\/\/scandinavianhealthcenter.com\/wp-content\/uploads\/2025\/03\/scandinavianhealthcenter-logo-top.png","contentUrl":"https:\/\/scandinavianhealthcenter.com\/wp-content\/uploads\/2025\/03\/scandinavianhealthcenter-logo-top.png","width":350,"height":99,"caption":"Citam"},"image":{"@id":"https:\/\/scandinavianhealthcenter.com\/is\/#\/schema\/logo\/image\/"}}]}},"_links":{"self":[{"href":"https:\/\/scandinavianhealthcenter.com\/is\/wp-json\/wp\/v2\/pages\/745","targetHints":{"allow":["GET"]}}],"collection":[{"href":"https:\/\/scandinavianhealthcenter.com\/is\/wp-json\/wp\/v2\/pages"}],"about":[{"href":"https:\/\/scandinavianhealthcenter.com\/is\/wp-json\/wp\/v2\/types\/page"}],"author":[{"embeddable":true,"href":"https:\/\/scandinavianhealthcenter.com\/is\/wp-json\/wp\/v2\/users\/1"}],"replies":[{"embeddable":true,"href":"https:\/\/scandinavianhealthcenter.com\/is\/wp-json\/wp\/v2\/comments?post=745"}],"version-history":[{"count":7,"href":"https:\/\/scandinavianhealthcenter.com\/is\/wp-json\/wp\/v2\/pages\/745\/revisions"}],"predecessor-version":[{"id":1718,"href":"https:\/\/scandinavianhealthcenter.com\/is\/wp-json\/wp\/v2\/pages\/745\/revisions\/1718"}],"wp:featuredmedia":[{"embeddable":true,"href":"https:\/\/scandinavianhealthcenter.com\/is\/wp-json\/wp\/v2\/media\/704"}],"wp:attachment":[{"href":"https:\/\/scandinavianhealthcenter.com\/is\/wp-json\/wp\/v2\/media?parent=745"}],"curies":[{"name":"wp","href":"https:\/\/api.w.org\/{rel}","templated":true}]}}