{"id":715,"date":"2025-03-03T13:51:42","date_gmt":"2025-03-03T12:51:42","guid":{"rendered":"https:\/\/scandinavianhealthcenter.com\/frequently-asked-questions\/"},"modified":"2025-04-11T12:16:33","modified_gmt":"2025-04-11T10:16:33","slug":"frequently-asked-questions","status":"publish","type":"page","link":"https:\/\/scandinavianhealthcenter.com\/is\/frequently-asked-questions\/","title":{"rendered":"Algengar spurningar"},"content":{"rendered":"\t\t<div data-elementor-type=\"wp-page\" data-elementor-id=\"715\" class=\"elementor elementor-715 elementor-193\">\n\t\t\t\t<div class=\"elementor-element elementor-element-8794b32 e-flex e-con-boxed e-con e-parent\" data-id=\"8794b32\" data-element_type=\"container\">\n\t\t\t\t\t<div class=\"e-con-inner\">\n\t\t\t\t<div class=\"elementor-element elementor-element-d4002e5 elementor-widget elementor-widget-spacer\" data-id=\"d4002e5\" data-element_type=\"widget\" data-widget_type=\"spacer.default\">\n\t\t\t\t<div class=\"elementor-widget-container\">\n\t\t\t\t\t\t\t<div class=\"elementor-spacer\">\n\t\t\t<div class=\"elementor-spacer-inner\"><\/div>\n\t\t<\/div>\n\t\t\t\t\t\t<\/div>\n\t\t\t\t<\/div>\n\t\t\t\t<div class=\"elementor-element elementor-element-c07c97f elementor-widget elementor-widget-accordion\" data-id=\"c07c97f\" data-element_type=\"widget\" data-widget_type=\"accordion.default\">\n\t\t\t\t<div class=\"elementor-widget-container\">\n\t\t\t\t\t\t\t<div class=\"elementor-accordion\">\n\t\t\t\t\t\t\t<div class=\"elementor-accordion-item\">\n\t\t\t\t\t<div id=\"elementor-tab-title-2011\" class=\"elementor-tab-title\" data-tab=\"1\" role=\"button\" aria-controls=\"elementor-tab-content-2011\" aria-expanded=\"false\">\n\t\t\t\t\t\t\t\t\t\t\t\t\t<span class=\"elementor-accordion-icon elementor-accordion-icon-right\" aria-hidden=\"true\">\n\t\t\t\t\t\t\t\t\t\t\t\t\t\t\t<span class=\"elementor-accordion-icon-closed\"><svg class=\"e-font-icon-svg e-fas-chevron-down\" viewBox=\"0 0 448 512\" xmlns=\"http:\/\/www.w3.org\/2000\/svg\"><path d=\"M207.029 381.476L12.686 187.132c-9.373-9.373-9.373-24.569 0-33.941l22.667-22.667c9.357-9.357 24.522-9.375 33.901-.04L224 284.505l154.745-154.021c9.379-9.335 24.544-9.317 33.901.04l22.667 22.667c9.373 9.373 9.373 24.569 0 33.941L240.971 381.476c-9.373 9.372-24.569 9.372-33.942 0z\"><\/path><\/svg><\/span>\n\t\t\t\t\t\t\t\t<span class=\"elementor-accordion-icon-opened\"><svg class=\"e-font-icon-svg e-fas-chevron-up\" viewBox=\"0 0 448 512\" xmlns=\"http:\/\/www.w3.org\/2000\/svg\"><path d=\"M240.971 130.524l194.343 194.343c9.373 9.373 9.373 24.569 0 33.941l-22.667 22.667c-9.357 9.357-24.522 9.375-33.901.04L224 227.495 69.255 381.516c-9.379 9.335-24.544 9.317-33.901-.04l-22.667-22.667c-9.373-9.373-9.373-24.569 0-33.941L207.03 130.525c9.372-9.373 24.568-9.373 33.941-.001z\"><\/path><\/svg><\/span>\n\t\t\t\t\t\t\t\t\t\t\t\t\t\t<\/span>\n\t\t\t\t\t\t\t\t\t\t\t\t<a class=\"elementor-accordion-title\" tabindex=\"0\">\u00c9g veit ekki hva\u00f0a s\u00e9rfr\u00e6\u00f0ing hentar best fyrir m\u00edna meinafr\u00e6\u00f0i.<\/a>\n\t\t\t\t\t<\/div>\n\t\t\t\t\t<div id=\"elementor-tab-content-2011\" class=\"elementor-tab-content elementor-clearfix\" data-tab=\"1\" role=\"region\" aria-labelledby=\"elementor-tab-title-2011\"><p>Hj\u00e1 <strong><span style=\"color: #164386;\">Scandinavian HEALTHCENTER<\/span><\/strong> h\u00f6fum vi\u00f0 s\u00e9rfr\u00e6\u00f0inga sem geta a\u00f0sto\u00f0a\u00f0 \u00feig \u00fe\u00e9r a\u00f0 kostna\u00f0arlausu \u00ed gegnum s\u00edma vi\u00f0 a\u00f0 m\u00e6la me\u00f0 \u00feeirri s\u00e9rgrein sem hentar \u00fe\u00ednum \u00fe\u00f6rfum best.<\/p><\/div>\n\t\t\t\t<\/div>\n\t\t\t\t\t\t\t<div class=\"elementor-accordion-item\">\n\t\t\t\t\t<div id=\"elementor-tab-title-2012\" class=\"elementor-tab-title\" data-tab=\"2\" role=\"button\" aria-controls=\"elementor-tab-content-2012\" aria-expanded=\"false\">\n\t\t\t\t\t\t\t\t\t\t\t\t\t<span class=\"elementor-accordion-icon elementor-accordion-icon-right\" aria-hidden=\"true\">\n\t\t\t\t\t\t\t\t\t\t\t\t\t\t\t<span class=\"elementor-accordion-icon-closed\"><svg class=\"e-font-icon-svg e-fas-chevron-down\" viewBox=\"0 0 448 512\" xmlns=\"http:\/\/www.w3.org\/2000\/svg\"><path d=\"M207.029 381.476L12.686 187.132c-9.373-9.373-9.373-24.569 0-33.941l22.667-22.667c9.357-9.357 24.522-9.375 33.901-.04L224 284.505l154.745-154.021c9.379-9.335 24.544-9.317 33.901.04l22.667 22.667c9.373 9.373 9.373 24.569 0 33.941L240.971 381.476c-9.373 9.372-24.569 9.372-33.942 0z\"><\/path><\/svg><\/span>\n\t\t\t\t\t\t\t\t<span class=\"elementor-accordion-icon-opened\"><svg class=\"e-font-icon-svg e-fas-chevron-up\" viewBox=\"0 0 448 512\" xmlns=\"http:\/\/www.w3.org\/2000\/svg\"><path d=\"M240.971 130.524l194.343 194.343c9.373 9.373 9.373 24.569 0 33.941l-22.667 22.667c-9.357 9.357-24.522 9.375-33.901.04L224 227.495 69.255 381.516c-9.379 9.335-24.544 9.317-33.901-.04l-22.667-22.667c-9.373-9.373-9.373-24.569 0-33.941L207.03 130.525c9.372-9.373 24.568-9.373 33.941-.001z\"><\/path><\/svg><\/span>\n\t\t\t\t\t\t\t\t\t\t\t\t\t\t<\/span>\n\t\t\t\t\t\t\t\t\t\t\t\t<a class=\"elementor-accordion-title\" tabindex=\"0\">Hvernig get \u00e9g haft samband vi\u00f0 Scandinavian HEALTH CENTER?<\/a>\n\t\t\t\t\t<\/div>\n\t\t\t\t\t<div id=\"elementor-tab-content-2012\" class=\"elementor-tab-content elementor-clearfix\" data-tab=\"2\" role=\"region\" aria-labelledby=\"elementor-tab-title-2012\"><p>Vi\u00f0 hj\u00e1 <strong><span style=\"color: #164386;\">Scandinavian HEALTHCENTER<\/span><\/strong> a\u00f0lagum okkur a\u00f0 hj\u00e1lpa \u00fe\u00e9r \u00e1 \u00feann h\u00e1tt og \u00e1 \u00feeim t\u00edma sem hentar \u00fe\u00e9r best. Stj\u00f3rnendur okkar eru tilb\u00fanir til a\u00f0 a\u00f0sto\u00f0a \u00feig m\u00e1nudaga til f\u00f6studaga fr\u00e1 10:00 til 17:00. 9:30-14:30 og klukkan 16:30-19:00, me\u00f0 t\u00f6lvup\u00f3sti \u00e1 <strong><span style=\"color: #164386;\">admin@scandinavianhealthcenter.com<\/span><\/strong> e\u00f0a \u00ed gegnum ey\u00f0ubl\u00f6\u00f0in \u00e1 vefs\u00ed\u00f0unni.<\/p><\/div>\n\t\t\t\t<\/div>\n\t\t\t\t\t\t\t<div class=\"elementor-accordion-item\">\n\t\t\t\t\t<div id=\"elementor-tab-title-2013\" class=\"elementor-tab-title\" data-tab=\"3\" role=\"button\" aria-controls=\"elementor-tab-content-2013\" aria-expanded=\"false\">\n\t\t\t\t\t\t\t\t\t\t\t\t\t<span class=\"elementor-accordion-icon elementor-accordion-icon-right\" aria-hidden=\"true\">\n\t\t\t\t\t\t\t\t\t\t\t\t\t\t\t<span class=\"elementor-accordion-icon-closed\"><svg class=\"e-font-icon-svg e-fas-chevron-down\" viewBox=\"0 0 448 512\" xmlns=\"http:\/\/www.w3.org\/2000\/svg\"><path d=\"M207.029 381.476L12.686 187.132c-9.373-9.373-9.373-24.569 0-33.941l22.667-22.667c9.357-9.357 24.522-9.375 33.901-.04L224 284.505l154.745-154.021c9.379-9.335 24.544-9.317 33.901.04l22.667 22.667c9.373 9.373 9.373 24.569 0 33.941L240.971 381.476c-9.373 9.372-24.569 9.372-33.942 0z\"><\/path><\/svg><\/span>\n\t\t\t\t\t\t\t\t<span class=\"elementor-accordion-icon-opened\"><svg class=\"e-font-icon-svg e-fas-chevron-up\" viewBox=\"0 0 448 512\" xmlns=\"http:\/\/www.w3.org\/2000\/svg\"><path d=\"M240.971 130.524l194.343 194.343c9.373 9.373 9.373 24.569 0 33.941l-22.667 22.667c-9.357 9.357-24.522 9.375-33.901.04L224 227.495 69.255 381.516c-9.379 9.335-24.544 9.317-33.901-.04l-22.667-22.667c-9.373-9.373-9.373-24.569 0-33.941L207.03 130.525c9.372-9.373 24.568-9.373 33.941-.001z\"><\/path><\/svg><\/span>\n\t\t\t\t\t\t\t\t\t\t\t\t\t\t<\/span>\n\t\t\t\t\t\t\t\t\t\t\t\t<a class=\"elementor-accordion-title\" tabindex=\"0\">\u00c9g er me\u00f0 einkatryggingu, get \u00e9g fengi\u00f0 t\u00edma \u00ed gegnum Scandinavian HEALTHCENTER?<\/a>\n\t\t\t\t\t<\/div>\n\t\t\t\t\t<div id=\"elementor-tab-content-2013\" class=\"elementor-tab-content elementor-clearfix\" data-tab=\"3\" role=\"region\" aria-labelledby=\"elementor-tab-title-2013\"><p><strong><span style=\"color: #164386;\">Scandinavian HEALTHCENTER<\/span><\/strong> og fagf\u00f3lk sem vinnur me\u00f0 okkur leggur metna\u00f0 sinn \u00ed a\u00f0 panta t\u00edma fyrir einkasj\u00faklinga me\u00f0 hvers kyns tryggingu e\u00f0a endurgrei\u00f0slur\u00e9tt.<\/p><\/div>\n\t\t\t\t<\/div>\n\t\t\t\t\t\t\t\t\t\t<script type=\"application\/ld+json\">{\"@context\":\"https:\\\/\\\/schema.org\",\"@type\":\"FAQPage\",\"mainEntity\":[{\"@type\":\"Question\",\"name\":\"\\u00c9g veit ekki hva\\u00f0a s\\u00e9rfr\\u00e6\\u00f0ing hentar best fyrir m\\u00edna meinafr\\u00e6\\u00f0i.\",\"acceptedAnswer\":{\"@type\":\"Answer\",\"text\":\"<p>Hj\\u00e1 <strong><span style=\\\"color: #164386;\\\">Scandinavian HEALTHCENTER<\\\/span><\\\/strong> h\\u00f6fum vi\\u00f0 s\\u00e9rfr\\u00e6\\u00f0inga sem geta a\\u00f0sto\\u00f0a\\u00f0 \\u00feig \\u00fe\\u00e9r a\\u00f0 kostna\\u00f0arlausu \\u00ed gegnum s\\u00edma vi\\u00f0 a\\u00f0 m\\u00e6la me\\u00f0 \\u00feeirri s\\u00e9rgrein sem hentar \\u00fe\\u00ednum \\u00fe\\u00f6rfum best.<\\\/p>\"}},{\"@type\":\"Question\",\"name\":\"Hvernig get \\u00e9g haft samband vi\\u00f0 Scandinavian HEALTH CENTER?\",\"acceptedAnswer\":{\"@type\":\"Answer\",\"text\":\"<p>Vi\\u00f0 hj\\u00e1 <strong><span style=\\\"color: #164386;\\\">Scandinavian HEALTHCENTER<\\\/span><\\\/strong> a\\u00f0lagum okkur a\\u00f0 hj\\u00e1lpa \\u00fe\\u00e9r \\u00e1 \\u00feann h\\u00e1tt og \\u00e1 \\u00feeim t\\u00edma sem hentar \\u00fe\\u00e9r best. Stj\\u00f3rnendur okkar eru tilb\\u00fanir til a\\u00f0 a\\u00f0sto\\u00f0a \\u00feig m\\u00e1nudaga til f\\u00f6studaga fr\\u00e1 10:00 til 17:00. 9:30-14:30 og klukkan 16:30-19:00, me\\u00f0 t\\u00f6lvup\\u00f3sti \\u00e1 <strong><span style=\\\"color: #164386;\\\">admin@scandinavianhealthcenter.com<\\\/span><\\\/strong> e\\u00f0a \\u00ed gegnum ey\\u00f0ubl\\u00f6\\u00f0in \\u00e1 vefs\\u00ed\\u00f0unni.<\\\/p>\"}},{\"@type\":\"Question\",\"name\":\"\\u00c9g er me\\u00f0 einkatryggingu, get \\u00e9g fengi\\u00f0 t\\u00edma \\u00ed gegnum Scandinavian HEALTHCENTER?\",\"acceptedAnswer\":{\"@type\":\"Answer\",\"text\":\"<p><strong><span style=\\\"color: #164386;\\\">Scandinavian HEALTHCENTER<\\\/span><\\\/strong> og fagf\\u00f3lk sem vinnur me\\u00f0 okkur leggur metna\\u00f0 sinn \\u00ed a\\u00f0 panta t\\u00edma fyrir einkasj\\u00faklinga me\\u00f0 hvers kyns tryggingu e\\u00f0a endurgrei\\u00f0slur\\u00e9tt.<\\\/p>\"}}]}<\/script>\n\t\t\t\t\t<\/div>\n\t\t\t\t\t\t<\/div>\n\t\t\t\t<\/div>\n\t\t\t\t\t<\/div>\n\t\t\t\t<\/div>\n\t\t<div class=\"elementor-element elementor-element-b7d82b8 e-flex e-con-boxed e-con e-parent\" data-id=\"b7d82b8\" data-element_type=\"container\">\n\t\t\t\t\t<div class=\"e-con-inner\">\n\t\t\t\t<div class=\"elementor-element elementor-element-07fc712 elementor-widget elementor-widget-heading\" data-id=\"07fc712\" data-element_type=\"widget\" data-widget_type=\"heading.default\">\n\t\t\t\t<div class=\"elementor-widget-container\">\n\t\t\t\t\t<h3 class=\"elementor-heading-title elementor-size-default\">Hefur \u00fe\u00fa einhverjar a\u00f0rar spurningar?<\/h3>\t\t\t\t<\/div>\n\t\t\t\t<\/div>\n\t\t\t\t<div class=\"elementor-element elementor-element-8f4c92e elementor-align-center elementor-widget elementor-widget-button\" data-id=\"8f4c92e\" data-element_type=\"widget\" data-widget_type=\"button.default\">\n\t\t\t\t<div class=\"elementor-widget-container\">\n\t\t\t\t\t\t\t\t\t<div class=\"elementor-button-wrapper\">\n\t\t\t\t\t<a class=\"elementor-button elementor-button-link elementor-size-sm\" href=\"https:\/\/scandinavianhealthcenter.com\/is\/contact-us\/\">\n\t\t\t\t\t\t<span class=\"elementor-button-content-wrapper\">\n\t\t\t\t\t\t\t\t\t<span class=\"elementor-button-text\">SENDU OKKUR<\/span>\n\t\t\t\t\t<\/span>\n\t\t\t\t\t<\/a>\n\t\t\t\t<\/div>\n\t\t\t\t\t\t\t\t<\/div>\n\t\t\t\t<\/div>\n\t\t\t\t<div class=\"elementor-element elementor-element-ef44286 elementor-widget elementor-widget-spacer\" data-id=\"ef44286\" data-element_type=\"widget\" data-widget_type=\"spacer.default\">\n\t\t\t\t<div class=\"elementor-widget-container\">\n\t\t\t\t\t\t\t<div class=\"elementor-spacer\">\n\t\t\t<div class=\"elementor-spacer-inner\"><\/div>\n\t\t<\/div>\n\t\t\t\t\t\t<\/div>\n\t\t\t\t<\/div>\n\t\t\t\t\t<\/div>\n\t\t\t\t<\/div>\n\t\t\t\t<\/div>\n\t\t","protected":false},"excerpt":{"rendered":"<p>\u00c9g veit ekki hva\u00f0a s\u00e9rfr\u00e6\u00f0ing hentar best fyrir m\u00edna meinafr\u00e6\u00f0i. Hj\u00e1 Scandinavian HEALTHCENTER h\u00f6fum vi\u00f0 s\u00e9rfr\u00e6\u00f0inga sem geta a\u00f0sto\u00f0a\u00f0 \u00feig \u00fe\u00e9r a\u00f0 kostna\u00f0arlausu \u00ed gegnum s\u00edma vi\u00f0 a\u00f0 m\u00e6la me\u00f0 \u00feeirri s\u00e9rgrein sem hentar \u00fe\u00ednum \u00fe\u00f6rfum best. Hvernig get \u00e9g haft samband vi\u00f0 Scandinavian HEALTH CENTER? Vi\u00f0 hj\u00e1 Scandinavian HEALTHCENTER a\u00f0lagum okkur a\u00f0 hj\u00e1lpa \u00fe\u00e9r&#8230;<\/p>\n","protected":false},"author":1,"featured_media":716,"parent":0,"menu_order":0,"comment_status":"closed","ping_status":"closed","template":"","meta":{"footnotes":""},"class_list":["post-715","page","type-page","status-publish","has-post-thumbnail","hentry"],"yoast_head":"<!-- This site is optimized with the Yoast SEO plugin v26.8 - https:\/\/yoast.com\/product\/yoast-seo-wordpress\/ -->\n<title>Algengar spurningar | Scandinavian Health Center<\/title>\n<meta name=\"description\" content=\"Frequently asked questions and answers\" \/>\n<meta name=\"robots\" content=\"index, follow, max-snippet:-1, max-image-preview:large, max-video-preview:-1\" \/>\n<link rel=\"canonical\" href=\"https:\/\/scandinavianhealthcenter.com\/is\/frequently-asked-questions\/\" \/>\n<meta property=\"og:locale\" content=\"is_IS\" \/>\n<meta property=\"og:type\" content=\"article\" \/>\n<meta property=\"og:title\" content=\"Algengar spurningar | Scandinavian Health Center\" \/>\n<meta property=\"og:description\" content=\"Frequently asked questions and answers\" \/>\n<meta property=\"og:url\" content=\"https:\/\/scandinavianhealthcenter.com\/is\/frequently-asked-questions\/\" \/>\n<meta property=\"og:site_name\" content=\"Scandinavian Health Center\" \/>\n<meta property=\"article:modified_time\" content=\"2025-04-11T10:16:33+00:00\" \/>\n<meta property=\"og:image\" content=\"https:\/\/scandinavianhealthcenter.com\/wp-content\/uploads\/2025\/03\/Citam-Preguntas-Frecuentes.jpg\" \/>\n\t<meta property=\"og:image:width\" content=\"2200\" \/>\n\t<meta property=\"og:image:height\" content=\"960\" \/>\n\t<meta property=\"og:image:type\" content=\"image\/jpeg\" \/>\n<meta name=\"twitter:card\" content=\"summary_large_image\" \/>\n<meta name=\"twitter:label1\" content=\"Est. reading time\" \/>\n\t<meta name=\"twitter:data1\" content=\"1 minute\" \/>\n<script type=\"application\/ld+json\" class=\"yoast-schema-graph\">{\"@context\":\"https:\/\/schema.org\",\"@graph\":[{\"@type\":\"WebPage\",\"@id\":\"https:\/\/scandinavianhealthcenter.com\/is\/frequently-asked-questions\/\",\"url\":\"https:\/\/scandinavianhealthcenter.com\/is\/frequently-asked-questions\/\",\"name\":\"Algengar spurningar | Scandinavian Health Center\",\"isPartOf\":{\"@id\":\"https:\/\/scandinavianhealthcenter.com\/is\/#website\"},\"primaryImageOfPage\":{\"@id\":\"https:\/\/scandinavianhealthcenter.com\/is\/frequently-asked-questions\/#primaryimage\"},\"image\":{\"@id\":\"https:\/\/scandinavianhealthcenter.com\/is\/frequently-asked-questions\/#primaryimage\"},\"thumbnailUrl\":\"https:\/\/scandinavianhealthcenter.com\/wp-content\/uploads\/2025\/03\/Citam-Preguntas-Frecuentes.jpg\",\"datePublished\":\"2025-03-03T12:51:42+00:00\",\"dateModified\":\"2025-04-11T10:16:33+00:00\",\"description\":\"Frequently asked questions and answers\",\"breadcrumb\":{\"@id\":\"https:\/\/scandinavianhealthcenter.com\/is\/frequently-asked-questions\/#breadcrumb\"},\"inLanguage\":\"is\",\"potentialAction\":[{\"@type\":\"ReadAction\",\"target\":[\"https:\/\/scandinavianhealthcenter.com\/is\/frequently-asked-questions\/\"]}]},{\"@type\":\"ImageObject\",\"inLanguage\":\"is\",\"@id\":\"https:\/\/scandinavianhealthcenter.com\/is\/frequently-asked-questions\/#primaryimage\",\"url\":\"https:\/\/scandinavianhealthcenter.com\/wp-content\/uploads\/2025\/03\/Citam-Preguntas-Frecuentes.jpg\",\"contentUrl\":\"https:\/\/scandinavianhealthcenter.com\/wp-content\/uploads\/2025\/03\/Citam-Preguntas-Frecuentes.jpg\",\"width\":2200,\"height\":960},{\"@type\":\"BreadcrumbList\",\"@id\":\"https:\/\/scandinavianhealthcenter.com\/is\/frequently-asked-questions\/#breadcrumb\",\"itemListElement\":[{\"@type\":\"ListItem\",\"position\":1,\"name\":\"Heim\",\"item\":\"https:\/\/scandinavianhealthcenter.com\/is\/\"},{\"@type\":\"ListItem\",\"position\":2,\"name\":\"Algengar spurningar\"}]},{\"@type\":\"WebSite\",\"@id\":\"https:\/\/scandinavianhealthcenter.com\/is\/#website\",\"url\":\"https:\/\/scandinavianhealthcenter.com\/is\/\",\"name\":\"Scandinavian HealtCenter\",\"description\":\"L\u00e6knisa\u00f0sto\u00f0 fyrir Skandinava \u00e1 Mallorca\",\"publisher\":{\"@id\":\"https:\/\/scandinavianhealthcenter.com\/is\/#organization\"},\"potentialAction\":[{\"@type\":\"SearchAction\",\"target\":{\"@type\":\"EntryPoint\",\"urlTemplate\":\"https:\/\/scandinavianhealthcenter.com\/is\/?s={search_term_string}\"},\"query-input\":{\"@type\":\"PropertyValueSpecification\",\"valueRequired\":true,\"valueName\":\"search_term_string\"}}],\"inLanguage\":\"is\"},{\"@type\":\"Organization\",\"@id\":\"https:\/\/scandinavianhealthcenter.com\/is\/#organization\",\"name\":\"Citam\",\"url\":\"https:\/\/scandinavianhealthcenter.com\/is\/\",\"logo\":{\"@type\":\"ImageObject\",\"inLanguage\":\"is\",\"@id\":\"https:\/\/scandinavianhealthcenter.com\/is\/#\/schema\/logo\/image\/\",\"url\":\"https:\/\/scandinavianhealthcenter.com\/wp-content\/uploads\/2025\/03\/scandinavianhealthcenter-logo-top.png\",\"contentUrl\":\"https:\/\/scandinavianhealthcenter.com\/wp-content\/uploads\/2025\/03\/scandinavianhealthcenter-logo-top.png\",\"width\":350,\"height\":99,\"caption\":\"Citam\"},\"image\":{\"@id\":\"https:\/\/scandinavianhealthcenter.com\/is\/#\/schema\/logo\/image\/\"}}]}<\/script>\n<!-- \/ Yoast SEO plugin. -->","yoast_head_json":{"title":"Algengar spurningar | Scandinavian Health Center","description":"Frequently asked questions and answers","robots":{"index":"index","follow":"follow","max-snippet":"max-snippet:-1","max-image-preview":"max-image-preview:large","max-video-preview":"max-video-preview:-1"},"canonical":"https:\/\/scandinavianhealthcenter.com\/is\/frequently-asked-questions\/","og_locale":"is_IS","og_type":"article","og_title":"Algengar spurningar | Scandinavian Health Center","og_description":"Frequently asked questions and answers","og_url":"https:\/\/scandinavianhealthcenter.com\/is\/frequently-asked-questions\/","og_site_name":"Scandinavian Health Center","article_modified_time":"2025-04-11T10:16:33+00:00","og_image":[{"width":2200,"height":960,"url":"https:\/\/scandinavianhealthcenter.com\/wp-content\/uploads\/2025\/03\/Citam-Preguntas-Frecuentes.jpg","type":"image\/jpeg"}],"twitter_card":"summary_large_image","twitter_misc":{"Est. reading time":"1 minute"},"schema":{"@context":"https:\/\/schema.org","@graph":[{"@type":"WebPage","@id":"https:\/\/scandinavianhealthcenter.com\/is\/frequently-asked-questions\/","url":"https:\/\/scandinavianhealthcenter.com\/is\/frequently-asked-questions\/","name":"Algengar spurningar | Scandinavian Health Center","isPartOf":{"@id":"https:\/\/scandinavianhealthcenter.com\/is\/#website"},"primaryImageOfPage":{"@id":"https:\/\/scandinavianhealthcenter.com\/is\/frequently-asked-questions\/#primaryimage"},"image":{"@id":"https:\/\/scandinavianhealthcenter.com\/is\/frequently-asked-questions\/#primaryimage"},"thumbnailUrl":"https:\/\/scandinavianhealthcenter.com\/wp-content\/uploads\/2025\/03\/Citam-Preguntas-Frecuentes.jpg","datePublished":"2025-03-03T12:51:42+00:00","dateModified":"2025-04-11T10:16:33+00:00","description":"Frequently asked questions and answers","breadcrumb":{"@id":"https:\/\/scandinavianhealthcenter.com\/is\/frequently-asked-questions\/#breadcrumb"},"inLanguage":"is","potentialAction":[{"@type":"ReadAction","target":["https:\/\/scandinavianhealthcenter.com\/is\/frequently-asked-questions\/"]}]},{"@type":"ImageObject","inLanguage":"is","@id":"https:\/\/scandinavianhealthcenter.com\/is\/frequently-asked-questions\/#primaryimage","url":"https:\/\/scandinavianhealthcenter.com\/wp-content\/uploads\/2025\/03\/Citam-Preguntas-Frecuentes.jpg","contentUrl":"https:\/\/scandinavianhealthcenter.com\/wp-content\/uploads\/2025\/03\/Citam-Preguntas-Frecuentes.jpg","width":2200,"height":960},{"@type":"BreadcrumbList","@id":"https:\/\/scandinavianhealthcenter.com\/is\/frequently-asked-questions\/#breadcrumb","itemListElement":[{"@type":"ListItem","position":1,"name":"Heim","item":"https:\/\/scandinavianhealthcenter.com\/is\/"},{"@type":"ListItem","position":2,"name":"Algengar spurningar"}]},{"@type":"WebSite","@id":"https:\/\/scandinavianhealthcenter.com\/is\/#website","url":"https:\/\/scandinavianhealthcenter.com\/is\/","name":"Scandinavian HealtCenter","description":"L\u00e6knisa\u00f0sto\u00f0 fyrir Skandinava \u00e1 Mallorca","publisher":{"@id":"https:\/\/scandinavianhealthcenter.com\/is\/#organization"},"potentialAction":[{"@type":"SearchAction","target":{"@type":"EntryPoint","urlTemplate":"https:\/\/scandinavianhealthcenter.com\/is\/?s={search_term_string}"},"query-input":{"@type":"PropertyValueSpecification","valueRequired":true,"valueName":"search_term_string"}}],"inLanguage":"is"},{"@type":"Organization","@id":"https:\/\/scandinavianhealthcenter.com\/is\/#organization","name":"Citam","url":"https:\/\/scandinavianhealthcenter.com\/is\/","logo":{"@type":"ImageObject","inLanguage":"is","@id":"https:\/\/scandinavianhealthcenter.com\/is\/#\/schema\/logo\/image\/","url":"https:\/\/scandinavianhealthcenter.com\/wp-content\/uploads\/2025\/03\/scandinavianhealthcenter-logo-top.png","contentUrl":"https:\/\/scandinavianhealthcenter.com\/wp-content\/uploads\/2025\/03\/scandinavianhealthcenter-logo-top.png","width":350,"height":99,"caption":"Citam"},"image":{"@id":"https:\/\/scandinavianhealthcenter.com\/is\/#\/schema\/logo\/image\/"}}]}},"_links":{"self":[{"href":"https:\/\/scandinavianhealthcenter.com\/is\/wp-json\/wp\/v2\/pages\/715","targetHints":{"allow":["GET"]}}],"collection":[{"href":"https:\/\/scandinavianhealthcenter.com\/is\/wp-json\/wp\/v2\/pages"}],"about":[{"href":"https:\/\/scandinavianhealthcenter.com\/is\/wp-json\/wp\/v2\/types\/page"}],"author":[{"embeddable":true,"href":"https:\/\/scandinavianhealthcenter.com\/is\/wp-json\/wp\/v2\/users\/1"}],"replies":[{"embeddable":true,"href":"https:\/\/scandinavianhealthcenter.com\/is\/wp-json\/wp\/v2\/comments?post=715"}],"version-history":[{"count":11,"href":"https:\/\/scandinavianhealthcenter.com\/is\/wp-json\/wp\/v2\/pages\/715\/revisions"}],"predecessor-version":[{"id":1715,"href":"https:\/\/scandinavianhealthcenter.com\/is\/wp-json\/wp\/v2\/pages\/715\/revisions\/1715"}],"wp:featuredmedia":[{"embeddable":true,"href":"https:\/\/scandinavianhealthcenter.com\/is\/wp-json\/wp\/v2\/media\/716"}],"wp:attachment":[{"href":"https:\/\/scandinavianhealthcenter.com\/is\/wp-json\/wp\/v2\/media?parent=715"}],"curies":[{"name":"wp","href":"https:\/\/api.w.org\/{rel}","templated":true}]}}