{"id":709,"date":"2025-03-03T11:57:06","date_gmt":"2025-03-03T10:57:06","guid":{"rendered":"https:\/\/scandinavianhealthcenter.com\/cookie-policy\/"},"modified":"2025-04-11T14:14:24","modified_gmt":"2025-04-11T12:14:24","slug":"cookie-policy","status":"publish","type":"page","link":"https:\/\/scandinavianhealthcenter.com\/is\/cookie-policy\/","title":{"rendered":"Vafrak\u00f6kurstefna"},"content":{"rendered":"\t\t<div data-elementor-type=\"wp-page\" data-elementor-id=\"709\" class=\"elementor elementor-709 elementor-176\">\n\t\t\t\t<div class=\"elementor-element elementor-element-0b594a7 e-flex e-con-boxed e-con e-parent\" data-id=\"0b594a7\" data-element_type=\"container\">\n\t\t\t\t\t<div class=\"e-con-inner\">\n\t\t\t\t<div class=\"elementor-element elementor-element-aa17541 columnas-2 elementor-widget elementor-widget-text-editor\" data-id=\"aa17541\" data-element_type=\"widget\" data-widget_type=\"text-editor.default\">\n\t\t\t\t<div class=\"elementor-widget-container\">\n\t\t\t\t\t\t\t\t\t<h2><span style=\"color: #164386;\">Er Blonquet S.L. eigandi v\u00f6rumerkisins Scandinavian Healthcenter uppl\u00fdsir<\/span><\/h2><p>Vafrak\u00f6kur eru skr\u00e1r sem vefs\u00ed\u00f0ur geta hla\u00f0i\u00f0 ni\u00f0ur \u00e1 t\u00f6lvuna \u00fe\u00edna. \u00deau eru nau\u00f0synleg t\u00e6ki til a\u00f0 veita \u00fej\u00f3nustu \u00ed uppl\u00fdsingasamf\u00e9laginu. Me\u00f0al annars leyfa \u00feeir vefs\u00ed\u00f0u a\u00f0 geyma og s\u00e6kja uppl\u00fdsingar um vafravenjur notanda e\u00f0a b\u00fana\u00f0 hans og eftir \u00fev\u00ed hva\u00f0a uppl\u00fdsingar f\u00e1st er h\u00e6gt a\u00f0 nota \u00fe\u00e6r til a\u00f0 \u00feekkja notandann og b\u00e6ta \u00fe\u00e1 \u00fej\u00f3nustu sem \u00ed bo\u00f0i er.<\/p><h3><span style=\"color: #164386;\">Tegundir af sm\u00e1k\u00f6kum <\/span><\/h3><p>\u00dea\u00f0 fer eftir a\u00f0ilanum sem hefur umsj\u00f3n me\u00f0 l\u00e9ninu sem k\u00f6kurnar eru sendar fr\u00e1 og vinnur \u00far g\u00f6gnunum sem afla\u00f0 er, h\u00e6gt a\u00f0 gera greinarmun \u00e1:<\/p><ul><li><strong><span style=\"color: #164386;\">E<\/span><span style=\"color: #164386;\">igin vafrak\u00f6kur:<\/span><\/strong> eru \u00fe\u00e6r sem eru sendar \u00ed endab\u00fana\u00f0 notandans \u00far t\u00f6lvu e\u00f0a l\u00e9ni sem \u00fatgefandinn sj\u00e1lfur stj\u00f3rnar og \u00fea\u00f0an sem \u00fej\u00f3nustan sem notandinn <span style=\"color: #164386;\"><strong>\u00f3skar eftir er veitt.<\/strong><\/span><\/li><li><span style=\"color: #164386;\"><strong>\u00deri\u00f0ja a\u00f0ila vafrak\u00f6kur:<\/strong><\/span> vafrak\u00f6kur eru \u00fe\u00e6r sem eru sendar til endab\u00fana\u00f0ar notandans fr\u00e1 t\u00f6lvu e\u00f0a l\u00e9ni sem er ekki stj\u00f3rna\u00f0 af ritstj\u00f3ranum, heldur af \u00f6\u00f0rum a\u00f0ilum sem vinnur g\u00f6gnin sem afla\u00f0 er me\u00f0 vafrak\u00f6kum.<\/li><\/ul><p>\u00dea\u00f0 fer eftir \u00fev\u00ed hversu lengi \u00feeir eru virkir \u00ed endab\u00fana\u00f0inum, vi\u00f0 getum greint<\/p><ul><li><strong><span style=\"color: #164386;\">Setuk\u00f6kur:<\/span> <\/strong>\u00deetta eru tegund af vafrak\u00f6kum sem eru h\u00f6nnu\u00f0 til a\u00f0 safna og geyma g\u00f6gn \u00e1 me\u00f0an notandinn fer inn \u00e1 vefs\u00ed\u00f0u. \u00deeir eru venjulega nota\u00f0ir til a\u00f0 geyma uppl\u00fdsingar sem a\u00f0eins \u00fearf a\u00f0 geyma til a\u00f0 veita \u00fe\u00e1 \u00fej\u00f3nustu sem notandinn \u00f3skar eftir \u00ed einu tilviki og \u00fe\u00e6r renna \u00fat \u00feegar notandi skr\u00e1ir sig \u00fat e\u00f0a lokar vafranum.<\/li><li><span style=\"color: #164386;\"><strong>Vi\u00f0varandi vafrak\u00f6kur:<\/strong><\/span> \u00deetta eru tegund af vafrak\u00f6kum \u00fear sem g\u00f6gnin halda \u00e1fram a\u00f0 vera geymd \u00ed flugst\u00f6\u00f0inni svo h\u00e6gt s\u00e9 a\u00f0 n\u00e1lgast \u00feau og nota \u00feau \u00ed fleiri en einni lotu. H\u00e6gt er a\u00f0 n\u00e1lgast \u00fe\u00e6r og vinna \u00far \u00feeim \u00e1 t\u00edmabili sem skilgreint er af \u00feeim sem ber \u00e1byrg\u00f0 \u00e1 k\u00f6kunni, sem getur veri\u00f0 allt fr\u00e1 nokkrum m\u00edn\u00fatum til nokkurra \u00e1ra.<\/li><\/ul><p>\u00dea\u00f0 fer eftir \u00fev\u00ed \u00ed hva\u00f0a tilgangi g\u00f6gnin sem afla\u00f0 er me\u00f0 vafrak\u00f6kum eru unnin, geta \u00feetta veri\u00f0:<\/p><ul><li><span style=\"color: #164386;\"><strong>T\u00e6knilegar vafrak\u00f6kur:<\/strong><\/span> \u00deetta eru \u00fe\u00e6r sem gera notandanum kleift a\u00f0 vafra um vefs\u00ed\u00f0u, vettvang e\u00f0a vefs\u00ed\u00f0u og nota mismunandi valkosti e\u00f0a \u00fej\u00f3nustu sem eru til sta\u00f0ar \u00fear, eins og til d\u00e6mis a\u00f0 stj\u00f3rna umfer\u00f0 og gagnasamskiptum, au\u00f0kenna lotuna, f\u00e1 a\u00f0gang a\u00f0 takm\u00f6rku\u00f0um a\u00f0gangssv\u00e6\u00f0um.<\/li><li><span style=\"color: #164386;\"><strong>Pers\u00f3nuk\u00f6kur:<\/strong><\/span> \u00deetta gerir notandanum kleift a\u00f0 f\u00e1 a\u00f0gang a\u00f0 \u00fej\u00f3nustunni me\u00f0 nokkrum almennum eiginleikum fyrirfram skilgreindum samkv\u00e6mt r\u00f6\u00f0 af vi\u00f0mi\u00f0um \u00ed \u00fatst\u00f6\u00f0 notandans, eins og td tungum\u00e1l, ger\u00f0 vafra.<\/li><li><strong><span style=\"color: #164386;\">Greiningark\u00f6kur:<\/span><\/strong> \u00deessar vafrak\u00f6kur gera \u00feeim sem ber \u00e1byrg\u00f0 \u00e1 \u00feeim a\u00f0 fylgjast me\u00f0 og greina heg\u00f0un notenda sem \u00fe\u00e6r eru tengdar vi\u00f0. Uppl\u00fdsingarnar sem safna\u00f0 er me\u00f0 \u00feessari tegund af vafrak\u00f6kum eru nota\u00f0ar til a\u00f0 m\u00e6la virkni vefs\u00ed\u00f0na, vefs\u00ed\u00f0unnar e\u00f0a vettvangsins og til a\u00f0 b\u00faa til notendasko\u00f0unarsni\u00f0.<\/li><li><span style=\"color: #164386;\"><strong>Augl\u00fdsingak\u00f6kur:<\/strong> <\/span>\u00deetta eru \u00fe\u00e6r sem gera kleift a\u00f0 stj\u00f3rna augl\u00fdsingapl\u00e1ssi sem skilvirkust.<\/li><li><strong><span style=\"color: #164386;\">Atferlisaugl\u00fdsingak\u00f6kur:<\/span><\/strong> \u00deessar vafrak\u00f6kur geyma uppl\u00fdsingar um heg\u00f0un notenda sem fengnar eru me\u00f0 st\u00f6\u00f0ugri athugun \u00e1 vafravenjum \u00feeirra, sem gerir kleift a\u00f0 \u00fer\u00f3a \u00e1kve\u00f0na pr\u00f3f\u00edl til a\u00f0 birta augl\u00fdsingar bygg\u00f0ar \u00e1 \u00feessu.<\/li><\/ul><p>Fyrir frekari uppl\u00fdsingar um \u00feetta efni, vinsamlegast sko\u00f0i\u00f0 lei\u00f0beiningar sp\u00e6nsku gagnaverndarstofnunarinnar um notkun \u00e1 vafrak\u00f6kum..<\/p><h3>Vafrak\u00f6kur nota\u00f0ar \u00e1 vefs\u00ed\u00f0unni<\/h3><p>Vafrak\u00f6kur sem eru nota\u00f0ar \u00e1 \u00feessari vefs\u00ed\u00f0u, svo og ger\u00f0 \u00feeirra og virkni, eru au\u00f0kennd h\u00e9r a\u00f0 ne\u00f0an:<\/p><p>SHC vefs\u00ed\u00f0an notar Google Analytics, vefa\u00f0gangsgreiningar\u00fej\u00f3nustu \u00fer\u00f3u\u00f0 af Google, sem gerir kleift a\u00f0 m\u00e6la og greina vafra \u00e1 vefs\u00ed\u00f0um. Samkv\u00e6mt ofangreindri tegundarfr\u00e6\u00f0i eru \u00feetta eigin vafrak\u00f6kur, setu- og greiningark\u00f6kur. \u00de\u00fa getur fundi\u00f0 frekari uppl\u00fdsingar um \u00feetta og sl\u00f6kkt \u00e1 notkun \u00feessara vafrakaka<\/p><p><a href=\"http:\/\/www.google.es\/intl\/es\/analytics\/privacyoverview.html\" target=\"_blank\" rel=\"noopener\">www.google.es\/intl\/es\/analytics\/privacyoverview.html<\/a> .<\/p><p>Me\u00f0 vefgreiningu f\u00e1st uppl\u00fdsingar um fj\u00f6lda notenda sem fara inn \u00e1 vefs\u00ed\u00f0una, fj\u00f6lda sko\u00f0a\u00f0ra s\u00ed\u00f0na, t\u00ed\u00f0ni og endurtekningar heims\u00f3kna, lengd \u00feeirra, vafra sem er nota\u00f0ur, s\u00edmafyrirt\u00e6ki\u00f0 sem veitir \u00fej\u00f3nustuna, tungum\u00e1li\u00f0, \u00fatst\u00f6\u00f0ina sem notu\u00f0 er e\u00f0a borgina sem IP-t\u00f6lu \u00feinni er \u00fathluta\u00f0 til. \u00deessar uppl\u00fdsingar gera \u00feessari vefs\u00ed\u00f0u kleift a\u00f0 veita betri og vi\u00f0eigandi \u00fej\u00f3nustu.<\/p><h3><span style=\"color: #164386;\">Hvernig \u00e1 a\u00f0 breyta stillingum \u00e1 k\u00f6kum<\/span><\/h3><p>\u00de\u00fa getur takmarka\u00f0, loka\u00f0 \u00e1 e\u00f0a eytt vafrak\u00f6kum fr\u00e1 SHC e\u00f0a hva\u00f0a vefs\u00ed\u00f0u sem er me\u00f0 \u00fev\u00ed a\u00f0 nota vafrann \u00feinn. Hver vafri virkar \u00e1 annan h\u00e1tt, \u201eHj\u00e1lp\u201c a\u00f0ger\u00f0in mun s\u00fdna \u00fe\u00e9r hvernig \u00e1 a\u00f0 gera \u00feetta.<\/p><ul><li><span style=\"color: #164386;\"><strong>Internet Explorer: <\/strong><\/span><a href=\"http:\/\/windows.microsoft.com\/es-xl\/internet-explorer\/delete-manage-cookies#ie=ie-10\" target=\"_blank\" rel=\"noopener\">windows.microsoft.com\/es-xl\/internet-explorer\/delete-manage-cookies#ie=ie-10<\/a><\/li><li><span style=\"color: #164386;\"><strong>FireFox: <\/strong><\/span><a href=\"http:\/\/support.mozilla.org\/es\/kb\/Borrar%20cookies\" target=\"_blank\" rel=\"noopener\">support.mozilla.org\/es\/kb\/Borrar%20cookies<\/a><\/li><li><span style=\"color: #164386;\"><strong>Chrome: <\/strong><\/span><a href=\"http:\/\/support.google.com\/chrome\/answer\/95647?hl=es\" target=\"_blank\" rel=\"noopener\">support.google.com\/chrome\/answer\/95647?hl=es<\/a><\/li><li><span style=\"color: #164386;\"><strong>Safari: <\/strong><\/span><a href=\"http:\/\/www.apple.com\/es\/privacy\/use-of-cookies\/\" target=\"_blank\" rel=\"noopener\">www.apple.com\/es\/privacy\/use-of-cookies\/<\/a><\/li><\/ul><p>A\u00f0 auki getur\u00f0u einnig stj\u00f3rna\u00f0 geymslu \u00e1 vafrak\u00f6kum \u00ed vafranum \u00fe\u00ednum me\u00f0 \u00fev\u00ed a\u00f0 nota verkf\u00e6ri eins og eftirfarandi::<\/p><ul><li><span style=\"color: #164386;\"><strong>Ghostery: <\/strong><\/span><a href=\"http:\/\/www.ghostery.com\/\" target=\"_blank\" rel=\"noopener\">www.ghostery.com\/<\/a><\/li><li><span style=\"color: #164386;\"><strong>Your online choices: <\/strong><\/span><a href=\"http:\/\/www.youronlinechoices.com\/es\/\" target=\"_blank\" rel=\"noopener\">www.youronlinechoices.com\/es\/<\/a><\/li><\/ul>\t\t\t\t\t\t\t\t<\/div>\n\t\t\t\t<\/div>\n\t\t\t\t\t<\/div>\n\t\t\t\t<\/div>\n\t\t\t\t<\/div>\n\t\t","protected":false},"excerpt":{"rendered":"<p>Er Blonquet S.L. eigandi v\u00f6rumerkisins Scandinavian Healthcenter uppl\u00fdsir Vafrak\u00f6kur eru skr\u00e1r sem vefs\u00ed\u00f0ur geta hla\u00f0i\u00f0 ni\u00f0ur \u00e1 t\u00f6lvuna \u00fe\u00edna. \u00deau eru nau\u00f0synleg t\u00e6ki til a\u00f0 veita \u00fej\u00f3nustu \u00ed uppl\u00fdsingasamf\u00e9laginu. Me\u00f0al annars leyfa \u00feeir vefs\u00ed\u00f0u a\u00f0 geyma og s\u00e6kja uppl\u00fdsingar um vafravenjur notanda e\u00f0a b\u00fana\u00f0 hans og eftir \u00fev\u00ed hva\u00f0a uppl\u00fdsingar f\u00e1st er h\u00e6gt a\u00f0 nota&#8230;<\/p>\n","protected":false},"author":1,"featured_media":0,"parent":0,"menu_order":0,"comment_status":"closed","ping_status":"closed","template":"","meta":{"footnotes":""},"class_list":["post-709","page","type-page","status-publish","hentry"],"yoast_head":"<!-- This site is optimized with the Yoast SEO plugin v26.8 - https:\/\/yoast.com\/product\/yoast-seo-wordpress\/ -->\n<title>Vafrak\u00f6kurstefna | Scandinavian Health Center<\/title>\n<meta name=\"robots\" content=\"index, follow, max-snippet:-1, max-image-preview:large, max-video-preview:-1\" \/>\n<link rel=\"canonical\" href=\"https:\/\/scandinavianhealthcenter.com\/is\/cookie-policy\/\" \/>\n<meta property=\"og:locale\" content=\"is_IS\" \/>\n<meta property=\"og:type\" content=\"article\" \/>\n<meta property=\"og:title\" content=\"Vafrak\u00f6kurstefna | Scandinavian Health Center\" \/>\n<meta property=\"og:description\" content=\"Er Blonquet S.L. eigandi v\u00f6rumerkisins Scandinavian Healthcenter uppl\u00fdsir Vafrak\u00f6kur eru skr\u00e1r sem vefs\u00ed\u00f0ur geta hla\u00f0i\u00f0 ni\u00f0ur \u00e1 t\u00f6lvuna \u00fe\u00edna. \u00deau eru nau\u00f0synleg t\u00e6ki til a\u00f0 veita \u00fej\u00f3nustu \u00ed uppl\u00fdsingasamf\u00e9laginu. Me\u00f0al annars leyfa \u00feeir vefs\u00ed\u00f0u a\u00f0 geyma og s\u00e6kja uppl\u00fdsingar um vafravenjur notanda e\u00f0a b\u00fana\u00f0 hans og eftir \u00fev\u00ed hva\u00f0a uppl\u00fdsingar f\u00e1st er h\u00e6gt a\u00f0 nota...\" \/>\n<meta property=\"og:url\" content=\"https:\/\/scandinavianhealthcenter.com\/is\/cookie-policy\/\" \/>\n<meta property=\"og:site_name\" content=\"Scandinavian Health Center\" \/>\n<meta property=\"article:modified_time\" content=\"2025-04-11T12:14:24+00:00\" \/>\n<meta name=\"twitter:card\" content=\"summary_large_image\" \/>\n<meta name=\"twitter:label1\" content=\"Est. reading time\" \/>\n\t<meta name=\"twitter:data1\" content=\"4 minutes\" \/>\n<script type=\"application\/ld+json\" class=\"yoast-schema-graph\">{\"@context\":\"https:\/\/schema.org\",\"@graph\":[{\"@type\":\"WebPage\",\"@id\":\"https:\/\/scandinavianhealthcenter.com\/is\/cookie-policy\/\",\"url\":\"https:\/\/scandinavianhealthcenter.com\/is\/cookie-policy\/\",\"name\":\"Vafrak\u00f6kurstefna | Scandinavian Health Center\",\"isPartOf\":{\"@id\":\"https:\/\/scandinavianhealthcenter.com\/is\/#website\"},\"datePublished\":\"2025-03-03T10:57:06+00:00\",\"dateModified\":\"2025-04-11T12:14:24+00:00\",\"breadcrumb\":{\"@id\":\"https:\/\/scandinavianhealthcenter.com\/is\/cookie-policy\/#breadcrumb\"},\"inLanguage\":\"is\",\"potentialAction\":[{\"@type\":\"ReadAction\",\"target\":[\"https:\/\/scandinavianhealthcenter.com\/is\/cookie-policy\/\"]}]},{\"@type\":\"BreadcrumbList\",\"@id\":\"https:\/\/scandinavianhealthcenter.com\/is\/cookie-policy\/#breadcrumb\",\"itemListElement\":[{\"@type\":\"ListItem\",\"position\":1,\"name\":\"Heim\",\"item\":\"https:\/\/scandinavianhealthcenter.com\/is\/\"},{\"@type\":\"ListItem\",\"position\":2,\"name\":\"Vafrak\u00f6kurstefna\"}]},{\"@type\":\"WebSite\",\"@id\":\"https:\/\/scandinavianhealthcenter.com\/is\/#website\",\"url\":\"https:\/\/scandinavianhealthcenter.com\/is\/\",\"name\":\"Scandinavian HealtCenter\",\"description\":\"L\u00e6knisa\u00f0sto\u00f0 fyrir Skandinava \u00e1 Mallorca\",\"publisher\":{\"@id\":\"https:\/\/scandinavianhealthcenter.com\/is\/#organization\"},\"potentialAction\":[{\"@type\":\"SearchAction\",\"target\":{\"@type\":\"EntryPoint\",\"urlTemplate\":\"https:\/\/scandinavianhealthcenter.com\/is\/?s={search_term_string}\"},\"query-input\":{\"@type\":\"PropertyValueSpecification\",\"valueRequired\":true,\"valueName\":\"search_term_string\"}}],\"inLanguage\":\"is\"},{\"@type\":\"Organization\",\"@id\":\"https:\/\/scandinavianhealthcenter.com\/is\/#organization\",\"name\":\"Citam\",\"url\":\"https:\/\/scandinavianhealthcenter.com\/is\/\",\"logo\":{\"@type\":\"ImageObject\",\"inLanguage\":\"is\",\"@id\":\"https:\/\/scandinavianhealthcenter.com\/is\/#\/schema\/logo\/image\/\",\"url\":\"https:\/\/scandinavianhealthcenter.com\/wp-content\/uploads\/2025\/03\/scandinavianhealthcenter-logo-top.png\",\"contentUrl\":\"https:\/\/scandinavianhealthcenter.com\/wp-content\/uploads\/2025\/03\/scandinavianhealthcenter-logo-top.png\",\"width\":350,\"height\":99,\"caption\":\"Citam\"},\"image\":{\"@id\":\"https:\/\/scandinavianhealthcenter.com\/is\/#\/schema\/logo\/image\/\"}}]}<\/script>\n<!-- \/ Yoast SEO plugin. -->","yoast_head_json":{"title":"Vafrak\u00f6kurstefna | Scandinavian Health Center","robots":{"index":"index","follow":"follow","max-snippet":"max-snippet:-1","max-image-preview":"max-image-preview:large","max-video-preview":"max-video-preview:-1"},"canonical":"https:\/\/scandinavianhealthcenter.com\/is\/cookie-policy\/","og_locale":"is_IS","og_type":"article","og_title":"Vafrak\u00f6kurstefna | Scandinavian Health Center","og_description":"Er Blonquet S.L. eigandi v\u00f6rumerkisins Scandinavian Healthcenter uppl\u00fdsir Vafrak\u00f6kur eru skr\u00e1r sem vefs\u00ed\u00f0ur geta hla\u00f0i\u00f0 ni\u00f0ur \u00e1 t\u00f6lvuna \u00fe\u00edna. \u00deau eru nau\u00f0synleg t\u00e6ki til a\u00f0 veita \u00fej\u00f3nustu \u00ed uppl\u00fdsingasamf\u00e9laginu. Me\u00f0al annars leyfa \u00feeir vefs\u00ed\u00f0u a\u00f0 geyma og s\u00e6kja uppl\u00fdsingar um vafravenjur notanda e\u00f0a b\u00fana\u00f0 hans og eftir \u00fev\u00ed hva\u00f0a uppl\u00fdsingar f\u00e1st er h\u00e6gt a\u00f0 nota...","og_url":"https:\/\/scandinavianhealthcenter.com\/is\/cookie-policy\/","og_site_name":"Scandinavian Health Center","article_modified_time":"2025-04-11T12:14:24+00:00","twitter_card":"summary_large_image","twitter_misc":{"Est. reading time":"4 minutes"},"schema":{"@context":"https:\/\/schema.org","@graph":[{"@type":"WebPage","@id":"https:\/\/scandinavianhealthcenter.com\/is\/cookie-policy\/","url":"https:\/\/scandinavianhealthcenter.com\/is\/cookie-policy\/","name":"Vafrak\u00f6kurstefna | Scandinavian Health Center","isPartOf":{"@id":"https:\/\/scandinavianhealthcenter.com\/is\/#website"},"datePublished":"2025-03-03T10:57:06+00:00","dateModified":"2025-04-11T12:14:24+00:00","breadcrumb":{"@id":"https:\/\/scandinavianhealthcenter.com\/is\/cookie-policy\/#breadcrumb"},"inLanguage":"is","potentialAction":[{"@type":"ReadAction","target":["https:\/\/scandinavianhealthcenter.com\/is\/cookie-policy\/"]}]},{"@type":"BreadcrumbList","@id":"https:\/\/scandinavianhealthcenter.com\/is\/cookie-policy\/#breadcrumb","itemListElement":[{"@type":"ListItem","position":1,"name":"Heim","item":"https:\/\/scandinavianhealthcenter.com\/is\/"},{"@type":"ListItem","position":2,"name":"Vafrak\u00f6kurstefna"}]},{"@type":"WebSite","@id":"https:\/\/scandinavianhealthcenter.com\/is\/#website","url":"https:\/\/scandinavianhealthcenter.com\/is\/","name":"Scandinavian HealtCenter","description":"L\u00e6knisa\u00f0sto\u00f0 fyrir Skandinava \u00e1 Mallorca","publisher":{"@id":"https:\/\/scandinavianhealthcenter.com\/is\/#organization"},"potentialAction":[{"@type":"SearchAction","target":{"@type":"EntryPoint","urlTemplate":"https:\/\/scandinavianhealthcenter.com\/is\/?s={search_term_string}"},"query-input":{"@type":"PropertyValueSpecification","valueRequired":true,"valueName":"search_term_string"}}],"inLanguage":"is"},{"@type":"Organization","@id":"https:\/\/scandinavianhealthcenter.com\/is\/#organization","name":"Citam","url":"https:\/\/scandinavianhealthcenter.com\/is\/","logo":{"@type":"ImageObject","inLanguage":"is","@id":"https:\/\/scandinavianhealthcenter.com\/is\/#\/schema\/logo\/image\/","url":"https:\/\/scandinavianhealthcenter.com\/wp-content\/uploads\/2025\/03\/scandinavianhealthcenter-logo-top.png","contentUrl":"https:\/\/scandinavianhealthcenter.com\/wp-content\/uploads\/2025\/03\/scandinavianhealthcenter-logo-top.png","width":350,"height":99,"caption":"Citam"},"image":{"@id":"https:\/\/scandinavianhealthcenter.com\/is\/#\/schema\/logo\/image\/"}}]}},"_links":{"self":[{"href":"https:\/\/scandinavianhealthcenter.com\/is\/wp-json\/wp\/v2\/pages\/709","targetHints":{"allow":["GET"]}}],"collection":[{"href":"https:\/\/scandinavianhealthcenter.com\/is\/wp-json\/wp\/v2\/pages"}],"about":[{"href":"https:\/\/scandinavianhealthcenter.com\/is\/wp-json\/wp\/v2\/types\/page"}],"author":[{"embeddable":true,"href":"https:\/\/scandinavianhealthcenter.com\/is\/wp-json\/wp\/v2\/users\/1"}],"replies":[{"embeddable":true,"href":"https:\/\/scandinavianhealthcenter.com\/is\/wp-json\/wp\/v2\/comments?post=709"}],"version-history":[{"count":4,"href":"https:\/\/scandinavianhealthcenter.com\/is\/wp-json\/wp\/v2\/pages\/709\/revisions"}],"predecessor-version":[{"id":1750,"href":"https:\/\/scandinavianhealthcenter.com\/is\/wp-json\/wp\/v2\/pages\/709\/revisions\/1750"}],"wp:attachment":[{"href":"https:\/\/scandinavianhealthcenter.com\/is\/wp-json\/wp\/v2\/media?parent=709"}],"curies":[{"name":"wp","href":"https:\/\/api.w.org\/{rel}","templated":true}]}}