{"id":691,"date":"2025-03-03T13:54:39","date_gmt":"2025-03-03T12:54:39","guid":{"rendered":"https:\/\/scandinavianhealthcenter.com\/about-us\/"},"modified":"2025-04-10T17:17:59","modified_gmt":"2025-04-10T15:17:59","slug":"about-us","status":"publish","type":"page","link":"https:\/\/scandinavianhealthcenter.com\/is\/about-us\/","title":{"rendered":"Um okkur"},"content":{"rendered":"\t\t<div data-elementor-type=\"wp-page\" data-elementor-id=\"691\" class=\"elementor elementor-691 elementor-205\">\n\t\t\t\t<div class=\"elementor-element elementor-element-dfecc76 elementor-hidden-mobile e-flex e-con-boxed e-con e-parent\" data-id=\"dfecc76\" data-element_type=\"container\">\n\t\t\t\t\t<div class=\"e-con-inner\">\n\t\t\t\t<div class=\"elementor-element elementor-element-47d74b2 elementor-widget elementor-widget-spacer\" data-id=\"47d74b2\" data-element_type=\"widget\" data-widget_type=\"spacer.default\">\n\t\t\t\t<div class=\"elementor-widget-container\">\n\t\t\t\t\t\t\t<div class=\"elementor-spacer\">\n\t\t\t<div class=\"elementor-spacer-inner\"><\/div>\n\t\t<\/div>\n\t\t\t\t\t\t<\/div>\n\t\t\t\t<\/div>\n\t\t\t\t\t<\/div>\n\t\t\t\t<\/div>\n\t\t<div class=\"elementor-element elementor-element-7f31459 e-flex e-con-boxed e-con e-parent\" data-id=\"7f31459\" data-element_type=\"container\">\n\t\t\t\t\t<div class=\"e-con-inner\">\n\t\t\t\t<div class=\"elementor-element elementor-element-1d1a9cf columnas-2 elementor-widget elementor-widget-text-editor\" data-id=\"1d1a9cf\" data-element_type=\"widget\" data-widget_type=\"text-editor.default\">\n\t\t\t\t<div class=\"elementor-widget-container\">\n\t\t\t\t\t\t\t\t\t<h2>Scandinavian HEALTHCENTER er a\u00f0sto\u00f0arma\u00f0ur l\u00e6knis\u00fej\u00f3nustunnar<\/h2><p>Scandinavian HEALTHCENTER b\u00fd\u00f0ur \u00fe\u00e9r vinnslu \u00e1 allri a\u00f0sto\u00f0 og tryggir:<\/p><p>&#8211; A\u00f0gangur a\u00f0 bestu einkareknu heilsug\u00e6slust\u00f6\u00f0vunum<\/p><p>-F\u00e6rstu l\u00e6knarnir<\/p><p>&#8211; A\u00f0eins heilsug\u00e6slust\u00f6\u00f0var og fagf\u00f3lk sem hefur leyfi samkv\u00e6mt evr\u00f3pskum reglum<\/p><p>&#8211; R\u00e9ttur til g\u00e6\u00f0ame\u00f0fer\u00f0ar og \u00f6ryggi sj\u00faklinga<\/p><p>&#8211; R\u00e9tt til uppl\u00fdsinga og uppl\u00fdsts sam\u00feykkis<\/p><p>&#8211; R\u00e9ttur til a\u00f0 velja um heilbrig\u00f0is\u00fej\u00f3nustu<\/p><p>&#8211; A\u00f0gengi sj\u00fakrah\u00fasa fyrir sj\u00faklinga me\u00f0 f\u00f6tlun<\/p><p>&#8211; R\u00e9ttur til a\u00f0gangs a\u00f0 afriti af sj\u00fakraskr\u00e1m \u00fe\u00ednum<\/p><p>&#8211; Samstarf vi\u00f0 eigin l\u00e6kni um eftirfylgni<\/p><p>&#8211; R\u00e9ttur til fri\u00f0helgi einkal\u00edfs og verndar pers\u00f3nuuppl\u00fdsinga \u00feinna<\/p><p>&#8211; Opinber me\u00f0fer\u00f0arver\u00f0<\/p><h3>Heilbrig\u00f0is\u00fej\u00f3nusta erlendis<\/h3><p>Vi\u00f0 afgrei\u00f0um l\u00e6knishj\u00e1lp \u00fe\u00edna me\u00f0 hvers kyns tryggingum. Ef \u00fe\u00fa ert ekki me\u00f0 tryggingu getum vi\u00f0 einnig afgreitt r\u00e9tt \u00feinn til endurgrei\u00f0slu fyrir opinbera \u00fej\u00f3nustu landsins.<\/p>\t\t\t\t\t\t\t\t<\/div>\n\t\t\t\t<\/div>\n\t\t\t\t\t<\/div>\n\t\t\t\t<\/div>\n\t\t\t\t<\/div>\n\t\t","protected":false},"excerpt":{"rendered":"<p>Scandinavian HEALTHCENTER er a\u00f0sto\u00f0arma\u00f0ur l\u00e6knis\u00fej\u00f3nustunnar Scandinavian HEALTHCENTER b\u00fd\u00f0ur \u00fe\u00e9r vinnslu \u00e1 allri a\u00f0sto\u00f0 og tryggir: &#8211; A\u00f0gangur a\u00f0 bestu einkareknu heilsug\u00e6slust\u00f6\u00f0vunum -F\u00e6rstu l\u00e6knarnir &#8211; A\u00f0eins heilsug\u00e6slust\u00f6\u00f0var og fagf\u00f3lk sem hefur leyfi samkv\u00e6mt evr\u00f3pskum reglum &#8211; R\u00e9ttur til g\u00e6\u00f0ame\u00f0fer\u00f0ar og \u00f6ryggi sj\u00faklinga &#8211; R\u00e9tt til uppl\u00fdsinga og uppl\u00fdsts sam\u00feykkis &#8211; R\u00e9ttur til a\u00f0 velja um heilbrig\u00f0is\u00fej\u00f3nustu&#8230;<\/p>\n","protected":false},"author":1,"featured_media":692,"parent":0,"menu_order":0,"comment_status":"closed","ping_status":"closed","template":"","meta":{"footnotes":""},"class_list":["post-691","page","type-page","status-publish","has-post-thumbnail","hentry"],"yoast_head":"<!-- This site is optimized with the Yoast SEO plugin v26.8 - https:\/\/yoast.com\/product\/yoast-seo-wordpress\/ -->\n<title>Um okkur | Scandinavian Health Center<\/title>\n<meta name=\"robots\" content=\"index, follow, max-snippet:-1, max-image-preview:large, max-video-preview:-1\" \/>\n<link rel=\"canonical\" href=\"https:\/\/scandinavianhealthcenter.com\/is\/about-us\/\" \/>\n<meta property=\"og:locale\" content=\"is_IS\" \/>\n<meta property=\"og:type\" content=\"article\" \/>\n<meta property=\"og:title\" content=\"Um okkur | Scandinavian Health Center\" \/>\n<meta property=\"og:description\" content=\"Scandinavian HEALTHCENTER er a\u00f0sto\u00f0arma\u00f0ur l\u00e6knis\u00fej\u00f3nustunnar Scandinavian HEALTHCENTER b\u00fd\u00f0ur \u00fe\u00e9r vinnslu \u00e1 allri a\u00f0sto\u00f0 og tryggir: &#8211; A\u00f0gangur a\u00f0 bestu einkareknu heilsug\u00e6slust\u00f6\u00f0vunum -F\u00e6rstu l\u00e6knarnir &#8211; A\u00f0eins heilsug\u00e6slust\u00f6\u00f0var og fagf\u00f3lk sem hefur leyfi samkv\u00e6mt evr\u00f3pskum reglum &#8211; R\u00e9ttur til g\u00e6\u00f0ame\u00f0fer\u00f0ar og \u00f6ryggi sj\u00faklinga &#8211; R\u00e9tt til uppl\u00fdsinga og uppl\u00fdsts sam\u00feykkis &#8211; R\u00e9ttur til a\u00f0 velja um heilbrig\u00f0is\u00fej\u00f3nustu...\" \/>\n<meta property=\"og:url\" content=\"https:\/\/scandinavianhealthcenter.com\/is\/about-us\/\" \/>\n<meta property=\"og:site_name\" content=\"Scandinavian Health Center\" \/>\n<meta property=\"article:modified_time\" content=\"2025-04-10T15:17:59+00:00\" \/>\n<meta property=\"og:image\" content=\"https:\/\/scandinavianhealthcenter.com\/wp-content\/uploads\/2025\/03\/Citam-Header-Home_2-1.jpg\" \/>\n\t<meta property=\"og:image:width\" content=\"2200\" \/>\n\t<meta property=\"og:image:height\" content=\"960\" \/>\n\t<meta property=\"og:image:type\" content=\"image\/jpeg\" \/>\n<meta name=\"twitter:card\" content=\"summary_large_image\" \/>\n<meta name=\"twitter:label1\" content=\"Est. reading time\" \/>\n\t<meta name=\"twitter:data1\" content=\"1 minute\" \/>\n<script type=\"application\/ld+json\" class=\"yoast-schema-graph\">{\"@context\":\"https:\/\/schema.org\",\"@graph\":[{\"@type\":\"WebPage\",\"@id\":\"https:\/\/scandinavianhealthcenter.com\/is\/about-us\/\",\"url\":\"https:\/\/scandinavianhealthcenter.com\/is\/about-us\/\",\"name\":\"Um okkur | Scandinavian Health Center\",\"isPartOf\":{\"@id\":\"https:\/\/scandinavianhealthcenter.com\/is\/#website\"},\"primaryImageOfPage\":{\"@id\":\"https:\/\/scandinavianhealthcenter.com\/is\/about-us\/#primaryimage\"},\"image\":{\"@id\":\"https:\/\/scandinavianhealthcenter.com\/is\/about-us\/#primaryimage\"},\"thumbnailUrl\":\"https:\/\/scandinavianhealthcenter.com\/wp-content\/uploads\/2025\/03\/Citam-Header-Home_2-1.jpg\",\"datePublished\":\"2025-03-03T12:54:39+00:00\",\"dateModified\":\"2025-04-10T15:17:59+00:00\",\"breadcrumb\":{\"@id\":\"https:\/\/scandinavianhealthcenter.com\/is\/about-us\/#breadcrumb\"},\"inLanguage\":\"is\",\"potentialAction\":[{\"@type\":\"ReadAction\",\"target\":[\"https:\/\/scandinavianhealthcenter.com\/is\/about-us\/\"]}]},{\"@type\":\"ImageObject\",\"inLanguage\":\"is\",\"@id\":\"https:\/\/scandinavianhealthcenter.com\/is\/about-us\/#primaryimage\",\"url\":\"https:\/\/scandinavianhealthcenter.com\/wp-content\/uploads\/2025\/03\/Citam-Header-Home_2-1.jpg\",\"contentUrl\":\"https:\/\/scandinavianhealthcenter.com\/wp-content\/uploads\/2025\/03\/Citam-Header-Home_2-1.jpg\",\"width\":2200,\"height\":960,\"caption\":\"Citam-Header-Home\"},{\"@type\":\"BreadcrumbList\",\"@id\":\"https:\/\/scandinavianhealthcenter.com\/is\/about-us\/#breadcrumb\",\"itemListElement\":[{\"@type\":\"ListItem\",\"position\":1,\"name\":\"Heim\",\"item\":\"https:\/\/scandinavianhealthcenter.com\/is\/\"},{\"@type\":\"ListItem\",\"position\":2,\"name\":\"Um okkur\"}]},{\"@type\":\"WebSite\",\"@id\":\"https:\/\/scandinavianhealthcenter.com\/is\/#website\",\"url\":\"https:\/\/scandinavianhealthcenter.com\/is\/\",\"name\":\"Scandinavian HealtCenter\",\"description\":\"L\u00e6knisa\u00f0sto\u00f0 fyrir Skandinava \u00e1 Mallorca\",\"publisher\":{\"@id\":\"https:\/\/scandinavianhealthcenter.com\/is\/#organization\"},\"potentialAction\":[{\"@type\":\"SearchAction\",\"target\":{\"@type\":\"EntryPoint\",\"urlTemplate\":\"https:\/\/scandinavianhealthcenter.com\/is\/?s={search_term_string}\"},\"query-input\":{\"@type\":\"PropertyValueSpecification\",\"valueRequired\":true,\"valueName\":\"search_term_string\"}}],\"inLanguage\":\"is\"},{\"@type\":\"Organization\",\"@id\":\"https:\/\/scandinavianhealthcenter.com\/is\/#organization\",\"name\":\"Citam\",\"url\":\"https:\/\/scandinavianhealthcenter.com\/is\/\",\"logo\":{\"@type\":\"ImageObject\",\"inLanguage\":\"is\",\"@id\":\"https:\/\/scandinavianhealthcenter.com\/is\/#\/schema\/logo\/image\/\",\"url\":\"https:\/\/scandinavianhealthcenter.com\/wp-content\/uploads\/2025\/03\/scandinavianhealthcenter-logo-top.png\",\"contentUrl\":\"https:\/\/scandinavianhealthcenter.com\/wp-content\/uploads\/2025\/03\/scandinavianhealthcenter-logo-top.png\",\"width\":350,\"height\":99,\"caption\":\"Citam\"},\"image\":{\"@id\":\"https:\/\/scandinavianhealthcenter.com\/is\/#\/schema\/logo\/image\/\"}}]}<\/script>\n<!-- \/ Yoast SEO plugin. -->","yoast_head_json":{"title":"Um okkur | Scandinavian Health Center","robots":{"index":"index","follow":"follow","max-snippet":"max-snippet:-1","max-image-preview":"max-image-preview:large","max-video-preview":"max-video-preview:-1"},"canonical":"https:\/\/scandinavianhealthcenter.com\/is\/about-us\/","og_locale":"is_IS","og_type":"article","og_title":"Um okkur | Scandinavian Health Center","og_description":"Scandinavian HEALTHCENTER er a\u00f0sto\u00f0arma\u00f0ur l\u00e6knis\u00fej\u00f3nustunnar Scandinavian HEALTHCENTER b\u00fd\u00f0ur \u00fe\u00e9r vinnslu \u00e1 allri a\u00f0sto\u00f0 og tryggir: &#8211; A\u00f0gangur a\u00f0 bestu einkareknu heilsug\u00e6slust\u00f6\u00f0vunum -F\u00e6rstu l\u00e6knarnir &#8211; A\u00f0eins heilsug\u00e6slust\u00f6\u00f0var og fagf\u00f3lk sem hefur leyfi samkv\u00e6mt evr\u00f3pskum reglum &#8211; R\u00e9ttur til g\u00e6\u00f0ame\u00f0fer\u00f0ar og \u00f6ryggi sj\u00faklinga &#8211; R\u00e9tt til uppl\u00fdsinga og uppl\u00fdsts sam\u00feykkis &#8211; R\u00e9ttur til a\u00f0 velja um heilbrig\u00f0is\u00fej\u00f3nustu...","og_url":"https:\/\/scandinavianhealthcenter.com\/is\/about-us\/","og_site_name":"Scandinavian Health Center","article_modified_time":"2025-04-10T15:17:59+00:00","og_image":[{"width":2200,"height":960,"url":"https:\/\/scandinavianhealthcenter.com\/wp-content\/uploads\/2025\/03\/Citam-Header-Home_2-1.jpg","type":"image\/jpeg"}],"twitter_card":"summary_large_image","twitter_misc":{"Est. reading time":"1 minute"},"schema":{"@context":"https:\/\/schema.org","@graph":[{"@type":"WebPage","@id":"https:\/\/scandinavianhealthcenter.com\/is\/about-us\/","url":"https:\/\/scandinavianhealthcenter.com\/is\/about-us\/","name":"Um okkur | Scandinavian Health Center","isPartOf":{"@id":"https:\/\/scandinavianhealthcenter.com\/is\/#website"},"primaryImageOfPage":{"@id":"https:\/\/scandinavianhealthcenter.com\/is\/about-us\/#primaryimage"},"image":{"@id":"https:\/\/scandinavianhealthcenter.com\/is\/about-us\/#primaryimage"},"thumbnailUrl":"https:\/\/scandinavianhealthcenter.com\/wp-content\/uploads\/2025\/03\/Citam-Header-Home_2-1.jpg","datePublished":"2025-03-03T12:54:39+00:00","dateModified":"2025-04-10T15:17:59+00:00","breadcrumb":{"@id":"https:\/\/scandinavianhealthcenter.com\/is\/about-us\/#breadcrumb"},"inLanguage":"is","potentialAction":[{"@type":"ReadAction","target":["https:\/\/scandinavianhealthcenter.com\/is\/about-us\/"]}]},{"@type":"ImageObject","inLanguage":"is","@id":"https:\/\/scandinavianhealthcenter.com\/is\/about-us\/#primaryimage","url":"https:\/\/scandinavianhealthcenter.com\/wp-content\/uploads\/2025\/03\/Citam-Header-Home_2-1.jpg","contentUrl":"https:\/\/scandinavianhealthcenter.com\/wp-content\/uploads\/2025\/03\/Citam-Header-Home_2-1.jpg","width":2200,"height":960,"caption":"Citam-Header-Home"},{"@type":"BreadcrumbList","@id":"https:\/\/scandinavianhealthcenter.com\/is\/about-us\/#breadcrumb","itemListElement":[{"@type":"ListItem","position":1,"name":"Heim","item":"https:\/\/scandinavianhealthcenter.com\/is\/"},{"@type":"ListItem","position":2,"name":"Um okkur"}]},{"@type":"WebSite","@id":"https:\/\/scandinavianhealthcenter.com\/is\/#website","url":"https:\/\/scandinavianhealthcenter.com\/is\/","name":"Scandinavian HealtCenter","description":"L\u00e6knisa\u00f0sto\u00f0 fyrir Skandinava \u00e1 Mallorca","publisher":{"@id":"https:\/\/scandinavianhealthcenter.com\/is\/#organization"},"potentialAction":[{"@type":"SearchAction","target":{"@type":"EntryPoint","urlTemplate":"https:\/\/scandinavianhealthcenter.com\/is\/?s={search_term_string}"},"query-input":{"@type":"PropertyValueSpecification","valueRequired":true,"valueName":"search_term_string"}}],"inLanguage":"is"},{"@type":"Organization","@id":"https:\/\/scandinavianhealthcenter.com\/is\/#organization","name":"Citam","url":"https:\/\/scandinavianhealthcenter.com\/is\/","logo":{"@type":"ImageObject","inLanguage":"is","@id":"https:\/\/scandinavianhealthcenter.com\/is\/#\/schema\/logo\/image\/","url":"https:\/\/scandinavianhealthcenter.com\/wp-content\/uploads\/2025\/03\/scandinavianhealthcenter-logo-top.png","contentUrl":"https:\/\/scandinavianhealthcenter.com\/wp-content\/uploads\/2025\/03\/scandinavianhealthcenter-logo-top.png","width":350,"height":99,"caption":"Citam"},"image":{"@id":"https:\/\/scandinavianhealthcenter.com\/is\/#\/schema\/logo\/image\/"}}]}},"_links":{"self":[{"href":"https:\/\/scandinavianhealthcenter.com\/is\/wp-json\/wp\/v2\/pages\/691","targetHints":{"allow":["GET"]}}],"collection":[{"href":"https:\/\/scandinavianhealthcenter.com\/is\/wp-json\/wp\/v2\/pages"}],"about":[{"href":"https:\/\/scandinavianhealthcenter.com\/is\/wp-json\/wp\/v2\/types\/page"}],"author":[{"embeddable":true,"href":"https:\/\/scandinavianhealthcenter.com\/is\/wp-json\/wp\/v2\/users\/1"}],"replies":[{"embeddable":true,"href":"https:\/\/scandinavianhealthcenter.com\/is\/wp-json\/wp\/v2\/comments?post=691"}],"version-history":[{"count":4,"href":"https:\/\/scandinavianhealthcenter.com\/is\/wp-json\/wp\/v2\/pages\/691\/revisions"}],"predecessor-version":[{"id":1691,"href":"https:\/\/scandinavianhealthcenter.com\/is\/wp-json\/wp\/v2\/pages\/691\/revisions\/1691"}],"wp:featuredmedia":[{"embeddable":true,"href":"https:\/\/scandinavianhealthcenter.com\/is\/wp-json\/wp\/v2\/media\/692"}],"wp:attachment":[{"href":"https:\/\/scandinavianhealthcenter.com\/is\/wp-json\/wp\/v2\/media?parent=691"}],"curies":[{"name":"wp","href":"https:\/\/api.w.org\/{rel}","templated":true}]}}