{"id":772,"date":"2025-03-03T11:24:37","date_gmt":"2025-03-03T10:24:37","guid":{"rendered":"https:\/\/scandinavianhealthcenter.com\/work-with-us-doctors\/"},"modified":"2025-04-10T12:47:46","modified_gmt":"2025-04-10T10:47:46","slug":"work-with-us-doctors","status":"publish","type":"page","link":"https:\/\/scandinavianhealthcenter.com\/fi\/work-with-us-doctors\/","title":{"rendered":"Ty\u00f6skentele kanssamme L\u00e4\u00e4k\u00e4rit"},"content":{"rendered":"\t\t<div data-elementor-type=\"wp-page\" data-elementor-id=\"772\" class=\"elementor elementor-772 elementor-126\">\n\t\t\t\t<div class=\"elementor-element elementor-element-e4394f2 e-flex e-con-boxed e-con e-parent\" data-id=\"e4394f2\" data-element_type=\"container\">\n\t\t\t\t\t<div class=\"e-con-inner\">\n\t\t\t\t<div class=\"elementor-element elementor-element-1a051f3 elementor-widget elementor-widget-spacer\" data-id=\"1a051f3\" data-element_type=\"widget\" data-widget_type=\"spacer.default\">\n\t\t\t\t<div class=\"elementor-widget-container\">\n\t\t\t\t\t\t\t<div class=\"elementor-spacer\">\n\t\t\t<div class=\"elementor-spacer-inner\"><\/div>\n\t\t<\/div>\n\t\t\t\t\t\t<\/div>\n\t\t\t\t<\/div>\n\t\t\t\t<div class=\"elementor-element elementor-element-dd5f097 elementor-widget elementor-widget-shortcode\" data-id=\"dd5f097\" data-element_type=\"widget\" data-widget_type=\"shortcode.default\">\n\t\t\t\t<div class=\"elementor-widget-container\">\n\t\t\t\t\t\t\t<div class=\"elementor-shortcode\">\n<div class=\"wpcf7 no-js\" id=\"wpcf7-f1083-o1\" lang=\"es-ES\" dir=\"ltr\" data-wpcf7-id=\"1083\">\n<div class=\"screen-reader-response\"><p role=\"status\" aria-live=\"polite\" aria-atomic=\"true\"><\/p> <ul><\/ul><\/div>\n<form action=\"\/fi\/wp-json\/wp\/v2\/pages\/772#wpcf7-f1083-o1\" method=\"post\" class=\"wpcf7-form init\" aria-label=\"Formulario de contacto\" novalidate=\"novalidate\" data-status=\"init\">\n<fieldset class=\"hidden-fields-container\"><input type=\"hidden\" name=\"_wpcf7\" value=\"1083\" \/><input type=\"hidden\" name=\"_wpcf7_version\" value=\"6.1.4\" \/><input type=\"hidden\" name=\"_wpcf7_locale\" value=\"es_ES\" \/><input type=\"hidden\" name=\"_wpcf7_unit_tag\" value=\"wpcf7-f1083-o1\" \/><input type=\"hidden\" name=\"_wpcf7_container_post\" value=\"0\" \/><input type=\"hidden\" name=\"_wpcf7_posted_data_hash\" value=\"\" \/><input type=\"hidden\" name=\"_wpcf7dtx_version\" value=\"5.0.4\" \/><input type=\"hidden\" name=\"_wpcf7_recaptcha_response\" value=\"\" \/>\n<\/fieldset>\n<h2>Yhteydenottolomake L\u00e4\u00e4k\u00e4rit<\/h2>\n<ul>\n<li class=\"medio\"><span class=\"wpcf7-form-control-wrap\" data-name=\"txt-nombre\"><input size=\"40\" maxlength=\"400\" class=\"wpcf7-form-control wpcf7-text wpcf7-validates-as-required\" aria-required=\"true\" aria-invalid=\"false\" placeholder=\"Etu- ja sukunimi  *\" value=\"\" type=\"text\" name=\"txt-nombre\" \/><\/span><span id=\"wpcf7-69eb7722b7211-wrapper\" class=\"wpcf7-form-control-wrap e-mail-wrap\" ><label for=\"e-mail\" class=\"hp-message\">Por favor, deja este campo vac\u00edo.<\/label><input id=\"e-mail\"  class=\"wpcf7-form-control wpcf7-text e-mail\" type=\"text\" name=\"e-mail\" value=\"\" size=\"40\" tabindex=\"-1\" autocomplete=\"new-password\" \/><\/span><\/li>\n<li class=\"medio last\"><span class=\"wpcf7-form-control-wrap\" data-name=\"txt-fono\"><input size=\"40\" maxlength=\"400\" class=\"wpcf7-form-control wpcf7-tel wpcf7-validates-as-required wpcf7-text wpcf7-validates-as-tel\" aria-required=\"true\" aria-invalid=\"false\" placeholder=\"Puhelin *\" value=\"\" type=\"tel\" name=\"txt-fono\" \/><\/span><span id=\"wpcf7-69eb7722b7346-wrapper\" class=\"wpcf7-form-control-wrap email-wrap\" ><label for=\"email\" class=\"hp-message\">Por favor, deja este campo vac\u00edo.<\/label><input id=\"email\"  class=\"wpcf7-form-control wpcf7-text email\" type=\"text\" name=\"email\" value=\"\" size=\"40\" tabindex=\"-1\" autocomplete=\"new-password\" \/><\/span><\/li>\n<li class=\"medio\"><span class=\"wpcf7-form-control-wrap\" data-name=\"txt-emilio\"><input size=\"40\" maxlength=\"400\" class=\"wpcf7-form-control wpcf7-email wpcf7-validates-as-required wpcf7-text wpcf7-validates-as-email\" aria-required=\"true\" aria-invalid=\"false\" placeholder=\"S\u00e4hk\u00f6posti *\" value=\"\" type=\"email\" name=\"txt-emilio\" \/><\/span><span id=\"wpcf7-69eb7722b740d-wrapper\" class=\"wpcf7-form-control-wrap mail-wrap\" ><label for=\"mail\" class=\"hp-message\">Por favor, deja este campo vac\u00edo.<\/label><input id=\"mail\"  class=\"wpcf7-form-control wpcf7-text mail\" type=\"text\" name=\"mail\" value=\"\" size=\"40\" tabindex=\"-1\" autocomplete=\"new-password\" \/><\/span><\/li>\n<li class=\"medio last select\"><span class=\"wpcf7-form-control-wrap\" data-name=\"provincia\"><select class=\"wpcf7-form-control wpcf7-select\" id=\"provincia\" aria-invalid=\"false\" name=\"provincia\"><option value=\"Liittymisen maakunta\">Liittymisen maakunta<\/option><option value=\"A Coru\u00f1a\">A Coru\u00f1a<\/option><option value=\"Alacant\">Alacant<\/option><option value=\"Albacete\">Albacete<\/option><option value=\"Almer\u00eda\">Almer\u00eda<\/option><option value=\"Araba\">Araba<\/option><option value=\"Asturias\">Asturias<\/option><option value=\"\u00c1vila\">\u00c1vila<\/option><option value=\"Badajoz\">Badajoz<\/option><option value=\"Barcelona\">Barcelona<\/option><option value=\"Bizkaia\">Bizkaia<\/option><option value=\"Burgos\">Burgos<\/option><option value=\"C\u00e1ceres\">C\u00e1ceres<\/option><option value=\"C\u00e1diz\">C\u00e1diz<\/option><option value=\"Cantabria\">Cantabria<\/option><option value=\"Castell\u00f3\">Castell\u00f3<\/option><option value=\"Ceuta\">Ceuta<\/option><option value=\"Ciudad Real\">Ciudad Real<\/option><option value=\"C\u00f3rdoba\">C\u00f3rdoba<\/option><option value=\"Cuenca\">Cuenca<\/option><option value=\"Gipuzcoa\">Gipuzcoa<\/option><option value=\"Girona\">Girona<\/option><option value=\"Granada\">Granada<\/option><option value=\"Guadalajara\">Guadalajara<\/option><option value=\"Huelva\">Huelva<\/option><option value=\"Huesca\">Huesca<\/option><option value=\"Illes Balears\">Illes Balears<\/option><option value=\"Ja\u00e9n\">Ja\u00e9n<\/option><option value=\"La Rioja\">La Rioja<\/option><option value=\"Las Palmas\">Las Palmas<\/option><option value=\"Le\u00f3n\">Le\u00f3n<\/option><option value=\"Lleida\">Lleida<\/option><option value=\"Lugo\">Lugo<\/option><option value=\"Madrid\">Madrid<\/option><option value=\"M\u00e1laga\">M\u00e1laga<\/option><option value=\"Melilla\">Melilla<\/option><option value=\"Murcia\">Murcia<\/option><option value=\"Navarra\">Navarra<\/option><option value=\"Ourense\">Ourense<\/option><option value=\"Palencia\">Palencia<\/option><option value=\"Pontevedra\">Pontevedra<\/option><option value=\"Salamanca\">Salamanca<\/option><option value=\"Santa Cruz de Tenerife\">Santa Cruz de Tenerife<\/option><option value=\"Segovia\">Segovia<\/option><option value=\"Sevilla\">Sevilla<\/option><option value=\"Soria\">Soria<\/option><option value=\"Tarragona\">Tarragona<\/option><option value=\"Teruel\">Teruel<\/option><option value=\"Toledo\">Toledo<\/option><option value=\"Val\u00e8ncia\">Val\u00e8ncia<\/option><option value=\"Valladolid\">Valladolid<\/option><option value=\"Zamora\">Zamora<\/option><option value=\"Zaragoza\">Zaragoza<\/option><\/select><\/span><\/li>\n<li><span class=\"wpcf7-form-control-wrap\" data-name=\"txt-mensaje\"><textarea cols=\"40\" rows=\"10\" maxlength=\"2000\" class=\"wpcf7-form-control wpcf7-textarea wpcf7-validates-as-required\" aria-required=\"true\" aria-invalid=\"false\" placeholder=\"Kommentit\" name=\"txt-mensaje\"><\/textarea><\/span><\/li>\n<li class=\"acepto-obligatorio acepto obligatorio text-right\"><span class=\"wpcf7-form-control-wrap\" data-name=\"acceptance-717\"><span class=\"wpcf7-form-control wpcf7-acceptance\"><span class=\"wpcf7-list-item\"><input type=\"checkbox\" name=\"acceptance-717\" value=\"1\" aria-invalid=\"false\" \/><\/span><\/span><\/span> Olen lukenut ja hyv\u00e4ksyn <a href=\"https:\/\/scandinavianhealthcenter.com\/fi\/privacy-policy\/\" target=\"_blank\">tietosuojak\u00e4yt\u00e4nn\u00f6n<\/a> <small>(*) Pakolliset kent\u00e4t<\/small><\/li>\n<li><input class=\"wpcf7-form-control wpcf7-submit has-spinner button\" type=\"submit\" value=\"L\u00e4het\u00e4 lomake\" \/> <\/li>\n<\/ul><div class=\"wpcf7-response-output\" aria-hidden=\"true\"><\/div>\n<\/form>\n<\/div>\n<\/div>\n\t\t\t\t\t\t<\/div>\n\t\t\t\t<\/div>\n\t\t\t\t\t<\/div>\n\t\t\t\t<\/div>\n\t\t\t\t<\/div>\n\t\t","protected":false},"excerpt":{"rendered":"","protected":false},"author":1,"featured_media":678,"parent":0,"menu_order":0,"comment_status":"closed","ping_status":"closed","template":"","meta":{"footnotes":""},"class_list":["post-772","page","type-page","status-publish","has-post-thumbnail","hentry"],"yoast_head":"<!-- This site is optimized with the Yoast SEO plugin v26.8 - https:\/\/yoast.com\/product\/yoast-seo-wordpress\/ -->\n<title>Ty\u00f6skentele kanssamme L\u00e4\u00e4k\u00e4rit - Scandinavian Health Center<\/title>\n<meta name=\"description\" content=\"Arbeta med oss L\u00e4kare. Jag \u00e4r intresserad av att g\u00e5 med i den medicinska kadern...\" \/>\n<meta name=\"robots\" content=\"index, follow, max-snippet:-1, max-image-preview:large, max-video-preview:-1\" \/>\n<link rel=\"canonical\" href=\"https:\/\/scandinavianhealthcenter.com\/fi\/work-with-us-doctors\/\" \/>\n<meta property=\"og:locale\" content=\"fi_FI\" \/>\n<meta property=\"og:type\" content=\"article\" \/>\n<meta property=\"og:title\" content=\"Ty\u00f6skentele kanssamme L\u00e4\u00e4k\u00e4rit - Scandinavian Health Center\" \/>\n<meta property=\"og:description\" content=\"Arbeta med oss L\u00e4kare. Jag \u00e4r intresserad av att g\u00e5 med i den medicinska kadern...\" \/>\n<meta property=\"og:url\" content=\"https:\/\/scandinavianhealthcenter.com\/fi\/work-with-us-doctors\/\" \/>\n<meta property=\"og:site_name\" content=\"Scandinavian Health Center\" \/>\n<meta property=\"article:modified_time\" content=\"2025-04-10T10:47:46+00:00\" \/>\n<meta property=\"og:image\" content=\"https:\/\/scandinavianhealthcenter.com\/wp-content\/uploads\/2025\/03\/citam-trabaja-con-nosotros-doctores.jpg\" \/>\n\t<meta property=\"og:image:width\" content=\"1600\" \/>\n\t<meta property=\"og:image:height\" content=\"701\" \/>\n\t<meta property=\"og:image:type\" content=\"image\/jpeg\" \/>\n<meta name=\"twitter:card\" content=\"summary_large_image\" \/>\n<meta name=\"twitter:label1\" content=\"Arvioitu lukuaika\" \/>\n\t<meta name=\"twitter:data1\" content=\"1 minuutti\" \/>\n<script type=\"application\/ld+json\" class=\"yoast-schema-graph\">{\"@context\":\"https:\/\/schema.org\",\"@graph\":[{\"@type\":\"WebPage\",\"@id\":\"https:\/\/scandinavianhealthcenter.com\/fi\/work-with-us-doctors\/\",\"url\":\"https:\/\/scandinavianhealthcenter.com\/fi\/work-with-us-doctors\/\",\"name\":\"Ty\u00f6skentele kanssamme L\u00e4\u00e4k\u00e4rit - Scandinavian Health Center\",\"isPartOf\":{\"@id\":\"https:\/\/scandinavianhealthcenter.com\/fi\/#website\"},\"primaryImageOfPage\":{\"@id\":\"https:\/\/scandinavianhealthcenter.com\/fi\/work-with-us-doctors\/#primaryimage\"},\"image\":{\"@id\":\"https:\/\/scandinavianhealthcenter.com\/fi\/work-with-us-doctors\/#primaryimage\"},\"thumbnailUrl\":\"https:\/\/scandinavianhealthcenter.com\/wp-content\/uploads\/2025\/03\/citam-trabaja-con-nosotros-doctores.jpg\",\"datePublished\":\"2025-03-03T10:24:37+00:00\",\"dateModified\":\"2025-04-10T10:47:46+00:00\",\"description\":\"Arbeta med oss L\u00e4kare. Jag \u00e4r intresserad av att g\u00e5 med i den medicinska kadern...\",\"breadcrumb\":{\"@id\":\"https:\/\/scandinavianhealthcenter.com\/fi\/work-with-us-doctors\/#breadcrumb\"},\"inLanguage\":\"fi\",\"potentialAction\":[{\"@type\":\"ReadAction\",\"target\":[\"https:\/\/scandinavianhealthcenter.com\/fi\/work-with-us-doctors\/\"]}]},{\"@type\":\"ImageObject\",\"inLanguage\":\"fi\",\"@id\":\"https:\/\/scandinavianhealthcenter.com\/fi\/work-with-us-doctors\/#primaryimage\",\"url\":\"https:\/\/scandinavianhealthcenter.com\/wp-content\/uploads\/2025\/03\/citam-trabaja-con-nosotros-doctores.jpg\",\"contentUrl\":\"https:\/\/scandinavianhealthcenter.com\/wp-content\/uploads\/2025\/03\/citam-trabaja-con-nosotros-doctores.jpg\",\"width\":1600,\"height\":701},{\"@type\":\"BreadcrumbList\",\"@id\":\"https:\/\/scandinavianhealthcenter.com\/fi\/work-with-us-doctors\/#breadcrumb\",\"itemListElement\":[{\"@type\":\"ListItem\",\"position\":1,\"name\":\"Home\",\"item\":\"https:\/\/scandinavianhealthcenter.com\/fi\/\"},{\"@type\":\"ListItem\",\"position\":2,\"name\":\"Ty\u00f6skentele kanssamme L\u00e4\u00e4k\u00e4rit\"}]},{\"@type\":\"WebSite\",\"@id\":\"https:\/\/scandinavianhealthcenter.com\/fi\/#website\",\"url\":\"https:\/\/scandinavianhealthcenter.com\/fi\/\",\"name\":\"Scandinavian HealtCenter\",\"description\":\"Sairaanhoitoapu skandinaaveille Mallorca\",\"publisher\":{\"@id\":\"https:\/\/scandinavianhealthcenter.com\/fi\/#organization\"},\"potentialAction\":[{\"@type\":\"SearchAction\",\"target\":{\"@type\":\"EntryPoint\",\"urlTemplate\":\"https:\/\/scandinavianhealthcenter.com\/fi\/?s={search_term_string}\"},\"query-input\":{\"@type\":\"PropertyValueSpecification\",\"valueRequired\":true,\"valueName\":\"search_term_string\"}}],\"inLanguage\":\"fi\"},{\"@type\":\"Organization\",\"@id\":\"https:\/\/scandinavianhealthcenter.com\/fi\/#organization\",\"name\":\"Citam\",\"url\":\"https:\/\/scandinavianhealthcenter.com\/fi\/\",\"logo\":{\"@type\":\"ImageObject\",\"inLanguage\":\"fi\",\"@id\":\"https:\/\/scandinavianhealthcenter.com\/fi\/#\/schema\/logo\/image\/\",\"url\":\"https:\/\/scandinavianhealthcenter.com\/wp-content\/uploads\/2025\/03\/scandinavianhealthcenter-logo-top.png\",\"contentUrl\":\"https:\/\/scandinavianhealthcenter.com\/wp-content\/uploads\/2025\/03\/scandinavianhealthcenter-logo-top.png\",\"width\":350,\"height\":99,\"caption\":\"Citam\"},\"image\":{\"@id\":\"https:\/\/scandinavianhealthcenter.com\/fi\/#\/schema\/logo\/image\/\"}}]}<\/script>\n<!-- \/ Yoast SEO plugin. -->","yoast_head_json":{"title":"Ty\u00f6skentele kanssamme L\u00e4\u00e4k\u00e4rit - Scandinavian Health Center","description":"Arbeta med oss L\u00e4kare. Jag \u00e4r intresserad av att g\u00e5 med i den medicinska kadern...","robots":{"index":"index","follow":"follow","max-snippet":"max-snippet:-1","max-image-preview":"max-image-preview:large","max-video-preview":"max-video-preview:-1"},"canonical":"https:\/\/scandinavianhealthcenter.com\/fi\/work-with-us-doctors\/","og_locale":"fi_FI","og_type":"article","og_title":"Ty\u00f6skentele kanssamme L\u00e4\u00e4k\u00e4rit - Scandinavian Health Center","og_description":"Arbeta med oss L\u00e4kare. Jag \u00e4r intresserad av att g\u00e5 med i den medicinska kadern...","og_url":"https:\/\/scandinavianhealthcenter.com\/fi\/work-with-us-doctors\/","og_site_name":"Scandinavian Health Center","article_modified_time":"2025-04-10T10:47:46+00:00","og_image":[{"width":1600,"height":701,"url":"https:\/\/scandinavianhealthcenter.com\/wp-content\/uploads\/2025\/03\/citam-trabaja-con-nosotros-doctores.jpg","type":"image\/jpeg"}],"twitter_card":"summary_large_image","twitter_misc":{"Arvioitu lukuaika":"1 minuutti"},"schema":{"@context":"https:\/\/schema.org","@graph":[{"@type":"WebPage","@id":"https:\/\/scandinavianhealthcenter.com\/fi\/work-with-us-doctors\/","url":"https:\/\/scandinavianhealthcenter.com\/fi\/work-with-us-doctors\/","name":"Ty\u00f6skentele kanssamme L\u00e4\u00e4k\u00e4rit - Scandinavian Health Center","isPartOf":{"@id":"https:\/\/scandinavianhealthcenter.com\/fi\/#website"},"primaryImageOfPage":{"@id":"https:\/\/scandinavianhealthcenter.com\/fi\/work-with-us-doctors\/#primaryimage"},"image":{"@id":"https:\/\/scandinavianhealthcenter.com\/fi\/work-with-us-doctors\/#primaryimage"},"thumbnailUrl":"https:\/\/scandinavianhealthcenter.com\/wp-content\/uploads\/2025\/03\/citam-trabaja-con-nosotros-doctores.jpg","datePublished":"2025-03-03T10:24:37+00:00","dateModified":"2025-04-10T10:47:46+00:00","description":"Arbeta med oss L\u00e4kare. Jag \u00e4r intresserad av att g\u00e5 med i den medicinska kadern...","breadcrumb":{"@id":"https:\/\/scandinavianhealthcenter.com\/fi\/work-with-us-doctors\/#breadcrumb"},"inLanguage":"fi","potentialAction":[{"@type":"ReadAction","target":["https:\/\/scandinavianhealthcenter.com\/fi\/work-with-us-doctors\/"]}]},{"@type":"ImageObject","inLanguage":"fi","@id":"https:\/\/scandinavianhealthcenter.com\/fi\/work-with-us-doctors\/#primaryimage","url":"https:\/\/scandinavianhealthcenter.com\/wp-content\/uploads\/2025\/03\/citam-trabaja-con-nosotros-doctores.jpg","contentUrl":"https:\/\/scandinavianhealthcenter.com\/wp-content\/uploads\/2025\/03\/citam-trabaja-con-nosotros-doctores.jpg","width":1600,"height":701},{"@type":"BreadcrumbList","@id":"https:\/\/scandinavianhealthcenter.com\/fi\/work-with-us-doctors\/#breadcrumb","itemListElement":[{"@type":"ListItem","position":1,"name":"Home","item":"https:\/\/scandinavianhealthcenter.com\/fi\/"},{"@type":"ListItem","position":2,"name":"Ty\u00f6skentele kanssamme L\u00e4\u00e4k\u00e4rit"}]},{"@type":"WebSite","@id":"https:\/\/scandinavianhealthcenter.com\/fi\/#website","url":"https:\/\/scandinavianhealthcenter.com\/fi\/","name":"Scandinavian HealtCenter","description":"Sairaanhoitoapu skandinaaveille Mallorca","publisher":{"@id":"https:\/\/scandinavianhealthcenter.com\/fi\/#organization"},"potentialAction":[{"@type":"SearchAction","target":{"@type":"EntryPoint","urlTemplate":"https:\/\/scandinavianhealthcenter.com\/fi\/?s={search_term_string}"},"query-input":{"@type":"PropertyValueSpecification","valueRequired":true,"valueName":"search_term_string"}}],"inLanguage":"fi"},{"@type":"Organization","@id":"https:\/\/scandinavianhealthcenter.com\/fi\/#organization","name":"Citam","url":"https:\/\/scandinavianhealthcenter.com\/fi\/","logo":{"@type":"ImageObject","inLanguage":"fi","@id":"https:\/\/scandinavianhealthcenter.com\/fi\/#\/schema\/logo\/image\/","url":"https:\/\/scandinavianhealthcenter.com\/wp-content\/uploads\/2025\/03\/scandinavianhealthcenter-logo-top.png","contentUrl":"https:\/\/scandinavianhealthcenter.com\/wp-content\/uploads\/2025\/03\/scandinavianhealthcenter-logo-top.png","width":350,"height":99,"caption":"Citam"},"image":{"@id":"https:\/\/scandinavianhealthcenter.com\/fi\/#\/schema\/logo\/image\/"}}]}},"_links":{"self":[{"href":"https:\/\/scandinavianhealthcenter.com\/fi\/wp-json\/wp\/v2\/pages\/772","targetHints":{"allow":["GET"]}}],"collection":[{"href":"https:\/\/scandinavianhealthcenter.com\/fi\/wp-json\/wp\/v2\/pages"}],"about":[{"href":"https:\/\/scandinavianhealthcenter.com\/fi\/wp-json\/wp\/v2\/types\/page"}],"author":[{"embeddable":true,"href":"https:\/\/scandinavianhealthcenter.com\/fi\/wp-json\/wp\/v2\/users\/1"}],"replies":[{"embeddable":true,"href":"https:\/\/scandinavianhealthcenter.com\/fi\/wp-json\/wp\/v2\/comments?post=772"}],"version-history":[{"count":4,"href":"https:\/\/scandinavianhealthcenter.com\/fi\/wp-json\/wp\/v2\/pages\/772\/revisions"}],"predecessor-version":[{"id":1591,"href":"https:\/\/scandinavianhealthcenter.com\/fi\/wp-json\/wp\/v2\/pages\/772\/revisions\/1591"}],"wp:featuredmedia":[{"embeddable":true,"href":"https:\/\/scandinavianhealthcenter.com\/fi\/wp-json\/wp\/v2\/media\/678"}],"wp:attachment":[{"href":"https:\/\/scandinavianhealthcenter.com\/fi\/wp-json\/wp\/v2\/media?parent=772"}],"curies":[{"name":"wp","href":"https:\/\/api.w.org\/{rel}","templated":true}]}}