{"id":744,"date":"2025-03-03T11:27:34","date_gmt":"2025-03-03T10:27:34","guid":{"rendered":"https:\/\/scandinavianhealthcenter.com\/make-an-appointment\/"},"modified":"2025-04-10T12:54:35","modified_gmt":"2025-04-10T10:54:35","slug":"make-an-appointment","status":"publish","type":"page","link":"https:\/\/scandinavianhealthcenter.com\/fi\/make-an-appointment\/","title":{"rendered":"Varaa aika"},"content":{"rendered":"\t\t<div data-elementor-type=\"wp-page\" data-elementor-id=\"744\" class=\"elementor elementor-744 elementor-133\">\n\t\t\t\t<div class=\"elementor-element elementor-element-b2d1ad3 e-flex e-con-boxed e-con e-parent\" data-id=\"b2d1ad3\" data-element_type=\"container\" data-settings=\"{&quot;background_background&quot;:&quot;classic&quot;}\">\n\t\t\t\t\t<div class=\"e-con-inner\">\n\t\t\t\t<div class=\"elementor-element elementor-element-9146592 elementor-widget elementor-widget-spacer\" data-id=\"9146592\" data-element_type=\"widget\" data-widget_type=\"spacer.default\">\n\t\t\t\t<div class=\"elementor-widget-container\">\n\t\t\t\t\t\t\t<div class=\"elementor-spacer\">\n\t\t\t<div class=\"elementor-spacer-inner\"><\/div>\n\t\t<\/div>\n\t\t\t\t\t\t<\/div>\n\t\t\t\t<\/div>\n\t\t\t\t<div class=\"elementor-element elementor-element-0423bda elementor-widget elementor-widget-image\" data-id=\"0423bda\" data-element_type=\"widget\" data-widget_type=\"image.default\">\n\t\t\t\t<div class=\"elementor-widget-container\">\n\t\t\t\t\t\t\t\t\t\t\t\t\t\t\t<img decoding=\"async\" width=\"350\" height=\"99\" src=\"https:\/\/scandinavianhealthcenter.com\/wp-content\/uploads\/2025\/03\/scandinavianhealthcenter-logo-top.png\" class=\"attachment-full size-full wp-image-17\" alt=\"\" \/>\t\t\t\t\t\t\t\t\t\t\t\t\t\t\t<\/div>\n\t\t\t\t<\/div>\n\t\t<div class=\"elementor-element elementor-element-e94b604 e-flex e-con-boxed e-con e-child\" data-id=\"e94b604\" data-element_type=\"container\">\n\t\t\t\t\t<div class=\"e-con-inner\">\n\t\t\t\t<div class=\"elementor-element elementor-element-1212c8a elementor-widget elementor-widget-spacer\" data-id=\"1212c8a\" data-element_type=\"widget\" data-widget_type=\"spacer.default\">\n\t\t\t\t<div class=\"elementor-widget-container\">\n\t\t\t\t\t\t\t<div class=\"elementor-spacer\">\n\t\t\t<div class=\"elementor-spacer-inner\"><\/div>\n\t\t<\/div>\n\t\t\t\t\t\t<\/div>\n\t\t\t\t<\/div>\n\t\t\t\t<div class=\"elementor-element elementor-element-5f66f7a elementor-widget elementor-widget-text-editor\" data-id=\"5f66f7a\" data-element_type=\"widget\" data-widget_type=\"text-editor.default\">\n\t\t\t\t<div class=\"elementor-widget-container\">\n\t\t\t\t\t\t\t\t\t<p style=\"text-align: center;\"><span style=\"font-size: 20px;\"><strong>Melkein perill\u00e4!<\/strong><\/span><\/p>\n<p style=\"text-align: center;\">T\u00e4yt\u00e4 alla oleva lomake, ja asiamiehemme ottavat sinuun pian yhteytt\u00e4 auttaakseen sinua saamaan l\u00e4\u00e4k\u00e4riajan.<\/p>\t\t\t\t\t\t\t\t<\/div>\n\t\t\t\t<\/div>\n\t\t\t\t<div class=\"elementor-element elementor-element-b4512a4 elementor-widget elementor-widget-spacer\" data-id=\"b4512a4\" data-element_type=\"widget\" data-widget_type=\"spacer.default\">\n\t\t\t\t<div class=\"elementor-widget-container\">\n\t\t\t\t\t\t\t<div class=\"elementor-spacer\">\n\t\t\t<div class=\"elementor-spacer-inner\"><\/div>\n\t\t<\/div>\n\t\t\t\t\t\t<\/div>\n\t\t\t\t<\/div>\n\t\t\t\t<div class=\"elementor-element elementor-element-2fb9670 pedir-cita elementor-widget elementor-widget-shortcode\" data-id=\"2fb9670\" data-element_type=\"widget\" data-widget_type=\"shortcode.default\">\n\t\t\t\t<div class=\"elementor-widget-container\">\n\t\t\t\t\t\t\t<div class=\"elementor-shortcode\">\n<div class=\"wpcf7 no-js\" id=\"wpcf7-f1069-o1\" lang=\"es-ES\" dir=\"ltr\" data-wpcf7-id=\"1069\">\n<div class=\"screen-reader-response\"><p role=\"status\" aria-live=\"polite\" aria-atomic=\"true\"><\/p> <ul><\/ul><\/div>\n<form action=\"\/fi\/wp-json\/wp\/v2\/pages\/744#wpcf7-f1069-o1\" method=\"post\" class=\"wpcf7-form init\" aria-label=\"Formulario de contacto\" novalidate=\"novalidate\" data-status=\"init\">\n<fieldset class=\"hidden-fields-container\"><input type=\"hidden\" name=\"_wpcf7\" value=\"1069\" \/><input type=\"hidden\" name=\"_wpcf7_version\" value=\"6.1.4\" \/><input type=\"hidden\" name=\"_wpcf7_locale\" value=\"es_ES\" \/><input type=\"hidden\" name=\"_wpcf7_unit_tag\" value=\"wpcf7-f1069-o1\" \/><input type=\"hidden\" name=\"_wpcf7_container_post\" value=\"0\" \/><input type=\"hidden\" name=\"_wpcf7_posted_data_hash\" value=\"\" \/><input type=\"hidden\" name=\"_wpcf7dtx_version\" value=\"5.0.4\" \/><input type=\"hidden\" name=\"_wpcf7_recaptcha_response\" value=\"\" \/>\n<\/fieldset>\n<h2>Yhteydenottolomake<\/h2>\n<span class=\"wpcf7-form-control-wrap cs_email\" data-name=\"cs_email\"><input type=\"email\" name=\"cs_email\" class=\"wpcf7-form-control wpcf7-email wpcf7dtx wpcf7dtx-email wpcf7-validates-as-email oculto\" aria-invalid=\"false\" required=\"required\" readonly=\"readonly\"><\/span>\n<div class=\"container\">\n<div class=\"row\">\n<div class=\"col-6\"><span class=\"wpcf7-form-control-wrap cs_especialidad\" data-name=\"cs_especialidad\"><input type=\"text\" name=\"cs_especialidad\" id=\"cs_especialidad\" class=\"wpcf7-form-control wpcf7-text wpcf7dtx wpcf7dtx-text cs_especialidad\" aria-invalid=\"false\" required=\"required\" readonly=\"readonly\"><\/span><span id=\"wpcf7-69ebd7ee95cdf-wrapper\" class=\"wpcf7-form-control-wrap e-mail-wrap\" ><label for=\"e-mail\" class=\"hp-message\">Por favor, deja este campo vac\u00edo.<\/label><input id=\"e-mail\"  class=\"wpcf7-form-control wpcf7-text e-mail\" type=\"text\" name=\"e-mail\" value=\"\" size=\"40\" tabindex=\"-1\" autocomplete=\"new-password\" \/><\/span><\/div>\n<div class=\"col-6\"><span class=\"wpcf7-form-control-wrap cd_doctor\" data-name=\"cd_doctor\"><input type=\"text\" name=\"cd_doctor\" id=\"cd_doctor\" class=\"wpcf7-form-control wpcf7-text wpcf7dtx wpcf7dtx-text cd_doctor\" aria-invalid=\"false\" required=\"required\" readonly=\"readonly\"><\/span><span id=\"wpcf7-69ebd7ee95fa1-wrapper\" class=\"wpcf7-form-control-wrap email-wrap\" ><label for=\"email\" class=\"hp-message\">Por favor, deja este campo vac\u00edo.<\/label><input id=\"email\"  class=\"wpcf7-form-control wpcf7-text email\" type=\"text\" name=\"email\" value=\"\" size=\"40\" tabindex=\"-1\" autocomplete=\"new-password\" \/><\/span><\/div>\n<div class=\"col-12 padding\"><label>Type of Visit:<\/label> <span id=\"cs_tipo\" class=\"wpcf7-form-control-wrap cs_tipo\" data-name=\"cs_tipo\"><span class=\"wpcf7-list-item wpcf7-list-item-1 first\"><input value=\"Puhelin\" type=\"checkbox\" id=\"cs_tipo_1\" name=\"cs_tipo[]\" class=\"wpcf7-form-control wpcf7-checkbox wpcf7dtx wpcf7dtx-checkbox cs_tipo\" aria-invalid=\"false\" required=\"required\"><label for=\"cs_tipo_1\">Puhelin<\/label><\/span><span class=\"wpcf7-list-item wpcf7-list-item-2\"><input value=\"Henkil\u00f6kohtaisesti\" type=\"checkbox\" id=\"cs_tipo_2\" name=\"cs_tipo[]\" class=\"wpcf7-form-control wpcf7-checkbox wpcf7dtx wpcf7dtx-checkbox cs_tipo\" aria-invalid=\"false\" required=\"required\"><label for=\"cs_tipo_2\">Henkil\u00f6kohtaisesti<\/label><\/span><span class=\"wpcf7-list-item wpcf7-list-item-3 last\"><input value=\"Videopuhelu\" type=\"checkbox\" id=\"cs_tipo_3\" name=\"cs_tipo[]\" class=\"wpcf7-form-control wpcf7-checkbox wpcf7dtx wpcf7dtx-checkbox cs_tipo\" aria-invalid=\"false\" required=\"required\"><label for=\"cs_tipo_3\">Videopuhelu<\/label><\/span><\/span><\/div>\n<div class=\"col-12 padding full\"><label>Priority: (select one or more options)<\/label> <span id=\"cs_prioridad\" class=\"wpcf7-form-control-wrap cs_prioridad\" data-name=\"cs_prioridad\"><span class=\"wpcf7-list-item wpcf7-list-item-1 first\"><input value=\"V\u00e4lit\u00f6n (24h)\" type=\"checkbox\" id=\"cs_prioridad_1\" name=\"cs_prioridad[]\" class=\"wpcf7-form-control wpcf7-checkbox wpcf7dtx wpcf7dtx-checkbox cs_prioridad\" aria-invalid=\"false\" required=\"required\"><label for=\"cs_prioridad_1\">V\u00e4lit\u00f6n (24h)<\/label><\/span><span class=\"wpcf7-list-item wpcf7-list-item-2\"><input value=\"Etuoikeutettu (1-3 p\u00e4iv\u00e4\u00e4)\" type=\"checkbox\" id=\"cs_prioridad_2\" name=\"cs_prioridad[]\" class=\"wpcf7-form-control wpcf7-checkbox wpcf7dtx wpcf7dtx-checkbox cs_prioridad\" aria-invalid=\"false\" required=\"required\"><label for=\"cs_prioridad_2\">Etuoikeutettu (1-3 p\u00e4iv\u00e4\u00e4)<\/label><\/span><span class=\"wpcf7-list-item wpcf7-list-item-3\"><input value=\"Ketter\u00e4 (4-10 p\u00e4iv\u00e4\u00e4)\" type=\"checkbox\" id=\"cs_prioridad_3\" name=\"cs_prioridad[]\" class=\"wpcf7-form-control wpcf7-checkbox wpcf7dtx wpcf7dtx-checkbox cs_prioridad\" aria-invalid=\"false\" required=\"required\"><label for=\"cs_prioridad_3\">Ketter\u00e4 (4-10 p\u00e4iv\u00e4\u00e4)<\/label><\/span><span class=\"wpcf7-list-item wpcf7-list-item-4 last\"><input value=\"Normaali (yli 10 p\u00e4iv\u00e4\u00e4)\" type=\"checkbox\" id=\"cs_prioridad_4\" name=\"cs_prioridad[]\" class=\"wpcf7-form-control wpcf7-checkbox wpcf7dtx wpcf7dtx-checkbox cs_prioridad\" aria-invalid=\"false\" required=\"required\"><label for=\"cs_prioridad_4\">Normaali (yli 10 p\u00e4iv\u00e4\u00e4)<\/label><\/span><\/span><\/div>\n<div class=\"col-12\"><span class=\"wpcf7-form-control-wrap\" data-name=\"txt-nombre\"><input size=\"40\" maxlength=\"400\" class=\"wpcf7-form-control wpcf7-text wpcf7-validates-as-required\" aria-required=\"true\" aria-invalid=\"false\" placeholder=\"Nimi *\" value=\"\" type=\"text\" name=\"txt-nombre\" \/><\/span><\/div>\n<div class=\"col-12\"><span class=\"wpcf7-form-control-wrap\" data-name=\"txt-apellido\"><input size=\"40\" maxlength=\"400\" class=\"wpcf7-form-control wpcf7-text wpcf7-validates-as-required\" aria-required=\"true\" aria-invalid=\"false\" placeholder=\"Sukunimi *\" value=\"\" type=\"text\" name=\"txt-apellido\" \/><\/span><\/div>\n<div class=\"col-12\"><span class=\"wpcf7-form-control-wrap\" data-name=\"txt-fono\"><input size=\"40\" maxlength=\"400\" class=\"wpcf7-form-control wpcf7-tel wpcf7-validates-as-required wpcf7-text wpcf7-validates-as-tel\" aria-required=\"true\" aria-invalid=\"false\" placeholder=\"Mobiili *\" value=\"\" type=\"tel\" name=\"txt-fono\" \/><\/span><\/div>\n<div class=\"col-12\"><span class=\"wpcf7-form-control-wrap\" data-name=\"txt-emilio\"><input size=\"40\" maxlength=\"400\" class=\"wpcf7-form-control wpcf7-email wpcf7-validates-as-required wpcf7-text wpcf7-validates-as-email\" aria-required=\"true\" aria-invalid=\"false\" placeholder=\"S\u00e4hk\u00f6posti *\" value=\"\" type=\"email\" name=\"txt-emilio\" \/><\/span><span id=\"wpcf7-69ebd7ee9698f-wrapper\" class=\"wpcf7-form-control-wrap mail-wrap\" ><label for=\"mail\" class=\"hp-message\">Por favor, deja este campo vac\u00edo.<\/label><input id=\"mail\"  class=\"wpcf7-form-control wpcf7-text mail\" type=\"text\" name=\"mail\" value=\"\" size=\"40\" tabindex=\"-1\" autocomplete=\"new-password\" \/><\/span><\/div>\n<div class=\"col-12 padding\"><label>Yhteyshenkil\u00f6n etusija:<\/label> <span class=\"wpcf7-form-control-wrap\" data-name=\"chk-contacto\"><span class=\"wpcf7-form-control wpcf7-checkbox wpcf7-validates-as-required\"><span class=\"wpcf7-list-item first\"><input type=\"checkbox\" name=\"chk-contacto[]\" value=\"S\u00e4hk\u00f6posti\" \/><span class=\"wpcf7-list-item-label\">S\u00e4hk\u00f6posti<\/span><\/span><span class=\"wpcf7-list-item\"><input type=\"checkbox\" name=\"chk-contacto[]\" value=\"Puhelin\" \/><span class=\"wpcf7-list-item-label\">Puhelin<\/span><\/span><span class=\"wpcf7-list-item last\"><input type=\"checkbox\" name=\"chk-contacto[]\" value=\"WhatsApp\" \/><span class=\"wpcf7-list-item-label\">WhatsApp<\/span><\/span><\/span><\/span><\/div>\n<div class=\"col-12 padding\"><label>Nimityspreferenssi:<\/label><span class=\"wpcf7-form-control-wrap\" data-name=\"chk-dias\"><span class=\"wpcf7-form-control wpcf7-checkbox wpcf7-validates-as-required\"><span class=\"wpcf7-list-item first\"><label><input type=\"checkbox\" name=\"chk-dias[]\" value=\"M\" \/><span class=\"wpcf7-list-item-label\">M<\/span><\/label><\/span><span class=\"wpcf7-list-item\"><label><input type=\"checkbox\" name=\"chk-dias[]\" value=\"T\" \/><span class=\"wpcf7-list-item-label\">T<\/span><\/label><\/span><span class=\"wpcf7-list-item\"><label><input type=\"checkbox\" name=\"chk-dias[]\" value=\"K\" \/><span class=\"wpcf7-list-item-label\">K<\/span><\/label><\/span><span class=\"wpcf7-list-item\"><label><input type=\"checkbox\" name=\"chk-dias[]\" value=\"To\" \/><span class=\"wpcf7-list-item-label\">To<\/span><\/label><\/span><span class=\"wpcf7-list-item last\"><label><input type=\"checkbox\" name=\"chk-dias[]\" value=\"P\" \/><span class=\"wpcf7-list-item-label\">P<\/span><\/label><\/span><\/span><\/span><span class=\"wpcf7-form-control-wrap\" data-name=\"chk-am-pm\"><span class=\"wpcf7-form-control wpcf7-checkbox wpcf7-validates-as-required\"><span class=\"wpcf7-list-item first\"><label><input type=\"checkbox\" name=\"chk-am-pm[]\" value=\"Huomenta\" \/><span class=\"wpcf7-list-item-label\">Huomenta<\/span><\/label><\/span><span class=\"wpcf7-list-item last\"><label><input type=\"checkbox\" name=\"chk-am-pm[]\" value=\"Iltap\u00e4iv\u00e4\" \/><span class=\"wpcf7-list-item-label\">Iltap\u00e4iv\u00e4<\/span><\/label><\/span><\/span><\/span><\/div>\n<div class=\"col-12 acepto-obligatorio acepto obligatorio text-right padding\"><span class=\"wpcf7-form-control-wrap\" data-name=\"acceptance-717\"><span class=\"wpcf7-form-control wpcf7-acceptance\"><span class=\"wpcf7-list-item\"><input type=\"checkbox\" name=\"acceptance-717\" value=\"1\" aria-invalid=\"false\" \/><\/span><\/span><\/span> Olen lukenut ja hyv\u00e4ksyn <a href=\"https:\/\/scandinavianhealthcenter.com\/fi\/privacy-policy\/\" target=\"_blank\">tietosuojak\u00e4yt\u00e4nn\u00f6n<\/a> <small>(*) Pakolliset kent\u00e4t<\/small><\/div>\n<div class=\"col-12\"><input class=\"wpcf7-form-control wpcf7-submit has-spinner button\" type=\"submit\" value=\"L\u00c4HET\u00c4\" \/><\/div>\n<\/div>\n<\/div><div class=\"wpcf7-response-output\" aria-hidden=\"true\"><\/div>\n<\/form>\n<\/div>\n<\/div>\n\t\t\t\t\t\t<\/div>\n\t\t\t\t<\/div>\n\t\t\t\t<div class=\"elementor-element elementor-element-b4e72c5 elementor-widget elementor-widget-spacer\" data-id=\"b4e72c5\" data-element_type=\"widget\" data-widget_type=\"spacer.default\">\n\t\t\t\t<div class=\"elementor-widget-container\">\n\t\t\t\t\t\t\t<div class=\"elementor-spacer\">\n\t\t\t<div class=\"elementor-spacer-inner\"><\/div>\n\t\t<\/div>\n\t\t\t\t\t\t<\/div>\n\t\t\t\t<\/div>\n\t\t\t\t\t<\/div>\n\t\t\t\t<\/div>\n\t\t\t\t\t<\/div>\n\t\t\t\t<\/div>\n\t\t<div class=\"elementor-element elementor-element-2a88ffb e-flex e-con-boxed e-con e-parent\" data-id=\"2a88ffb\" data-element_type=\"container\">\n\t\t\t\t\t<div class=\"e-con-inner\">\n\t\t\t\t<div class=\"elementor-element elementor-element-72752f6 elementor-widget elementor-widget-spacer\" data-id=\"72752f6\" data-element_type=\"widget\" data-widget_type=\"spacer.default\">\n\t\t\t\t<div class=\"elementor-widget-container\">\n\t\t\t\t\t\t\t<div class=\"elementor-spacer\">\n\t\t\t<div class=\"elementor-spacer-inner\"><\/div>\n\t\t<\/div>\n\t\t\t\t\t\t<\/div>\n\t\t\t\t<\/div>\n\t\t\t\t\t<\/div>\n\t\t\t\t<\/div>\n\t\t\t\t<\/div>\n\t\t","protected":false},"excerpt":{"rendered":"<p>Melkein perill\u00e4! T\u00e4yt\u00e4 alla oleva lomake, ja asiamiehemme ottavat sinuun pian yhteytt\u00e4 auttaakseen sinua saamaan l\u00e4\u00e4k\u00e4riajan.<\/p>\n","protected":false},"author":1,"featured_media":702,"parent":0,"menu_order":0,"comment_status":"closed","ping_status":"closed","template":"page-form-doctor.php","meta":{"footnotes":""},"class_list":["post-744","page","type-page","status-publish","has-post-thumbnail","hentry"],"yoast_head":"<!-- This site is optimized with the Yoast SEO plugin v26.8 - https:\/\/yoast.com\/product\/yoast-seo-wordpress\/ -->\n<title>Varaa aika - Scandinavian Health Center<\/title>\n<meta name=\"robots\" content=\"index, follow, max-snippet:-1, max-image-preview:large, max-video-preview:-1\" \/>\n<link rel=\"canonical\" href=\"https:\/\/scandinavianhealthcenter.com\/fi\/make-an-appointment\/\" \/>\n<meta property=\"og:locale\" content=\"fi_FI\" \/>\n<meta property=\"og:type\" content=\"article\" \/>\n<meta property=\"og:title\" content=\"Varaa aika - Scandinavian Health Center\" \/>\n<meta property=\"og:description\" content=\"Melkein perill\u00e4! T\u00e4yt\u00e4 alla oleva lomake, ja asiamiehemme ottavat sinuun pian yhteytt\u00e4 auttaakseen sinua saamaan l\u00e4\u00e4k\u00e4riajan.\" \/>\n<meta property=\"og:url\" content=\"https:\/\/scandinavianhealthcenter.com\/fi\/make-an-appointment\/\" \/>\n<meta property=\"og:site_name\" content=\"Scandinavian Health Center\" \/>\n<meta property=\"article:modified_time\" content=\"2025-04-10T10:54:35+00:00\" \/>\n<meta property=\"og:image\" content=\"https:\/\/scandinavianhealthcenter.com\/wp-content\/uploads\/2025\/03\/citam-doctor-header.jpg\" \/>\n\t<meta property=\"og:image:width\" content=\"1599\" \/>\n\t<meta property=\"og:image:height\" content=\"700\" \/>\n\t<meta property=\"og:image:type\" content=\"image\/jpeg\" \/>\n<meta name=\"twitter:card\" content=\"summary_large_image\" \/>\n<meta name=\"twitter:label1\" content=\"Arvioitu lukuaika\" \/>\n\t<meta name=\"twitter:data1\" content=\"1 minuutti\" \/>\n<script type=\"application\/ld+json\" class=\"yoast-schema-graph\">{\"@context\":\"https:\/\/schema.org\",\"@graph\":[{\"@type\":\"WebPage\",\"@id\":\"https:\/\/scandinavianhealthcenter.com\/fi\/make-an-appointment\/\",\"url\":\"https:\/\/scandinavianhealthcenter.com\/fi\/make-an-appointment\/\",\"name\":\"Varaa aika - Scandinavian Health Center\",\"isPartOf\":{\"@id\":\"https:\/\/scandinavianhealthcenter.com\/fi\/#website\"},\"primaryImageOfPage\":{\"@id\":\"https:\/\/scandinavianhealthcenter.com\/fi\/make-an-appointment\/#primaryimage\"},\"image\":{\"@id\":\"https:\/\/scandinavianhealthcenter.com\/fi\/make-an-appointment\/#primaryimage\"},\"thumbnailUrl\":\"https:\/\/scandinavianhealthcenter.com\/wp-content\/uploads\/2025\/03\/citam-doctor-header.jpg\",\"datePublished\":\"2025-03-03T10:27:34+00:00\",\"dateModified\":\"2025-04-10T10:54:35+00:00\",\"breadcrumb\":{\"@id\":\"https:\/\/scandinavianhealthcenter.com\/fi\/make-an-appointment\/#breadcrumb\"},\"inLanguage\":\"fi\",\"potentialAction\":[{\"@type\":\"ReadAction\",\"target\":[\"https:\/\/scandinavianhealthcenter.com\/fi\/make-an-appointment\/\"]}]},{\"@type\":\"ImageObject\",\"inLanguage\":\"fi\",\"@id\":\"https:\/\/scandinavianhealthcenter.com\/fi\/make-an-appointment\/#primaryimage\",\"url\":\"https:\/\/scandinavianhealthcenter.com\/wp-content\/uploads\/2025\/03\/citam-doctor-header.jpg\",\"contentUrl\":\"https:\/\/scandinavianhealthcenter.com\/wp-content\/uploads\/2025\/03\/citam-doctor-header.jpg\",\"width\":1599,\"height\":700},{\"@type\":\"BreadcrumbList\",\"@id\":\"https:\/\/scandinavianhealthcenter.com\/fi\/make-an-appointment\/#breadcrumb\",\"itemListElement\":[{\"@type\":\"ListItem\",\"position\":1,\"name\":\"Home\",\"item\":\"https:\/\/scandinavianhealthcenter.com\/fi\/\"},{\"@type\":\"ListItem\",\"position\":2,\"name\":\"Varaa aika\"}]},{\"@type\":\"WebSite\",\"@id\":\"https:\/\/scandinavianhealthcenter.com\/fi\/#website\",\"url\":\"https:\/\/scandinavianhealthcenter.com\/fi\/\",\"name\":\"Scandinavian HealtCenter\",\"description\":\"Sairaanhoitoapu skandinaaveille Mallorca\",\"publisher\":{\"@id\":\"https:\/\/scandinavianhealthcenter.com\/fi\/#organization\"},\"potentialAction\":[{\"@type\":\"SearchAction\",\"target\":{\"@type\":\"EntryPoint\",\"urlTemplate\":\"https:\/\/scandinavianhealthcenter.com\/fi\/?s={search_term_string}\"},\"query-input\":{\"@type\":\"PropertyValueSpecification\",\"valueRequired\":true,\"valueName\":\"search_term_string\"}}],\"inLanguage\":\"fi\"},{\"@type\":\"Organization\",\"@id\":\"https:\/\/scandinavianhealthcenter.com\/fi\/#organization\",\"name\":\"Citam\",\"url\":\"https:\/\/scandinavianhealthcenter.com\/fi\/\",\"logo\":{\"@type\":\"ImageObject\",\"inLanguage\":\"fi\",\"@id\":\"https:\/\/scandinavianhealthcenter.com\/fi\/#\/schema\/logo\/image\/\",\"url\":\"https:\/\/scandinavianhealthcenter.com\/wp-content\/uploads\/2025\/03\/scandinavianhealthcenter-logo-top.png\",\"contentUrl\":\"https:\/\/scandinavianhealthcenter.com\/wp-content\/uploads\/2025\/03\/scandinavianhealthcenter-logo-top.png\",\"width\":350,\"height\":99,\"caption\":\"Citam\"},\"image\":{\"@id\":\"https:\/\/scandinavianhealthcenter.com\/fi\/#\/schema\/logo\/image\/\"}}]}<\/script>\n<!-- \/ Yoast SEO plugin. -->","yoast_head_json":{"title":"Varaa aika - Scandinavian Health Center","robots":{"index":"index","follow":"follow","max-snippet":"max-snippet:-1","max-image-preview":"max-image-preview:large","max-video-preview":"max-video-preview:-1"},"canonical":"https:\/\/scandinavianhealthcenter.com\/fi\/make-an-appointment\/","og_locale":"fi_FI","og_type":"article","og_title":"Varaa aika - Scandinavian Health Center","og_description":"Melkein perill\u00e4! T\u00e4yt\u00e4 alla oleva lomake, ja asiamiehemme ottavat sinuun pian yhteytt\u00e4 auttaakseen sinua saamaan l\u00e4\u00e4k\u00e4riajan.","og_url":"https:\/\/scandinavianhealthcenter.com\/fi\/make-an-appointment\/","og_site_name":"Scandinavian Health Center","article_modified_time":"2025-04-10T10:54:35+00:00","og_image":[{"width":1599,"height":700,"url":"https:\/\/scandinavianhealthcenter.com\/wp-content\/uploads\/2025\/03\/citam-doctor-header.jpg","type":"image\/jpeg"}],"twitter_card":"summary_large_image","twitter_misc":{"Arvioitu lukuaika":"1 minuutti"},"schema":{"@context":"https:\/\/schema.org","@graph":[{"@type":"WebPage","@id":"https:\/\/scandinavianhealthcenter.com\/fi\/make-an-appointment\/","url":"https:\/\/scandinavianhealthcenter.com\/fi\/make-an-appointment\/","name":"Varaa aika - Scandinavian Health Center","isPartOf":{"@id":"https:\/\/scandinavianhealthcenter.com\/fi\/#website"},"primaryImageOfPage":{"@id":"https:\/\/scandinavianhealthcenter.com\/fi\/make-an-appointment\/#primaryimage"},"image":{"@id":"https:\/\/scandinavianhealthcenter.com\/fi\/make-an-appointment\/#primaryimage"},"thumbnailUrl":"https:\/\/scandinavianhealthcenter.com\/wp-content\/uploads\/2025\/03\/citam-doctor-header.jpg","datePublished":"2025-03-03T10:27:34+00:00","dateModified":"2025-04-10T10:54:35+00:00","breadcrumb":{"@id":"https:\/\/scandinavianhealthcenter.com\/fi\/make-an-appointment\/#breadcrumb"},"inLanguage":"fi","potentialAction":[{"@type":"ReadAction","target":["https:\/\/scandinavianhealthcenter.com\/fi\/make-an-appointment\/"]}]},{"@type":"ImageObject","inLanguage":"fi","@id":"https:\/\/scandinavianhealthcenter.com\/fi\/make-an-appointment\/#primaryimage","url":"https:\/\/scandinavianhealthcenter.com\/wp-content\/uploads\/2025\/03\/citam-doctor-header.jpg","contentUrl":"https:\/\/scandinavianhealthcenter.com\/wp-content\/uploads\/2025\/03\/citam-doctor-header.jpg","width":1599,"height":700},{"@type":"BreadcrumbList","@id":"https:\/\/scandinavianhealthcenter.com\/fi\/make-an-appointment\/#breadcrumb","itemListElement":[{"@type":"ListItem","position":1,"name":"Home","item":"https:\/\/scandinavianhealthcenter.com\/fi\/"},{"@type":"ListItem","position":2,"name":"Varaa aika"}]},{"@type":"WebSite","@id":"https:\/\/scandinavianhealthcenter.com\/fi\/#website","url":"https:\/\/scandinavianhealthcenter.com\/fi\/","name":"Scandinavian HealtCenter","description":"Sairaanhoitoapu skandinaaveille Mallorca","publisher":{"@id":"https:\/\/scandinavianhealthcenter.com\/fi\/#organization"},"potentialAction":[{"@type":"SearchAction","target":{"@type":"EntryPoint","urlTemplate":"https:\/\/scandinavianhealthcenter.com\/fi\/?s={search_term_string}"},"query-input":{"@type":"PropertyValueSpecification","valueRequired":true,"valueName":"search_term_string"}}],"inLanguage":"fi"},{"@type":"Organization","@id":"https:\/\/scandinavianhealthcenter.com\/fi\/#organization","name":"Citam","url":"https:\/\/scandinavianhealthcenter.com\/fi\/","logo":{"@type":"ImageObject","inLanguage":"fi","@id":"https:\/\/scandinavianhealthcenter.com\/fi\/#\/schema\/logo\/image\/","url":"https:\/\/scandinavianhealthcenter.com\/wp-content\/uploads\/2025\/03\/scandinavianhealthcenter-logo-top.png","contentUrl":"https:\/\/scandinavianhealthcenter.com\/wp-content\/uploads\/2025\/03\/scandinavianhealthcenter-logo-top.png","width":350,"height":99,"caption":"Citam"},"image":{"@id":"https:\/\/scandinavianhealthcenter.com\/fi\/#\/schema\/logo\/image\/"}}]}},"_links":{"self":[{"href":"https:\/\/scandinavianhealthcenter.com\/fi\/wp-json\/wp\/v2\/pages\/744","targetHints":{"allow":["GET"]}}],"collection":[{"href":"https:\/\/scandinavianhealthcenter.com\/fi\/wp-json\/wp\/v2\/pages"}],"about":[{"href":"https:\/\/scandinavianhealthcenter.com\/fi\/wp-json\/wp\/v2\/types\/page"}],"author":[{"embeddable":true,"href":"https:\/\/scandinavianhealthcenter.com\/fi\/wp-json\/wp\/v2\/users\/1"}],"replies":[{"embeddable":true,"href":"https:\/\/scandinavianhealthcenter.com\/fi\/wp-json\/wp\/v2\/comments?post=744"}],"version-history":[{"count":7,"href":"https:\/\/scandinavianhealthcenter.com\/fi\/wp-json\/wp\/v2\/pages\/744\/revisions"}],"predecessor-version":[{"id":1595,"href":"https:\/\/scandinavianhealthcenter.com\/fi\/wp-json\/wp\/v2\/pages\/744\/revisions\/1595"}],"wp:featuredmedia":[{"embeddable":true,"href":"https:\/\/scandinavianhealthcenter.com\/fi\/wp-json\/wp\/v2\/media\/702"}],"wp:attachment":[{"href":"https:\/\/scandinavianhealthcenter.com\/fi\/wp-json\/wp\/v2\/media?parent=744"}],"curies":[{"name":"wp","href":"https:\/\/api.w.org\/{rel}","templated":true}]}}