{"id":713,"date":"2025-03-03T13:51:42","date_gmt":"2025-03-03T12:51:42","guid":{"rendered":"https:\/\/scandinavianhealthcenter.com\/frequently-asked-questions\/"},"modified":"2025-04-09T17:45:26","modified_gmt":"2025-04-09T15:45:26","slug":"frequently-asked-questions","status":"publish","type":"page","link":"https:\/\/scandinavianhealthcenter.com\/fi\/frequently-asked-questions\/","title":{"rendered":"Usein kysytyt kysymykset"},"content":{"rendered":"\t\t<div data-elementor-type=\"wp-page\" data-elementor-id=\"713\" class=\"elementor elementor-713 elementor-193\">\n\t\t\t\t<div class=\"elementor-element elementor-element-8794b32 e-flex e-con-boxed e-con e-parent\" data-id=\"8794b32\" data-element_type=\"container\">\n\t\t\t\t\t<div class=\"e-con-inner\">\n\t\t\t\t<div class=\"elementor-element elementor-element-d4002e5 elementor-widget elementor-widget-spacer\" data-id=\"d4002e5\" data-element_type=\"widget\" data-widget_type=\"spacer.default\">\n\t\t\t\t<div class=\"elementor-widget-container\">\n\t\t\t\t\t\t\t<div class=\"elementor-spacer\">\n\t\t\t<div class=\"elementor-spacer-inner\"><\/div>\n\t\t<\/div>\n\t\t\t\t\t\t<\/div>\n\t\t\t\t<\/div>\n\t\t\t\t<div class=\"elementor-element elementor-element-c07c97f elementor-widget elementor-widget-accordion\" data-id=\"c07c97f\" data-element_type=\"widget\" data-widget_type=\"accordion.default\">\n\t\t\t\t<div class=\"elementor-widget-container\">\n\t\t\t\t\t\t\t<div class=\"elementor-accordion\">\n\t\t\t\t\t\t\t<div class=\"elementor-accordion-item\">\n\t\t\t\t\t<div id=\"elementor-tab-title-2011\" class=\"elementor-tab-title\" data-tab=\"1\" role=\"button\" aria-controls=\"elementor-tab-content-2011\" aria-expanded=\"false\">\n\t\t\t\t\t\t\t\t\t\t\t\t\t<span class=\"elementor-accordion-icon elementor-accordion-icon-right\" aria-hidden=\"true\">\n\t\t\t\t\t\t\t\t\t\t\t\t\t\t\t<span class=\"elementor-accordion-icon-closed\"><svg class=\"e-font-icon-svg e-fas-chevron-down\" viewBox=\"0 0 448 512\" xmlns=\"http:\/\/www.w3.org\/2000\/svg\"><path d=\"M207.029 381.476L12.686 187.132c-9.373-9.373-9.373-24.569 0-33.941l22.667-22.667c9.357-9.357 24.522-9.375 33.901-.04L224 284.505l154.745-154.021c9.379-9.335 24.544-9.317 33.901.04l22.667 22.667c9.373 9.373 9.373 24.569 0 33.941L240.971 381.476c-9.373 9.372-24.569 9.372-33.942 0z\"><\/path><\/svg><\/span>\n\t\t\t\t\t\t\t\t<span class=\"elementor-accordion-icon-opened\"><svg class=\"e-font-icon-svg e-fas-chevron-up\" viewBox=\"0 0 448 512\" xmlns=\"http:\/\/www.w3.org\/2000\/svg\"><path d=\"M240.971 130.524l194.343 194.343c9.373 9.373 9.373 24.569 0 33.941l-22.667 22.667c-9.357 9.357-24.522 9.375-33.901.04L224 227.495 69.255 381.516c-9.379 9.335-24.544 9.317-33.901-.04l-22.667-22.667c-9.373-9.373-9.373-24.569 0-33.941L207.03 130.525c9.372-9.373 24.568-9.373 33.941-.001z\"><\/path><\/svg><\/span>\n\t\t\t\t\t\t\t\t\t\t\t\t\t\t<\/span>\n\t\t\t\t\t\t\t\t\t\t\t\t<a class=\"elementor-accordion-title\" tabindex=\"0\">En tied\u00e4, mik\u00e4 erikoisl\u00e4\u00e4k\u00e4ri soveltuu parhaiten patologiaan<\/a>\n\t\t\t\t\t<\/div>\n\t\t\t\t\t<div id=\"elementor-tab-content-2011\" class=\"elementor-tab-content elementor-clearfix\" data-tab=\"1\" role=\"region\" aria-labelledby=\"elementor-tab-title-2011\"><p><strong><span style=\"color: #164386;\">Scandinavian HEALTHCENTERiss\u00e4<\/span><\/strong> meill\u00e4 on asiantuntijoita, jotka voivat auttaa sinua puhelimitse maksutta ja suositella tarpeisiisi parhaiten sopivaa erikoisalaa.<\/p><\/div>\n\t\t\t\t<\/div>\n\t\t\t\t\t\t\t<div class=\"elementor-accordion-item\">\n\t\t\t\t\t<div id=\"elementor-tab-title-2012\" class=\"elementor-tab-title\" data-tab=\"2\" role=\"button\" aria-controls=\"elementor-tab-content-2012\" aria-expanded=\"false\">\n\t\t\t\t\t\t\t\t\t\t\t\t\t<span class=\"elementor-accordion-icon elementor-accordion-icon-right\" aria-hidden=\"true\">\n\t\t\t\t\t\t\t\t\t\t\t\t\t\t\t<span class=\"elementor-accordion-icon-closed\"><svg class=\"e-font-icon-svg e-fas-chevron-down\" viewBox=\"0 0 448 512\" xmlns=\"http:\/\/www.w3.org\/2000\/svg\"><path d=\"M207.029 381.476L12.686 187.132c-9.373-9.373-9.373-24.569 0-33.941l22.667-22.667c9.357-9.357 24.522-9.375 33.901-.04L224 284.505l154.745-154.021c9.379-9.335 24.544-9.317 33.901.04l22.667 22.667c9.373 9.373 9.373 24.569 0 33.941L240.971 381.476c-9.373 9.372-24.569 9.372-33.942 0z\"><\/path><\/svg><\/span>\n\t\t\t\t\t\t\t\t<span class=\"elementor-accordion-icon-opened\"><svg class=\"e-font-icon-svg e-fas-chevron-up\" viewBox=\"0 0 448 512\" xmlns=\"http:\/\/www.w3.org\/2000\/svg\"><path d=\"M240.971 130.524l194.343 194.343c9.373 9.373 9.373 24.569 0 33.941l-22.667 22.667c-9.357 9.357-24.522 9.375-33.901.04L224 227.495 69.255 381.516c-9.379 9.335-24.544 9.317-33.901-.04l-22.667-22.667c-9.373-9.373-9.373-24.569 0-33.941L207.03 130.525c9.372-9.373 24.568-9.373 33.941-.001z\"><\/path><\/svg><\/span>\n\t\t\t\t\t\t\t\t\t\t\t\t\t\t<\/span>\n\t\t\t\t\t\t\t\t\t\t\t\t<a class=\"elementor-accordion-title\" tabindex=\"0\">Miten voin ottaa yhteytt\u00e4 Scandinavian HEALTHCENTERiin?<\/a>\n\t\t\t\t\t<\/div>\n\t\t\t\t\t<div id=\"elementor-tab-content-2012\" class=\"elementor-tab-content elementor-clearfix\" data-tab=\"2\" role=\"region\" aria-labelledby=\"elementor-tab-title-2012\"><p><span style=\"color: #164386;\"><strong>Scandinavian HEALTHCENTERiss\u00e4<\/strong><\/span> me sopeudumme auttamaan sinua sinulle parhaiten sopivalla tavalla ja sopivana ajankohtana.<br \/>Asiamiehemme ovat valmiina auttamaan sinua maanantaista perjantaihin klo 9.30-14.30 ja 16.30-19; s\u00e4hk\u00f6postitse osoitteessa <strong><span style=\"color: #164386;\">admin@scandinavianhealthcenter.com<\/span><\/strong> tai verkkolomakkeilla.<\/p><\/div>\n\t\t\t\t<\/div>\n\t\t\t\t\t\t\t<div class=\"elementor-accordion-item\">\n\t\t\t\t\t<div id=\"elementor-tab-title-2013\" class=\"elementor-tab-title\" data-tab=\"3\" role=\"button\" aria-controls=\"elementor-tab-content-2013\" aria-expanded=\"false\">\n\t\t\t\t\t\t\t\t\t\t\t\t\t<span class=\"elementor-accordion-icon elementor-accordion-icon-right\" aria-hidden=\"true\">\n\t\t\t\t\t\t\t\t\t\t\t\t\t\t\t<span class=\"elementor-accordion-icon-closed\"><svg class=\"e-font-icon-svg e-fas-chevron-down\" viewBox=\"0 0 448 512\" xmlns=\"http:\/\/www.w3.org\/2000\/svg\"><path d=\"M207.029 381.476L12.686 187.132c-9.373-9.373-9.373-24.569 0-33.941l22.667-22.667c9.357-9.357 24.522-9.375 33.901-.04L224 284.505l154.745-154.021c9.379-9.335 24.544-9.317 33.901.04l22.667 22.667c9.373 9.373 9.373 24.569 0 33.941L240.971 381.476c-9.373 9.372-24.569 9.372-33.942 0z\"><\/path><\/svg><\/span>\n\t\t\t\t\t\t\t\t<span class=\"elementor-accordion-icon-opened\"><svg class=\"e-font-icon-svg e-fas-chevron-up\" viewBox=\"0 0 448 512\" xmlns=\"http:\/\/www.w3.org\/2000\/svg\"><path d=\"M240.971 130.524l194.343 194.343c9.373 9.373 9.373 24.569 0 33.941l-22.667 22.667c-9.357 9.357-24.522 9.375-33.901.04L224 227.495 69.255 381.516c-9.379 9.335-24.544 9.317-33.901-.04l-22.667-22.667c-9.373-9.373-9.373-24.569 0-33.941L207.03 130.525c9.372-9.373 24.568-9.373 33.941-.001z\"><\/path><\/svg><\/span>\n\t\t\t\t\t\t\t\t\t\t\t\t\t\t<\/span>\n\t\t\t\t\t\t\t\t\t\t\t\t<a class=\"elementor-accordion-title\" tabindex=\"0\">Minulla on yksityinen vakuutus, voinko saada ajan Scandinavian HEALTHCENTERin kautta?<\/a>\n\t\t\t\t\t<\/div>\n\t\t\t\t\t<div id=\"elementor-tab-content-2013\" class=\"elementor-tab-content elementor-clearfix\" data-tab=\"3\" role=\"region\" aria-labelledby=\"elementor-tab-title-2013\"><p><strong><span style=\"color: #164386;\">Scandinavian HEALTHCENTER<\/span><\/strong> ja kanssamme ty\u00f6skentelev\u00e4t ammattilaiset ovat sitoutuneet varmistamaan ajanvarauksen ripe\u00e4sti yksityispotilaille, joilla on mik\u00e4 tahansa vakuutus tai oikeus korvaukseen.<\/p><\/div>\n\t\t\t\t<\/div>\n\t\t\t\t\t\t\t\t\t\t<script type=\"application\/ld+json\">{\"@context\":\"https:\\\/\\\/schema.org\",\"@type\":\"FAQPage\",\"mainEntity\":[{\"@type\":\"Question\",\"name\":\"En tied\\u00e4, mik\\u00e4 erikoisl\\u00e4\\u00e4k\\u00e4ri soveltuu parhaiten patologiaan\",\"acceptedAnswer\":{\"@type\":\"Answer\",\"text\":\"<p><strong><span style=\\\"color: #164386;\\\">Scandinavian HEALTHCENTERiss\\u00e4<\\\/span><\\\/strong> meill\\u00e4 on asiantuntijoita, jotka voivat auttaa sinua puhelimitse maksutta ja suositella tarpeisiisi parhaiten sopivaa erikoisalaa.<\\\/p>\"}},{\"@type\":\"Question\",\"name\":\"Miten voin ottaa yhteytt\\u00e4 Scandinavian HEALTHCENTERiin?\",\"acceptedAnswer\":{\"@type\":\"Answer\",\"text\":\"<p><span style=\\\"color: #164386;\\\"><strong>Scandinavian HEALTHCENTERiss\\u00e4<\\\/strong><\\\/span> me sopeudumme auttamaan sinua sinulle parhaiten sopivalla tavalla ja sopivana ajankohtana.<br \\\/>Asiamiehemme ovat valmiina auttamaan sinua maanantaista perjantaihin klo 9.30-14.30 ja 16.30-19; s\\u00e4hk\\u00f6postitse osoitteessa <strong><span style=\\\"color: #164386;\\\">admin@scandinavianhealthcenter.com<\\\/span><\\\/strong> tai verkkolomakkeilla.<\\\/p>\"}},{\"@type\":\"Question\",\"name\":\"Minulla on yksityinen vakuutus, voinko saada ajan Scandinavian HEALTHCENTERin kautta?\",\"acceptedAnswer\":{\"@type\":\"Answer\",\"text\":\"<p><strong><span style=\\\"color: #164386;\\\">Scandinavian HEALTHCENTER<\\\/span><\\\/strong> ja kanssamme ty\\u00f6skentelev\\u00e4t ammattilaiset ovat sitoutuneet varmistamaan ajanvarauksen ripe\\u00e4sti yksityispotilaille, joilla on mik\\u00e4 tahansa vakuutus tai oikeus korvaukseen.<\\\/p>\"}}]}<\/script>\n\t\t\t\t\t<\/div>\n\t\t\t\t\t\t<\/div>\n\t\t\t\t<\/div>\n\t\t\t\t\t<\/div>\n\t\t\t\t<\/div>\n\t\t<div class=\"elementor-element elementor-element-b7d82b8 e-flex e-con-boxed e-con e-parent\" data-id=\"b7d82b8\" data-element_type=\"container\">\n\t\t\t\t\t<div class=\"e-con-inner\">\n\t\t\t\t<div class=\"elementor-element elementor-element-07fc712 elementor-widget elementor-widget-heading\" data-id=\"07fc712\" data-element_type=\"widget\" data-widget_type=\"heading.default\">\n\t\t\t\t<div class=\"elementor-widget-container\">\n\t\t\t\t\t<h3 class=\"elementor-heading-title elementor-size-default\">Onko teill\u00e4 muita kysymyksi\u00e4?<\/h3>\t\t\t\t<\/div>\n\t\t\t\t<\/div>\n\t\t\t\t<div class=\"elementor-element elementor-element-8f4c92e elementor-align-center elementor-widget elementor-widget-button\" data-id=\"8f4c92e\" data-element_type=\"widget\" data-widget_type=\"button.default\">\n\t\t\t\t<div class=\"elementor-widget-container\">\n\t\t\t\t\t\t\t\t\t<div class=\"elementor-button-wrapper\">\n\t\t\t\t\t<a class=\"elementor-button elementor-button-link elementor-size-sm\" href=\"https:\/\/scandinavianhealthcenter.com\/fi\/contact-us\/\">\n\t\t\t\t\t\t<span class=\"elementor-button-content-wrapper\">\n\t\t\t\t\t\t\t\t\t<span class=\"elementor-button-text\">L\u00c4HET\u00c4 SE MEILLE<\/span>\n\t\t\t\t\t<\/span>\n\t\t\t\t\t<\/a>\n\t\t\t\t<\/div>\n\t\t\t\t\t\t\t\t<\/div>\n\t\t\t\t<\/div>\n\t\t\t\t<div class=\"elementor-element elementor-element-ef44286 elementor-widget elementor-widget-spacer\" data-id=\"ef44286\" data-element_type=\"widget\" data-widget_type=\"spacer.default\">\n\t\t\t\t<div class=\"elementor-widget-container\">\n\t\t\t\t\t\t\t<div class=\"elementor-spacer\">\n\t\t\t<div class=\"elementor-spacer-inner\"><\/div>\n\t\t<\/div>\n\t\t\t\t\t\t<\/div>\n\t\t\t\t<\/div>\n\t\t\t\t\t<\/div>\n\t\t\t\t<\/div>\n\t\t\t\t<\/div>\n\t\t","protected":false},"excerpt":{"rendered":"<p>En tied\u00e4, mik\u00e4 erikoisl\u00e4\u00e4k\u00e4ri soveltuu parhaiten patologiaan Scandinavian HEALTHCENTERiss\u00e4 meill\u00e4 on asiantuntijoita, jotka voivat auttaa sinua puhelimitse maksutta ja suositella tarpeisiisi parhaiten sopivaa erikoisalaa. Miten voin ottaa yhteytt\u00e4 Scandinavian HEALTHCENTERiin? Scandinavian HEALTHCENTERiss\u00e4 me sopeudumme auttamaan sinua sinulle parhaiten sopivalla tavalla ja sopivana ajankohtana.Asiamiehemme ovat valmiina auttamaan sinua maanantaista perjantaihin klo 9.30-14.30 ja 16.30-19; s\u00e4hk\u00f6postitse osoitteessa&#8230;<\/p>\n","protected":false},"author":1,"featured_media":714,"parent":0,"menu_order":0,"comment_status":"closed","ping_status":"closed","template":"","meta":{"footnotes":""},"class_list":["post-713","page","type-page","status-publish","has-post-thumbnail","hentry"],"yoast_head":"<!-- This site is optimized with the Yoast SEO plugin v26.8 - https:\/\/yoast.com\/product\/yoast-seo-wordpress\/ -->\n<title>Usein kysytyt kysymykset | Scandinavian Health Center<\/title>\n<meta name=\"description\" content=\"Frequently asked questions and answers\" \/>\n<meta name=\"robots\" content=\"index, follow, max-snippet:-1, max-image-preview:large, max-video-preview:-1\" \/>\n<link rel=\"canonical\" href=\"https:\/\/scandinavianhealthcenter.com\/fi\/frequently-asked-questions\/\" \/>\n<meta property=\"og:locale\" content=\"fi_FI\" \/>\n<meta property=\"og:type\" content=\"article\" \/>\n<meta property=\"og:title\" content=\"Usein kysytyt kysymykset | Scandinavian Health Center\" \/>\n<meta property=\"og:description\" content=\"Frequently asked questions and answers\" \/>\n<meta property=\"og:url\" content=\"https:\/\/scandinavianhealthcenter.com\/fi\/frequently-asked-questions\/\" \/>\n<meta property=\"og:site_name\" content=\"Scandinavian Health Center\" \/>\n<meta property=\"article:modified_time\" content=\"2025-04-09T15:45:26+00:00\" \/>\n<meta property=\"og:image\" content=\"https:\/\/scandinavianhealthcenter.com\/wp-content\/uploads\/2025\/03\/Citam-Preguntas-Frecuentes.jpg\" \/>\n\t<meta property=\"og:image:width\" content=\"2200\" \/>\n\t<meta property=\"og:image:height\" content=\"960\" \/>\n\t<meta property=\"og:image:type\" content=\"image\/jpeg\" \/>\n<meta name=\"twitter:card\" content=\"summary_large_image\" \/>\n<meta name=\"twitter:label1\" content=\"Arvioitu lukuaika\" \/>\n\t<meta name=\"twitter:data1\" content=\"1 minuutti\" \/>\n<script type=\"application\/ld+json\" class=\"yoast-schema-graph\">{\"@context\":\"https:\/\/schema.org\",\"@graph\":[{\"@type\":\"WebPage\",\"@id\":\"https:\/\/scandinavianhealthcenter.com\/fi\/frequently-asked-questions\/\",\"url\":\"https:\/\/scandinavianhealthcenter.com\/fi\/frequently-asked-questions\/\",\"name\":\"Usein kysytyt kysymykset | Scandinavian Health Center\",\"isPartOf\":{\"@id\":\"https:\/\/scandinavianhealthcenter.com\/fi\/#website\"},\"primaryImageOfPage\":{\"@id\":\"https:\/\/scandinavianhealthcenter.com\/fi\/frequently-asked-questions\/#primaryimage\"},\"image\":{\"@id\":\"https:\/\/scandinavianhealthcenter.com\/fi\/frequently-asked-questions\/#primaryimage\"},\"thumbnailUrl\":\"https:\/\/scandinavianhealthcenter.com\/wp-content\/uploads\/2025\/03\/Citam-Preguntas-Frecuentes.jpg\",\"datePublished\":\"2025-03-03T12:51:42+00:00\",\"dateModified\":\"2025-04-09T15:45:26+00:00\",\"description\":\"Frequently asked questions and answers\",\"breadcrumb\":{\"@id\":\"https:\/\/scandinavianhealthcenter.com\/fi\/frequently-asked-questions\/#breadcrumb\"},\"inLanguage\":\"fi\",\"potentialAction\":[{\"@type\":\"ReadAction\",\"target\":[\"https:\/\/scandinavianhealthcenter.com\/fi\/frequently-asked-questions\/\"]}]},{\"@type\":\"ImageObject\",\"inLanguage\":\"fi\",\"@id\":\"https:\/\/scandinavianhealthcenter.com\/fi\/frequently-asked-questions\/#primaryimage\",\"url\":\"https:\/\/scandinavianhealthcenter.com\/wp-content\/uploads\/2025\/03\/Citam-Preguntas-Frecuentes.jpg\",\"contentUrl\":\"https:\/\/scandinavianhealthcenter.com\/wp-content\/uploads\/2025\/03\/Citam-Preguntas-Frecuentes.jpg\",\"width\":2200,\"height\":960},{\"@type\":\"BreadcrumbList\",\"@id\":\"https:\/\/scandinavianhealthcenter.com\/fi\/frequently-asked-questions\/#breadcrumb\",\"itemListElement\":[{\"@type\":\"ListItem\",\"position\":1,\"name\":\"Home\",\"item\":\"https:\/\/scandinavianhealthcenter.com\/fi\/\"},{\"@type\":\"ListItem\",\"position\":2,\"name\":\"Usein kysytyt kysymykset\"}]},{\"@type\":\"WebSite\",\"@id\":\"https:\/\/scandinavianhealthcenter.com\/fi\/#website\",\"url\":\"https:\/\/scandinavianhealthcenter.com\/fi\/\",\"name\":\"Scandinavian HealtCenter\",\"description\":\"Sairaanhoitoapu skandinaaveille Mallorca\",\"publisher\":{\"@id\":\"https:\/\/scandinavianhealthcenter.com\/fi\/#organization\"},\"potentialAction\":[{\"@type\":\"SearchAction\",\"target\":{\"@type\":\"EntryPoint\",\"urlTemplate\":\"https:\/\/scandinavianhealthcenter.com\/fi\/?s={search_term_string}\"},\"query-input\":{\"@type\":\"PropertyValueSpecification\",\"valueRequired\":true,\"valueName\":\"search_term_string\"}}],\"inLanguage\":\"fi\"},{\"@type\":\"Organization\",\"@id\":\"https:\/\/scandinavianhealthcenter.com\/fi\/#organization\",\"name\":\"Citam\",\"url\":\"https:\/\/scandinavianhealthcenter.com\/fi\/\",\"logo\":{\"@type\":\"ImageObject\",\"inLanguage\":\"fi\",\"@id\":\"https:\/\/scandinavianhealthcenter.com\/fi\/#\/schema\/logo\/image\/\",\"url\":\"https:\/\/scandinavianhealthcenter.com\/wp-content\/uploads\/2025\/03\/scandinavianhealthcenter-logo-top.png\",\"contentUrl\":\"https:\/\/scandinavianhealthcenter.com\/wp-content\/uploads\/2025\/03\/scandinavianhealthcenter-logo-top.png\",\"width\":350,\"height\":99,\"caption\":\"Citam\"},\"image\":{\"@id\":\"https:\/\/scandinavianhealthcenter.com\/fi\/#\/schema\/logo\/image\/\"}}]}<\/script>\n<!-- \/ Yoast SEO plugin. -->","yoast_head_json":{"title":"Usein kysytyt kysymykset | Scandinavian Health Center","description":"Frequently asked questions and answers","robots":{"index":"index","follow":"follow","max-snippet":"max-snippet:-1","max-image-preview":"max-image-preview:large","max-video-preview":"max-video-preview:-1"},"canonical":"https:\/\/scandinavianhealthcenter.com\/fi\/frequently-asked-questions\/","og_locale":"fi_FI","og_type":"article","og_title":"Usein kysytyt kysymykset | Scandinavian Health Center","og_description":"Frequently asked questions and answers","og_url":"https:\/\/scandinavianhealthcenter.com\/fi\/frequently-asked-questions\/","og_site_name":"Scandinavian Health Center","article_modified_time":"2025-04-09T15:45:26+00:00","og_image":[{"width":2200,"height":960,"url":"https:\/\/scandinavianhealthcenter.com\/wp-content\/uploads\/2025\/03\/Citam-Preguntas-Frecuentes.jpg","type":"image\/jpeg"}],"twitter_card":"summary_large_image","twitter_misc":{"Arvioitu lukuaika":"1 minuutti"},"schema":{"@context":"https:\/\/schema.org","@graph":[{"@type":"WebPage","@id":"https:\/\/scandinavianhealthcenter.com\/fi\/frequently-asked-questions\/","url":"https:\/\/scandinavianhealthcenter.com\/fi\/frequently-asked-questions\/","name":"Usein kysytyt kysymykset | Scandinavian Health Center","isPartOf":{"@id":"https:\/\/scandinavianhealthcenter.com\/fi\/#website"},"primaryImageOfPage":{"@id":"https:\/\/scandinavianhealthcenter.com\/fi\/frequently-asked-questions\/#primaryimage"},"image":{"@id":"https:\/\/scandinavianhealthcenter.com\/fi\/frequently-asked-questions\/#primaryimage"},"thumbnailUrl":"https:\/\/scandinavianhealthcenter.com\/wp-content\/uploads\/2025\/03\/Citam-Preguntas-Frecuentes.jpg","datePublished":"2025-03-03T12:51:42+00:00","dateModified":"2025-04-09T15:45:26+00:00","description":"Frequently asked questions and answers","breadcrumb":{"@id":"https:\/\/scandinavianhealthcenter.com\/fi\/frequently-asked-questions\/#breadcrumb"},"inLanguage":"fi","potentialAction":[{"@type":"ReadAction","target":["https:\/\/scandinavianhealthcenter.com\/fi\/frequently-asked-questions\/"]}]},{"@type":"ImageObject","inLanguage":"fi","@id":"https:\/\/scandinavianhealthcenter.com\/fi\/frequently-asked-questions\/#primaryimage","url":"https:\/\/scandinavianhealthcenter.com\/wp-content\/uploads\/2025\/03\/Citam-Preguntas-Frecuentes.jpg","contentUrl":"https:\/\/scandinavianhealthcenter.com\/wp-content\/uploads\/2025\/03\/Citam-Preguntas-Frecuentes.jpg","width":2200,"height":960},{"@type":"BreadcrumbList","@id":"https:\/\/scandinavianhealthcenter.com\/fi\/frequently-asked-questions\/#breadcrumb","itemListElement":[{"@type":"ListItem","position":1,"name":"Home","item":"https:\/\/scandinavianhealthcenter.com\/fi\/"},{"@type":"ListItem","position":2,"name":"Usein kysytyt kysymykset"}]},{"@type":"WebSite","@id":"https:\/\/scandinavianhealthcenter.com\/fi\/#website","url":"https:\/\/scandinavianhealthcenter.com\/fi\/","name":"Scandinavian HealtCenter","description":"Sairaanhoitoapu skandinaaveille Mallorca","publisher":{"@id":"https:\/\/scandinavianhealthcenter.com\/fi\/#organization"},"potentialAction":[{"@type":"SearchAction","target":{"@type":"EntryPoint","urlTemplate":"https:\/\/scandinavianhealthcenter.com\/fi\/?s={search_term_string}"},"query-input":{"@type":"PropertyValueSpecification","valueRequired":true,"valueName":"search_term_string"}}],"inLanguage":"fi"},{"@type":"Organization","@id":"https:\/\/scandinavianhealthcenter.com\/fi\/#organization","name":"Citam","url":"https:\/\/scandinavianhealthcenter.com\/fi\/","logo":{"@type":"ImageObject","inLanguage":"fi","@id":"https:\/\/scandinavianhealthcenter.com\/fi\/#\/schema\/logo\/image\/","url":"https:\/\/scandinavianhealthcenter.com\/wp-content\/uploads\/2025\/03\/scandinavianhealthcenter-logo-top.png","contentUrl":"https:\/\/scandinavianhealthcenter.com\/wp-content\/uploads\/2025\/03\/scandinavianhealthcenter-logo-top.png","width":350,"height":99,"caption":"Citam"},"image":{"@id":"https:\/\/scandinavianhealthcenter.com\/fi\/#\/schema\/logo\/image\/"}}]}},"_links":{"self":[{"href":"https:\/\/scandinavianhealthcenter.com\/fi\/wp-json\/wp\/v2\/pages\/713","targetHints":{"allow":["GET"]}}],"collection":[{"href":"https:\/\/scandinavianhealthcenter.com\/fi\/wp-json\/wp\/v2\/pages"}],"about":[{"href":"https:\/\/scandinavianhealthcenter.com\/fi\/wp-json\/wp\/v2\/types\/page"}],"author":[{"embeddable":true,"href":"https:\/\/scandinavianhealthcenter.com\/fi\/wp-json\/wp\/v2\/users\/1"}],"replies":[{"embeddable":true,"href":"https:\/\/scandinavianhealthcenter.com\/fi\/wp-json\/wp\/v2\/comments?post=713"}],"version-history":[{"count":11,"href":"https:\/\/scandinavianhealthcenter.com\/fi\/wp-json\/wp\/v2\/pages\/713\/revisions"}],"predecessor-version":[{"id":1559,"href":"https:\/\/scandinavianhealthcenter.com\/fi\/wp-json\/wp\/v2\/pages\/713\/revisions\/1559"}],"wp:featuredmedia":[{"embeddable":true,"href":"https:\/\/scandinavianhealthcenter.com\/fi\/wp-json\/wp\/v2\/media\/714"}],"wp:attachment":[{"href":"https:\/\/scandinavianhealthcenter.com\/fi\/wp-json\/wp\/v2\/media?parent=713"}],"curies":[{"name":"wp","href":"https:\/\/api.w.org\/{rel}","templated":true}]}}