{"id":708,"date":"2025-03-03T11:57:06","date_gmt":"2025-03-03T10:57:06","guid":{"rendered":"https:\/\/scandinavianhealthcenter.com\/cookie-policy\/"},"modified":"2025-04-10T13:48:55","modified_gmt":"2025-04-10T11:48:55","slug":"cookie-policy","status":"publish","type":"page","link":"https:\/\/scandinavianhealthcenter.com\/fi\/cookie-policy\/","title":{"rendered":"Ev\u00e4stek\u00e4yt\u00e4nt\u00f6"},"content":{"rendered":"\t\t<div data-elementor-type=\"wp-page\" data-elementor-id=\"708\" class=\"elementor elementor-708 elementor-176\">\n\t\t\t\t<div class=\"elementor-element elementor-element-0b594a7 e-flex e-con-boxed e-con e-parent\" data-id=\"0b594a7\" data-element_type=\"container\">\n\t\t\t\t\t<div class=\"e-con-inner\">\n\t\t\t\t<div class=\"elementor-element elementor-element-aa17541 columnas-2 elementor-widget elementor-widget-text-editor\" data-id=\"aa17541\" data-element_type=\"widget\" data-widget_type=\"text-editor.default\">\n\t\t\t\t<div class=\"elementor-widget-container\">\n\t\t\t\t\t\t\t\t\t<h2><span style=\"color: #164386;\">Onko Blonquet S.L. tuotemerkin omistaja Scandinavian Healthcenter tiedottaa<\/span><\/h2><p>Ev\u00e4steet ovat tiedostoja, joita verkkosivustot voivat ladata tietokoneellesi. Ne ovat keskeisi\u00e4 v\u00e4lineit\u00e4 tietoyhteiskunnan palvelujen tarjoamisessa. Niiden avulla verkkosivusto voi muun muassa tallentaa ja hakea tietoja k\u00e4ytt\u00e4j\u00e4n tai h\u00e4nen laitteensa selaustottumuksista, ja saatujen tietojen perusteella niit\u00e4 voidaan k\u00e4ytt\u00e4\u00e4 k\u00e4ytt\u00e4j\u00e4n tunnistamiseen ja tarjotun palvelun parantamiseen.<\/p><h3><span style=\"color: #164386;\">Ev\u00e4stetyypit <\/span><\/h3><p>Riippuen siit\u00e4, mik\u00e4 taho hallinnoi verkkotunnusta, josta ev\u00e4steet l\u00e4hetet\u00e4\u00e4n, ja k\u00e4sittelee saatuja tietoja, voidaan tehd\u00e4 ero:<\/p><ul><li><span style=\"color: #164386;\"><strong>Omat ev\u00e4steet:<\/strong> <\/span>ovat ev\u00e4steit\u00e4, jotka l\u00e4hetet\u00e4\u00e4n k\u00e4ytt\u00e4j\u00e4n p\u00e4\u00e4telaitteelle julkaisijan itsens\u00e4 hallinnoimalta tietokoneelta tai verkkotunnukselta, josta k\u00e4ytt\u00e4j\u00e4n pyyt\u00e4m\u00e4 palvelu tarjotaan.<\/li><li><span style=\"color: #164386;\"><strong>Kolmannen osapuolen ev\u00e4steet:<\/strong><\/span> ev\u00e4steet ovat ev\u00e4steit\u00e4, jotka l\u00e4hetet\u00e4\u00e4n k\u00e4ytt\u00e4j\u00e4n p\u00e4\u00e4telaitteelle tietokoneelta tai verkkotunnuksesta, jota ei hallinnoi toimittaja, vaan toinen taho, joka k\u00e4sittelee ev\u00e4steiden kautta saatuja tietoja.<\/li><\/ul><p>Riippuen siit\u00e4, kuinka kauan ne pysyv\u00e4t aktivoituina p\u00e4\u00e4telaitteessa, voidaan erottaa:<\/p><ul><li><strong><span style=\"color: #164386;\">Istuntoev\u00e4steet:<\/span><\/strong> N\u00e4m\u00e4 ovat ev\u00e4stetyyppej\u00e4, jotka on suunniteltu ker\u00e4\u00e4m\u00e4\u00e4n ja tallentamaan tietoja, kun k\u00e4ytt\u00e4j\u00e4 k\u00e4ytt\u00e4\u00e4 verkkosivustoa. Niit\u00e4 k\u00e4ytet\u00e4\u00e4n yleens\u00e4 sellaisten tietojen tallentamiseen, joita tarvitaan vain k\u00e4ytt\u00e4j\u00e4n pyyt\u00e4m\u00e4n palvelun tarjoamiseksi yhdell\u00e4 kertaa, ja ne vanhentuvat, kun k\u00e4ytt\u00e4j\u00e4 kirjautuu ulos tai sulkee selaimen.<\/li><li><span style=\"color: #164386;\"><strong>Pysyv\u00e4t ev\u00e4steet:<\/strong> <\/span>N\u00e4m\u00e4 ovat ev\u00e4stetyyppej\u00e4, joissa tiedot s\u00e4ilyv\u00e4t edelleen p\u00e4\u00e4telaitteessa, jotta niit\u00e4 voidaan k\u00e4ytt\u00e4\u00e4 useammassa kuin yhdess\u00e4 istunnossa. Niit\u00e4 voidaan k\u00e4ytt\u00e4\u00e4 ja k\u00e4sitell\u00e4 ev\u00e4steest\u00e4 vastaavan osapuolen m\u00e4\u00e4rittelem\u00e4n ajan, joka voi vaihdella muutamasta minuutista useisiin vuosiin.<\/li><\/ul><p>Riippuen siit\u00e4, mihin tarkoitukseen ev\u00e4steiden avulla saatuja tietoja k\u00e4sitell\u00e4\u00e4n, n\u00e4m\u00e4 voivat olla::<\/p><ul><li><span style=\"color: #164386;\"><strong>T<\/strong><strong>ekniset ev\u00e4steet:<\/strong><\/span> T\u00e4llaisia ovat esimerkiksi liikenteen ja tiedonsiirron valvonta, istunnon tunnistaminen ja p\u00e4\u00e4sy rajoitetun p\u00e4\u00e4syn alueille.<\/li><li><span style=\"color: #164386;\"><strong>Henkil\u00f6kohtaistamisev\u00e4steet:<\/strong> <\/span>N\u00e4m\u00e4 mahdollistavat sen, ett\u00e4 k\u00e4ytt\u00e4j\u00e4 voi k\u00e4ytt\u00e4\u00e4 palvelua tietyin yleisin ominaisuuksin, jotka on m\u00e4\u00e4ritetty ennalta k\u00e4ytt\u00e4j\u00e4n p\u00e4\u00e4telaitteessa olevien kriteerien, kuten esimerkiksi kielen ja selaintyypin, perusteella.<\/li><li><strong><span style=\"color: #164386;\">Analytiikan ev\u00e4steet:<\/span><\/strong> N\u00e4m\u00e4 ev\u00e4steet mahdollistavat sen, ett\u00e4 niist\u00e4 vastaava taho voi seurata ja analysoida niiden k\u00e4ytt\u00e4jien k\u00e4ytt\u00e4ytymist\u00e4, joihin ne on linkitetty. T\u00e4m\u00e4ntyyppisten ev\u00e4steiden avulla ker\u00e4ttyj\u00e4 tietoja k\u00e4ytet\u00e4\u00e4n verkkosivustojen, verkkosivun tai alustan toiminnan mittaamiseen ja k\u00e4ytt\u00e4jien selausprofiilien luomiseen.<\/li><li>Mainosev\u00e4steet: N\u00e4m\u00e4 mahdollistavat mainostilan mahdollisimman tehokkaan hallinnan.<\/li><li><span style=\"color: #164386;\"><strong>K\u00e4ytt\u00e4ytymist\u00e4 ohjaavat mainosev\u00e4steet:<\/strong><\/span> N\u00e4m\u00e4 ev\u00e4steet tallentavat k\u00e4ytt\u00e4jien k\u00e4ytt\u00e4ytymist\u00e4 koskevia tietoja, jotka on saatu tarkkailemalla jatkuvasti heid\u00e4n selaustottumuksiaan, mik\u00e4 mahdollistaa erityisen profiilin luomisen, jotta voidaan n\u00e4ytt\u00e4\u00e4 siihen perustuvaa mainontaa.<\/li><\/ul><p>Lis\u00e4tietoja t\u00e4st\u00e4 aiheesta saat Espanjan tietosuojaviraston ev\u00e4steiden k\u00e4ytt\u00f6\u00e4 koskevasta oppaasta.<\/p><h3><span style=\"color: #164386;\">Verkkosivustolla k\u00e4ytett\u00e4v\u00e4t ev\u00e4steet<\/span><\/h3><p>T\u00e4ll\u00e4 verkkosivustolla k\u00e4ytett\u00e4v\u00e4t ev\u00e4steet sek\u00e4 niiden tyyppi ja toiminta on yksil\u00f6ity alla:<\/p><p>SHC:n verkkosivusto k\u00e4ytt\u00e4\u00e4 Google Analyticsia, Googlen kehitt\u00e4m\u00e4\u00e4 verkkok\u00e4ytt\u00e4ytymisen analyysipalvelua, jonka avulla voidaan mitata ja analysoida verkkosivustojen selailua. Edell\u00e4 esitetyn typologian mukaan kyseess\u00e4 ovat omat ev\u00e4steet, istuntoev\u00e4steet ja analyysiev\u00e4steet. L\u00f6yd\u00e4t lis\u00e4tietoa t\u00e4st\u00e4 ja voit poistaa n\u00e4iden ev\u00e4steiden k\u00e4yt\u00f6n pois k\u00e4yt\u00f6st\u00e4<\/p><p><a href=\"http:\/\/www.google.es\/intl\/es\/analytics\/privacyoverview.html\" target=\"_blank\" rel=\"noopener\">www.google.es\/intl\/es\/analytics\/privacyoverview.html<\/a> .<\/p><p>Web-analytiikan avulla saadaan tietoja verkkosivuston k\u00e4ytt\u00e4jien m\u00e4\u00e4r\u00e4st\u00e4, katsottujen sivujen m\u00e4\u00e4r\u00e4st\u00e4, vierailujen tiheydest\u00e4 ja toistuvuudesta, niiden kestosta, k\u00e4ytetyst\u00e4 selaimesta, palvelun tarjoavasta operaattorista, kielest\u00e4, k\u00e4ytetyst\u00e4 p\u00e4\u00e4telaitteesta tai kaupungista, johon IP-osoitteesi on m\u00e4\u00e4ritetty. N\u00e4iden tietojen avulla t\u00e4m\u00e4 portaali voi tarjota parempaa ja tarkoituksenmukaisempaa palvelua.<\/p><h3><span style=\"color: #164386;\">Ev\u00e4steasetusten muuttaminen<\/span><\/h3><p>Voit rajoittaa, est\u00e4\u00e4 tai poistaa SHC:n tai mink\u00e4 tahansa muun verkkosivuston ev\u00e4steet selaimellasi. Kukin selain toimii eri tavalla, ja \u2018Ohje\u2019-toiminto n\u00e4ytt\u00e4\u00e4 sinulle, miten t\u00e4m\u00e4 tehd\u00e4\u00e4n.<\/p><ul><li><span style=\"color: #164386;\"><strong>Internet Explorer: <\/strong><\/span><a href=\"http:\/\/windows.microsoft.com\/es-xl\/internet-explorer\/delete-manage-cookies#ie=ie-10\" target=\"_blank\" rel=\"noopener\">windows.microsoft.com\/es-xl\/internet-explorer\/delete-manage-cookies#ie=ie-10<\/a><\/li><li><span style=\"color: #164386;\"><strong>FireFox: <\/strong><\/span><a href=\"http:\/\/support.mozilla.org\/es\/kb\/Borrar%20cookies\" target=\"_blank\" rel=\"noopener\">support.mozilla.org\/es\/kb\/Borrar%20cookies<\/a><\/li><li><span style=\"color: #164386;\"><strong>Chrome: <\/strong><\/span><a href=\"http:\/\/support.google.com\/chrome\/answer\/95647?hl=es\" target=\"_blank\" rel=\"noopener\">support.google.com\/chrome\/answer\/95647?hl=es<\/a><\/li><li><span style=\"color: #164386;\"><strong>Safari: <\/strong><\/span><a href=\"http:\/\/www.apple.com\/es\/privacy\/use-of-cookies\/\" target=\"_blank\" rel=\"noopener\">www.apple.com\/es\/privacy\/use-of-cookies\/<\/a><\/li><\/ul><p>Lis\u00e4ksi voit hallita ev\u00e4steiden tallentamista selaimeesi esimerkiksi seuraavien ty\u00f6kalujen avulla:<\/p><ul><li><span style=\"color: #164386;\"><strong>Ghostery: <\/strong><\/span><a href=\"http:\/\/www.ghostery.com\/\" target=\"_blank\" rel=\"noopener\">www.ghostery.com\/<\/a><\/li><li><span style=\"color: #164386;\"><strong>Your online choices: <\/strong><\/span><a href=\"http:\/\/www.youronlinechoices.com\/es\/\" target=\"_blank\" rel=\"noopener\">www.youronlinechoices.com\/es\/<\/a><\/li><\/ul>\t\t\t\t\t\t\t\t<\/div>\n\t\t\t\t<\/div>\n\t\t\t\t\t<\/div>\n\t\t\t\t<\/div>\n\t\t\t\t<\/div>\n\t\t","protected":false},"excerpt":{"rendered":"<p>Onko Blonquet S.L. tuotemerkin omistaja Scandinavian Healthcenter tiedottaa Ev\u00e4steet ovat tiedostoja, joita verkkosivustot voivat ladata tietokoneellesi. Ne ovat keskeisi\u00e4 v\u00e4lineit\u00e4 tietoyhteiskunnan palvelujen tarjoamisessa. Niiden avulla verkkosivusto voi muun muassa tallentaa ja hakea tietoja k\u00e4ytt\u00e4j\u00e4n tai h\u00e4nen laitteensa selaustottumuksista, ja saatujen tietojen perusteella niit\u00e4 voidaan k\u00e4ytt\u00e4\u00e4 k\u00e4ytt\u00e4j\u00e4n tunnistamiseen ja tarjotun palvelun parantamiseen. Ev\u00e4stetyypit Riippuen siit\u00e4, mik\u00e4&#8230;<\/p>\n","protected":false},"author":1,"featured_media":0,"parent":0,"menu_order":0,"comment_status":"closed","ping_status":"closed","template":"","meta":{"footnotes":""},"class_list":["post-708","page","type-page","status-publish","hentry"],"yoast_head":"<!-- This site is optimized with the Yoast SEO plugin v26.8 - https:\/\/yoast.com\/product\/yoast-seo-wordpress\/ -->\n<title>Ev\u00e4stek\u00e4yt\u00e4nt\u00f6 | Scandinavian Health Center<\/title>\n<meta name=\"robots\" content=\"index, follow, max-snippet:-1, max-image-preview:large, max-video-preview:-1\" \/>\n<link rel=\"canonical\" href=\"https:\/\/scandinavianhealthcenter.com\/fi\/cookie-policy\/\" \/>\n<meta property=\"og:locale\" content=\"fi_FI\" \/>\n<meta property=\"og:type\" content=\"article\" \/>\n<meta property=\"og:title\" content=\"Ev\u00e4stek\u00e4yt\u00e4nt\u00f6 | Scandinavian Health Center\" \/>\n<meta property=\"og:description\" content=\"Onko Blonquet S.L. tuotemerkin omistaja Scandinavian Healthcenter tiedottaa Ev\u00e4steet ovat tiedostoja, joita verkkosivustot voivat ladata tietokoneellesi. Ne ovat keskeisi\u00e4 v\u00e4lineit\u00e4 tietoyhteiskunnan palvelujen tarjoamisessa. Niiden avulla verkkosivusto voi muun muassa tallentaa ja hakea tietoja k\u00e4ytt\u00e4j\u00e4n tai h\u00e4nen laitteensa selaustottumuksista, ja saatujen tietojen perusteella niit\u00e4 voidaan k\u00e4ytt\u00e4\u00e4 k\u00e4ytt\u00e4j\u00e4n tunnistamiseen ja tarjotun palvelun parantamiseen. Ev\u00e4stetyypit Riippuen siit\u00e4, mik\u00e4...\" \/>\n<meta property=\"og:url\" content=\"https:\/\/scandinavianhealthcenter.com\/fi\/cookie-policy\/\" \/>\n<meta property=\"og:site_name\" content=\"Scandinavian Health Center\" \/>\n<meta property=\"article:modified_time\" content=\"2025-04-10T11:48:55+00:00\" \/>\n<meta name=\"twitter:card\" content=\"summary_large_image\" \/>\n<meta name=\"twitter:label1\" content=\"Arvioitu lukuaika\" \/>\n\t<meta name=\"twitter:data1\" content=\"3 minuuttia\" \/>\n<script type=\"application\/ld+json\" class=\"yoast-schema-graph\">{\"@context\":\"https:\/\/schema.org\",\"@graph\":[{\"@type\":\"WebPage\",\"@id\":\"https:\/\/scandinavianhealthcenter.com\/fi\/cookie-policy\/\",\"url\":\"https:\/\/scandinavianhealthcenter.com\/fi\/cookie-policy\/\",\"name\":\"Ev\u00e4stek\u00e4yt\u00e4nt\u00f6 | Scandinavian Health Center\",\"isPartOf\":{\"@id\":\"https:\/\/scandinavianhealthcenter.com\/fi\/#website\"},\"datePublished\":\"2025-03-03T10:57:06+00:00\",\"dateModified\":\"2025-04-10T11:48:55+00:00\",\"breadcrumb\":{\"@id\":\"https:\/\/scandinavianhealthcenter.com\/fi\/cookie-policy\/#breadcrumb\"},\"inLanguage\":\"fi\",\"potentialAction\":[{\"@type\":\"ReadAction\",\"target\":[\"https:\/\/scandinavianhealthcenter.com\/fi\/cookie-policy\/\"]}]},{\"@type\":\"BreadcrumbList\",\"@id\":\"https:\/\/scandinavianhealthcenter.com\/fi\/cookie-policy\/#breadcrumb\",\"itemListElement\":[{\"@type\":\"ListItem\",\"position\":1,\"name\":\"Home\",\"item\":\"https:\/\/scandinavianhealthcenter.com\/fi\/\"},{\"@type\":\"ListItem\",\"position\":2,\"name\":\"Ev\u00e4stek\u00e4yt\u00e4nt\u00f6\"}]},{\"@type\":\"WebSite\",\"@id\":\"https:\/\/scandinavianhealthcenter.com\/fi\/#website\",\"url\":\"https:\/\/scandinavianhealthcenter.com\/fi\/\",\"name\":\"Scandinavian HealtCenter\",\"description\":\"Sairaanhoitoapu skandinaaveille Mallorca\",\"publisher\":{\"@id\":\"https:\/\/scandinavianhealthcenter.com\/fi\/#organization\"},\"potentialAction\":[{\"@type\":\"SearchAction\",\"target\":{\"@type\":\"EntryPoint\",\"urlTemplate\":\"https:\/\/scandinavianhealthcenter.com\/fi\/?s={search_term_string}\"},\"query-input\":{\"@type\":\"PropertyValueSpecification\",\"valueRequired\":true,\"valueName\":\"search_term_string\"}}],\"inLanguage\":\"fi\"},{\"@type\":\"Organization\",\"@id\":\"https:\/\/scandinavianhealthcenter.com\/fi\/#organization\",\"name\":\"Citam\",\"url\":\"https:\/\/scandinavianhealthcenter.com\/fi\/\",\"logo\":{\"@type\":\"ImageObject\",\"inLanguage\":\"fi\",\"@id\":\"https:\/\/scandinavianhealthcenter.com\/fi\/#\/schema\/logo\/image\/\",\"url\":\"https:\/\/scandinavianhealthcenter.com\/wp-content\/uploads\/2025\/03\/scandinavianhealthcenter-logo-top.png\",\"contentUrl\":\"https:\/\/scandinavianhealthcenter.com\/wp-content\/uploads\/2025\/03\/scandinavianhealthcenter-logo-top.png\",\"width\":350,\"height\":99,\"caption\":\"Citam\"},\"image\":{\"@id\":\"https:\/\/scandinavianhealthcenter.com\/fi\/#\/schema\/logo\/image\/\"}}]}<\/script>\n<!-- \/ Yoast SEO plugin. -->","yoast_head_json":{"title":"Ev\u00e4stek\u00e4yt\u00e4nt\u00f6 | Scandinavian Health Center","robots":{"index":"index","follow":"follow","max-snippet":"max-snippet:-1","max-image-preview":"max-image-preview:large","max-video-preview":"max-video-preview:-1"},"canonical":"https:\/\/scandinavianhealthcenter.com\/fi\/cookie-policy\/","og_locale":"fi_FI","og_type":"article","og_title":"Ev\u00e4stek\u00e4yt\u00e4nt\u00f6 | Scandinavian Health Center","og_description":"Onko Blonquet S.L. tuotemerkin omistaja Scandinavian Healthcenter tiedottaa Ev\u00e4steet ovat tiedostoja, joita verkkosivustot voivat ladata tietokoneellesi. Ne ovat keskeisi\u00e4 v\u00e4lineit\u00e4 tietoyhteiskunnan palvelujen tarjoamisessa. Niiden avulla verkkosivusto voi muun muassa tallentaa ja hakea tietoja k\u00e4ytt\u00e4j\u00e4n tai h\u00e4nen laitteensa selaustottumuksista, ja saatujen tietojen perusteella niit\u00e4 voidaan k\u00e4ytt\u00e4\u00e4 k\u00e4ytt\u00e4j\u00e4n tunnistamiseen ja tarjotun palvelun parantamiseen. Ev\u00e4stetyypit Riippuen siit\u00e4, mik\u00e4...","og_url":"https:\/\/scandinavianhealthcenter.com\/fi\/cookie-policy\/","og_site_name":"Scandinavian Health Center","article_modified_time":"2025-04-10T11:48:55+00:00","twitter_card":"summary_large_image","twitter_misc":{"Arvioitu lukuaika":"3 minuuttia"},"schema":{"@context":"https:\/\/schema.org","@graph":[{"@type":"WebPage","@id":"https:\/\/scandinavianhealthcenter.com\/fi\/cookie-policy\/","url":"https:\/\/scandinavianhealthcenter.com\/fi\/cookie-policy\/","name":"Ev\u00e4stek\u00e4yt\u00e4nt\u00f6 | Scandinavian Health Center","isPartOf":{"@id":"https:\/\/scandinavianhealthcenter.com\/fi\/#website"},"datePublished":"2025-03-03T10:57:06+00:00","dateModified":"2025-04-10T11:48:55+00:00","breadcrumb":{"@id":"https:\/\/scandinavianhealthcenter.com\/fi\/cookie-policy\/#breadcrumb"},"inLanguage":"fi","potentialAction":[{"@type":"ReadAction","target":["https:\/\/scandinavianhealthcenter.com\/fi\/cookie-policy\/"]}]},{"@type":"BreadcrumbList","@id":"https:\/\/scandinavianhealthcenter.com\/fi\/cookie-policy\/#breadcrumb","itemListElement":[{"@type":"ListItem","position":1,"name":"Home","item":"https:\/\/scandinavianhealthcenter.com\/fi\/"},{"@type":"ListItem","position":2,"name":"Ev\u00e4stek\u00e4yt\u00e4nt\u00f6"}]},{"@type":"WebSite","@id":"https:\/\/scandinavianhealthcenter.com\/fi\/#website","url":"https:\/\/scandinavianhealthcenter.com\/fi\/","name":"Scandinavian HealtCenter","description":"Sairaanhoitoapu skandinaaveille Mallorca","publisher":{"@id":"https:\/\/scandinavianhealthcenter.com\/fi\/#organization"},"potentialAction":[{"@type":"SearchAction","target":{"@type":"EntryPoint","urlTemplate":"https:\/\/scandinavianhealthcenter.com\/fi\/?s={search_term_string}"},"query-input":{"@type":"PropertyValueSpecification","valueRequired":true,"valueName":"search_term_string"}}],"inLanguage":"fi"},{"@type":"Organization","@id":"https:\/\/scandinavianhealthcenter.com\/fi\/#organization","name":"Citam","url":"https:\/\/scandinavianhealthcenter.com\/fi\/","logo":{"@type":"ImageObject","inLanguage":"fi","@id":"https:\/\/scandinavianhealthcenter.com\/fi\/#\/schema\/logo\/image\/","url":"https:\/\/scandinavianhealthcenter.com\/wp-content\/uploads\/2025\/03\/scandinavianhealthcenter-logo-top.png","contentUrl":"https:\/\/scandinavianhealthcenter.com\/wp-content\/uploads\/2025\/03\/scandinavianhealthcenter-logo-top.png","width":350,"height":99,"caption":"Citam"},"image":{"@id":"https:\/\/scandinavianhealthcenter.com\/fi\/#\/schema\/logo\/image\/"}}]}},"_links":{"self":[{"href":"https:\/\/scandinavianhealthcenter.com\/fi\/wp-json\/wp\/v2\/pages\/708","targetHints":{"allow":["GET"]}}],"collection":[{"href":"https:\/\/scandinavianhealthcenter.com\/fi\/wp-json\/wp\/v2\/pages"}],"about":[{"href":"https:\/\/scandinavianhealthcenter.com\/fi\/wp-json\/wp\/v2\/types\/page"}],"author":[{"embeddable":true,"href":"https:\/\/scandinavianhealthcenter.com\/fi\/wp-json\/wp\/v2\/users\/1"}],"replies":[{"embeddable":true,"href":"https:\/\/scandinavianhealthcenter.com\/fi\/wp-json\/wp\/v2\/comments?post=708"}],"version-history":[{"count":4,"href":"https:\/\/scandinavianhealthcenter.com\/fi\/wp-json\/wp\/v2\/pages\/708\/revisions"}],"predecessor-version":[{"id":1624,"href":"https:\/\/scandinavianhealthcenter.com\/fi\/wp-json\/wp\/v2\/pages\/708\/revisions\/1624"}],"wp:attachment":[{"href":"https:\/\/scandinavianhealthcenter.com\/fi\/wp-json\/wp\/v2\/media?parent=708"}],"curies":[{"name":"wp","href":"https:\/\/api.w.org\/{rel}","templated":true}]}}