{"id":689,"date":"2025-03-03T13:54:39","date_gmt":"2025-03-03T12:54:39","guid":{"rendered":"https:\/\/scandinavianhealthcenter.com\/about-us\/"},"modified":"2025-04-09T17:27:35","modified_gmt":"2025-04-09T15:27:35","slug":"about-us","status":"publish","type":"page","link":"https:\/\/scandinavianhealthcenter.com\/fi\/about-us\/","title":{"rendered":"Tietoa meist\u00e4"},"content":{"rendered":"\t\t<div data-elementor-type=\"wp-page\" data-elementor-id=\"689\" class=\"elementor elementor-689 elementor-205\">\n\t\t\t\t<div class=\"elementor-element elementor-element-dfecc76 elementor-hidden-mobile e-flex e-con-boxed e-con e-parent\" data-id=\"dfecc76\" data-element_type=\"container\">\n\t\t\t\t\t<div class=\"e-con-inner\">\n\t\t\t\t<div class=\"elementor-element elementor-element-47d74b2 elementor-widget elementor-widget-spacer\" data-id=\"47d74b2\" data-element_type=\"widget\" data-widget_type=\"spacer.default\">\n\t\t\t\t<div class=\"elementor-widget-container\">\n\t\t\t\t\t\t\t<div class=\"elementor-spacer\">\n\t\t\t<div class=\"elementor-spacer-inner\"><\/div>\n\t\t<\/div>\n\t\t\t\t\t\t<\/div>\n\t\t\t\t<\/div>\n\t\t\t\t\t<\/div>\n\t\t\t\t<\/div>\n\t\t<div class=\"elementor-element elementor-element-7f31459 e-flex e-con-boxed e-con e-parent\" data-id=\"7f31459\" data-element_type=\"container\">\n\t\t\t\t\t<div class=\"e-con-inner\">\n\t\t\t\t<div class=\"elementor-element elementor-element-1d1a9cf columnas-2 elementor-widget elementor-widget-text-editor\" data-id=\"1d1a9cf\" data-element_type=\"widget\" data-widget_type=\"text-editor.default\">\n\t\t\t\t<div class=\"elementor-widget-container\">\n\t\t\t\t\t\t\t\t\t<h2>Scandinavian HEALTHCENTER on l\u00e4\u00e4ketieteellisten palveluiden v\u00e4litt\u00e4j\u00e4si.<\/h2><p>Scandinavian HEALTHCENTER tarjoaa sinulle kaiken avun k\u00e4sittelyn, joka takaa:<\/p><p>&#8211; P\u00e4\u00e4sy parhaille yksityisille klinikoille<\/p><p>&#8211; Parhaat l\u00e4\u00e4ketieteen ammattilaiset<\/p><p>&#8211; Ainoastaan eurooppalaisten s\u00e4\u00e4d\u00f6sten hyv\u00e4ksym\u00e4t klinikat ja ammattilaiset<\/p><p>&#8211; Oikeus laadukkaaseen hoitoon ja potilasturvallisuuteen<\/p><p>&#8211; Oikeus saada tietoa ja tietoon perustuva suostumus<\/p><p>&#8211; Oikeus valita terveydenhuollon tarjoaja<\/p><p>&#8211; Sairaaloiden saavutettavuus vammaisille potilaille.<\/p><p>&#8211; Oikeus saada kopio potilastiedoista<\/p><p>&#8211; Yhteisty\u00f6 oman l\u00e4\u00e4k\u00e4rin kanssa jatkohoitoa varten.<\/p><p>&#8211; Oikeus yksityisyyteen ja henkil\u00f6tietojen suojaan<\/p><p>&#8211; Viralliset hoitohinnat<\/p><h2>Terveydenhuolto ulkomailla<\/h2><p>K\u00e4sittelemme sairaanhoitosi mink\u00e4 tahansa vakuutuksen kanssa. Jos sinulla ei ole vakuutusta, voimme my\u00f6s k\u00e4sitell\u00e4 korvausoikeutesi maasi julkisten palvelujen edess\u00e4.<\/p><p>\u00a0<\/p>\t\t\t\t\t\t\t\t<\/div>\n\t\t\t\t<\/div>\n\t\t\t\t\t<\/div>\n\t\t\t\t<\/div>\n\t\t\t\t<\/div>\n\t\t","protected":false},"excerpt":{"rendered":"<p>Scandinavian HEALTHCENTER on l\u00e4\u00e4ketieteellisten palveluiden v\u00e4litt\u00e4j\u00e4si. Scandinavian HEALTHCENTER tarjoaa sinulle kaiken avun k\u00e4sittelyn, joka takaa: &#8211; P\u00e4\u00e4sy parhaille yksityisille klinikoille &#8211; Parhaat l\u00e4\u00e4ketieteen ammattilaiset &#8211; Ainoastaan eurooppalaisten s\u00e4\u00e4d\u00f6sten hyv\u00e4ksym\u00e4t klinikat ja ammattilaiset &#8211; Oikeus laadukkaaseen hoitoon ja potilasturvallisuuteen &#8211; Oikeus saada tietoa ja tietoon perustuva suostumus &#8211; Oikeus valita terveydenhuollon tarjoaja &#8211; Sairaaloiden saavutettavuus vammaisille&#8230;<\/p>\n","protected":false},"author":1,"featured_media":690,"parent":0,"menu_order":0,"comment_status":"closed","ping_status":"closed","template":"","meta":{"footnotes":""},"class_list":["post-689","page","type-page","status-publish","has-post-thumbnail","hentry"],"yoast_head":"<!-- This site is optimized with the Yoast SEO plugin v26.8 - https:\/\/yoast.com\/product\/yoast-seo-wordpress\/ -->\n<title>Tietoa meist\u00e4 | Scandinavian Health Center<\/title>\n<meta name=\"robots\" content=\"index, follow, max-snippet:-1, max-image-preview:large, max-video-preview:-1\" \/>\n<link rel=\"canonical\" href=\"https:\/\/scandinavianhealthcenter.com\/fi\/about-us\/\" \/>\n<meta property=\"og:locale\" content=\"fi_FI\" \/>\n<meta property=\"og:type\" content=\"article\" \/>\n<meta property=\"og:title\" content=\"Tietoa meist\u00e4 | Scandinavian Health Center\" \/>\n<meta property=\"og:description\" content=\"Scandinavian HEALTHCENTER on l\u00e4\u00e4ketieteellisten palveluiden v\u00e4litt\u00e4j\u00e4si. Scandinavian HEALTHCENTER tarjoaa sinulle kaiken avun k\u00e4sittelyn, joka takaa: &#8211; P\u00e4\u00e4sy parhaille yksityisille klinikoille &#8211; Parhaat l\u00e4\u00e4ketieteen ammattilaiset &#8211; Ainoastaan eurooppalaisten s\u00e4\u00e4d\u00f6sten hyv\u00e4ksym\u00e4t klinikat ja ammattilaiset &#8211; Oikeus laadukkaaseen hoitoon ja potilasturvallisuuteen &#8211; Oikeus saada tietoa ja tietoon perustuva suostumus &#8211; Oikeus valita terveydenhuollon tarjoaja &#8211; Sairaaloiden saavutettavuus vammaisille...\" \/>\n<meta property=\"og:url\" content=\"https:\/\/scandinavianhealthcenter.com\/fi\/about-us\/\" \/>\n<meta property=\"og:site_name\" content=\"Scandinavian Health Center\" \/>\n<meta property=\"article:modified_time\" content=\"2025-04-09T15:27:35+00:00\" \/>\n<meta property=\"og:image\" content=\"https:\/\/scandinavianhealthcenter.com\/wp-content\/uploads\/2025\/03\/Citam-Header-Home_2-1.jpg\" \/>\n\t<meta property=\"og:image:width\" content=\"2200\" \/>\n\t<meta property=\"og:image:height\" content=\"960\" \/>\n\t<meta property=\"og:image:type\" content=\"image\/jpeg\" \/>\n<meta name=\"twitter:card\" content=\"summary_large_image\" \/>\n<meta name=\"twitter:label1\" content=\"Arvioitu lukuaika\" \/>\n\t<meta name=\"twitter:data1\" content=\"1 minuutti\" \/>\n<script type=\"application\/ld+json\" class=\"yoast-schema-graph\">{\"@context\":\"https:\/\/schema.org\",\"@graph\":[{\"@type\":\"WebPage\",\"@id\":\"https:\/\/scandinavianhealthcenter.com\/fi\/about-us\/\",\"url\":\"https:\/\/scandinavianhealthcenter.com\/fi\/about-us\/\",\"name\":\"Tietoa meist\u00e4 | Scandinavian Health Center\",\"isPartOf\":{\"@id\":\"https:\/\/scandinavianhealthcenter.com\/fi\/#website\"},\"primaryImageOfPage\":{\"@id\":\"https:\/\/scandinavianhealthcenter.com\/fi\/about-us\/#primaryimage\"},\"image\":{\"@id\":\"https:\/\/scandinavianhealthcenter.com\/fi\/about-us\/#primaryimage\"},\"thumbnailUrl\":\"https:\/\/scandinavianhealthcenter.com\/wp-content\/uploads\/2025\/03\/Citam-Header-Home_2-1.jpg\",\"datePublished\":\"2025-03-03T12:54:39+00:00\",\"dateModified\":\"2025-04-09T15:27:35+00:00\",\"breadcrumb\":{\"@id\":\"https:\/\/scandinavianhealthcenter.com\/fi\/about-us\/#breadcrumb\"},\"inLanguage\":\"fi\",\"potentialAction\":[{\"@type\":\"ReadAction\",\"target\":[\"https:\/\/scandinavianhealthcenter.com\/fi\/about-us\/\"]}]},{\"@type\":\"ImageObject\",\"inLanguage\":\"fi\",\"@id\":\"https:\/\/scandinavianhealthcenter.com\/fi\/about-us\/#primaryimage\",\"url\":\"https:\/\/scandinavianhealthcenter.com\/wp-content\/uploads\/2025\/03\/Citam-Header-Home_2-1.jpg\",\"contentUrl\":\"https:\/\/scandinavianhealthcenter.com\/wp-content\/uploads\/2025\/03\/Citam-Header-Home_2-1.jpg\",\"width\":2200,\"height\":960,\"caption\":\"Citam-Header-Home\"},{\"@type\":\"BreadcrumbList\",\"@id\":\"https:\/\/scandinavianhealthcenter.com\/fi\/about-us\/#breadcrumb\",\"itemListElement\":[{\"@type\":\"ListItem\",\"position\":1,\"name\":\"Home\",\"item\":\"https:\/\/scandinavianhealthcenter.com\/fi\/\"},{\"@type\":\"ListItem\",\"position\":2,\"name\":\"Tietoa meist\u00e4\"}]},{\"@type\":\"WebSite\",\"@id\":\"https:\/\/scandinavianhealthcenter.com\/fi\/#website\",\"url\":\"https:\/\/scandinavianhealthcenter.com\/fi\/\",\"name\":\"Scandinavian HealtCenter\",\"description\":\"Sairaanhoitoapu skandinaaveille Mallorca\",\"publisher\":{\"@id\":\"https:\/\/scandinavianhealthcenter.com\/fi\/#organization\"},\"potentialAction\":[{\"@type\":\"SearchAction\",\"target\":{\"@type\":\"EntryPoint\",\"urlTemplate\":\"https:\/\/scandinavianhealthcenter.com\/fi\/?s={search_term_string}\"},\"query-input\":{\"@type\":\"PropertyValueSpecification\",\"valueRequired\":true,\"valueName\":\"search_term_string\"}}],\"inLanguage\":\"fi\"},{\"@type\":\"Organization\",\"@id\":\"https:\/\/scandinavianhealthcenter.com\/fi\/#organization\",\"name\":\"Citam\",\"url\":\"https:\/\/scandinavianhealthcenter.com\/fi\/\",\"logo\":{\"@type\":\"ImageObject\",\"inLanguage\":\"fi\",\"@id\":\"https:\/\/scandinavianhealthcenter.com\/fi\/#\/schema\/logo\/image\/\",\"url\":\"https:\/\/scandinavianhealthcenter.com\/wp-content\/uploads\/2025\/03\/scandinavianhealthcenter-logo-top.png\",\"contentUrl\":\"https:\/\/scandinavianhealthcenter.com\/wp-content\/uploads\/2025\/03\/scandinavianhealthcenter-logo-top.png\",\"width\":350,\"height\":99,\"caption\":\"Citam\"},\"image\":{\"@id\":\"https:\/\/scandinavianhealthcenter.com\/fi\/#\/schema\/logo\/image\/\"}}]}<\/script>\n<!-- \/ Yoast SEO plugin. -->","yoast_head_json":{"title":"Tietoa meist\u00e4 | Scandinavian Health Center","robots":{"index":"index","follow":"follow","max-snippet":"max-snippet:-1","max-image-preview":"max-image-preview:large","max-video-preview":"max-video-preview:-1"},"canonical":"https:\/\/scandinavianhealthcenter.com\/fi\/about-us\/","og_locale":"fi_FI","og_type":"article","og_title":"Tietoa meist\u00e4 | Scandinavian Health Center","og_description":"Scandinavian HEALTHCENTER on l\u00e4\u00e4ketieteellisten palveluiden v\u00e4litt\u00e4j\u00e4si. Scandinavian HEALTHCENTER tarjoaa sinulle kaiken avun k\u00e4sittelyn, joka takaa: &#8211; P\u00e4\u00e4sy parhaille yksityisille klinikoille &#8211; Parhaat l\u00e4\u00e4ketieteen ammattilaiset &#8211; Ainoastaan eurooppalaisten s\u00e4\u00e4d\u00f6sten hyv\u00e4ksym\u00e4t klinikat ja ammattilaiset &#8211; Oikeus laadukkaaseen hoitoon ja potilasturvallisuuteen &#8211; Oikeus saada tietoa ja tietoon perustuva suostumus &#8211; Oikeus valita terveydenhuollon tarjoaja &#8211; Sairaaloiden saavutettavuus vammaisille...","og_url":"https:\/\/scandinavianhealthcenter.com\/fi\/about-us\/","og_site_name":"Scandinavian Health Center","article_modified_time":"2025-04-09T15:27:35+00:00","og_image":[{"width":2200,"height":960,"url":"https:\/\/scandinavianhealthcenter.com\/wp-content\/uploads\/2025\/03\/Citam-Header-Home_2-1.jpg","type":"image\/jpeg"}],"twitter_card":"summary_large_image","twitter_misc":{"Arvioitu lukuaika":"1 minuutti"},"schema":{"@context":"https:\/\/schema.org","@graph":[{"@type":"WebPage","@id":"https:\/\/scandinavianhealthcenter.com\/fi\/about-us\/","url":"https:\/\/scandinavianhealthcenter.com\/fi\/about-us\/","name":"Tietoa meist\u00e4 | Scandinavian Health Center","isPartOf":{"@id":"https:\/\/scandinavianhealthcenter.com\/fi\/#website"},"primaryImageOfPage":{"@id":"https:\/\/scandinavianhealthcenter.com\/fi\/about-us\/#primaryimage"},"image":{"@id":"https:\/\/scandinavianhealthcenter.com\/fi\/about-us\/#primaryimage"},"thumbnailUrl":"https:\/\/scandinavianhealthcenter.com\/wp-content\/uploads\/2025\/03\/Citam-Header-Home_2-1.jpg","datePublished":"2025-03-03T12:54:39+00:00","dateModified":"2025-04-09T15:27:35+00:00","breadcrumb":{"@id":"https:\/\/scandinavianhealthcenter.com\/fi\/about-us\/#breadcrumb"},"inLanguage":"fi","potentialAction":[{"@type":"ReadAction","target":["https:\/\/scandinavianhealthcenter.com\/fi\/about-us\/"]}]},{"@type":"ImageObject","inLanguage":"fi","@id":"https:\/\/scandinavianhealthcenter.com\/fi\/about-us\/#primaryimage","url":"https:\/\/scandinavianhealthcenter.com\/wp-content\/uploads\/2025\/03\/Citam-Header-Home_2-1.jpg","contentUrl":"https:\/\/scandinavianhealthcenter.com\/wp-content\/uploads\/2025\/03\/Citam-Header-Home_2-1.jpg","width":2200,"height":960,"caption":"Citam-Header-Home"},{"@type":"BreadcrumbList","@id":"https:\/\/scandinavianhealthcenter.com\/fi\/about-us\/#breadcrumb","itemListElement":[{"@type":"ListItem","position":1,"name":"Home","item":"https:\/\/scandinavianhealthcenter.com\/fi\/"},{"@type":"ListItem","position":2,"name":"Tietoa meist\u00e4"}]},{"@type":"WebSite","@id":"https:\/\/scandinavianhealthcenter.com\/fi\/#website","url":"https:\/\/scandinavianhealthcenter.com\/fi\/","name":"Scandinavian HealtCenter","description":"Sairaanhoitoapu skandinaaveille Mallorca","publisher":{"@id":"https:\/\/scandinavianhealthcenter.com\/fi\/#organization"},"potentialAction":[{"@type":"SearchAction","target":{"@type":"EntryPoint","urlTemplate":"https:\/\/scandinavianhealthcenter.com\/fi\/?s={search_term_string}"},"query-input":{"@type":"PropertyValueSpecification","valueRequired":true,"valueName":"search_term_string"}}],"inLanguage":"fi"},{"@type":"Organization","@id":"https:\/\/scandinavianhealthcenter.com\/fi\/#organization","name":"Citam","url":"https:\/\/scandinavianhealthcenter.com\/fi\/","logo":{"@type":"ImageObject","inLanguage":"fi","@id":"https:\/\/scandinavianhealthcenter.com\/fi\/#\/schema\/logo\/image\/","url":"https:\/\/scandinavianhealthcenter.com\/wp-content\/uploads\/2025\/03\/scandinavianhealthcenter-logo-top.png","contentUrl":"https:\/\/scandinavianhealthcenter.com\/wp-content\/uploads\/2025\/03\/scandinavianhealthcenter-logo-top.png","width":350,"height":99,"caption":"Citam"},"image":{"@id":"https:\/\/scandinavianhealthcenter.com\/fi\/#\/schema\/logo\/image\/"}}]}},"_links":{"self":[{"href":"https:\/\/scandinavianhealthcenter.com\/fi\/wp-json\/wp\/v2\/pages\/689","targetHints":{"allow":["GET"]}}],"collection":[{"href":"https:\/\/scandinavianhealthcenter.com\/fi\/wp-json\/wp\/v2\/pages"}],"about":[{"href":"https:\/\/scandinavianhealthcenter.com\/fi\/wp-json\/wp\/v2\/types\/page"}],"author":[{"embeddable":true,"href":"https:\/\/scandinavianhealthcenter.com\/fi\/wp-json\/wp\/v2\/users\/1"}],"replies":[{"embeddable":true,"href":"https:\/\/scandinavianhealthcenter.com\/fi\/wp-json\/wp\/v2\/comments?post=689"}],"version-history":[{"count":4,"href":"https:\/\/scandinavianhealthcenter.com\/fi\/wp-json\/wp\/v2\/pages\/689\/revisions"}],"predecessor-version":[{"id":1543,"href":"https:\/\/scandinavianhealthcenter.com\/fi\/wp-json\/wp\/v2\/pages\/689\/revisions\/1543"}],"wp:featuredmedia":[{"embeddable":true,"href":"https:\/\/scandinavianhealthcenter.com\/fi\/wp-json\/wp\/v2\/media\/690"}],"wp:attachment":[{"href":"https:\/\/scandinavianhealthcenter.com\/fi\/wp-json\/wp\/v2\/media?parent=689"}],"curies":[{"name":"wp","href":"https:\/\/api.w.org\/{rel}","templated":true}]}}