{"id":372,"date":"2025-03-03T12:03:26","date_gmt":"2025-03-03T11:03:26","guid":{"rendered":"https:\/\/scandinavianhealthcenter.com\/sok-efter-symptom\/"},"modified":"2025-03-03T22:23:36","modified_gmt":"2025-03-03T21:23:36","slug":"search-for-symptoms","status":"publish","type":"page","link":"https:\/\/scandinavianhealthcenter.com\/en\/search-for-symptoms\/","title":{"rendered":"Search for symptoms"},"content":{"rendered":"\t\t<div data-elementor-type=\"wp-page\" data-elementor-id=\"372\" class=\"elementor elementor-372 elementor-182\">\n\t\t\t\t<div class=\"elementor-element elementor-element-2595c96 e-flex e-con-boxed e-con e-parent\" data-id=\"2595c96\" data-element_type=\"container\">\n\t\t\t\t\t<div class=\"e-con-inner\">\n\t\t\t\t<div class=\"elementor-element elementor-element-5749ba4 elementor-widget elementor-widget-heading\" data-id=\"5749ba4\" data-element_type=\"widget\" data-widget_type=\"heading.default\">\n\t\t\t\t<div class=\"elementor-widget-container\">\n\t\t\t\t\t<h2 class=\"elementor-heading-title elementor-size-default\">K\u00e4nner du till dina symtom eller en m\u00f6jlig diagnos?<\/h2>\t\t\t\t<\/div>\n\t\t\t\t<\/div>\n\t\t\t\t<div class=\"elementor-element elementor-element-ed3a83a elementor-widget elementor-widget-spacer\" data-id=\"ed3a83a\" data-element_type=\"widget\" data-widget_type=\"spacer.default\">\n\t\t\t\t<div class=\"elementor-widget-container\">\n\t\t\t\t\t\t\t<div class=\"elementor-spacer\">\n\t\t\t<div class=\"elementor-spacer-inner\"><\/div>\n\t\t<\/div>\n\t\t\t\t\t\t<\/div>\n\t\t\t\t<\/div>\n\t\t\t\t<div class=\"elementor-element elementor-element-b8e519a elementor-widget elementor-widget-heading\" data-id=\"b8e519a\" data-element_type=\"widget\" data-widget_type=\"heading.default\">\n\t\t\t\t<div class=\"elementor-widget-container\">\n\t\t\t\t\t<h3 class=\"elementor-heading-title elementor-size-default\">Hitta din specialist!<\/h3>\t\t\t\t<\/div>\n\t\t\t\t<\/div>\n\t\t\t\t<div class=\"elementor-element elementor-element-9d1d6af elementor-widget elementor-widget-spacer\" data-id=\"9d1d6af\" data-element_type=\"widget\" data-widget_type=\"spacer.default\">\n\t\t\t\t<div class=\"elementor-widget-container\">\n\t\t\t\t\t\t\t<div class=\"elementor-spacer\">\n\t\t\t<div class=\"elementor-spacer-inner\"><\/div>\n\t\t<\/div>\n\t\t\t\t\t\t<\/div>\n\t\t\t\t<\/div>\n\t\t\t\t<div class=\"elementor-element elementor-element-1471ddf elementor-widget elementor-widget-text-editor\" data-id=\"1471ddf\" data-element_type=\"widget\" data-widget_type=\"text-editor.default\">\n\t\t\t\t<div class=\"elementor-widget-container\">\n\t\t\t\t\t\t\t\t\t<p>F\u00e5 tillg\u00e5ng till v\u00e5r s\u00f6kmotor f\u00f6r nyckelord..<\/p>\t\t\t\t\t\t\t\t<\/div>\n\t\t\t\t<\/div>\n\t\t\t\t\t<\/div>\n\t\t\t\t<\/div>\n\t\t\t\t<\/div>\n\t\t","protected":false},"excerpt":{"rendered":"<p>K\u00e4nner du till dina symtom eller en m\u00f6jlig diagnos? Hitta din specialist! F\u00e5 tillg\u00e5ng till v\u00e5r s\u00f6kmotor f\u00f6r nyckelord..<\/p>\n","protected":false},"author":1,"featured_media":184,"parent":0,"menu_order":0,"comment_status":"closed","ping_status":"closed","template":"page-sintomas.php","meta":{"footnotes":""},"class_list":["post-372","page","type-page","status-publish","has-post-thumbnail","hentry"],"yoast_head":"<!-- This site is optimized with the Yoast SEO plugin v26.8 - https:\/\/yoast.com\/product\/yoast-seo-wordpress\/ -->\n<title>Search for symptoms - Scandinavian Health Center<\/title>\n<meta name=\"robots\" content=\"index, follow, max-snippet:-1, max-image-preview:large, max-video-preview:-1\" \/>\n<link rel=\"canonical\" href=\"https:\/\/scandinavianhealthcenter.com\/en\/search-for-symptoms\/\" \/>\n<meta property=\"og:locale\" content=\"en_US\" \/>\n<meta property=\"og:type\" content=\"article\" \/>\n<meta property=\"og:title\" content=\"Search for symptoms - Scandinavian Health Center\" \/>\n<meta property=\"og:description\" content=\"K\u00e4nner du till dina symtom eller en m\u00f6jlig diagnos? Hitta din specialist! F\u00e5 tillg\u00e5ng till v\u00e5r s\u00f6kmotor f\u00f6r nyckelord..\" \/>\n<meta property=\"og:url\" content=\"https:\/\/scandinavianhealthcenter.com\/en\/search-for-symptoms\/\" \/>\n<meta property=\"og:site_name\" content=\"Scandinavian Health Center\" \/>\n<meta property=\"article:modified_time\" content=\"2025-03-03T21:23:36+00:00\" \/>\n<meta property=\"og:image\" content=\"https:\/\/scandinavianhealthcenter.com\/wp-content\/uploads\/2025\/03\/Citam-Buscador-de-Patologias.jpg\" \/>\n\t<meta property=\"og:image:width\" content=\"2560\" \/>\n\t<meta property=\"og:image:height\" content=\"1117\" \/>\n\t<meta property=\"og:image:type\" content=\"image\/jpeg\" \/>\n<meta name=\"twitter:card\" content=\"summary_large_image\" \/>\n<meta name=\"twitter:label1\" content=\"Est. reading time\" \/>\n\t<meta name=\"twitter:data1\" content=\"1 minute\" \/>\n<script type=\"application\/ld+json\" class=\"yoast-schema-graph\">{\"@context\":\"https:\/\/schema.org\",\"@graph\":[{\"@type\":\"WebPage\",\"@id\":\"https:\/\/scandinavianhealthcenter.com\/en\/search-for-symptoms\/\",\"url\":\"https:\/\/scandinavianhealthcenter.com\/en\/search-for-symptoms\/\",\"name\":\"Search for symptoms - Scandinavian Health Center\",\"isPartOf\":{\"@id\":\"https:\/\/scandinavianhealthcenter.com\/en\/#website\"},\"primaryImageOfPage\":{\"@id\":\"https:\/\/scandinavianhealthcenter.com\/en\/search-for-symptoms\/#primaryimage\"},\"image\":{\"@id\":\"https:\/\/scandinavianhealthcenter.com\/en\/search-for-symptoms\/#primaryimage\"},\"thumbnailUrl\":\"https:\/\/scandinavianhealthcenter.com\/wp-content\/uploads\/2025\/03\/Citam-Buscador-de-Patologias.jpg\",\"datePublished\":\"2025-03-03T11:03:26+00:00\",\"dateModified\":\"2025-03-03T21:23:36+00:00\",\"breadcrumb\":{\"@id\":\"https:\/\/scandinavianhealthcenter.com\/en\/search-for-symptoms\/#breadcrumb\"},\"inLanguage\":\"en-US\",\"potentialAction\":[{\"@type\":\"ReadAction\",\"target\":[\"https:\/\/scandinavianhealthcenter.com\/en\/search-for-symptoms\/\"]}]},{\"@type\":\"ImageObject\",\"inLanguage\":\"en-US\",\"@id\":\"https:\/\/scandinavianhealthcenter.com\/en\/search-for-symptoms\/#primaryimage\",\"url\":\"https:\/\/scandinavianhealthcenter.com\/wp-content\/uploads\/2025\/03\/Citam-Buscador-de-Patologias.jpg\",\"contentUrl\":\"https:\/\/scandinavianhealthcenter.com\/wp-content\/uploads\/2025\/03\/Citam-Buscador-de-Patologias.jpg\",\"width\":2560,\"height\":1117,\"caption\":\"Hands of unknown woman-doctor reassuring her female patient, close-up. Medicine concept.\"},{\"@type\":\"BreadcrumbList\",\"@id\":\"https:\/\/scandinavianhealthcenter.com\/en\/search-for-symptoms\/#breadcrumb\",\"itemListElement\":[{\"@type\":\"ListItem\",\"position\":1,\"name\":\"Home\",\"item\":\"https:\/\/scandinavianhealthcenter.com\/en\/\"},{\"@type\":\"ListItem\",\"position\":2,\"name\":\"Search for symptoms\"}]},{\"@type\":\"WebSite\",\"@id\":\"https:\/\/scandinavianhealthcenter.com\/en\/#website\",\"url\":\"https:\/\/scandinavianhealthcenter.com\/en\/\",\"name\":\"Scandinavian HealtCenter\",\"description\":\"Medical Assistance for Scandinavians in Mallorca\",\"publisher\":{\"@id\":\"https:\/\/scandinavianhealthcenter.com\/en\/#organization\"},\"potentialAction\":[{\"@type\":\"SearchAction\",\"target\":{\"@type\":\"EntryPoint\",\"urlTemplate\":\"https:\/\/scandinavianhealthcenter.com\/en\/?s={search_term_string}\"},\"query-input\":{\"@type\":\"PropertyValueSpecification\",\"valueRequired\":true,\"valueName\":\"search_term_string\"}}],\"inLanguage\":\"en-US\"},{\"@type\":\"Organization\",\"@id\":\"https:\/\/scandinavianhealthcenter.com\/en\/#organization\",\"name\":\"Scandinavian Health Center\",\"url\":\"https:\/\/scandinavianhealthcenter.com\/en\/\",\"logo\":{\"@type\":\"ImageObject\",\"inLanguage\":\"en-US\",\"@id\":\"https:\/\/scandinavianhealthcenter.com\/en\/#\/schema\/logo\/image\/\",\"url\":\"https:\/\/scandinavianhealthcenter.com\/wp-content\/uploads\/2025\/03\/scandinavianhealthcenter-logo-top.png\",\"contentUrl\":\"https:\/\/scandinavianhealthcenter.com\/wp-content\/uploads\/2025\/03\/scandinavianhealthcenter-logo-top.png\",\"width\":350,\"height\":99,\"caption\":\"Scandinavian Health Center\"},\"image\":{\"@id\":\"https:\/\/scandinavianhealthcenter.com\/en\/#\/schema\/logo\/image\/\"}}]}<\/script>\n<!-- \/ Yoast SEO plugin. -->","yoast_head_json":{"title":"Search for symptoms - Scandinavian Health Center","robots":{"index":"index","follow":"follow","max-snippet":"max-snippet:-1","max-image-preview":"max-image-preview:large","max-video-preview":"max-video-preview:-1"},"canonical":"https:\/\/scandinavianhealthcenter.com\/en\/search-for-symptoms\/","og_locale":"en_US","og_type":"article","og_title":"Search for symptoms - Scandinavian Health Center","og_description":"K\u00e4nner du till dina symtom eller en m\u00f6jlig diagnos? Hitta din specialist! F\u00e5 tillg\u00e5ng till v\u00e5r s\u00f6kmotor f\u00f6r nyckelord..","og_url":"https:\/\/scandinavianhealthcenter.com\/en\/search-for-symptoms\/","og_site_name":"Scandinavian Health Center","article_modified_time":"2025-03-03T21:23:36+00:00","og_image":[{"width":2560,"height":1117,"url":"https:\/\/scandinavianhealthcenter.com\/wp-content\/uploads\/2025\/03\/Citam-Buscador-de-Patologias.jpg","type":"image\/jpeg"}],"twitter_card":"summary_large_image","twitter_misc":{"Est. reading time":"1 minute"},"schema":{"@context":"https:\/\/schema.org","@graph":[{"@type":"WebPage","@id":"https:\/\/scandinavianhealthcenter.com\/en\/search-for-symptoms\/","url":"https:\/\/scandinavianhealthcenter.com\/en\/search-for-symptoms\/","name":"Search for symptoms - Scandinavian Health Center","isPartOf":{"@id":"https:\/\/scandinavianhealthcenter.com\/en\/#website"},"primaryImageOfPage":{"@id":"https:\/\/scandinavianhealthcenter.com\/en\/search-for-symptoms\/#primaryimage"},"image":{"@id":"https:\/\/scandinavianhealthcenter.com\/en\/search-for-symptoms\/#primaryimage"},"thumbnailUrl":"https:\/\/scandinavianhealthcenter.com\/wp-content\/uploads\/2025\/03\/Citam-Buscador-de-Patologias.jpg","datePublished":"2025-03-03T11:03:26+00:00","dateModified":"2025-03-03T21:23:36+00:00","breadcrumb":{"@id":"https:\/\/scandinavianhealthcenter.com\/en\/search-for-symptoms\/#breadcrumb"},"inLanguage":"en-US","potentialAction":[{"@type":"ReadAction","target":["https:\/\/scandinavianhealthcenter.com\/en\/search-for-symptoms\/"]}]},{"@type":"ImageObject","inLanguage":"en-US","@id":"https:\/\/scandinavianhealthcenter.com\/en\/search-for-symptoms\/#primaryimage","url":"https:\/\/scandinavianhealthcenter.com\/wp-content\/uploads\/2025\/03\/Citam-Buscador-de-Patologias.jpg","contentUrl":"https:\/\/scandinavianhealthcenter.com\/wp-content\/uploads\/2025\/03\/Citam-Buscador-de-Patologias.jpg","width":2560,"height":1117,"caption":"Hands of unknown woman-doctor reassuring her female patient, close-up. Medicine concept."},{"@type":"BreadcrumbList","@id":"https:\/\/scandinavianhealthcenter.com\/en\/search-for-symptoms\/#breadcrumb","itemListElement":[{"@type":"ListItem","position":1,"name":"Home","item":"https:\/\/scandinavianhealthcenter.com\/en\/"},{"@type":"ListItem","position":2,"name":"Search for symptoms"}]},{"@type":"WebSite","@id":"https:\/\/scandinavianhealthcenter.com\/en\/#website","url":"https:\/\/scandinavianhealthcenter.com\/en\/","name":"Scandinavian HealtCenter","description":"Medical Assistance for Scandinavians in Mallorca","publisher":{"@id":"https:\/\/scandinavianhealthcenter.com\/en\/#organization"},"potentialAction":[{"@type":"SearchAction","target":{"@type":"EntryPoint","urlTemplate":"https:\/\/scandinavianhealthcenter.com\/en\/?s={search_term_string}"},"query-input":{"@type":"PropertyValueSpecification","valueRequired":true,"valueName":"search_term_string"}}],"inLanguage":"en-US"},{"@type":"Organization","@id":"https:\/\/scandinavianhealthcenter.com\/en\/#organization","name":"Scandinavian Health Center","url":"https:\/\/scandinavianhealthcenter.com\/en\/","logo":{"@type":"ImageObject","inLanguage":"en-US","@id":"https:\/\/scandinavianhealthcenter.com\/en\/#\/schema\/logo\/image\/","url":"https:\/\/scandinavianhealthcenter.com\/wp-content\/uploads\/2025\/03\/scandinavianhealthcenter-logo-top.png","contentUrl":"https:\/\/scandinavianhealthcenter.com\/wp-content\/uploads\/2025\/03\/scandinavianhealthcenter-logo-top.png","width":350,"height":99,"caption":"Scandinavian Health Center"},"image":{"@id":"https:\/\/scandinavianhealthcenter.com\/en\/#\/schema\/logo\/image\/"}}]}},"_links":{"self":[{"href":"https:\/\/scandinavianhealthcenter.com\/en\/wp-json\/wp\/v2\/pages\/372","targetHints":{"allow":["GET"]}}],"collection":[{"href":"https:\/\/scandinavianhealthcenter.com\/en\/wp-json\/wp\/v2\/pages"}],"about":[{"href":"https:\/\/scandinavianhealthcenter.com\/en\/wp-json\/wp\/v2\/types\/page"}],"author":[{"embeddable":true,"href":"https:\/\/scandinavianhealthcenter.com\/en\/wp-json\/wp\/v2\/users\/1"}],"replies":[{"embeddable":true,"href":"https:\/\/scandinavianhealthcenter.com\/en\/wp-json\/wp\/v2\/comments?post=372"}],"version-history":[{"count":1,"href":"https:\/\/scandinavianhealthcenter.com\/en\/wp-json\/wp\/v2\/pages\/372\/revisions"}],"predecessor-version":[{"id":386,"href":"https:\/\/scandinavianhealthcenter.com\/en\/wp-json\/wp\/v2\/pages\/372\/revisions\/386"}],"wp:featuredmedia":[{"embeddable":true,"href":"https:\/\/scandinavianhealthcenter.com\/en\/wp-json\/wp\/v2\/media\/184"}],"wp:attachment":[{"href":"https:\/\/scandinavianhealthcenter.com\/en\/wp-json\/wp\/v2\/media?parent=372"}],"curies":[{"name":"wp","href":"https:\/\/api.w.org\/{rel}","templated":true}]}}