{"id":370,"date":"2025-03-03T11:51:13","date_gmt":"2025-03-03T10:51:13","guid":{"rendered":"https:\/\/scandinavianhealthcenter.com\/kontakt-oss\/"},"modified":"2025-03-04T08:54:50","modified_gmt":"2025-03-04T07:54:50","slug":"contact-us","status":"publish","type":"page","link":"https:\/\/scandinavianhealthcenter.com\/en\/contact-us\/","title":{"rendered":"Contact Us"},"content":{"rendered":"\t\t<div data-elementor-type=\"wp-page\" data-elementor-id=\"370\" class=\"elementor elementor-370 elementor-167\">\n\t\t\t\t<div class=\"elementor-element elementor-element-ea674ab e-flex e-con-boxed e-con e-parent\" data-id=\"ea674ab\" data-element_type=\"container\">\n\t\t\t\t\t<div class=\"e-con-inner\">\n\t\t\t\t<div class=\"elementor-element elementor-element-92b4443 elementor-widget elementor-widget-spacer\" data-id=\"92b4443\" data-element_type=\"widget\" data-widget_type=\"spacer.default\">\n\t\t\t\t<div class=\"elementor-widget-container\">\n\t\t\t\t\t\t\t<div class=\"elementor-spacer\">\n\t\t\t<div class=\"elementor-spacer-inner\"><\/div>\n\t\t<\/div>\n\t\t\t\t\t\t<\/div>\n\t\t\t\t<\/div>\n\t\t<div class=\"elementor-element elementor-element-ee852e7 e-flex e-con-boxed e-con e-child\" data-id=\"ee852e7\" data-element_type=\"container\">\n\t\t\t\t\t<div class=\"e-con-inner\">\n\t\t\t\t<div class=\"elementor-element elementor-element-289d665 elementor-widget elementor-widget-text-editor\" data-id=\"289d665\" data-element_type=\"widget\" data-widget_type=\"text-editor.default\">\n\t\t\t\t<div class=\"elementor-widget-container\">\n\t\t\t\t\t\t\t\t\t<h2 style=\"text-align: center;\"><span style=\"color: #164386;\"><strong>Because your health can&#8217;t wait<\/strong><\/span><\/h2><h3 style=\"text-align: center;\"><strong>Contact us<\/strong><\/h3>\t\t\t\t\t\t\t\t<\/div>\n\t\t\t\t<\/div>\n\t\t\t\t<div class=\"elementor-element elementor-element-6fafe6e elementor-widget-divider--view-line elementor-widget elementor-widget-divider\" data-id=\"6fafe6e\" data-element_type=\"widget\" data-widget_type=\"divider.default\">\n\t\t\t\t<div class=\"elementor-widget-container\">\n\t\t\t\t\t\t\t<div class=\"elementor-divider\">\n\t\t\t<span class=\"elementor-divider-separator\">\n\t\t\t\t\t\t<\/span>\n\t\t<\/div>\n\t\t\t\t\t\t<\/div>\n\t\t\t\t<\/div>\n\t\t<div class=\"elementor-element elementor-element-1ab007e e-flex e-con-boxed e-con e-child\" data-id=\"1ab007e\" data-element_type=\"container\">\n\t\t\t\t\t<div class=\"e-con-inner\">\n\t\t<div class=\"elementor-element elementor-element-fcc6aa0 e-flex e-con-boxed e-con e-child\" data-id=\"fcc6aa0\" data-element_type=\"container\">\n\t\t\t\t\t<div class=\"e-con-inner\">\n\t\t\t\t<div class=\"elementor-element elementor-element-f39d1c4 elementor-widget elementor-widget-image\" data-id=\"f39d1c4\" data-element_type=\"widget\" data-widget_type=\"image.default\">\n\t\t\t\t<div class=\"elementor-widget-container\">\n\t\t\t\t\t\t\t\t\t\t\t\t\t\t\t<img decoding=\"async\" width=\"80\" height=\"81\" src=\"https:\/\/scandinavianhealthcenter.com\/wp-content\/uploads\/2025\/03\/Contact-us-Sacandinavian-Health-Center.png\" class=\"attachment-large size-large wp-image-170\" alt=\"\" \/>\t\t\t\t\t\t\t\t\t\t\t\t\t\t\t<\/div>\n\t\t\t\t<\/div>\n\t\t\t\t<div class=\"elementor-element elementor-element-e7d7e1b elementor-widget elementor-widget-text-editor\" data-id=\"e7d7e1b\" data-element_type=\"widget\" data-widget_type=\"text-editor.default\">\n\t\t\t\t<div class=\"elementor-widget-container\">\n\t\t\t\t\t\t\t\t\t<p><a href=\"mailto:admin@scandinavianhealthcenter.com\" target=\"_blank\" rel=\"noopener\"><span style=\"color: #164386;\"><strong>admin@scandinavianhealthcenter.com<\/strong><\/span><\/a><\/p>\t\t\t\t\t\t\t\t<\/div>\n\t\t\t\t<\/div>\n\t\t\t\t\t<\/div>\n\t\t\t\t<\/div>\n\t\t\t\t\t<\/div>\n\t\t\t\t<\/div>\n\t\t\t\t<div class=\"elementor-element elementor-element-e0b4046 elementor-widget-divider--view-line elementor-widget elementor-widget-divider\" data-id=\"e0b4046\" data-element_type=\"widget\" data-widget_type=\"divider.default\">\n\t\t\t\t<div class=\"elementor-widget-container\">\n\t\t\t\t\t\t\t<div class=\"elementor-divider\">\n\t\t\t<span class=\"elementor-divider-separator\">\n\t\t\t\t\t\t<\/span>\n\t\t<\/div>\n\t\t\t\t\t\t<\/div>\n\t\t\t\t<\/div>\n\t\t\t\t\t<\/div>\n\t\t\t\t<\/div>\n\t\t\t\t<div class=\"elementor-element elementor-element-5dc7e57 elementor-widget elementor-widget-shortcode\" data-id=\"5dc7e57\" data-element_type=\"widget\" data-widget_type=\"shortcode.default\">\n\t\t\t\t<div class=\"elementor-widget-container\">\n\t\t\t\t\t\t\t<div class=\"elementor-shortcode\">\n<div class=\"wpcf7 no-js\" id=\"wpcf7-f419-o1\" lang=\"es-ES\" dir=\"ltr\" data-wpcf7-id=\"419\">\n<div class=\"screen-reader-response\"><p role=\"status\" aria-live=\"polite\" aria-atomic=\"true\"><\/p> <ul><\/ul><\/div>\n<form action=\"\/en\/wp-json\/wp\/v2\/pages\/370#wpcf7-f419-o1\" method=\"post\" class=\"wpcf7-form init\" aria-label=\"Formulario de contacto\" novalidate=\"novalidate\" data-status=\"init\">\n<fieldset class=\"hidden-fields-container\"><input type=\"hidden\" name=\"_wpcf7\" value=\"419\" \/><input type=\"hidden\" name=\"_wpcf7_version\" value=\"6.1.4\" \/><input type=\"hidden\" name=\"_wpcf7_locale\" value=\"es_ES\" \/><input type=\"hidden\" name=\"_wpcf7_unit_tag\" value=\"wpcf7-f419-o1\" \/><input type=\"hidden\" name=\"_wpcf7_container_post\" value=\"0\" \/><input type=\"hidden\" name=\"_wpcf7_posted_data_hash\" value=\"\" \/><input type=\"hidden\" name=\"_wpcf7dtx_version\" value=\"5.0.4\" \/><input type=\"hidden\" name=\"_wpcf7_recaptcha_response\" value=\"\" \/>\n<\/fieldset>\n<h2>Contact form<\/h2>\n<ul>\n<li><span class=\"wpcf7-form-control-wrap\" data-name=\"txt-nombre\"><input size=\"40\" maxlength=\"400\" class=\"wpcf7-form-control wpcf7-text wpcf7-validates-as-required\" aria-required=\"true\" aria-invalid=\"false\" placeholder=\"Name and Surname *\" value=\"\" type=\"text\" name=\"txt-nombre\" \/><\/span><span id=\"wpcf7-69eb772027a0b-wrapper\" class=\"wpcf7-form-control-wrap e-mail-wrap\" ><label for=\"e-mail\" class=\"hp-message\">Por favor, deja este campo vac\u00edo.<\/label><input id=\"e-mail\"  class=\"wpcf7-form-control wpcf7-text e-mail\" type=\"text\" name=\"e-mail\" value=\"\" size=\"40\" tabindex=\"-1\" autocomplete=\"new-password\" \/><\/span><\/li>\n<li class=\"medio\"><span class=\"wpcf7-form-control-wrap\" data-name=\"txt-fono\"><input size=\"40\" maxlength=\"400\" class=\"wpcf7-form-control wpcf7-tel wpcf7-validates-as-required wpcf7-text wpcf7-validates-as-tel\" aria-required=\"true\" aria-invalid=\"false\" placeholder=\"Telephone *\" value=\"\" type=\"tel\" name=\"txt-fono\" \/><\/span><span id=\"wpcf7-69eb772027b0b-wrapper\" class=\"wpcf7-form-control-wrap email-wrap\" ><label for=\"email\" class=\"hp-message\">Por favor, deja este campo vac\u00edo.<\/label><input id=\"email\"  class=\"wpcf7-form-control wpcf7-text email\" type=\"text\" name=\"email\" value=\"\" size=\"40\" tabindex=\"-1\" autocomplete=\"new-password\" \/><\/span><\/li>\n<li class=\"medio last\"><span class=\"wpcf7-form-control-wrap\" data-name=\"txt-emilio\"><input size=\"40\" maxlength=\"400\" class=\"wpcf7-form-control wpcf7-email wpcf7-validates-as-required wpcf7-text wpcf7-validates-as-email\" aria-required=\"true\" aria-invalid=\"false\" placeholder=\"Email *\" value=\"\" type=\"email\" name=\"txt-emilio\" \/><\/span><span id=\"wpcf7-69eb772027bb1-wrapper\" class=\"wpcf7-form-control-wrap mail-wrap\" ><label for=\"mail\" class=\"hp-message\">Por favor, deja este campo vac\u00edo.<\/label><input id=\"mail\"  class=\"wpcf7-form-control wpcf7-text mail\" type=\"text\" name=\"mail\" value=\"\" size=\"40\" tabindex=\"-1\" autocomplete=\"new-password\" \/><\/span><\/li>\n<li><span class=\"wpcf7-form-control-wrap\" data-name=\"txt-mensaje\"><textarea cols=\"40\" rows=\"10\" maxlength=\"2000\" class=\"wpcf7-form-control wpcf7-textarea wpcf7-validates-as-required\" aria-required=\"true\" aria-invalid=\"false\" placeholder=\"Comments\" name=\"txt-mensaje\"><\/textarea><\/span><\/li>\n<li class=\"acepto-obligatorio acepto obligatorio text-right\"><span class=\"wpcf7-form-control-wrap\" data-name=\"acceptance-717\"><span class=\"wpcf7-form-control wpcf7-acceptance\"><span class=\"wpcf7-list-item\"><input type=\"checkbox\" name=\"acceptance-717\" value=\"1\" aria-invalid=\"false\" \/><\/span><\/span><\/span> I have read and accept the <a href=\"https:\/\/scandinavianhealthcenter.com\/en\/privacy-policy\/\" target=\"_blank\">Privacy Policy<\/a> <small>(*) Mandatory fields<\/small><\/li>\n<li><input class=\"wpcf7-form-control wpcf7-submit has-spinner button\" type=\"submit\" value=\"SEND\" \/> <\/li>\n<\/ul><div class=\"wpcf7-response-output\" aria-hidden=\"true\"><\/div>\n<\/form>\n<\/div>\n<\/div>\n\t\t\t\t\t\t<\/div>\n\t\t\t\t<\/div>\n\t\t\t\t<div class=\"elementor-element elementor-element-b3b4141 elementor-widget elementor-widget-spacer\" data-id=\"b3b4141\" data-element_type=\"widget\" data-widget_type=\"spacer.default\">\n\t\t\t\t<div class=\"elementor-widget-container\">\n\t\t\t\t\t\t\t<div class=\"elementor-spacer\">\n\t\t\t<div class=\"elementor-spacer-inner\"><\/div>\n\t\t<\/div>\n\t\t\t\t\t\t<\/div>\n\t\t\t\t<\/div>\n\t\t\t\t\t<\/div>\n\t\t\t\t<\/div>\n\t\t\t\t<\/div>\n\t\t","protected":false},"excerpt":{"rendered":"<p>Because your health can&#8217;t wait Contact us admin@scandinavianhealthcenter.com<\/p>\n","protected":false},"author":1,"featured_media":41,"parent":0,"menu_order":0,"comment_status":"closed","ping_status":"closed","template":"","meta":{"footnotes":""},"class_list":["post-370","page","type-page","status-publish","has-post-thumbnail","hentry"],"yoast_head":"<!-- This site is optimized with the Yoast SEO plugin v26.8 - https:\/\/yoast.com\/product\/yoast-seo-wordpress\/ -->\n<title>Kontakt Oss | Scandinavian HealtCenter<\/title>\n<meta name=\"description\" content=\"F\u00f6r din h\u00e4lsa kan inte v\u00e4nta. Kontakt med oss\" \/>\n<meta name=\"robots\" content=\"index, follow, max-snippet:-1, max-image-preview:large, max-video-preview:-1\" \/>\n<link rel=\"canonical\" href=\"https:\/\/scandinavianhealthcenter.com\/en\/contact-us\/\" \/>\n<meta property=\"og:locale\" content=\"en_US\" \/>\n<meta property=\"og:type\" content=\"article\" \/>\n<meta property=\"og:title\" content=\"Kontakt Oss | Scandinavian HealtCenter\" \/>\n<meta property=\"og:description\" content=\"F\u00f6r din h\u00e4lsa kan inte v\u00e4nta. Kontakt med oss\" \/>\n<meta property=\"og:url\" content=\"https:\/\/scandinavianhealthcenter.com\/en\/contact-us\/\" \/>\n<meta property=\"og:site_name\" content=\"Scandinavian Health Center\" \/>\n<meta property=\"article:modified_time\" content=\"2025-03-04T07:54:50+00:00\" \/>\n<meta property=\"og:image\" content=\"https:\/\/scandinavianhealthcenter.com\/wp-content\/uploads\/2025\/03\/citam-doctor-header.jpg\" \/>\n\t<meta property=\"og:image:width\" content=\"1599\" \/>\n\t<meta property=\"og:image:height\" content=\"700\" \/>\n\t<meta property=\"og:image:type\" content=\"image\/jpeg\" \/>\n<meta name=\"twitter:card\" content=\"summary_large_image\" \/>\n<meta name=\"twitter:label1\" content=\"Est. reading time\" \/>\n\t<meta name=\"twitter:data1\" content=\"1 minute\" \/>\n<script type=\"application\/ld+json\" class=\"yoast-schema-graph\">{\"@context\":\"https:\/\/schema.org\",\"@graph\":[{\"@type\":\"WebPage\",\"@id\":\"https:\/\/scandinavianhealthcenter.com\/en\/contact-us\/\",\"url\":\"https:\/\/scandinavianhealthcenter.com\/en\/contact-us\/\",\"name\":\"Kontakt Oss | Scandinavian HealtCenter\",\"isPartOf\":{\"@id\":\"https:\/\/scandinavianhealthcenter.com\/en\/#website\"},\"primaryImageOfPage\":{\"@id\":\"https:\/\/scandinavianhealthcenter.com\/en\/contact-us\/#primaryimage\"},\"image\":{\"@id\":\"https:\/\/scandinavianhealthcenter.com\/en\/contact-us\/#primaryimage\"},\"thumbnailUrl\":\"https:\/\/scandinavianhealthcenter.com\/wp-content\/uploads\/2025\/03\/citam-doctor-header.jpg\",\"datePublished\":\"2025-03-03T10:51:13+00:00\",\"dateModified\":\"2025-03-04T07:54:50+00:00\",\"description\":\"F\u00f6r din h\u00e4lsa kan inte v\u00e4nta. Kontakt med oss\",\"breadcrumb\":{\"@id\":\"https:\/\/scandinavianhealthcenter.com\/en\/contact-us\/#breadcrumb\"},\"inLanguage\":\"en-US\",\"potentialAction\":[{\"@type\":\"ReadAction\",\"target\":[\"https:\/\/scandinavianhealthcenter.com\/en\/contact-us\/\"]}]},{\"@type\":\"ImageObject\",\"inLanguage\":\"en-US\",\"@id\":\"https:\/\/scandinavianhealthcenter.com\/en\/contact-us\/#primaryimage\",\"url\":\"https:\/\/scandinavianhealthcenter.com\/wp-content\/uploads\/2025\/03\/citam-doctor-header.jpg\",\"contentUrl\":\"https:\/\/scandinavianhealthcenter.com\/wp-content\/uploads\/2025\/03\/citam-doctor-header.jpg\",\"width\":1599,\"height\":700},{\"@type\":\"BreadcrumbList\",\"@id\":\"https:\/\/scandinavianhealthcenter.com\/en\/contact-us\/#breadcrumb\",\"itemListElement\":[{\"@type\":\"ListItem\",\"position\":1,\"name\":\"Home\",\"item\":\"https:\/\/scandinavianhealthcenter.com\/en\/\"},{\"@type\":\"ListItem\",\"position\":2,\"name\":\"Contact Us\"}]},{\"@type\":\"WebSite\",\"@id\":\"https:\/\/scandinavianhealthcenter.com\/en\/#website\",\"url\":\"https:\/\/scandinavianhealthcenter.com\/en\/\",\"name\":\"Scandinavian HealtCenter\",\"description\":\"Medical Assistance for Scandinavians in Mallorca\",\"publisher\":{\"@id\":\"https:\/\/scandinavianhealthcenter.com\/en\/#organization\"},\"potentialAction\":[{\"@type\":\"SearchAction\",\"target\":{\"@type\":\"EntryPoint\",\"urlTemplate\":\"https:\/\/scandinavianhealthcenter.com\/en\/?s={search_term_string}\"},\"query-input\":{\"@type\":\"PropertyValueSpecification\",\"valueRequired\":true,\"valueName\":\"search_term_string\"}}],\"inLanguage\":\"en-US\"},{\"@type\":\"Organization\",\"@id\":\"https:\/\/scandinavianhealthcenter.com\/en\/#organization\",\"name\":\"Scandinavian Health Center\",\"url\":\"https:\/\/scandinavianhealthcenter.com\/en\/\",\"logo\":{\"@type\":\"ImageObject\",\"inLanguage\":\"en-US\",\"@id\":\"https:\/\/scandinavianhealthcenter.com\/en\/#\/schema\/logo\/image\/\",\"url\":\"https:\/\/scandinavianhealthcenter.com\/wp-content\/uploads\/2025\/03\/scandinavianhealthcenter-logo-top.png\",\"contentUrl\":\"https:\/\/scandinavianhealthcenter.com\/wp-content\/uploads\/2025\/03\/scandinavianhealthcenter-logo-top.png\",\"width\":350,\"height\":99,\"caption\":\"Scandinavian Health Center\"},\"image\":{\"@id\":\"https:\/\/scandinavianhealthcenter.com\/en\/#\/schema\/logo\/image\/\"}}]}<\/script>\n<!-- \/ Yoast SEO plugin. -->","yoast_head_json":{"title":"Kontakt Oss | Scandinavian HealtCenter","description":"F\u00f6r din h\u00e4lsa kan inte v\u00e4nta. Kontakt med oss","robots":{"index":"index","follow":"follow","max-snippet":"max-snippet:-1","max-image-preview":"max-image-preview:large","max-video-preview":"max-video-preview:-1"},"canonical":"https:\/\/scandinavianhealthcenter.com\/en\/contact-us\/","og_locale":"en_US","og_type":"article","og_title":"Kontakt Oss | Scandinavian HealtCenter","og_description":"F\u00f6r din h\u00e4lsa kan inte v\u00e4nta. Kontakt med oss","og_url":"https:\/\/scandinavianhealthcenter.com\/en\/contact-us\/","og_site_name":"Scandinavian Health Center","article_modified_time":"2025-03-04T07:54:50+00:00","og_image":[{"width":1599,"height":700,"url":"https:\/\/scandinavianhealthcenter.com\/wp-content\/uploads\/2025\/03\/citam-doctor-header.jpg","type":"image\/jpeg"}],"twitter_card":"summary_large_image","twitter_misc":{"Est. reading time":"1 minute"},"schema":{"@context":"https:\/\/schema.org","@graph":[{"@type":"WebPage","@id":"https:\/\/scandinavianhealthcenter.com\/en\/contact-us\/","url":"https:\/\/scandinavianhealthcenter.com\/en\/contact-us\/","name":"Kontakt Oss | Scandinavian HealtCenter","isPartOf":{"@id":"https:\/\/scandinavianhealthcenter.com\/en\/#website"},"primaryImageOfPage":{"@id":"https:\/\/scandinavianhealthcenter.com\/en\/contact-us\/#primaryimage"},"image":{"@id":"https:\/\/scandinavianhealthcenter.com\/en\/contact-us\/#primaryimage"},"thumbnailUrl":"https:\/\/scandinavianhealthcenter.com\/wp-content\/uploads\/2025\/03\/citam-doctor-header.jpg","datePublished":"2025-03-03T10:51:13+00:00","dateModified":"2025-03-04T07:54:50+00:00","description":"F\u00f6r din h\u00e4lsa kan inte v\u00e4nta. Kontakt med oss","breadcrumb":{"@id":"https:\/\/scandinavianhealthcenter.com\/en\/contact-us\/#breadcrumb"},"inLanguage":"en-US","potentialAction":[{"@type":"ReadAction","target":["https:\/\/scandinavianhealthcenter.com\/en\/contact-us\/"]}]},{"@type":"ImageObject","inLanguage":"en-US","@id":"https:\/\/scandinavianhealthcenter.com\/en\/contact-us\/#primaryimage","url":"https:\/\/scandinavianhealthcenter.com\/wp-content\/uploads\/2025\/03\/citam-doctor-header.jpg","contentUrl":"https:\/\/scandinavianhealthcenter.com\/wp-content\/uploads\/2025\/03\/citam-doctor-header.jpg","width":1599,"height":700},{"@type":"BreadcrumbList","@id":"https:\/\/scandinavianhealthcenter.com\/en\/contact-us\/#breadcrumb","itemListElement":[{"@type":"ListItem","position":1,"name":"Home","item":"https:\/\/scandinavianhealthcenter.com\/en\/"},{"@type":"ListItem","position":2,"name":"Contact Us"}]},{"@type":"WebSite","@id":"https:\/\/scandinavianhealthcenter.com\/en\/#website","url":"https:\/\/scandinavianhealthcenter.com\/en\/","name":"Scandinavian HealtCenter","description":"Medical Assistance for Scandinavians in Mallorca","publisher":{"@id":"https:\/\/scandinavianhealthcenter.com\/en\/#organization"},"potentialAction":[{"@type":"SearchAction","target":{"@type":"EntryPoint","urlTemplate":"https:\/\/scandinavianhealthcenter.com\/en\/?s={search_term_string}"},"query-input":{"@type":"PropertyValueSpecification","valueRequired":true,"valueName":"search_term_string"}}],"inLanguage":"en-US"},{"@type":"Organization","@id":"https:\/\/scandinavianhealthcenter.com\/en\/#organization","name":"Scandinavian Health Center","url":"https:\/\/scandinavianhealthcenter.com\/en\/","logo":{"@type":"ImageObject","inLanguage":"en-US","@id":"https:\/\/scandinavianhealthcenter.com\/en\/#\/schema\/logo\/image\/","url":"https:\/\/scandinavianhealthcenter.com\/wp-content\/uploads\/2025\/03\/scandinavianhealthcenter-logo-top.png","contentUrl":"https:\/\/scandinavianhealthcenter.com\/wp-content\/uploads\/2025\/03\/scandinavianhealthcenter-logo-top.png","width":350,"height":99,"caption":"Scandinavian Health Center"},"image":{"@id":"https:\/\/scandinavianhealthcenter.com\/en\/#\/schema\/logo\/image\/"}}]}},"_links":{"self":[{"href":"https:\/\/scandinavianhealthcenter.com\/en\/wp-json\/wp\/v2\/pages\/370","targetHints":{"allow":["GET"]}}],"collection":[{"href":"https:\/\/scandinavianhealthcenter.com\/en\/wp-json\/wp\/v2\/pages"}],"about":[{"href":"https:\/\/scandinavianhealthcenter.com\/en\/wp-json\/wp\/v2\/types\/page"}],"author":[{"embeddable":true,"href":"https:\/\/scandinavianhealthcenter.com\/en\/wp-json\/wp\/v2\/users\/1"}],"replies":[{"embeddable":true,"href":"https:\/\/scandinavianhealthcenter.com\/en\/wp-json\/wp\/v2\/comments?post=370"}],"version-history":[{"count":7,"href":"https:\/\/scandinavianhealthcenter.com\/en\/wp-json\/wp\/v2\/pages\/370\/revisions"}],"predecessor-version":[{"id":600,"href":"https:\/\/scandinavianhealthcenter.com\/en\/wp-json\/wp\/v2\/pages\/370\/revisions\/600"}],"wp:featuredmedia":[{"embeddable":true,"href":"https:\/\/scandinavianhealthcenter.com\/en\/wp-json\/wp\/v2\/media\/41"}],"wp:attachment":[{"href":"https:\/\/scandinavianhealthcenter.com\/en\/wp-json\/wp\/v2\/media?parent=370"}],"curies":[{"name":"wp","href":"https:\/\/api.w.org\/{rel}","templated":true}]}}