{"id":747,"date":"2025-03-03T11:35:59","date_gmt":"2025-03-03T10:35:59","guid":{"rendered":"https:\/\/scandinavianhealthcenter.com\/privacy-policy\/"},"modified":"2025-04-09T09:46:30","modified_gmt":"2025-04-09T07:46:30","slug":"privacy-policy","status":"publish","type":"page","link":"https:\/\/scandinavianhealthcenter.com\/da\/privacy-policy\/","title":{"rendered":"Privatlivspolitik"},"content":{"rendered":"\t\t<div data-elementor-type=\"wp-page\" data-elementor-id=\"747\" class=\"elementor elementor-747 elementor-157\">\n\t\t\t\t<div class=\"elementor-element elementor-element-42d98e9 e-flex e-con-boxed e-con e-parent\" data-id=\"42d98e9\" data-element_type=\"container\">\n\t\t\t\t\t<div class=\"e-con-inner\">\n\t\t\t\t<div class=\"elementor-element elementor-element-b42a145 columnas-2 elementor-widget elementor-widget-text-editor\" data-id=\"b42a145\" data-element_type=\"widget\" data-widget_type=\"text-editor.default\">\n\t\t\t\t<div class=\"elementor-widget-container\">\n\t\t\t\t\t\t\t\t\t<h2><span style=\"color: #164386;\">Ansvarlig for behandling<\/span><\/h2><p>Es Blonquet S.L. (herefter SHC) er en virksomhed, hvis hovedform\u00e5l er formidling af sundhedstjenester via digitale platforme og telefonisk kundeservice samt oprettelse, forvaltning, drift og udvikling, p\u00e5 alle m\u00e5der, herunder telematiske midler, af databaser inden for det medicinske sundhedsomr\u00e5de.<\/p><p>SHC er beliggende i Palma de Mallorca, calle Gabriel Cort\u00e9s nummer 1, 3\u00aa. 07009.<\/p><p>Beskyttelse af privatlivets fred og lovlig brug af personoplysninger er et sp\u00f8rgsm\u00e5l af h\u00f8jeste prioritet for SHC, og vi er forpligtet til at sikre dit privatliv. Denne privatlivspolitik forklarer, hvordan vi indsamler, bruger, opbevarer og videregiver dine personlige data: denne databehandling g\u00e6lder for vores hjemmeside.<\/p><p>SHC har en databeskyttelsesansvarlig i overensstemmelse med bestemmelserne i GDPR, som kan kontaktes via e-mail p\u00e5 dpo@scandinavianhealthcenter.es.<\/p><p>Vi anbefaler, at du l\u00e6ser denne privatlivspolitik omhyggeligt, f\u00f8r du bruger nogen af tjenesterne.<\/p><p>SHC kan \u00e6ndre denne databeskyttelseserkl\u00e6ring fra tid til anden, is\u00e6r hvis dine grundl\u00e6ggende rettigheder eller friheder kan blive p\u00e5virket p\u00e5 grund af \u00e6ndringer i vores aktiviteter eller i g\u00e6ldende regler.<\/p><p>Med henblik p\u00e5 Den Europ\u00e6iske Unions databeskyttelseslove, is\u00e6r den generelle databeskyttelsesforordning (EUROPA-PARLAMENTETS OG R\u00c5DETS FORORDNING (EU) 2016\/679 af 27. april 2016 om beskyttelse af fysiske personer i forbindelse med behandling af personoplysninger og om fri udveksling af s\u00e5danne oplysninger og om oph\u00e6velse af direktiv 95\/46\/EF) og den organiske lov 3\/2018 af 5. december om beskyttelse af personoplysninger og garanti for digitale rettigheder, er vi de dataansvarlige for behandlingen af dine personoplysninger.<\/p><h2><span style=\"color: #164386;\">Anvendelsesomr\u00e5de<\/span><\/h2><p>Denne privatlivspolitik g\u00e6lder for SHC-platformen, der tilg\u00e5s via vores hjemmeside eller ved telefonisk henvendelse til vores agenter.<\/p><p>Den g\u00e6lder derfor for enhver bruger, der gennems\u00f8ger platformen, registrerer sig som bruger, anmoder om oplysninger via e-mail, WhatsApp, chat eller anmoder om eller foretager en telefonisk foresp\u00f8rgsel.<\/p><h2><strong><span style=\"color: #164386;\">Oplysninger indsamlet af SHC<\/span><\/strong><\/h2><h4><span style=\"color: #164386;\">Oplysninger fra brugeren<\/span><\/h4><p>SHC indhenter de personoplysninger, som brugerne har givet, p\u00e5 f\u00f8lgende m\u00e5der:<\/p><ul><li>Ved at bes\u00f8ge eller bruge hjemmesiden.<\/li><li>Ved at registrere dig som bruger ved hj\u00e6lp af formularen p\u00e5 webstedet.<\/li><li>Ved at anmode om oplysninger eller kontakt p\u00e5 webstedet.<\/li><li>Ved at ringe til vores omstillingsbord for at anmode om en aftale med en specialist eller anmode om r\u00e5dgivning fra vores agenter for at arrangere en aftale med den bedst egnede specialist til dine omst\u00e6ndigheder.<\/li><\/ul><h4><span style=\"color: #164386;\">Oplysninger indsamlet af SHC<\/span><\/h4><p>SHC indsamler oplysninger p\u00e5 f\u00f8lgende m\u00e5der:<\/p><ul><li><strong><span style=\"color: #164386;\">Hjemmeside: <\/span><\/strong> SHC indsamler oplysninger ved blot at gennemse webstedet og is\u00e6r browsertypen, enhedstypen og dens konfiguration, operativsystemet og oplysninger om mobilnetv\u00e6rket. Vi bruger ogs\u00e5 cookies, se venligst vores cookiepolitik ved at klikke her <a href=\"https:\/\/scandinavianhealthcenter.com\/en\/cookie-policy\/\" target=\"_blank\" rel=\"noopener\">https:\/\/scandinavianhealthcenter.com\/en\/cookie-policy<\/a><\/li><li><strong><span style=\"color: #164386;\">Telefon:<\/span><\/strong> Opkald foretaget af vores agenter efter anmodning fra brugere p\u00e5 hjemmesiden eller opkald foretaget direkte af brugere til vores omstillingsbord for at blive besvaret og\/eller r\u00e5dgivet af vores agenter vil blive registreret og opbevaret i en periode p\u00e5 3 m\u00e5neder.<br \/>Brugere skal give deres telefoniske samtykke til, at deres data behandles af SHC.<\/li><\/ul><h2><span style=\"color: #164386;\">Form\u00e5l med databehandling<\/span><\/h2><p>De personlige data, der leveres via platformen, vil blive indarbejdet i en fil, der ejes af SHC, og vil blive brugt til f\u00f8lgende form\u00e5l, som vil variere afh\u00e6ngigt af brugen af dem.<\/p><h4><span style=\"color: #164386;\">Brugerdata<\/span><\/h4><p>F\u00f8lgende personlige data vil blive kr\u00e6vet under registreringen: ID-kortnummer, for- og efternavn, kontakttelefonnummer, e-mailadresse, f\u00f8dselsdato, k\u00f8n og adresse.<\/p><p>I tilf\u00e6lde af, at tidsbestillingen er til en anden tredjepart end brugeren, vil der blive anmodet om de samme data.<\/p><p>Brug eller levering af tjenester, hvis det er relevant, f\u00f8r brugerens registrering, i overensstemmelse med brugsbetingelserne og betingelserne for at indg\u00e5 kontrakt om visse tjenester.<\/p><p>Besvarelse af telefoniske foresp\u00f8rgsler eller anmodninger om oplysninger, som brugeren m\u00e5tte frems\u00e6tte.<\/p><p>Efter indhentning af brugerens samtykke at sende oplysninger om SHC&#8217;s tjenester, produkter og aktiviteter og registrere sig som medlem af grupper samt at sende oplysninger om produkter og tjenester fra tredjeparter i fritids-, transport-, l\u00e6gemiddel-, medicinsk udstyrs-, computerapplikations- og hotel- og cateringsektoren, som SHC kan samarbejde med som bruger.<\/p><h4><span style=\"color: #164386;\">Data om l\u00e6ger<\/span><\/h4><p>De kr\u00e6vede personoplysninger er navn og efternavn, ID-kortnummer, kontakttelefonnummer, medlemsnummer, sted og tid for levering af tjenester, foto samt andre oplysninger, der m\u00e5tte v\u00e6re n\u00f8dvendige.<\/p><p>I tilf\u00e6lde af, at l\u00e6gen leverer sit CV, vil hans\/hendes data blive behandlet med henblik p\u00e5 at administrere hans\/hendes optagelse i SHC-kataloget.<\/p><p><strong><span style=\"color: #164386;\">Cookie-data<\/span><\/strong><\/p><p>At udf\u00f8re dataanalyse og producere rapporter til statistiske form\u00e5l om brugen af platformens tjenester efter at have gennemg\u00e5et en dekrypteringsprocedure. De adskilte data identificerer ikke brugeren individuelt, men giver mulighed for at analysere m\u00f8nstre inden for grupper af mennesker.<\/p><p>Tilpasse og forbedre platformens v\u00e6rkt\u00f8jer og funktionaliteter.<\/p><p>For at garantere platformens tekniske funktion.<\/p><p>Bruge dem til ethvert andet form\u00e5l, der kr\u00e6ves eller er tilladt i henhold til g\u00e6ldende lovgivning, eller som du har givet dit samtykke til.<\/p><h2><span style=\"color: #164386;\">Legitimt grundlag for behandling<\/span><\/h2><p>Det grundlag, der legitimerer SHC&#8217;s behandling, er det, der er beskrevet nedenfor:<\/p><ul><li>Der er givet et specifikt, informeret, utvetydigt og bekr\u00e6ftende samtykke til behandling af s\u00e5danne data.<\/li><li>Behandlingen er n\u00f8dvendig for udf\u00f8relsen af de tjenester, du har indg\u00e5et aftale om via platformen.<\/li><li>Til forf\u00f8lgelse af SHC&#8217;s legitime interesser.<\/li><\/ul><h2><span style=\"color: #164386;\">Periode for opbevaring af data<\/span><\/h2><p>De indsamlede personoplysninger vil blive opbevaret i det tidsrum, der er n\u00f8dvendigt for at opfylde det form\u00e5l, de blev indsamlet til, samt for at overholde de til enhver tid g\u00e6ldende regler.<br \/>For at mods\u00e6tte dig afsendelse af kommerciel kommunikation kan du sende en e-mail til arco@scandinavianhealthcenter.es<\/p><h2><span style=\"color: #164386;\">Modtagere af data<\/span><\/h2><h4><span style=\"color: #164386;\">Information delt med telefonagenter<\/span><\/h4><p>SHC er en platform, hvis form\u00e5l er at fungere som mellemmand mellem brugeren og l\u00e6gen.<\/p><p>Agenternes telefonsamtaler med brugerne vil v\u00e6re private, og agenten vil v\u00e6re ansvarlig for at arrangere en aftale med den valgte l\u00e6ge efter at have vurderet brugerens omst\u00e6ndigheder.<\/p><p>Brugere og agenter skal strengt overholde tavshedspligten, hvilket fritager SHC for ethvert misbrug af de oplysninger, der sendes via platformen, og for konsekvenserne af un\u00f8jagtigheden af de data, der leveres af brugeren.<\/p><p>I tilf\u00e6lde af at den registrerede bruger anmoder om en aftale, vil patientens kontaktoplysninger, der er angivet i registreringen, blive leveret af agenten til det autoriserede personale i den tilsvarende l\u00e6gepraksis for at planl\u00e6gge det \u00f8nskede l\u00e6gebes\u00f8g.<\/p><p>Brugeren af l\u00e6gebes\u00f8gstjenesten, der g\u00f8r brug af et af de telefonnumre, der vises p\u00e5 denne platform, giver udtrykkeligt samtykke til behandling af det telefonnummer, hvorfra opkaldet foretages, og de oplysninger, der gives gennem det samme, i overensstemmelse med SHC&#8217;s databeskyttelsespolitik og i overensstemmelse med oplysningerne i den tilsvarende telefonbesked.<\/p><h4><span style=\"color: #164386;\">Oplysninger delt med tredjeparter<\/span><\/h4><p>SHC vil ikke videregive brugernes personoplysninger til tredjeparter, medmindre de har brugerens udtrykkelige samtykke til at g\u00f8re det og i god tro mener, at en s\u00e5dan videregivelse er tilladt ved lov eller med rimelighed er n\u00f8dvendig for at overholde juridiske processer, herunder men ikke begr\u00e6nset til civile eller kriminelle st\u00e6vninger, retskendelser eller andre obligatoriske videregivelser.<\/p><p>SHC kan indg\u00e5 kontrakt med tredjeparter for at lette sine tjenester (som f.eks. vedligeholdelse, analyse, revision, markedsf\u00f8ring og udvikling). S\u00e5danne tredjeparter vil kun have begr\u00e6nset adgang til brugeroplysninger for at udf\u00f8re disse opgaver p\u00e5 vegne af SHC og er forpligtet over for SHC til ikke at videregive eller bruge dem til andre form\u00e5l, og i tilf\u00e6lde af en databehandler vil SHC have indg\u00e5et den relevante databehandleraftale med sine forpligtelser til beskyttelse af personoplysninger.<\/p><p>SHC kan offentligg\u00f8re de kommentarer, der er fremsat eller delt i onlineunders\u00f8gelserne, der evaluerer den pleje, der modtages fra l\u00e6ger, og kan offentligg\u00f8res anonymt (kun initialer vil blive angivet) af SHC p\u00e5 sociale netv\u00e6rk, SHC&#8217;s websted, l\u00e6gernes websteder eller andre medier, hvor SHC reklamerer.<\/p><h2><span style=\"color: #164386;\">SHC&#8217;s sikkerhedsforanstaltninger<\/span><\/h2><p>SHC har etableret alle de tekniske midler, der er til r\u00e5dighed for at forhindre tab, misbrug, \u00e6ndring, uautoriseret adgang og tyveri af de data, der leveres af brugeren via platformen.<\/p><p>Brugerens status som patient og de oplysninger, han\/hun m\u00e5tte give, vil blive krypteret, behandlet og opbevaret under anonymiseringsprocesser og under sikkerhedsstandarder, der sikrer deres fuldst\u00e6ndige fortrolighed.<br \/>SHC oplyser, at de oplysninger, som brugeren giver via platformen, vil blive opbevaret og behandlet i overensstemmelse med tavshedspligten og fortroligheden i henhold til de g\u00e6ldende regler.<\/p><p>SHC forpligter sig til at tr\u00e6ffe de n\u00f8dvendige tekniske og organisatoriske foranstaltninger i overensstemmelse med det risikoniveau, der er forbundet med den behandling, der udf\u00f8res af dem, og som er angivet i afsnittet om vilk\u00e5r og betingelser for brug, for at garantere deres integritet, fortrolighed og tilg\u00e6ngelighed.<\/p><h2><span style=\"color: #164386;\">Ud\u00f8velse af databeskyttelsesrettigheder<\/span><\/h2><p>SHC informerer brugerne om, at de kan ud\u00f8ve deres ret til adgang, berigtigelse, begr\u00e6nsning, sletning, portabilitet og indsigelse mod behandlingen af deres personoplysninger over for den dataansvarlige samt retten til at tr\u00e6kke deres samtykke tilbage.<\/p><ul><li><strong><span style=\"color: #164386;\">Ret til adgang: <\/span><\/strong>Dette er brugerens ret til at f\u00e5 oplysninger om hans eller hendes specifikke personlige data og den behandling, der er blevet eller bliver udf\u00f8rt, samt de tilg\u00e6ngelige oplysninger om oprindelsen af disse data og den kommunikation, der er foretaget eller planlagt for disse data.<\/li><li><strong><span style=\"color: #164386;\">Ret til berigtigelse: <\/span><\/strong>Dette er den registreredes ret til at f\u00e5 \u00e6ndret un\u00f8jagtige eller ufuldst\u00e6ndige data. Dette kan kun opfyldes i forhold til oplysninger, der er under platformens kontrol, for eksempel sletning af kommentarer, der er lagt ud p\u00e5 selve siden, billeder eller webindhold, der indeholder brugerens personoplysninger.<\/li><li><strong><span style=\"color: #164386;\">Ret til begr\u00e6nsning af behandling:<\/span><\/strong> Det er retten til at f\u00e5 begr\u00e6nset de form\u00e5l med behandlingen, som den dataansvarlige oprindeligt havde til hensigt.<\/li><li><strong><span style=\"color: #164386;\">Ret til undertrykkelse:<\/span><\/strong> Dette er retten til at slette brugerens personlige data, undtagen som fastsat i selve RGPD eller i andre g\u00e6ldende regler, der bestemmer den obligatoriske karakter af bevarelsen af de samme, i tid og form.<\/li><li><strong><span style=\"color: #164386;\">Ret til portabilitet:<\/span><\/strong> Retten til at modtage de personoplysninger, som brugeren har givet, i et struktureret, almindeligt anvendt og maskinl\u00e6sbart format og til at overf\u00f8re dem til en anden dataansvarlig.<\/li><li><span style=\"color: #164386;\"><strong>Ret til indsigelse:<\/strong><\/span> Dette er brugerens ret til ikke at f\u00e5 sine personlige data behandlet eller til at f\u00e5 platformens behandling af s\u00e5danne data stoppet.<\/li><\/ul><p>For at kunne ud\u00f8ve nogen af de rettigheder, der er beskrevet ovenfor, skal du overholde f\u00f8lgende krav:<\/p><ul><li>Ved at sende et brev til adressen C\/ Gabriel Cort\u00e9s n\u00famero 1, 3A, 07009 Palma de Mallorca eller via e-mail til arco@scandinavianhealthcenter.es<\/li><li>Brevet fra den registrerede, der anmoder om ud\u00f8velsen, skal overholde f\u00f8lgende juridiske krav:<ul><li>Den interesserede parts navn, efternavn(e) og en kopi af DNI\/NIE eller ethvert andet identifikationsdokument. I de ekstraordin\u00e6re tilf\u00e6lde, hvor repr\u00e6sentation er tilladt, vil det ogs\u00e5 v\u00e6re n\u00f8dvendigt at identificere den person, der repr\u00e6senterer den interesserede part, p\u00e5 samme m\u00e5de samt det dokument, der godkender repr\u00e6sentationen. Fotokopien af DNI kan erstattes, forudsat at identiteten er godkendt p\u00e5 anden juridisk gyldig m\u00e5de.<\/li><li>Anmodning, hvor anmodningen frems\u00e6ttes (det \u00e5r, hvor der anmodes om de oplysninger, som du \u00f8nsker at f\u00e5 adgang til). Hvis du ikke henviser til en specifik fil, f\u00e5r du alle de oplysninger, vi har om dine personlige data. Hvis du anmoder om oplysninger om en specifik fil, f\u00e5r du kun oplysningerne om denne fil. Hvis du anmoder om oplysninger om en tredjepart, vil de aldrig blive udleveret. Hvis du anmoder om det telefonisk, vil du blive bedt om at g\u00f8re det skriftligt, og du vil blive informeret om, hvordan du g\u00f8r det, og hvilken adresse du skal sende det til. Du vil aldrig f\u00e5 oplysninger over telefonen.<\/li><li>Adresse til brug for meddelelser.<\/li><li>Dato og underskrift af ans\u00f8geren.<\/li><li>Dokumenter til st\u00f8tte for den anmodning, du frems\u00e6tter.<\/li><li>Den interesserede part skal bruge ethvert middel til at bevise, at anmodningen er sendt og modtaget.<\/li><\/ul><\/li><\/ul><h2><span style=\"color: #164386;\">\u00c6ndring af privatlivspolitikken<\/span><\/h2><p>SHC forbeholder sig ret til at foretage \u00e6ndringer i denne privatlivspolitik fra tid til anden, som det finder passende, eller som kan v\u00e6re p\u00e5kr\u00e6vet ved lov. \u00c6ndringerne vil straks blive offentliggjort p\u00e5 platformen, og brugeren vil blive anset for at have accepteret den s\u00e5ledes \u00e6ndrede privatlivspolitik p\u00e5 tidspunktet for den f\u00f8rste brug af platformen efter den tilsvarende \u00e6ndring. I tilf\u00e6lde af, at der foretages v\u00e6sentlige \u00e6ndringer i denne privatlivspolitik, vil SHC g\u00f8re en rimelig indsats for at informere om de indf\u00f8rte \u00e6ndringer, selvom det er brugerens ansvar regelm\u00e6ssigt at tjekke for opdateringer til denne privatlivspolitik. Hver version af denne fortrolighedspolitik vil have en ikrafttr\u00e6delsesdato, som er angivet i slutningen af fortrolighedspolitikken. Medmindre andet er angivet, g\u00e6lder den g\u00e6ldende fortrolighedspolitik for brugerens brug af webstedet.<\/p><h2><span style=\"color: #164386;\">Jurisdiktion og g\u00e6ldende lov<\/span><\/h2><p>Eventuelle retstvister, der m\u00e5tte opst\u00e5 i forbindelse med anvendelse, overholdelse, manglende overholdelse eller fortolkning af denne privatlivspolitik samt forholdet mellem brugeren og SHC, skal reguleres i overensstemmelse med spansk lovgivning. B\u00e5de SHC og brugeren accepterer udtrykkeligt at underkaste sig den eksklusive jurisdiktion for domstolene i byen Palma de Mallorca.<\/p>\t\t\t\t\t\t\t\t<\/div>\n\t\t\t\t<\/div>\n\t\t\t\t\t<\/div>\n\t\t\t\t<\/div>\n\t\t\t\t<\/div>\n\t\t","protected":false},"excerpt":{"rendered":"<p>Ansvarlig for behandling Es Blonquet S.L. (herefter SHC) er en virksomhed, hvis hovedform\u00e5l er formidling af sundhedstjenester via digitale platforme og telefonisk kundeservice samt oprettelse, forvaltning, drift og udvikling, p\u00e5 alle m\u00e5der, herunder telematiske midler, af databaser inden for det medicinske sundhedsomr\u00e5de. SHC er beliggende i Palma de Mallorca, calle Gabriel Cort\u00e9s nummer 1, 3\u00aa&#8230;.<\/p>\n","protected":false},"author":1,"featured_media":0,"parent":0,"menu_order":0,"comment_status":"closed","ping_status":"closed","template":"","meta":{"footnotes":""},"class_list":["post-747","page","type-page","status-publish","hentry"],"yoast_head":"<!-- This site is optimized with the Yoast SEO plugin v26.8 - https:\/\/yoast.com\/product\/yoast-seo-wordpress\/ -->\n<title>Privatlivspolitik - Scandinavian Health Center<\/title>\n<meta name=\"robots\" content=\"index, follow, max-snippet:-1, max-image-preview:large, max-video-preview:-1\" \/>\n<link rel=\"canonical\" href=\"https:\/\/scandinavianhealthcenter.com\/da\/privacy-policy\/\" \/>\n<meta property=\"og:locale\" content=\"da_DK\" \/>\n<meta property=\"og:type\" content=\"article\" \/>\n<meta property=\"og:title\" content=\"Privatlivspolitik - Scandinavian Health Center\" \/>\n<meta property=\"og:description\" content=\"Ansvarlig for behandling Es Blonquet S.L. (herefter SHC) er en virksomhed, hvis hovedform\u00e5l er formidling af sundhedstjenester via digitale platforme og telefonisk kundeservice samt oprettelse, forvaltning, drift og udvikling, p\u00e5 alle m\u00e5der, herunder telematiske midler, af databaser inden for det medicinske sundhedsomr\u00e5de. SHC er beliggende i Palma de Mallorca, calle Gabriel Cort\u00e9s nummer 1, 3\u00aa....\" \/>\n<meta property=\"og:url\" content=\"https:\/\/scandinavianhealthcenter.com\/da\/privacy-policy\/\" \/>\n<meta property=\"og:site_name\" content=\"Scandinavian Health Center\" \/>\n<meta property=\"article:modified_time\" content=\"2025-04-09T07:46:30+00:00\" \/>\n<meta name=\"twitter:card\" content=\"summary_large_image\" \/>\n<meta name=\"twitter:label1\" content=\"Estimeret l\u00e6setid\" \/>\n\t<meta name=\"twitter:data1\" content=\"11 minut\" \/>\n<script type=\"application\/ld+json\" class=\"yoast-schema-graph\">{\"@context\":\"https:\/\/schema.org\",\"@graph\":[{\"@type\":\"WebPage\",\"@id\":\"https:\/\/scandinavianhealthcenter.com\/da\/privacy-policy\/\",\"url\":\"https:\/\/scandinavianhealthcenter.com\/da\/privacy-policy\/\",\"name\":\"Privatlivspolitik - Scandinavian Health Center\",\"isPartOf\":{\"@id\":\"https:\/\/scandinavianhealthcenter.com\/da\/#website\"},\"datePublished\":\"2025-03-03T10:35:59+00:00\",\"dateModified\":\"2025-04-09T07:46:30+00:00\",\"breadcrumb\":{\"@id\":\"https:\/\/scandinavianhealthcenter.com\/da\/privacy-policy\/#breadcrumb\"},\"inLanguage\":\"da-DK\",\"potentialAction\":[{\"@type\":\"ReadAction\",\"target\":[\"https:\/\/scandinavianhealthcenter.com\/da\/privacy-policy\/\"]}]},{\"@type\":\"BreadcrumbList\",\"@id\":\"https:\/\/scandinavianhealthcenter.com\/da\/privacy-policy\/#breadcrumb\",\"itemListElement\":[{\"@type\":\"ListItem\",\"position\":1,\"name\":\"Hjem\",\"item\":\"https:\/\/scandinavianhealthcenter.com\/da\/\"},{\"@type\":\"ListItem\",\"position\":2,\"name\":\"Privatlivspolitik\"}]},{\"@type\":\"WebSite\",\"@id\":\"https:\/\/scandinavianhealthcenter.com\/da\/#website\",\"url\":\"https:\/\/scandinavianhealthcenter.com\/da\/\",\"name\":\"Scandinavian HealtCenter\",\"description\":\"L\u00e6gehj\u00e6lp til skandinaver i Mallorca\",\"publisher\":{\"@id\":\"https:\/\/scandinavianhealthcenter.com\/da\/#organization\"},\"potentialAction\":[{\"@type\":\"SearchAction\",\"target\":{\"@type\":\"EntryPoint\",\"urlTemplate\":\"https:\/\/scandinavianhealthcenter.com\/da\/?s={search_term_string}\"},\"query-input\":{\"@type\":\"PropertyValueSpecification\",\"valueRequired\":true,\"valueName\":\"search_term_string\"}}],\"inLanguage\":\"da-DK\"},{\"@type\":\"Organization\",\"@id\":\"https:\/\/scandinavianhealthcenter.com\/da\/#organization\",\"name\":\"Citam\",\"url\":\"https:\/\/scandinavianhealthcenter.com\/da\/\",\"logo\":{\"@type\":\"ImageObject\",\"inLanguage\":\"da-DK\",\"@id\":\"https:\/\/scandinavianhealthcenter.com\/da\/#\/schema\/logo\/image\/\",\"url\":\"https:\/\/scandinavianhealthcenter.com\/wp-content\/uploads\/2025\/03\/scandinavianhealthcenter-logo-top.png\",\"contentUrl\":\"https:\/\/scandinavianhealthcenter.com\/wp-content\/uploads\/2025\/03\/scandinavianhealthcenter-logo-top.png\",\"width\":350,\"height\":99,\"caption\":\"Citam\"},\"image\":{\"@id\":\"https:\/\/scandinavianhealthcenter.com\/da\/#\/schema\/logo\/image\/\"}}]}<\/script>\n<!-- \/ Yoast SEO plugin. -->","yoast_head_json":{"title":"Privatlivspolitik - Scandinavian Health Center","robots":{"index":"index","follow":"follow","max-snippet":"max-snippet:-1","max-image-preview":"max-image-preview:large","max-video-preview":"max-video-preview:-1"},"canonical":"https:\/\/scandinavianhealthcenter.com\/da\/privacy-policy\/","og_locale":"da_DK","og_type":"article","og_title":"Privatlivspolitik - Scandinavian Health Center","og_description":"Ansvarlig for behandling Es Blonquet S.L. (herefter SHC) er en virksomhed, hvis hovedform\u00e5l er formidling af sundhedstjenester via digitale platforme og telefonisk kundeservice samt oprettelse, forvaltning, drift og udvikling, p\u00e5 alle m\u00e5der, herunder telematiske midler, af databaser inden for det medicinske sundhedsomr\u00e5de. SHC er beliggende i Palma de Mallorca, calle Gabriel Cort\u00e9s nummer 1, 3\u00aa....","og_url":"https:\/\/scandinavianhealthcenter.com\/da\/privacy-policy\/","og_site_name":"Scandinavian Health Center","article_modified_time":"2025-04-09T07:46:30+00:00","twitter_card":"summary_large_image","twitter_misc":{"Estimeret l\u00e6setid":"11 minut"},"schema":{"@context":"https:\/\/schema.org","@graph":[{"@type":"WebPage","@id":"https:\/\/scandinavianhealthcenter.com\/da\/privacy-policy\/","url":"https:\/\/scandinavianhealthcenter.com\/da\/privacy-policy\/","name":"Privatlivspolitik - Scandinavian Health Center","isPartOf":{"@id":"https:\/\/scandinavianhealthcenter.com\/da\/#website"},"datePublished":"2025-03-03T10:35:59+00:00","dateModified":"2025-04-09T07:46:30+00:00","breadcrumb":{"@id":"https:\/\/scandinavianhealthcenter.com\/da\/privacy-policy\/#breadcrumb"},"inLanguage":"da-DK","potentialAction":[{"@type":"ReadAction","target":["https:\/\/scandinavianhealthcenter.com\/da\/privacy-policy\/"]}]},{"@type":"BreadcrumbList","@id":"https:\/\/scandinavianhealthcenter.com\/da\/privacy-policy\/#breadcrumb","itemListElement":[{"@type":"ListItem","position":1,"name":"Hjem","item":"https:\/\/scandinavianhealthcenter.com\/da\/"},{"@type":"ListItem","position":2,"name":"Privatlivspolitik"}]},{"@type":"WebSite","@id":"https:\/\/scandinavianhealthcenter.com\/da\/#website","url":"https:\/\/scandinavianhealthcenter.com\/da\/","name":"Scandinavian HealtCenter","description":"L\u00e6gehj\u00e6lp til skandinaver i Mallorca","publisher":{"@id":"https:\/\/scandinavianhealthcenter.com\/da\/#organization"},"potentialAction":[{"@type":"SearchAction","target":{"@type":"EntryPoint","urlTemplate":"https:\/\/scandinavianhealthcenter.com\/da\/?s={search_term_string}"},"query-input":{"@type":"PropertyValueSpecification","valueRequired":true,"valueName":"search_term_string"}}],"inLanguage":"da-DK"},{"@type":"Organization","@id":"https:\/\/scandinavianhealthcenter.com\/da\/#organization","name":"Citam","url":"https:\/\/scandinavianhealthcenter.com\/da\/","logo":{"@type":"ImageObject","inLanguage":"da-DK","@id":"https:\/\/scandinavianhealthcenter.com\/da\/#\/schema\/logo\/image\/","url":"https:\/\/scandinavianhealthcenter.com\/wp-content\/uploads\/2025\/03\/scandinavianhealthcenter-logo-top.png","contentUrl":"https:\/\/scandinavianhealthcenter.com\/wp-content\/uploads\/2025\/03\/scandinavianhealthcenter-logo-top.png","width":350,"height":99,"caption":"Citam"},"image":{"@id":"https:\/\/scandinavianhealthcenter.com\/da\/#\/schema\/logo\/image\/"}}]}},"_links":{"self":[{"href":"https:\/\/scandinavianhealthcenter.com\/da\/wp-json\/wp\/v2\/pages\/747","targetHints":{"allow":["GET"]}}],"collection":[{"href":"https:\/\/scandinavianhealthcenter.com\/da\/wp-json\/wp\/v2\/pages"}],"about":[{"href":"https:\/\/scandinavianhealthcenter.com\/da\/wp-json\/wp\/v2\/types\/page"}],"author":[{"embeddable":true,"href":"https:\/\/scandinavianhealthcenter.com\/da\/wp-json\/wp\/v2\/users\/1"}],"replies":[{"embeddable":true,"href":"https:\/\/scandinavianhealthcenter.com\/da\/wp-json\/wp\/v2\/comments?post=747"}],"version-history":[{"count":10,"href":"https:\/\/scandinavianhealthcenter.com\/da\/wp-json\/wp\/v2\/pages\/747\/revisions"}],"predecessor-version":[{"id":1464,"href":"https:\/\/scandinavianhealthcenter.com\/da\/wp-json\/wp\/v2\/pages\/747\/revisions\/1464"}],"wp:attachment":[{"href":"https:\/\/scandinavianhealthcenter.com\/da\/wp-json\/wp\/v2\/media?parent=747"}],"curies":[{"name":"wp","href":"https:\/\/api.w.org\/{rel}","templated":true}]}}