{"id":739,"date":"2025-03-03T11:47:22","date_gmt":"2025-03-03T10:47:22","guid":{"rendered":"https:\/\/scandinavianhealthcenter.com\/legal-information\/"},"modified":"2025-04-09T10:00:54","modified_gmt":"2025-04-09T08:00:54","slug":"legal-information","status":"publish","type":"page","link":"https:\/\/scandinavianhealthcenter.com\/da\/legal-information\/","title":{"rendered":"Juridisk information"},"content":{"rendered":"\t\t<div data-elementor-type=\"wp-page\" data-elementor-id=\"739\" class=\"elementor elementor-739 elementor-162\">\n\t\t\t\t<div class=\"elementor-element elementor-element-fb8d85d e-flex e-con-boxed e-con e-parent\" data-id=\"fb8d85d\" data-element_type=\"container\">\n\t\t\t\t\t<div class=\"e-con-inner\">\n\t\t\t\t<div class=\"elementor-element elementor-element-6057a19 elementor-widget elementor-widget-spacer\" data-id=\"6057a19\" data-element_type=\"widget\" data-widget_type=\"spacer.default\">\n\t\t\t\t<div class=\"elementor-widget-container\">\n\t\t\t\t\t\t\t<div class=\"elementor-spacer\">\n\t\t\t<div class=\"elementor-spacer-inner\"><\/div>\n\t\t<\/div>\n\t\t\t\t\t\t<\/div>\n\t\t\t\t<\/div>\n\t\t\t\t\t<\/div>\n\t\t\t\t<\/div>\n\t\t<div class=\"elementor-element elementor-element-a002c7f e-flex e-con-boxed e-con e-parent\" data-id=\"a002c7f\" data-element_type=\"container\">\n\t\t\t\t\t<div class=\"e-con-inner\">\n\t\t\t\t<div class=\"elementor-element elementor-element-5a162bc columnas-2 elementor-widget elementor-widget-text-editor\" data-id=\"5a162bc\" data-element_type=\"widget\" data-widget_type=\"text-editor.default\">\n\t\t\t\t<div class=\"elementor-widget-container\">\n\t\t\t\t\t\t\t\t\t<h2><span style=\"color: #164386;\">Juridisk information<\/span><\/h2><p>I overensstemmelse med bestemmelserne i artikel 10 i lov 34\/2002 af 11. juli om informationssamfundets tjenester og elektronisk handel informerer vi dig hermed om, at den enhed, der leverer tjenesterne, er virksomheden Es Blonquet S.L. (i det f\u00f8lgende ben\u00e6vnt SHC), en spansk virksomhed med hjemsted i Palma, Gabriel Cort\u00e9s n\u00famero 1, 3\u00aa. 07009, Palma de Mallorca, CIF B07872260.<\/p><h2><span style=\"color: #164386;\">Objekt<\/span><\/h2><p>Form\u00e5let med disse brugsbetingelser (i det f\u00f8lgende ben\u00e6vnt \u00bbbetingelserne\u00ab) er at regulere adgang, browsing og brug af SHC&#8217;s websted (i det f\u00f8lgende ben\u00e6vnt \u00bbportalen\u00ab, \u00bbwebportalen\u00ab, \u00bbwebstedet\u00ab eller \u00bbwebsiden\u00ab). Adgang, browsing og\/eller brug af portalen indeb\u00e6rer accept af alle de bestemmelser, der er fastsat i disse betingelser, samt fortroligheds- eller databeskyttelsespolitikken og cookiepolitikken.<\/p><p>Der er dog visse tjenester og indhold, der er tilg\u00e6ngelige via webportalen, som er underlagt s\u00e6rlige betingelser, der kan erstatte og\/eller supplere n\u00e6rv\u00e6rende betingelser.<\/p><h2><span style=\"color: #164386;\">Brugerstatus<\/span><\/h2><p>Bruger skal forst\u00e5s som den person, der f\u00e5r adgang til, gennemser og bruger webportalen, tjenesterne og\/eller indholdet deri.<\/p><p>Browsing, adgang og brug af webportalen kr\u00e6ver ikke forudg\u00e5ende registrering, men der er visse tjenester, der tilbydes via den, og adgangen til dem er n\u00f8dvendigvis betinget af registrering og accept af de specifikke betingelser, der g\u00e6lder for den p\u00e5g\u00e6ldende tjeneste.<\/p><p>Mindre\u00e5riges adgang til webportalen skal forst\u00e5s som udtrykkeligt godkendt af deres for\u00e6ldre, v\u00e6rger eller juridiske repr\u00e6sentanter, som er ansvarlige for de handlinger, der udf\u00f8res af mindre\u00e5rige som brugere af internettet i overensstemmelse med de g\u00e6ldende regler.<\/p><h2><span style=\"color: #164386;\">Krav til brug<\/span><\/h2><p>For at f\u00e5 adgang til portalen og de tilbudte tjenester skal du bruge en enhed, der opfylder kravene til hardware- og softwarekompatibilitet (som kan variere over tid) og internetadgang. Brugeren skal v\u00e6re opm\u00e6rksom p\u00e5, at disse faktorer kan p\u00e5virke webportalens ydeevne og\/eller muligheden for at f\u00e5 adgang til de tjenester, der tilbydes deri.<\/p><p>SHC er ikke ansvarlig for manglende adgang eller mangler i funktionen af webportalen og\/eller de tjenester, der tilbydes via den, p\u00e5 grund af brug af uegnede enheder eller p\u00e5 grund af afbrydelser af internettjenesten som f\u00f8lge af netv\u00e6rksm\u00e6tning eller af andre \u00e5rsager.<\/p><h2><span style=\"color: #164386;\">Regler for brug<\/span><\/h2><p><span style=\"color: #164386;\"><strong>Brug af tjenesten: <\/strong><\/span>Brugeren forpligter sig i alle tilf\u00e6lde til at bruge portalen og dens tjenester p\u00e5 en omhyggelig, korrekt og lovlig m\u00e5de i overensstemmelse med loven, den juridiske meddelelse, disse betingelser (og\/eller dem, der g\u00e6lder i hvert enkelt tilf\u00e6lde), brugsregler og instruktioner, som han\/hun har f\u00e5et kendskab til, samt med moral, almindeligt accepteret god skik og offentlig orden.<\/p><p><strong><span style=\"color: #164386;\">Adgangskontrol:<\/span><\/strong> Brugeren m\u00e5 kun f\u00e5 adgang til de ressourcer i informationssystemet, som han\/hun er autoriseret til.<\/p><p><span style=\"color: #164386;\"><strong>Midlertidige filer:<\/strong><\/span> De oplysninger, der er gemt p\u00e5 webportalen, skal konsulteres p\u00e5 SHC&#8217;s systemer, og SHC kan under ingen omst\u00e6ndigheder holdes ansvarlig for de oplysninger, som brugeren eksporterer fra de n\u00e6vnte systemer.<\/p><p><span style=\"color: #164386;\"><strong>Vilk\u00e5r for brug:<\/strong><\/span> N\u00e5r brugeren anvender webportalen, er han\/hun ansvarlig for at sikre, at de oplysninger, han\/hun h\u00e5ndterer, ikke kan ses af uautoriserede personer.<\/p><p>Brugeren forpligter sig udtrykkeligt til ikke at opbevare, bruge, overf\u00f8re eller sprede:<\/p><ul><li>Cracks, softwareserienumre eller andet indhold, der kr\u00e6nker tredjeparters intellektuelle ejendomsrettigheder.<\/li><li>Distribution af virus via internettet, orme, trojanske heste eller enhver anden destruktiv aktivitet, s\u00e5som m\u00e6tning, mailbombing osv. eller denial of service-angreb.<\/li><li>Aktiviteter, der forstyrrer eller griber ind i den effektive brug af andres netv\u00e6rksressourcer.<\/li><li>Indsamling og\/eller brug af andre brugeres personoplysninger uden deres udtrykkelige samtykke eller i strid med databeskyttelsesbestemmelserne.<\/li><li>Dele de udleverede adgangskoder (i tilf\u00e6lde af at brugeren er registreret som bruger af en specifik tjeneste, der kr\u00e6ver det) med en anden fysisk eller juridisk person.<\/li><li>\u00d8del\u00e6gge, \u00e6ndre, g\u00f8re ubrugelige eller p\u00e5 anden m\u00e5de beskadige SHC&#8217;s eller tredjeparters data, programmer eller elektroniske dokumenter.<\/li><li>Hindring af andre brugeres adgang ved hj\u00e6lp af massivt og uberettiget forbrug af de computerressourcer, hvorigennem SHC leverer nogen af sine tjenester, samt udf\u00f8relse af handlinger, der beskadiger, afbryder eller genererer fejl i de n\u00e6vnte systemer.<\/li><li>Bruge systemet til at fors\u00f8ge at f\u00e5 adgang til begr\u00e6nsede omr\u00e5der p\u00e5 serveren uden beh\u00f8rig tilladelse fra SHC.<\/li><\/ul><h2><span style=\"color: #164386;\">Intellektuel og industriel ejendomsret<\/span><\/h2><p>Designet, billederne, etiketterne, de karakteristiske tegn, handelsnavnene, m\u00e6rkerne, logoerne, produkterne og tjenesterne osv. p\u00e5 webstedet er beskyttet af loven om industriel ejendomsret og tilh\u00f8rer SHC, og det kan ikke forst\u00e5s, at brugen af eller adgangen til webstedet og\/eller de tjenester, der leveres deri, giver brugeren nogen ret til ovenn\u00e6vnte design, billeder, etiketter, karakteristiske tegn, handelsnavn, m\u00e6rker, logoer, produkter og tjenester.<\/p><p>P\u00e5 samme m\u00e5de er webstedet, dets kildekode og det indhold, der er adgang til via dette websted, SHC&#8217;s og\/eller tredjeparters intellektuelle ejendom og m\u00e5 under ingen omst\u00e6ndigheder forst\u00e5s som overf\u00f8rt til brugeren.<\/p><p>SHC er ejer eller licenstager af alle rettigheder til indholdet p\u00e5 webportalen og de tjenester, der tilbydes via den. Adgang til webstedet eller dets tjenester giver ikke brugerne nogen som helst ret eller ejerskab over de intellektuelle eller industrielle ejendomsrettigheder til det indhold, det indeholder. Brugeren anerkender og accepterer, at det er strengt forbudt at bruge det samt at reproducere, kommunikere og\/eller distribuere, modificere, \u00e6ndre eller dekompilere det, uanset om det er til personlig, privat og almennyttig brug eller til kommercielle eller profitorienterede form\u00e5l.<\/p><p>SHC forbeholder sig ret til at anl\u00e6gge sag mod brugere, der overtr\u00e6der eller kr\u00e6nker intellektuelle og industrielle ejendomsrettigheder.<\/p><h2><span style=\"color: #164386;\">Brugerens ansvar<\/span><\/h2><p>Brugeren er ansvarlig for:<\/p><ul><li>Oprethold fortroligheden af de n\u00f8gler, du har f\u00e5et udleveret, hvis det er relevant.<\/li><li>Give SHC korrekte oplysninger; enhver fejl i de angivne data er udelukkende brugerens ansvar. P\u00e5 samme m\u00e5de er brugeren ansvarlig for at holde alle oplysninger, der gives til SHC, opdaterede, s\u00e5 de til enhver tid svarer til brugerens reelle situation.<\/li><li>Enhver skade, der m\u00e5tte blive p\u00e5f\u00f8rt SHC eller tredjepart som f\u00f8lge af de leverede data, som f\u00f8lge af brugen af data, der ikke er opdaterede, falske eller ikke svarer til virkeligheden, og tredjeparters brug af brugerens personlige adgangskoder.<\/li><li>I tilf\u00e6lde af at brugeren f\u00e5r en kopi af sine kliniske data, er han\/hun alene og udelukkende ansvarlig for brugen og opbevaringen af s\u00e5danne oplysninger.<\/li><\/ul><h2><span style=\"color: #164386;\">Tilg\u00e6ngelighed af service<\/span><\/h2><p>De oplysninger, det indhold eller de tjenester, der tilbydes via webstedet, er dem, som SHC til enhver tid beslutter, og de kan variere over tid. Derfor er der ingen forpligtelse til at holde tjenesterne tilg\u00e6ngelige. Brugerne vil dog blive informeret, n\u00e5r det besluttes at annullere kontinuiteten i en given tjeneste og betingelserne for dens oph\u00f8r.<\/p><p>Ligeledes kan SHC annullere adgangen til tjenesterne, helt eller delvist, for de brugere, der ikke overholder disse betingelser.<\/p><h2><span style=\"color: #164386;\">SHC&#8217;s garanti og ansvar<\/span><\/h2><p>Selvom SHC anvender systemer, der er kompatible med de fleste teknologier p\u00e5 markedet, kan SHC ikke garantere kompatibiliteten af de enheder, som brugeren anvender.<\/p><p>SHC garanterer ikke tilg\u00e6ngeligheden og kontinuiteten i driften af webstedet eller de tilbudte tjenester. SHC er derfor fritaget for ethvert ansvar, der opst\u00e5r som f\u00f8lge af adgang til og brug af webstedet eller de tjenester, der tilbydes via det (fejl i ydeevnen, afbrydelser eller forsinkelser i driften af tjenesterne, system- eller linjefejl osv. I denne forstand har brugeren adgang til webstedet og tjenesterne p\u00e5 eget ansvar.<\/p><p>De tjenester, der tilbydes via webstedet, er i overensstemmelse med bestemmelserne i spansk lov.<\/p><p>SHC kan ikke holdes ansvarlig i tilf\u00e6lde af brugerens ukorrekte brug af portalen og\/eller tjenesterne.<\/p><p>SHC er ikke ansvarlig i tilf\u00e6lde af, at tjenesterne ikke er tilg\u00e6ngelige p\u00e5 grund af force majeure eller midlertidig suspension af samme af tekniske \u00e5rsager. SHC p\u00e5tager sig derfor ikke noget ansvar for skader eller tab, der m\u00e5tte opst\u00e5 som f\u00f8lge af begivenheder, der ikke kunne forudses, eller som kunne forudses at v\u00e6re uundg\u00e5elige, enten p\u00e5 grund af uforudsigelige omst\u00e6ndigheder eller force majeure.<\/p><p>SHC kan ikke holdes ansvarlig for fejl, tekniske fejl, uheld, nedbrud, manipulation, afbrydelse af tjenesterne eller andre h\u00e6ndelser, der m\u00e5tte opst\u00e5 i produkter, udstyr eller tekniske tjenester, der ikke tilh\u00f8rer SHC, og hvis brug er n\u00f8dvendig for at f\u00e5 adgang til tjenesterne.<\/p><p>Selvom SHC har handlet omhyggeligt og har truffet de n\u00f8dvendige foranstaltninger i overensstemmelse med den teknologiske udvikling for at undg\u00e5 mulige brud p\u00e5 portalens sikkerhed, kan den absolutte umulighed af s\u00e5rbarhed for de vedtagne sikkerhedsforanstaltninger ikke garanteres.<\/p><p>SHC p\u00e5tager sig intet ansvar for lovligheden af andre tredjepartswebsteder, hvorfra der kan opn\u00e5s adgang til portalen. SHC er heller ikke ansvarlig for lovligheden af andre tredjepartswebsteder, der kan v\u00e6re linket til eller linket fra denne portal.<\/p><p>SHC vil s\u00e5 vidt muligt bestr\u00e6be sig p\u00e5 at opdatere og rette oplysningerne p\u00e5 sin hjemmeside. SHC er dog ikke ansvarlig for skader af nogen art, der kan skyldes manglende sandf\u00e6rdighed, n\u00f8jagtighed, fuldst\u00e6ndighed og\/eller aktualitet af det indhold, der transmitteres, formidles, lagres, stilles til r\u00e5dighed, modtages, opn\u00e5s eller tilg\u00e5s via webstedet.<\/p><p>Med hensyn til sundhedsrelaterede oplysninger og indhold leveres disse kun til informationsform\u00e5l, og SHC anbefaler, at brugerne altid handler under professionel medicinsk r\u00e5dgivning.<\/p><p>Brugeren antager, at i tilf\u00e6lde af at tr\u00e6ffe beslutninger baseret p\u00e5 de oplysninger, der gives p\u00e5 webstedet, er ansvaret udelukkende deres, og har ikke ret til at g\u00f8re SHC ansvarlig for konsekvenserne af de trufne beslutninger.<\/p><h2><span style=\"color: #164386;\">\u00c6ndring af indhold og betingelser<\/span><\/h2><p>SHC kan tilf\u00f8je nye funktioner til webstedet og\/eller \u00e6ndre de nuv\u00e6rende betingelser. I dette tilf\u00e6lde vil opdateringen blive offentliggjort p\u00e5 portalen, s\u00e5 brugeren er opm\u00e6rksom p\u00e5 eventuelle \u00e6ndringer. Hvis brugeren ikke er enig i de nye betingelser, har han\/hun en periode p\u00e5 femten kalenderdage fra datoen for meddelelsen til at opsige kontrakten ved hj\u00e6lp af en p\u00e5lidelig meddelelse til SHC. Hvis ovenn\u00e6vnte periode udl\u00f8ber, uden at brugeren har angivet noget andet, indeb\u00e6rer dette fuld accept af de nye betingelser.<\/p><h2><span style=\"color: #164386;\">Jurisdiktion og g\u00e6ldende lov<\/span><\/h2><p>Denne juridiske meddelelse skal reguleres og fortolkes i overensstemmelse med spansk lov. Enhver tvist, der m\u00e5tte opst\u00e5 i forbindelse med adgang til eller brug af webstedet, er underlagt den eksklusive jurisdiktion for domstolene i Palma, uden at det ber\u00f8rer anvendelsen af eventuelle obligatoriske bestemmelser om det modsatte, i hvilket tilf\u00e6lde indholdet af samme skal g\u00e6lde.<\/p>\t\t\t\t\t\t\t\t<\/div>\n\t\t\t\t<\/div>\n\t\t\t\t\t<\/div>\n\t\t\t\t<\/div>\n\t\t\t\t<\/div>\n\t\t","protected":false},"excerpt":{"rendered":"<p>Juridisk information I overensstemmelse med bestemmelserne i artikel 10 i lov 34\/2002 af 11. juli om informationssamfundets tjenester og elektronisk handel informerer vi dig hermed om, at den enhed, der leverer tjenesterne, er virksomheden Es Blonquet S.L. (i det f\u00f8lgende ben\u00e6vnt SHC), en spansk virksomhed med hjemsted i Palma, Gabriel Cort\u00e9s n\u00famero 1, 3\u00aa. 07009,&#8230;<\/p>\n","protected":false},"author":1,"featured_media":676,"parent":0,"menu_order":0,"comment_status":"closed","ping_status":"closed","template":"","meta":{"footnotes":""},"class_list":["post-739","page","type-page","status-publish","has-post-thumbnail","hentry"],"yoast_head":"<!-- This site is optimized with the Yoast SEO plugin v26.8 - https:\/\/yoast.com\/product\/yoast-seo-wordpress\/ -->\n<title>Juridisk information | Scandinavian Health Center<\/title>\n<meta name=\"robots\" content=\"index, follow, max-snippet:-1, max-image-preview:large, max-video-preview:-1\" \/>\n<link rel=\"canonical\" href=\"https:\/\/scandinavianhealthcenter.com\/da\/legal-information\/\" \/>\n<meta property=\"og:locale\" content=\"da_DK\" \/>\n<meta property=\"og:type\" content=\"article\" \/>\n<meta property=\"og:title\" content=\"Juridisk information | Scandinavian Health Center\" \/>\n<meta property=\"og:description\" content=\"Juridisk information I overensstemmelse med bestemmelserne i artikel 10 i lov 34\/2002 af 11. juli om informationssamfundets tjenester og elektronisk handel informerer vi dig hermed om, at den enhed, der leverer tjenesterne, er virksomheden Es Blonquet S.L. (i det f\u00f8lgende ben\u00e6vnt SHC), en spansk virksomhed med hjemsted i Palma, Gabriel Cort\u00e9s n\u00famero 1, 3\u00aa. 07009,...\" \/>\n<meta property=\"og:url\" content=\"https:\/\/scandinavianhealthcenter.com\/da\/legal-information\/\" \/>\n<meta property=\"og:site_name\" content=\"Scandinavian Health Center\" \/>\n<meta property=\"article:modified_time\" content=\"2025-04-09T08:00:54+00:00\" \/>\n<meta property=\"og:image\" content=\"https:\/\/scandinavianhealthcenter.com\/wp-content\/uploads\/2025\/03\/citam-trabaja-con-nosotros-doctores.jpg\" \/>\n\t<meta property=\"og:image:width\" content=\"1600\" \/>\n\t<meta property=\"og:image:height\" content=\"701\" \/>\n\t<meta property=\"og:image:type\" content=\"image\/jpeg\" \/>\n<meta name=\"twitter:card\" content=\"summary_large_image\" \/>\n<meta name=\"twitter:label1\" content=\"Estimeret l\u00e6setid\" \/>\n\t<meta name=\"twitter:data1\" content=\"9 minut\" \/>\n<script type=\"application\/ld+json\" class=\"yoast-schema-graph\">{\"@context\":\"https:\/\/schema.org\",\"@graph\":[{\"@type\":\"WebPage\",\"@id\":\"https:\/\/scandinavianhealthcenter.com\/da\/legal-information\/\",\"url\":\"https:\/\/scandinavianhealthcenter.com\/da\/legal-information\/\",\"name\":\"Juridisk information | Scandinavian Health Center\",\"isPartOf\":{\"@id\":\"https:\/\/scandinavianhealthcenter.com\/da\/#website\"},\"primaryImageOfPage\":{\"@id\":\"https:\/\/scandinavianhealthcenter.com\/da\/legal-information\/#primaryimage\"},\"image\":{\"@id\":\"https:\/\/scandinavianhealthcenter.com\/da\/legal-information\/#primaryimage\"},\"thumbnailUrl\":\"https:\/\/scandinavianhealthcenter.com\/wp-content\/uploads\/2025\/03\/citam-trabaja-con-nosotros-doctores.jpg\",\"datePublished\":\"2025-03-03T10:47:22+00:00\",\"dateModified\":\"2025-04-09T08:00:54+00:00\",\"breadcrumb\":{\"@id\":\"https:\/\/scandinavianhealthcenter.com\/da\/legal-information\/#breadcrumb\"},\"inLanguage\":\"da-DK\",\"potentialAction\":[{\"@type\":\"ReadAction\",\"target\":[\"https:\/\/scandinavianhealthcenter.com\/da\/legal-information\/\"]}]},{\"@type\":\"ImageObject\",\"inLanguage\":\"da-DK\",\"@id\":\"https:\/\/scandinavianhealthcenter.com\/da\/legal-information\/#primaryimage\",\"url\":\"https:\/\/scandinavianhealthcenter.com\/wp-content\/uploads\/2025\/03\/citam-trabaja-con-nosotros-doctores.jpg\",\"contentUrl\":\"https:\/\/scandinavianhealthcenter.com\/wp-content\/uploads\/2025\/03\/citam-trabaja-con-nosotros-doctores.jpg\",\"width\":1600,\"height\":701},{\"@type\":\"BreadcrumbList\",\"@id\":\"https:\/\/scandinavianhealthcenter.com\/da\/legal-information\/#breadcrumb\",\"itemListElement\":[{\"@type\":\"ListItem\",\"position\":1,\"name\":\"Hjem\",\"item\":\"https:\/\/scandinavianhealthcenter.com\/da\/\"},{\"@type\":\"ListItem\",\"position\":2,\"name\":\"Juridisk information\"}]},{\"@type\":\"WebSite\",\"@id\":\"https:\/\/scandinavianhealthcenter.com\/da\/#website\",\"url\":\"https:\/\/scandinavianhealthcenter.com\/da\/\",\"name\":\"Scandinavian HealtCenter\",\"description\":\"L\u00e6gehj\u00e6lp til skandinaver i Mallorca\",\"publisher\":{\"@id\":\"https:\/\/scandinavianhealthcenter.com\/da\/#organization\"},\"potentialAction\":[{\"@type\":\"SearchAction\",\"target\":{\"@type\":\"EntryPoint\",\"urlTemplate\":\"https:\/\/scandinavianhealthcenter.com\/da\/?s={search_term_string}\"},\"query-input\":{\"@type\":\"PropertyValueSpecification\",\"valueRequired\":true,\"valueName\":\"search_term_string\"}}],\"inLanguage\":\"da-DK\"},{\"@type\":\"Organization\",\"@id\":\"https:\/\/scandinavianhealthcenter.com\/da\/#organization\",\"name\":\"Citam\",\"url\":\"https:\/\/scandinavianhealthcenter.com\/da\/\",\"logo\":{\"@type\":\"ImageObject\",\"inLanguage\":\"da-DK\",\"@id\":\"https:\/\/scandinavianhealthcenter.com\/da\/#\/schema\/logo\/image\/\",\"url\":\"https:\/\/scandinavianhealthcenter.com\/wp-content\/uploads\/2025\/03\/scandinavianhealthcenter-logo-top.png\",\"contentUrl\":\"https:\/\/scandinavianhealthcenter.com\/wp-content\/uploads\/2025\/03\/scandinavianhealthcenter-logo-top.png\",\"width\":350,\"height\":99,\"caption\":\"Citam\"},\"image\":{\"@id\":\"https:\/\/scandinavianhealthcenter.com\/da\/#\/schema\/logo\/image\/\"}}]}<\/script>\n<!-- \/ Yoast SEO plugin. -->","yoast_head_json":{"title":"Juridisk information | Scandinavian Health Center","robots":{"index":"index","follow":"follow","max-snippet":"max-snippet:-1","max-image-preview":"max-image-preview:large","max-video-preview":"max-video-preview:-1"},"canonical":"https:\/\/scandinavianhealthcenter.com\/da\/legal-information\/","og_locale":"da_DK","og_type":"article","og_title":"Juridisk information | Scandinavian Health Center","og_description":"Juridisk information I overensstemmelse med bestemmelserne i artikel 10 i lov 34\/2002 af 11. juli om informationssamfundets tjenester og elektronisk handel informerer vi dig hermed om, at den enhed, der leverer tjenesterne, er virksomheden Es Blonquet S.L. (i det f\u00f8lgende ben\u00e6vnt SHC), en spansk virksomhed med hjemsted i Palma, Gabriel Cort\u00e9s n\u00famero 1, 3\u00aa. 07009,...","og_url":"https:\/\/scandinavianhealthcenter.com\/da\/legal-information\/","og_site_name":"Scandinavian Health Center","article_modified_time":"2025-04-09T08:00:54+00:00","og_image":[{"width":1600,"height":701,"url":"https:\/\/scandinavianhealthcenter.com\/wp-content\/uploads\/2025\/03\/citam-trabaja-con-nosotros-doctores.jpg","type":"image\/jpeg"}],"twitter_card":"summary_large_image","twitter_misc":{"Estimeret l\u00e6setid":"9 minut"},"schema":{"@context":"https:\/\/schema.org","@graph":[{"@type":"WebPage","@id":"https:\/\/scandinavianhealthcenter.com\/da\/legal-information\/","url":"https:\/\/scandinavianhealthcenter.com\/da\/legal-information\/","name":"Juridisk information | Scandinavian Health Center","isPartOf":{"@id":"https:\/\/scandinavianhealthcenter.com\/da\/#website"},"primaryImageOfPage":{"@id":"https:\/\/scandinavianhealthcenter.com\/da\/legal-information\/#primaryimage"},"image":{"@id":"https:\/\/scandinavianhealthcenter.com\/da\/legal-information\/#primaryimage"},"thumbnailUrl":"https:\/\/scandinavianhealthcenter.com\/wp-content\/uploads\/2025\/03\/citam-trabaja-con-nosotros-doctores.jpg","datePublished":"2025-03-03T10:47:22+00:00","dateModified":"2025-04-09T08:00:54+00:00","breadcrumb":{"@id":"https:\/\/scandinavianhealthcenter.com\/da\/legal-information\/#breadcrumb"},"inLanguage":"da-DK","potentialAction":[{"@type":"ReadAction","target":["https:\/\/scandinavianhealthcenter.com\/da\/legal-information\/"]}]},{"@type":"ImageObject","inLanguage":"da-DK","@id":"https:\/\/scandinavianhealthcenter.com\/da\/legal-information\/#primaryimage","url":"https:\/\/scandinavianhealthcenter.com\/wp-content\/uploads\/2025\/03\/citam-trabaja-con-nosotros-doctores.jpg","contentUrl":"https:\/\/scandinavianhealthcenter.com\/wp-content\/uploads\/2025\/03\/citam-trabaja-con-nosotros-doctores.jpg","width":1600,"height":701},{"@type":"BreadcrumbList","@id":"https:\/\/scandinavianhealthcenter.com\/da\/legal-information\/#breadcrumb","itemListElement":[{"@type":"ListItem","position":1,"name":"Hjem","item":"https:\/\/scandinavianhealthcenter.com\/da\/"},{"@type":"ListItem","position":2,"name":"Juridisk information"}]},{"@type":"WebSite","@id":"https:\/\/scandinavianhealthcenter.com\/da\/#website","url":"https:\/\/scandinavianhealthcenter.com\/da\/","name":"Scandinavian HealtCenter","description":"L\u00e6gehj\u00e6lp til skandinaver i Mallorca","publisher":{"@id":"https:\/\/scandinavianhealthcenter.com\/da\/#organization"},"potentialAction":[{"@type":"SearchAction","target":{"@type":"EntryPoint","urlTemplate":"https:\/\/scandinavianhealthcenter.com\/da\/?s={search_term_string}"},"query-input":{"@type":"PropertyValueSpecification","valueRequired":true,"valueName":"search_term_string"}}],"inLanguage":"da-DK"},{"@type":"Organization","@id":"https:\/\/scandinavianhealthcenter.com\/da\/#organization","name":"Citam","url":"https:\/\/scandinavianhealthcenter.com\/da\/","logo":{"@type":"ImageObject","inLanguage":"da-DK","@id":"https:\/\/scandinavianhealthcenter.com\/da\/#\/schema\/logo\/image\/","url":"https:\/\/scandinavianhealthcenter.com\/wp-content\/uploads\/2025\/03\/scandinavianhealthcenter-logo-top.png","contentUrl":"https:\/\/scandinavianhealthcenter.com\/wp-content\/uploads\/2025\/03\/scandinavianhealthcenter-logo-top.png","width":350,"height":99,"caption":"Citam"},"image":{"@id":"https:\/\/scandinavianhealthcenter.com\/da\/#\/schema\/logo\/image\/"}}]}},"_links":{"self":[{"href":"https:\/\/scandinavianhealthcenter.com\/da\/wp-json\/wp\/v2\/pages\/739","targetHints":{"allow":["GET"]}}],"collection":[{"href":"https:\/\/scandinavianhealthcenter.com\/da\/wp-json\/wp\/v2\/pages"}],"about":[{"href":"https:\/\/scandinavianhealthcenter.com\/da\/wp-json\/wp\/v2\/types\/page"}],"author":[{"embeddable":true,"href":"https:\/\/scandinavianhealthcenter.com\/da\/wp-json\/wp\/v2\/users\/1"}],"replies":[{"embeddable":true,"href":"https:\/\/scandinavianhealthcenter.com\/da\/wp-json\/wp\/v2\/comments?post=739"}],"version-history":[{"count":4,"href":"https:\/\/scandinavianhealthcenter.com\/da\/wp-json\/wp\/v2\/pages\/739\/revisions"}],"predecessor-version":[{"id":1468,"href":"https:\/\/scandinavianhealthcenter.com\/da\/wp-json\/wp\/v2\/pages\/739\/revisions\/1468"}],"wp:featuredmedia":[{"embeddable":true,"href":"https:\/\/scandinavianhealthcenter.com\/da\/wp-json\/wp\/v2\/media\/676"}],"wp:attachment":[{"href":"https:\/\/scandinavianhealthcenter.com\/da\/wp-json\/wp\/v2\/media?parent=739"}],"curies":[{"name":"wp","href":"https:\/\/api.w.org\/{rel}","templated":true}]}}