{"id":727,"date":"2025-03-03T11:31:56","date_gmt":"2025-03-03T10:31:56","guid":{"rendered":"https:\/\/scandinavianhealthcenter.com\/how-to-configure-cookies\/"},"modified":"2025-03-03T11:31:56","modified_gmt":"2025-03-03T10:31:56","slug":"how-to-configure-cookies","status":"publish","type":"page","link":"https:\/\/scandinavianhealthcenter.com\/da\/how-to-configure-cookies\/","title":{"rendered":"How to configure cookies"},"content":{"rendered":"\t\t<div data-elementor-type=\"wp-page\" data-elementor-id=\"727\" class=\"elementor elementor-727 elementor-145\">\n\t\t\t\t<div class=\"elementor-element elementor-element-2c0569a e-flex e-con-boxed e-con e-parent\" data-id=\"2c0569a\" data-element_type=\"container\">\n\t\t\t\t\t<div class=\"e-con-inner\">\n\t\t\t\t<div class=\"elementor-element elementor-element-85c254e columnas-2 elementor-widget elementor-widget-text-editor\" data-id=\"85c254e\" data-element_type=\"widget\" data-widget_type=\"text-editor.default\">\n\t\t\t\t<div class=\"elementor-widget-container\">\n\t\t\t\t\t\t\t\t\t<h2><span style=\"color: #164386;\">Pol\u00edtica de Privacidad<\/span><\/h2><p>En cumplimiento de la Ley Org\u00e1nica 15\/1999, de 13 de Diciembre, de Protecci\u00f3n de Datos de Car\u00e1cter Personal, Citam informa que los datos facilitados a trav\u00e9s de nuestra p\u00e1gina web mediante los correspondientes formularios y los e-mails recibidos y que tienen la consideraci\u00f3n de datos de car\u00e1cter personal, ser\u00e1n incorporados a ficheros cuya responsabilidad corresponde a Citam, con la finalidad de poder gestionar el servicio solicitado, contestar a su solicitud y\/o tramitar su petici\u00f3n.<\/p><p>En aquellos casos donde para realizar una solicitud sea necesario cumplimentar un formulario y hacer un \u201cclick\u201d en el bot\u00f3n de enviar, la realizaci\u00f3n del mismo implicar\u00e1 necesariamente que ha sido informado y ha otorgado expresamente su consentimiento al contenido de la cl\u00e1usula anexada a dicho formulario o aceptaci\u00f3n de la pol\u00edtica de privacidad.<\/p><h2><span style=\"color: #164386;\">Aviso de Copyright<\/span><\/h2><p>Citam ostenta la titularidad del presente sitio web. Todos los derechos de propiedad industrial e intelectual sobre este portal de Internet est\u00e1n legalmente reservados, por lo que el acceso al mismo o su utilizaci\u00f3n, por parte del usuario, no debe considerarse, en forma alguna, como el otorgamiento de ninguna licencia de uso o derecho sobre cualquier activo. Los usuarios del sitio web \u00fanicamente podr\u00e1n realizar un uso privado, personal o profesional de los contenidos de \u00e9ste. Est\u00e1 absolutamente prohibido, el uso del sitio web o de alguno de sus elementos con fines comerciales o il\u00edcitos. No se podr\u00e1n realizar actos de reproducci\u00f3n, modificaci\u00f3n, distribuci\u00f3n o comunicaci\u00f3n p\u00fablica del sitio web sin el previo consentimiento por escrito de Citam.<\/p><p>Queda prohibida la reproducci\u00f3n de los contenidos del sitio web, salvo que est\u00e9 permitido legalmente y se cite la procedencia o, en su defecto, se autorice por escrito lo contrario. En aquellos casos en que se produzca la necesaria autorizaci\u00f3n previa por escrito, dicha autorizaci\u00f3n sustituir\u00e1 la prohibici\u00f3n general antes citada y mencionar\u00e1 claramente las posibles restricciones de uso. Citam no asumir\u00e1 ninguna responsabilidad derivada del uso por terceros del contenido del sitio web y podr\u00e1 ejercitar<\/p><p>todas las acciones civiles o penales que le correspondan en caso de infracci\u00f3n de estos derechos por parte del usuario.<\/p><h2><span style=\"color: #164386;\">Uso de Cookies<\/span><\/h2><p>Parte de los servicios de personalizaci\u00f3n de Citam utilizan cookies. Una cookie es un archivo de texto muy peque\u00f1o que un servidor web puede guardar en el disco duro de un equipo para almacenar alg\u00fan tipo de informaci\u00f3n sobre el usuario. S\u00f3lo puede ser le\u00edda por el sitio web que lo envi\u00f3 al equipo. Normalmente los sitios web utilizan las cookies para obtener informaci\u00f3n estad\u00edstica sobre sus p\u00e1ginas web, y analizar el comportamiento de sus clientes.<\/p><p>Una cookie no es un archivo ejecutable ni puede propagar o contener un virus, y no puede tener una longitud superior a 4.000 caracteres.<\/p><p>Citam utiliza cookies con la exclusiva finalidad de elaborar estad\u00edsticas de utilizaci\u00f3n de su sitio web. La informaci\u00f3n que Citam almacena en su equipo mediante este mecanismo consiste \u00fanicamente en un n\u00famero que identifica a un usuario, adem\u00e1s de preferencias como el idioma de navegaci\u00f3n preferido, y la fecha en la que se deposit\u00f3 la cookie. Esto permitir\u00e1 reconocerle en sus pr\u00f3ximas visitas a nuestro sitio web. Usted puede configurar su navegador para aceptar, o no, las cookies que recibe o para que el navegador le avise cuando un servidor quiera guardar una cookie.<\/p><h2><span style=\"color: #164386;\">Contacte con nosotros<\/span><\/h2><p>Si tiene Ud. cualquier pregunta sobre nuestra Pol\u00edtica de Privacidad, o si le gustar\u00eda hacer cualquier sugerencia o recomendaci\u00f3n, por favor dir\u00edjase a nosotros a trav\u00e9s de la siguiente direcci\u00f3n de correo electr\u00f3nico:<\/p><p>Citam@gmai..com<\/p><p>Propietarios del Sitio Web<\/p><p>Citam | CIF: 0000000000 | C\/ Avinguda de Picasso, 64. <br \/>07014 Palma, Illes Balears<\/p>\t\t\t\t\t\t\t\t<\/div>\n\t\t\t\t<\/div>\n\t\t\t\t\t<\/div>\n\t\t\t\t<\/div>\n\t\t\t\t<\/div>\n\t\t","protected":false},"excerpt":{"rendered":"<p>Pol\u00edtica de Privacidad En cumplimiento de la Ley Org\u00e1nica 15\/1999, de 13 de Diciembre, de Protecci\u00f3n de Datos de Car\u00e1cter Personal, Citam informa que los datos facilitados a trav\u00e9s de nuestra p\u00e1gina web mediante los correspondientes formularios y los e-mails recibidos y que tienen la consideraci\u00f3n de datos de car\u00e1cter personal, ser\u00e1n incorporados a ficheros&#8230;<\/p>\n","protected":false},"author":1,"featured_media":0,"parent":0,"menu_order":0,"comment_status":"closed","ping_status":"closed","template":"","meta":{"footnotes":""},"class_list":["post-727","page","type-page","status-publish","hentry"],"yoast_head":"<!-- This site is optimized with the Yoast SEO plugin v26.8 - https:\/\/yoast.com\/product\/yoast-seo-wordpress\/ -->\n<title>How to configure cookies - Scandinavian Health Center<\/title>\n<meta name=\"robots\" content=\"index, follow, max-snippet:-1, max-image-preview:large, max-video-preview:-1\" \/>\n<link rel=\"canonical\" href=\"https:\/\/scandinavianhealthcenter.com\/da\/how-to-configure-cookies\/\" \/>\n<meta property=\"og:locale\" content=\"da_DK\" \/>\n<meta property=\"og:type\" content=\"article\" \/>\n<meta property=\"og:title\" content=\"How to configure cookies - Scandinavian Health Center\" \/>\n<meta property=\"og:description\" content=\"Pol\u00edtica de Privacidad En cumplimiento de la Ley Org\u00e1nica 15\/1999, de 13 de Diciembre, de Protecci\u00f3n de Datos de Car\u00e1cter Personal, Citam informa que los datos facilitados a trav\u00e9s de nuestra p\u00e1gina web mediante los correspondientes formularios y los e-mails recibidos y que tienen la consideraci\u00f3n de datos de car\u00e1cter personal, ser\u00e1n incorporados a ficheros...\" \/>\n<meta property=\"og:url\" content=\"https:\/\/scandinavianhealthcenter.com\/da\/how-to-configure-cookies\/\" \/>\n<meta property=\"og:site_name\" content=\"Scandinavian Health Center\" \/>\n<meta name=\"twitter:card\" content=\"summary_large_image\" \/>\n<meta name=\"twitter:label1\" content=\"Estimeret l\u00e6setid\" \/>\n\t<meta name=\"twitter:data1\" content=\"3 minut\" \/>\n<script type=\"application\/ld+json\" class=\"yoast-schema-graph\">{\"@context\":\"https:\/\/schema.org\",\"@graph\":[{\"@type\":\"WebPage\",\"@id\":\"https:\/\/scandinavianhealthcenter.com\/da\/how-to-configure-cookies\/\",\"url\":\"https:\/\/scandinavianhealthcenter.com\/da\/how-to-configure-cookies\/\",\"name\":\"How to configure cookies - Scandinavian Health Center\",\"isPartOf\":{\"@id\":\"https:\/\/scandinavianhealthcenter.com\/da\/#website\"},\"datePublished\":\"2025-03-03T10:31:56+00:00\",\"breadcrumb\":{\"@id\":\"https:\/\/scandinavianhealthcenter.com\/da\/how-to-configure-cookies\/#breadcrumb\"},\"inLanguage\":\"da-DK\",\"potentialAction\":[{\"@type\":\"ReadAction\",\"target\":[\"https:\/\/scandinavianhealthcenter.com\/da\/how-to-configure-cookies\/\"]}]},{\"@type\":\"BreadcrumbList\",\"@id\":\"https:\/\/scandinavianhealthcenter.com\/da\/how-to-configure-cookies\/#breadcrumb\",\"itemListElement\":[{\"@type\":\"ListItem\",\"position\":1,\"name\":\"Hjem\",\"item\":\"https:\/\/scandinavianhealthcenter.com\/da\/\"},{\"@type\":\"ListItem\",\"position\":2,\"name\":\"How to configure cookies\"}]},{\"@type\":\"WebSite\",\"@id\":\"https:\/\/scandinavianhealthcenter.com\/da\/#website\",\"url\":\"https:\/\/scandinavianhealthcenter.com\/da\/\",\"name\":\"Scandinavian HealtCenter\",\"description\":\"L\u00e6gehj\u00e6lp til skandinaver i Mallorca\",\"publisher\":{\"@id\":\"https:\/\/scandinavianhealthcenter.com\/da\/#organization\"},\"potentialAction\":[{\"@type\":\"SearchAction\",\"target\":{\"@type\":\"EntryPoint\",\"urlTemplate\":\"https:\/\/scandinavianhealthcenter.com\/da\/?s={search_term_string}\"},\"query-input\":{\"@type\":\"PropertyValueSpecification\",\"valueRequired\":true,\"valueName\":\"search_term_string\"}}],\"inLanguage\":\"da-DK\"},{\"@type\":\"Organization\",\"@id\":\"https:\/\/scandinavianhealthcenter.com\/da\/#organization\",\"name\":\"Citam\",\"url\":\"https:\/\/scandinavianhealthcenter.com\/da\/\",\"logo\":{\"@type\":\"ImageObject\",\"inLanguage\":\"da-DK\",\"@id\":\"https:\/\/scandinavianhealthcenter.com\/da\/#\/schema\/logo\/image\/\",\"url\":\"https:\/\/scandinavianhealthcenter.com\/wp-content\/uploads\/2025\/03\/scandinavianhealthcenter-logo-top.png\",\"contentUrl\":\"https:\/\/scandinavianhealthcenter.com\/wp-content\/uploads\/2025\/03\/scandinavianhealthcenter-logo-top.png\",\"width\":350,\"height\":99,\"caption\":\"Citam\"},\"image\":{\"@id\":\"https:\/\/scandinavianhealthcenter.com\/da\/#\/schema\/logo\/image\/\"}}]}<\/script>\n<!-- \/ Yoast SEO plugin. -->","yoast_head_json":{"title":"How to configure cookies - Scandinavian Health Center","robots":{"index":"index","follow":"follow","max-snippet":"max-snippet:-1","max-image-preview":"max-image-preview:large","max-video-preview":"max-video-preview:-1"},"canonical":"https:\/\/scandinavianhealthcenter.com\/da\/how-to-configure-cookies\/","og_locale":"da_DK","og_type":"article","og_title":"How to configure cookies - Scandinavian Health Center","og_description":"Pol\u00edtica de Privacidad En cumplimiento de la Ley Org\u00e1nica 15\/1999, de 13 de Diciembre, de Protecci\u00f3n de Datos de Car\u00e1cter Personal, Citam informa que los datos facilitados a trav\u00e9s de nuestra p\u00e1gina web mediante los correspondientes formularios y los e-mails recibidos y que tienen la consideraci\u00f3n de datos de car\u00e1cter personal, ser\u00e1n incorporados a ficheros...","og_url":"https:\/\/scandinavianhealthcenter.com\/da\/how-to-configure-cookies\/","og_site_name":"Scandinavian Health Center","twitter_card":"summary_large_image","twitter_misc":{"Estimeret l\u00e6setid":"3 minut"},"schema":{"@context":"https:\/\/schema.org","@graph":[{"@type":"WebPage","@id":"https:\/\/scandinavianhealthcenter.com\/da\/how-to-configure-cookies\/","url":"https:\/\/scandinavianhealthcenter.com\/da\/how-to-configure-cookies\/","name":"How to configure cookies - Scandinavian Health Center","isPartOf":{"@id":"https:\/\/scandinavianhealthcenter.com\/da\/#website"},"datePublished":"2025-03-03T10:31:56+00:00","breadcrumb":{"@id":"https:\/\/scandinavianhealthcenter.com\/da\/how-to-configure-cookies\/#breadcrumb"},"inLanguage":"da-DK","potentialAction":[{"@type":"ReadAction","target":["https:\/\/scandinavianhealthcenter.com\/da\/how-to-configure-cookies\/"]}]},{"@type":"BreadcrumbList","@id":"https:\/\/scandinavianhealthcenter.com\/da\/how-to-configure-cookies\/#breadcrumb","itemListElement":[{"@type":"ListItem","position":1,"name":"Hjem","item":"https:\/\/scandinavianhealthcenter.com\/da\/"},{"@type":"ListItem","position":2,"name":"How to configure cookies"}]},{"@type":"WebSite","@id":"https:\/\/scandinavianhealthcenter.com\/da\/#website","url":"https:\/\/scandinavianhealthcenter.com\/da\/","name":"Scandinavian HealtCenter","description":"L\u00e6gehj\u00e6lp til skandinaver i Mallorca","publisher":{"@id":"https:\/\/scandinavianhealthcenter.com\/da\/#organization"},"potentialAction":[{"@type":"SearchAction","target":{"@type":"EntryPoint","urlTemplate":"https:\/\/scandinavianhealthcenter.com\/da\/?s={search_term_string}"},"query-input":{"@type":"PropertyValueSpecification","valueRequired":true,"valueName":"search_term_string"}}],"inLanguage":"da-DK"},{"@type":"Organization","@id":"https:\/\/scandinavianhealthcenter.com\/da\/#organization","name":"Citam","url":"https:\/\/scandinavianhealthcenter.com\/da\/","logo":{"@type":"ImageObject","inLanguage":"da-DK","@id":"https:\/\/scandinavianhealthcenter.com\/da\/#\/schema\/logo\/image\/","url":"https:\/\/scandinavianhealthcenter.com\/wp-content\/uploads\/2025\/03\/scandinavianhealthcenter-logo-top.png","contentUrl":"https:\/\/scandinavianhealthcenter.com\/wp-content\/uploads\/2025\/03\/scandinavianhealthcenter-logo-top.png","width":350,"height":99,"caption":"Citam"},"image":{"@id":"https:\/\/scandinavianhealthcenter.com\/da\/#\/schema\/logo\/image\/"}}]}},"_links":{"self":[{"href":"https:\/\/scandinavianhealthcenter.com\/da\/wp-json\/wp\/v2\/pages\/727","targetHints":{"allow":["GET"]}}],"collection":[{"href":"https:\/\/scandinavianhealthcenter.com\/da\/wp-json\/wp\/v2\/pages"}],"about":[{"href":"https:\/\/scandinavianhealthcenter.com\/da\/wp-json\/wp\/v2\/types\/page"}],"author":[{"embeddable":true,"href":"https:\/\/scandinavianhealthcenter.com\/da\/wp-json\/wp\/v2\/users\/1"}],"replies":[{"embeddable":true,"href":"https:\/\/scandinavianhealthcenter.com\/da\/wp-json\/wp\/v2\/comments?post=727"}],"version-history":[{"count":0,"href":"https:\/\/scandinavianhealthcenter.com\/da\/wp-json\/wp\/v2\/pages\/727\/revisions"}],"wp:attachment":[{"href":"https:\/\/scandinavianhealthcenter.com\/da\/wp-json\/wp\/v2\/media?parent=727"}],"curies":[{"name":"wp","href":"https:\/\/api.w.org\/{rel}","templated":true}]}}