{"id":711,"date":"2025-03-03T13:51:42","date_gmt":"2025-03-03T12:51:42","guid":{"rendered":"https:\/\/scandinavianhealthcenter.com\/frequently-asked-questions\/"},"modified":"2025-04-08T17:34:25","modified_gmt":"2025-04-08T15:34:25","slug":"frequently-asked-questions","status":"publish","type":"page","link":"https:\/\/scandinavianhealthcenter.com\/da\/frequently-asked-questions\/","title":{"rendered":"Ofte stillede sp\u00f8rgsm\u00e5l"},"content":{"rendered":"\t\t<div data-elementor-type=\"wp-page\" data-elementor-id=\"711\" class=\"elementor elementor-711 elementor-193\">\n\t\t\t\t<div class=\"elementor-element elementor-element-3ff737f e-flex e-con-boxed e-con e-parent\" data-id=\"3ff737f\" data-element_type=\"container\">\n\t\t\t\t\t<div class=\"e-con-inner\">\n\t\t\t\t<div class=\"elementor-element elementor-element-f49998d elementor-widget elementor-widget-spacer\" data-id=\"f49998d\" data-element_type=\"widget\" data-widget_type=\"spacer.default\">\n\t\t\t\t<div class=\"elementor-widget-container\">\n\t\t\t\t\t\t\t<div class=\"elementor-spacer\">\n\t\t\t<div class=\"elementor-spacer-inner\"><\/div>\n\t\t<\/div>\n\t\t\t\t\t\t<\/div>\n\t\t\t\t<\/div>\n\t\t\t\t<div class=\"elementor-element elementor-element-b0a0e62 elementor-widget elementor-widget-accordion\" data-id=\"b0a0e62\" data-element_type=\"widget\" data-widget_type=\"accordion.default\">\n\t\t\t\t<div class=\"elementor-widget-container\">\n\t\t\t\t\t\t\t<div class=\"elementor-accordion\">\n\t\t\t\t\t\t\t<div class=\"elementor-accordion-item\">\n\t\t\t\t\t<div id=\"elementor-tab-title-1851\" class=\"elementor-tab-title\" data-tab=\"1\" role=\"button\" aria-controls=\"elementor-tab-content-1851\" aria-expanded=\"false\">\n\t\t\t\t\t\t\t\t\t\t\t\t\t<span class=\"elementor-accordion-icon elementor-accordion-icon-right\" aria-hidden=\"true\">\n\t\t\t\t\t\t\t\t\t\t\t\t\t\t\t<span class=\"elementor-accordion-icon-closed\"><svg class=\"e-font-icon-svg e-fas-chevron-down\" viewBox=\"0 0 448 512\" xmlns=\"http:\/\/www.w3.org\/2000\/svg\"><path d=\"M207.029 381.476L12.686 187.132c-9.373-9.373-9.373-24.569 0-33.941l22.667-22.667c9.357-9.357 24.522-9.375 33.901-.04L224 284.505l154.745-154.021c9.379-9.335 24.544-9.317 33.901.04l22.667 22.667c9.373 9.373 9.373 24.569 0 33.941L240.971 381.476c-9.373 9.372-24.569 9.372-33.942 0z\"><\/path><\/svg><\/span>\n\t\t\t\t\t\t\t\t<span class=\"elementor-accordion-icon-opened\"><svg class=\"e-font-icon-svg e-fas-chevron-up\" viewBox=\"0 0 448 512\" xmlns=\"http:\/\/www.w3.org\/2000\/svg\"><path d=\"M240.971 130.524l194.343 194.343c9.373 9.373 9.373 24.569 0 33.941l-22.667 22.667c-9.357 9.357-24.522 9.375-33.901.04L224 227.495 69.255 381.516c-9.379 9.335-24.544 9.317-33.901-.04l-22.667-22.667c-9.373-9.373-9.373-24.569 0-33.941L207.03 130.525c9.372-9.373 24.568-9.373 33.941-.001z\"><\/path><\/svg><\/span>\n\t\t\t\t\t\t\t\t\t\t\t\t\t\t<\/span>\n\t\t\t\t\t\t\t\t\t\t\t\t<a class=\"elementor-accordion-title\" tabindex=\"0\">Jeg ved ikke, hvilken specialist der er bedst egnet til min patologi<\/a>\n\t\t\t\t\t<\/div>\n\t\t\t\t\t<div id=\"elementor-tab-content-1851\" class=\"elementor-tab-content elementor-clearfix\" data-tab=\"1\" role=\"region\" aria-labelledby=\"elementor-tab-title-1851\"><p>P\u00e5<strong> <span style=\"color: #164386;\">Scandinavian HEALTHCENTER<\/span><\/strong> har vi fagfolk, som gratis kan hj\u00e6lpe dig over telefonen med at anbefale det speciale, der passer bedst til dine behov.<\/p><\/div>\n\t\t\t\t<\/div>\n\t\t\t\t\t\t\t<div class=\"elementor-accordion-item\">\n\t\t\t\t\t<div id=\"elementor-tab-title-1852\" class=\"elementor-tab-title\" data-tab=\"2\" role=\"button\" aria-controls=\"elementor-tab-content-1852\" aria-expanded=\"false\">\n\t\t\t\t\t\t\t\t\t\t\t\t\t<span class=\"elementor-accordion-icon elementor-accordion-icon-right\" aria-hidden=\"true\">\n\t\t\t\t\t\t\t\t\t\t\t\t\t\t\t<span class=\"elementor-accordion-icon-closed\"><svg class=\"e-font-icon-svg e-fas-chevron-down\" viewBox=\"0 0 448 512\" xmlns=\"http:\/\/www.w3.org\/2000\/svg\"><path d=\"M207.029 381.476L12.686 187.132c-9.373-9.373-9.373-24.569 0-33.941l22.667-22.667c9.357-9.357 24.522-9.375 33.901-.04L224 284.505l154.745-154.021c9.379-9.335 24.544-9.317 33.901.04l22.667 22.667c9.373 9.373 9.373 24.569 0 33.941L240.971 381.476c-9.373 9.372-24.569 9.372-33.942 0z\"><\/path><\/svg><\/span>\n\t\t\t\t\t\t\t\t<span class=\"elementor-accordion-icon-opened\"><svg class=\"e-font-icon-svg e-fas-chevron-up\" viewBox=\"0 0 448 512\" xmlns=\"http:\/\/www.w3.org\/2000\/svg\"><path d=\"M240.971 130.524l194.343 194.343c9.373 9.373 9.373 24.569 0 33.941l-22.667 22.667c-9.357 9.357-24.522 9.375-33.901.04L224 227.495 69.255 381.516c-9.379 9.335-24.544 9.317-33.901-.04l-22.667-22.667c-9.373-9.373-9.373-24.569 0-33.941L207.03 130.525c9.372-9.373 24.568-9.373 33.941-.001z\"><\/path><\/svg><\/span>\n\t\t\t\t\t\t\t\t\t\t\t\t\t\t<\/span>\n\t\t\t\t\t\t\t\t\t\t\t\t<a class=\"elementor-accordion-title\" tabindex=\"0\">Hvordan kontakter jeg Scandinavian HEALTHCENTER?<\/a>\n\t\t\t\t\t<\/div>\n\t\t\t\t\t<div id=\"elementor-tab-content-1852\" class=\"elementor-tab-content elementor-clearfix\" data-tab=\"2\" role=\"region\" aria-labelledby=\"elementor-tab-title-1852\"><p>P\u00e5<strong> <span style=\"color: #164386;\">Scandinavian HEALTHCENTER<\/span><\/strong> tilpasser vi os for at hj\u00e6lpe dig p\u00e5 den m\u00e5de og p\u00e5 det tidspunkt, der passer dig bedst.<br \/>Vores agenter er klar til at hj\u00e6lpe dig <strong><span style=\"color: #164386;\">fra mandag til fredag fra 9.30 til 14.30 og fra 16.30 til 19<\/span><\/strong>; via e-mail p\u00e5 <strong><span style=\"color: #164386;\">admin@scandinavianhealthcenter.com<\/span><\/strong> eller p\u00e5 webformularerne.<\/p><\/div>\n\t\t\t\t<\/div>\n\t\t\t\t\t\t\t<div class=\"elementor-accordion-item\">\n\t\t\t\t\t<div id=\"elementor-tab-title-1853\" class=\"elementor-tab-title\" data-tab=\"3\" role=\"button\" aria-controls=\"elementor-tab-content-1853\" aria-expanded=\"false\">\n\t\t\t\t\t\t\t\t\t\t\t\t\t<span class=\"elementor-accordion-icon elementor-accordion-icon-right\" aria-hidden=\"true\">\n\t\t\t\t\t\t\t\t\t\t\t\t\t\t\t<span class=\"elementor-accordion-icon-closed\"><svg class=\"e-font-icon-svg e-fas-chevron-down\" viewBox=\"0 0 448 512\" xmlns=\"http:\/\/www.w3.org\/2000\/svg\"><path d=\"M207.029 381.476L12.686 187.132c-9.373-9.373-9.373-24.569 0-33.941l22.667-22.667c9.357-9.357 24.522-9.375 33.901-.04L224 284.505l154.745-154.021c9.379-9.335 24.544-9.317 33.901.04l22.667 22.667c9.373 9.373 9.373 24.569 0 33.941L240.971 381.476c-9.373 9.372-24.569 9.372-33.942 0z\"><\/path><\/svg><\/span>\n\t\t\t\t\t\t\t\t<span class=\"elementor-accordion-icon-opened\"><svg class=\"e-font-icon-svg e-fas-chevron-up\" viewBox=\"0 0 448 512\" xmlns=\"http:\/\/www.w3.org\/2000\/svg\"><path d=\"M240.971 130.524l194.343 194.343c9.373 9.373 9.373 24.569 0 33.941l-22.667 22.667c-9.357 9.357-24.522 9.375-33.901.04L224 227.495 69.255 381.516c-9.379 9.335-24.544 9.317-33.901-.04l-22.667-22.667c-9.373-9.373-9.373-24.569 0-33.941L207.03 130.525c9.372-9.373 24.568-9.373 33.941-.001z\"><\/path><\/svg><\/span>\n\t\t\t\t\t\t\t\t\t\t\t\t\t\t<\/span>\n\t\t\t\t\t\t\t\t\t\t\t\t<a class=\"elementor-accordion-title\" tabindex=\"0\">Jeg har en privat forsikring, kan jeg f\u00e5 en tid gennem Scandinavian HEALTHCENTER?<\/a>\n\t\t\t\t\t<\/div>\n\t\t\t\t\t<div id=\"elementor-tab-content-1853\" class=\"elementor-tab-content elementor-clearfix\" data-tab=\"3\" role=\"region\" aria-labelledby=\"elementor-tab-title-1853\"><p><strong><span style=\"color: #164386;\">Scandinavian HEALTHCENTER<\/span><\/strong> og de fagfolk, der arbejder med os, er forpligtet til at sikre en aftale p\u00e5 en hurtig m\u00e5de for private patienter med enhver form for d\u00e6kning eller med ret til refusion.<\/p><\/div>\n\t\t\t\t<\/div>\n\t\t\t\t\t\t\t\t\t\t<script type=\"application\/ld+json\">{\"@context\":\"https:\\\/\\\/schema.org\",\"@type\":\"FAQPage\",\"mainEntity\":[{\"@type\":\"Question\",\"name\":\"Jeg ved ikke, hvilken specialist der er bedst egnet til min patologi\",\"acceptedAnswer\":{\"@type\":\"Answer\",\"text\":\"<p>P\\u00e5<strong> <span style=\\\"color: #164386;\\\">Scandinavian HEALTHCENTER<\\\/span><\\\/strong> har vi fagfolk, som gratis kan hj\\u00e6lpe dig over telefonen med at anbefale det speciale, der passer bedst til dine behov.<\\\/p>\"}},{\"@type\":\"Question\",\"name\":\"Hvordan kontakter jeg Scandinavian HEALTHCENTER?\",\"acceptedAnswer\":{\"@type\":\"Answer\",\"text\":\"<p>P\\u00e5<strong> <span style=\\\"color: #164386;\\\">Scandinavian HEALTHCENTER<\\\/span><\\\/strong> tilpasser vi os for at hj\\u00e6lpe dig p\\u00e5 den m\\u00e5de og p\\u00e5 det tidspunkt, der passer dig bedst.<br \\\/>Vores agenter er klar til at hj\\u00e6lpe dig <strong><span style=\\\"color: #164386;\\\">fra mandag til fredag fra 9.30 til 14.30 og fra 16.30 til 19<\\\/span><\\\/strong>; via e-mail p\\u00e5 <strong><span style=\\\"color: #164386;\\\">admin@scandinavianhealthcenter.com<\\\/span><\\\/strong> eller p\\u00e5 webformularerne.<\\\/p>\"}},{\"@type\":\"Question\",\"name\":\"Jeg har en privat forsikring, kan jeg f\\u00e5 en tid gennem Scandinavian HEALTHCENTER?\",\"acceptedAnswer\":{\"@type\":\"Answer\",\"text\":\"<p><strong><span style=\\\"color: #164386;\\\">Scandinavian HEALTHCENTER<\\\/span><\\\/strong> og de fagfolk, der arbejder med os, er forpligtet til at sikre en aftale p\\u00e5 en hurtig m\\u00e5de for private patienter med enhver form for d\\u00e6kning eller med ret til refusion.<\\\/p>\"}}]}<\/script>\n\t\t\t\t\t<\/div>\n\t\t\t\t\t\t<\/div>\n\t\t\t\t<\/div>\n\t\t\t\t\t<\/div>\n\t\t\t\t<\/div>\n\t\t<div class=\"elementor-element elementor-element-c38837d e-flex e-con-boxed e-con e-parent\" data-id=\"c38837d\" data-element_type=\"container\">\n\t\t\t\t\t<div class=\"e-con-inner\">\n\t\t\t\t<div class=\"elementor-element elementor-element-7d06702 elementor-widget elementor-widget-heading\" data-id=\"7d06702\" data-element_type=\"widget\" data-widget_type=\"heading.default\">\n\t\t\t\t<div class=\"elementor-widget-container\">\n\t\t\t\t\t<h3 class=\"elementor-heading-title elementor-size-default\">Har du andre sp\u00f8rgsm\u00e5l?<\/h3>\t\t\t\t<\/div>\n\t\t\t\t<\/div>\n\t\t\t\t<div class=\"elementor-element elementor-element-cbc1bc3 elementor-align-center elementor-widget elementor-widget-button\" data-id=\"cbc1bc3\" data-element_type=\"widget\" data-widget_type=\"button.default\">\n\t\t\t\t<div class=\"elementor-widget-container\">\n\t\t\t\t\t\t\t\t\t<div class=\"elementor-button-wrapper\">\n\t\t\t\t\t<a class=\"elementor-button elementor-button-link elementor-size-sm\" href=\"https:\/\/scandinavianhealthcenter.com\/da\/contact-us\/\">\n\t\t\t\t\t\t<span class=\"elementor-button-content-wrapper\">\n\t\t\t\t\t\t\t\t\t<span class=\"elementor-button-text\">SEND DET TIL OS<\/span>\n\t\t\t\t\t<\/span>\n\t\t\t\t\t<\/a>\n\t\t\t\t<\/div>\n\t\t\t\t\t\t\t\t<\/div>\n\t\t\t\t<\/div>\n\t\t\t\t<div class=\"elementor-element elementor-element-65b3602 elementor-widget elementor-widget-spacer\" data-id=\"65b3602\" data-element_type=\"widget\" data-widget_type=\"spacer.default\">\n\t\t\t\t<div class=\"elementor-widget-container\">\n\t\t\t\t\t\t\t<div class=\"elementor-spacer\">\n\t\t\t<div class=\"elementor-spacer-inner\"><\/div>\n\t\t<\/div>\n\t\t\t\t\t\t<\/div>\n\t\t\t\t<\/div>\n\t\t\t\t\t<\/div>\n\t\t\t\t<\/div>\n\t\t\t\t<\/div>\n\t\t","protected":false},"excerpt":{"rendered":"<p>Jeg ved ikke, hvilken specialist der er bedst egnet til min patologi P\u00e5 Scandinavian HEALTHCENTER har vi fagfolk, som gratis kan hj\u00e6lpe dig over telefonen med at anbefale det speciale, der passer bedst til dine behov. Hvordan kontakter jeg Scandinavian HEALTHCENTER? P\u00e5 Scandinavian HEALTHCENTER tilpasser vi os for at hj\u00e6lpe dig p\u00e5 den m\u00e5de og&#8230;<\/p>\n","protected":false},"author":1,"featured_media":712,"parent":0,"menu_order":0,"comment_status":"closed","ping_status":"closed","template":"","meta":{"footnotes":""},"class_list":["post-711","page","type-page","status-publish","has-post-thumbnail","hentry"],"yoast_head":"<!-- This site is optimized with the Yoast SEO plugin v26.8 - https:\/\/yoast.com\/product\/yoast-seo-wordpress\/ -->\n<title>Ofte stillede sp\u00f8rgsm\u00e5l | Scandinavian Health Center<\/title>\n<meta name=\"description\" content=\"Frequently asked questions and answers\" \/>\n<meta name=\"robots\" content=\"index, follow, max-snippet:-1, max-image-preview:large, max-video-preview:-1\" \/>\n<link rel=\"canonical\" href=\"https:\/\/scandinavianhealthcenter.com\/da\/frequently-asked-questions\/\" \/>\n<meta property=\"og:locale\" content=\"da_DK\" \/>\n<meta property=\"og:type\" content=\"article\" \/>\n<meta property=\"og:title\" content=\"Ofte stillede sp\u00f8rgsm\u00e5l | Scandinavian Health Center\" \/>\n<meta property=\"og:description\" content=\"Frequently asked questions and answers\" \/>\n<meta property=\"og:url\" content=\"https:\/\/scandinavianhealthcenter.com\/da\/frequently-asked-questions\/\" \/>\n<meta property=\"og:site_name\" content=\"Scandinavian Health Center\" \/>\n<meta property=\"article:modified_time\" content=\"2025-04-08T15:34:25+00:00\" \/>\n<meta property=\"og:image\" content=\"https:\/\/scandinavianhealthcenter.com\/wp-content\/uploads\/2025\/03\/Citam-Preguntas-Frecuentes.jpg\" \/>\n\t<meta property=\"og:image:width\" content=\"2200\" \/>\n\t<meta property=\"og:image:height\" content=\"960\" \/>\n\t<meta property=\"og:image:type\" content=\"image\/jpeg\" \/>\n<meta name=\"twitter:card\" content=\"summary_large_image\" \/>\n<meta name=\"twitter:label1\" content=\"Estimeret l\u00e6setid\" \/>\n\t<meta name=\"twitter:data1\" content=\"1 minut\" \/>\n<script type=\"application\/ld+json\" class=\"yoast-schema-graph\">{\"@context\":\"https:\/\/schema.org\",\"@graph\":[{\"@type\":\"WebPage\",\"@id\":\"https:\/\/scandinavianhealthcenter.com\/da\/frequently-asked-questions\/\",\"url\":\"https:\/\/scandinavianhealthcenter.com\/da\/frequently-asked-questions\/\",\"name\":\"Ofte stillede sp\u00f8rgsm\u00e5l | Scandinavian Health Center\",\"isPartOf\":{\"@id\":\"https:\/\/scandinavianhealthcenter.com\/da\/#website\"},\"primaryImageOfPage\":{\"@id\":\"https:\/\/scandinavianhealthcenter.com\/da\/frequently-asked-questions\/#primaryimage\"},\"image\":{\"@id\":\"https:\/\/scandinavianhealthcenter.com\/da\/frequently-asked-questions\/#primaryimage\"},\"thumbnailUrl\":\"https:\/\/scandinavianhealthcenter.com\/wp-content\/uploads\/2025\/03\/Citam-Preguntas-Frecuentes.jpg\",\"datePublished\":\"2025-03-03T12:51:42+00:00\",\"dateModified\":\"2025-04-08T15:34:25+00:00\",\"description\":\"Frequently asked questions and answers\",\"breadcrumb\":{\"@id\":\"https:\/\/scandinavianhealthcenter.com\/da\/frequently-asked-questions\/#breadcrumb\"},\"inLanguage\":\"da-DK\",\"potentialAction\":[{\"@type\":\"ReadAction\",\"target\":[\"https:\/\/scandinavianhealthcenter.com\/da\/frequently-asked-questions\/\"]}]},{\"@type\":\"ImageObject\",\"inLanguage\":\"da-DK\",\"@id\":\"https:\/\/scandinavianhealthcenter.com\/da\/frequently-asked-questions\/#primaryimage\",\"url\":\"https:\/\/scandinavianhealthcenter.com\/wp-content\/uploads\/2025\/03\/Citam-Preguntas-Frecuentes.jpg\",\"contentUrl\":\"https:\/\/scandinavianhealthcenter.com\/wp-content\/uploads\/2025\/03\/Citam-Preguntas-Frecuentes.jpg\",\"width\":2200,\"height\":960},{\"@type\":\"BreadcrumbList\",\"@id\":\"https:\/\/scandinavianhealthcenter.com\/da\/frequently-asked-questions\/#breadcrumb\",\"itemListElement\":[{\"@type\":\"ListItem\",\"position\":1,\"name\":\"Hjem\",\"item\":\"https:\/\/scandinavianhealthcenter.com\/da\/\"},{\"@type\":\"ListItem\",\"position\":2,\"name\":\"Ofte stillede sp\u00f8rgsm\u00e5l\"}]},{\"@type\":\"WebSite\",\"@id\":\"https:\/\/scandinavianhealthcenter.com\/da\/#website\",\"url\":\"https:\/\/scandinavianhealthcenter.com\/da\/\",\"name\":\"Scandinavian HealtCenter\",\"description\":\"L\u00e6gehj\u00e6lp til skandinaver i Mallorca\",\"publisher\":{\"@id\":\"https:\/\/scandinavianhealthcenter.com\/da\/#organization\"},\"potentialAction\":[{\"@type\":\"SearchAction\",\"target\":{\"@type\":\"EntryPoint\",\"urlTemplate\":\"https:\/\/scandinavianhealthcenter.com\/da\/?s={search_term_string}\"},\"query-input\":{\"@type\":\"PropertyValueSpecification\",\"valueRequired\":true,\"valueName\":\"search_term_string\"}}],\"inLanguage\":\"da-DK\"},{\"@type\":\"Organization\",\"@id\":\"https:\/\/scandinavianhealthcenter.com\/da\/#organization\",\"name\":\"Citam\",\"url\":\"https:\/\/scandinavianhealthcenter.com\/da\/\",\"logo\":{\"@type\":\"ImageObject\",\"inLanguage\":\"da-DK\",\"@id\":\"https:\/\/scandinavianhealthcenter.com\/da\/#\/schema\/logo\/image\/\",\"url\":\"https:\/\/scandinavianhealthcenter.com\/wp-content\/uploads\/2025\/03\/scandinavianhealthcenter-logo-top.png\",\"contentUrl\":\"https:\/\/scandinavianhealthcenter.com\/wp-content\/uploads\/2025\/03\/scandinavianhealthcenter-logo-top.png\",\"width\":350,\"height\":99,\"caption\":\"Citam\"},\"image\":{\"@id\":\"https:\/\/scandinavianhealthcenter.com\/da\/#\/schema\/logo\/image\/\"}}]}<\/script>\n<!-- \/ Yoast SEO plugin. -->","yoast_head_json":{"title":"Ofte stillede sp\u00f8rgsm\u00e5l | Scandinavian Health Center","description":"Frequently asked questions and answers","robots":{"index":"index","follow":"follow","max-snippet":"max-snippet:-1","max-image-preview":"max-image-preview:large","max-video-preview":"max-video-preview:-1"},"canonical":"https:\/\/scandinavianhealthcenter.com\/da\/frequently-asked-questions\/","og_locale":"da_DK","og_type":"article","og_title":"Ofte stillede sp\u00f8rgsm\u00e5l | Scandinavian Health Center","og_description":"Frequently asked questions and answers","og_url":"https:\/\/scandinavianhealthcenter.com\/da\/frequently-asked-questions\/","og_site_name":"Scandinavian Health Center","article_modified_time":"2025-04-08T15:34:25+00:00","og_image":[{"width":2200,"height":960,"url":"https:\/\/scandinavianhealthcenter.com\/wp-content\/uploads\/2025\/03\/Citam-Preguntas-Frecuentes.jpg","type":"image\/jpeg"}],"twitter_card":"summary_large_image","twitter_misc":{"Estimeret l\u00e6setid":"1 minut"},"schema":{"@context":"https:\/\/schema.org","@graph":[{"@type":"WebPage","@id":"https:\/\/scandinavianhealthcenter.com\/da\/frequently-asked-questions\/","url":"https:\/\/scandinavianhealthcenter.com\/da\/frequently-asked-questions\/","name":"Ofte stillede sp\u00f8rgsm\u00e5l | Scandinavian Health Center","isPartOf":{"@id":"https:\/\/scandinavianhealthcenter.com\/da\/#website"},"primaryImageOfPage":{"@id":"https:\/\/scandinavianhealthcenter.com\/da\/frequently-asked-questions\/#primaryimage"},"image":{"@id":"https:\/\/scandinavianhealthcenter.com\/da\/frequently-asked-questions\/#primaryimage"},"thumbnailUrl":"https:\/\/scandinavianhealthcenter.com\/wp-content\/uploads\/2025\/03\/Citam-Preguntas-Frecuentes.jpg","datePublished":"2025-03-03T12:51:42+00:00","dateModified":"2025-04-08T15:34:25+00:00","description":"Frequently asked questions and answers","breadcrumb":{"@id":"https:\/\/scandinavianhealthcenter.com\/da\/frequently-asked-questions\/#breadcrumb"},"inLanguage":"da-DK","potentialAction":[{"@type":"ReadAction","target":["https:\/\/scandinavianhealthcenter.com\/da\/frequently-asked-questions\/"]}]},{"@type":"ImageObject","inLanguage":"da-DK","@id":"https:\/\/scandinavianhealthcenter.com\/da\/frequently-asked-questions\/#primaryimage","url":"https:\/\/scandinavianhealthcenter.com\/wp-content\/uploads\/2025\/03\/Citam-Preguntas-Frecuentes.jpg","contentUrl":"https:\/\/scandinavianhealthcenter.com\/wp-content\/uploads\/2025\/03\/Citam-Preguntas-Frecuentes.jpg","width":2200,"height":960},{"@type":"BreadcrumbList","@id":"https:\/\/scandinavianhealthcenter.com\/da\/frequently-asked-questions\/#breadcrumb","itemListElement":[{"@type":"ListItem","position":1,"name":"Hjem","item":"https:\/\/scandinavianhealthcenter.com\/da\/"},{"@type":"ListItem","position":2,"name":"Ofte stillede sp\u00f8rgsm\u00e5l"}]},{"@type":"WebSite","@id":"https:\/\/scandinavianhealthcenter.com\/da\/#website","url":"https:\/\/scandinavianhealthcenter.com\/da\/","name":"Scandinavian HealtCenter","description":"L\u00e6gehj\u00e6lp til skandinaver i Mallorca","publisher":{"@id":"https:\/\/scandinavianhealthcenter.com\/da\/#organization"},"potentialAction":[{"@type":"SearchAction","target":{"@type":"EntryPoint","urlTemplate":"https:\/\/scandinavianhealthcenter.com\/da\/?s={search_term_string}"},"query-input":{"@type":"PropertyValueSpecification","valueRequired":true,"valueName":"search_term_string"}}],"inLanguage":"da-DK"},{"@type":"Organization","@id":"https:\/\/scandinavianhealthcenter.com\/da\/#organization","name":"Citam","url":"https:\/\/scandinavianhealthcenter.com\/da\/","logo":{"@type":"ImageObject","inLanguage":"da-DK","@id":"https:\/\/scandinavianhealthcenter.com\/da\/#\/schema\/logo\/image\/","url":"https:\/\/scandinavianhealthcenter.com\/wp-content\/uploads\/2025\/03\/scandinavianhealthcenter-logo-top.png","contentUrl":"https:\/\/scandinavianhealthcenter.com\/wp-content\/uploads\/2025\/03\/scandinavianhealthcenter-logo-top.png","width":350,"height":99,"caption":"Citam"},"image":{"@id":"https:\/\/scandinavianhealthcenter.com\/da\/#\/schema\/logo\/image\/"}}]}},"_links":{"self":[{"href":"https:\/\/scandinavianhealthcenter.com\/da\/wp-json\/wp\/v2\/pages\/711","targetHints":{"allow":["GET"]}}],"collection":[{"href":"https:\/\/scandinavianhealthcenter.com\/da\/wp-json\/wp\/v2\/pages"}],"about":[{"href":"https:\/\/scandinavianhealthcenter.com\/da\/wp-json\/wp\/v2\/types\/page"}],"author":[{"embeddable":true,"href":"https:\/\/scandinavianhealthcenter.com\/da\/wp-json\/wp\/v2\/users\/1"}],"replies":[{"embeddable":true,"href":"https:\/\/scandinavianhealthcenter.com\/da\/wp-json\/wp\/v2\/comments?post=711"}],"version-history":[{"count":25,"href":"https:\/\/scandinavianhealthcenter.com\/da\/wp-json\/wp\/v2\/pages\/711\/revisions"}],"predecessor-version":[{"id":1431,"href":"https:\/\/scandinavianhealthcenter.com\/da\/wp-json\/wp\/v2\/pages\/711\/revisions\/1431"}],"wp:featuredmedia":[{"embeddable":true,"href":"https:\/\/scandinavianhealthcenter.com\/da\/wp-json\/wp\/v2\/media\/712"}],"wp:attachment":[{"href":"https:\/\/scandinavianhealthcenter.com\/da\/wp-json\/wp\/v2\/media?parent=711"}],"curies":[{"name":"wp","href":"https:\/\/api.w.org\/{rel}","templated":true}]}}