{"id":707,"date":"2025-03-03T11:57:06","date_gmt":"2025-03-03T10:57:06","guid":{"rendered":"https:\/\/scandinavianhealthcenter.com\/cookie-policy\/"},"modified":"2025-04-09T09:24:37","modified_gmt":"2025-04-09T07:24:37","slug":"cookie-policy","status":"publish","type":"page","link":"https:\/\/scandinavianhealthcenter.com\/da\/cookie-policy\/","title":{"rendered":"Retningslinjer for informasjonskapsler"},"content":{"rendered":"\t\t<div data-elementor-type=\"wp-page\" data-elementor-id=\"707\" class=\"elementor elementor-707 elementor-176\">\n\t\t\t\t<div class=\"elementor-element elementor-element-0b594a7 e-flex e-con-boxed e-con e-parent\" data-id=\"0b594a7\" data-element_type=\"container\">\n\t\t\t\t\t<div class=\"e-con-inner\">\n\t\t\t\t<div class=\"elementor-element elementor-element-aa17541 columnas-2 elementor-widget elementor-widget-text-editor\" data-id=\"aa17541\" data-element_type=\"widget\" data-widget_type=\"text-editor.default\">\n\t\t\t\t<div class=\"elementor-widget-container\">\n\t\t\t\t\t\t\t\t\t<h2><span style=\"color: #164386;\">Er Blonquet S.L. ejer af m\u00e6rket Scandinavian Healthcenter informerer<\/span><\/h2><p>Cookies er filer, der kan downloades til din computer af hjemmesider. De er vigtige v\u00e6rkt\u00f8jer til levering af informationssamfundstjenester. De g\u00f8r det blandt andet muligt for et websted at gemme og hente oplysninger om en brugers browservaner eller deres udstyr, og afh\u00e6ngigt af de indhentede oplysninger kan de bruges til at genkende brugeren og forbedre den tilbudte service.<\/p><h3><span style=\"color: #164386;\">Typer af cookies <\/span><\/h3><p>Afh\u00e6ngigt af den enhed, der administrerer det dom\u00e6ne, som cookies sendes fra, og behandler de indhentede data, kan der skelnes mellem dem:<\/p><ul><li><span style=\"color: #164386;\"><strong>Egne cookies:<\/strong><\/span> er dem, der sendes til brugerens terminaludstyr fra en computer eller et dom\u00e6ne, der administreres af udgiveren selv, og hvorfra den tjeneste, som brugeren har anmodet om, leveres.<\/li><li><span style=\"color: #164386;\"><strong>Tredjepartscookies: <\/strong><\/span>cookies er dem, der sendes til brugerens terminaludstyr fra en computer eller et dom\u00e6ne, der ikke administreres af redakt\u00f8ren, men af en anden enhed, der behandler de data, der indhentes via cookies.<\/li><\/ul><p>Afh\u00e6ngigt af, hvor l\u00e6nge de forbliver aktiveret i terminaludstyret, kan vi skelne:<\/p><ul><li><span style=\"color: #164386;\"><strong>Sessionscookies:<\/strong><\/span> Det er en type cookie, der er designet til at indsamle og gemme data, mens brugeren bes\u00f8ger et websted. De bruges normalt til at gemme oplysninger, der kun skal opbevares for at kunne levere den tjeneste, som brugeren har anmodet om ved en enkelt lejlighed, og de udl\u00f8ber, n\u00e5r brugeren logger ud eller lukker browseren.<\/li><li><span style=\"color: #164386;\"><strong>Permanente cookies: <\/strong><\/span>Dette er en type cookie, hvor dataene fortsat gemmes i terminalen, s\u00e5 de kan tilg\u00e5s og bruges i mere end \u00e9n session. De kan tilg\u00e5s og behandles i en periode, der defineres af den part, der er ansvarlig for cookien, og som kan variere fra nogle f\u00e5 minutter til flere \u00e5r.<\/li><\/ul><p>Afh\u00e6ngigt af form\u00e5let med behandlingen af de data, der indhentes via cookies, kan disse v\u00e6re:<\/p><ul><li><span style=\"color: #164386;\"><strong>Tekniske cookies:<\/strong><\/span> Det er dem, der giver brugeren mulighed for at browse gennem et websted, en platform eller en webside og bruge de forskellige muligheder eller tjenester, der findes deri, som f.eks. at kontrollere trafik og datakommunikation, identificere sessionen og f\u00e5 adgang til omr\u00e5der med begr\u00e6nset adgang.<\/li><li><span style=\"color: #164386;\"><strong>Cookies til personlig tilpasning:<\/strong><\/span> Disse giver brugeren mulighed for at f\u00e5 adgang til tjenesten med nogle generelle egenskaber, der er foruddefineret i henhold til en r\u00e6kke kriterier i brugerens terminal, som f.eks. sprog, browsertype.<\/li><li><span style=\"color: #164386;\"><strong>Analytiske cookies: <\/strong><\/span>Disse cookies g\u00f8r det muligt for den part, der er ansvarlig for dem, at overv\u00e5ge og analysere adf\u00e6rden hos de brugere, som de er knyttet til. De oplysninger, der indsamles via denne type cookies, bruges til at m\u00e5le aktiviteten p\u00e5 webstederne, websiden eller platformen og til at oprette brugerprofiler.<\/li><li><span style=\"color: #164386;\"><strong>Reklame-cookies:<\/strong><\/span> Det er dem, der giver mulighed for den mest effektive forvaltning af reklameplads.<\/li><li><span style=\"color: #164386;\"><strong>Adf\u00e6rdsbaserede reklamecookies:<\/strong><\/span> Disse cookies gemmer oplysninger om brugernes adf\u00e6rd, der er opn\u00e5et gennem l\u00f8bende observation af deres browservaner, hvilket g\u00f8r det muligt at udvikle en specifik profil med henblik p\u00e5 at vise reklamer baseret p\u00e5 denne.<\/li><\/ul><p>For mere information om dette emne, se venligst det spanske databeskyttelsesagenturs vejledning om brug af cookies.<\/p><h3><span style=\"color: #164386;\">Cookies brugt p\u00e5 hjemmesiden<\/span><\/h3><p>De cookies, der bruges p\u00e5 dette websted, samt deres type og funktion, er identificeret nedenfor:<\/p><p>SHC-webstedet bruger Google Analytics, en webadgangsanalysetjeneste udviklet af Google, som g\u00f8r det muligt at m\u00e5le og analysere browsing p\u00e5 websteder. I henhold til ovenst\u00e5ende typologi er der tale om egne cookies, sessionscookies og analysecookies. Du kan finde flere oplysninger om dette og deaktivere brugen af disse cookies<\/p><p><a href=\"http:\/\/www.google.es\/intl\/es\/analytics\/privacyoverview.html\" target=\"_blank\" rel=\"noopener\">www.google.es\/intl\/es\/analytics\/privacyoverview.html<\/a> .<\/p><p>Gennem webanalyse opn\u00e5s oplysninger om antallet af brugere, der f\u00e5r adgang til webstedet, antallet af viste sider, hyppigheden og gentagelsen af bes\u00f8g, deres varighed, den anvendte browser, den operat\u00f8r, der leverer tjenesten, sproget, den anvendte terminal eller den by, som din IP-adresse er tildelt. Disse oplysninger g\u00f8r det muligt for denne portal at levere en bedre og mere passende service.<\/p><h3><span style=\"color: #164386;\">S\u00e5dan \u00e6ndrer du dine cookie-indstillinger<\/span><\/h3><p>Du kan begr\u00e6nse, blokere eller slette cookies fra SHC eller ethvert andet websted ved hj\u00e6lp af din browser. Hver browser fungerer forskelligt, og \u00bbHj\u00e6lp\u00ab-funktionen viser dig, hvordan du g\u00f8r det.<\/p><ul><li><span style=\"color: #164386;\"><strong>Internet Explorer: <\/strong><\/span><a href=\"http:\/\/windows.microsoft.com\/es-xl\/internet-explorer\/delete-manage-cookies#ie=ie-10\" target=\"_blank\" rel=\"noopener\">windows.microsoft.com\/es-xl\/internet-explorer\/delete-manage-cookies#ie=ie-10<\/a><\/li><li><span style=\"color: #164386;\"><strong>FireFox: <\/strong><\/span><a href=\"http:\/\/support.mozilla.org\/es\/kb\/Borrar%20cookies\" target=\"_blank\" rel=\"noopener\">support.mozilla.org\/es\/kb\/Borrar%20cookies<\/a><\/li><li><span style=\"color: #164386;\"><strong>Chrome: <\/strong><\/span><a href=\"http:\/\/support.google.com\/chrome\/answer\/95647?hl=es\" target=\"_blank\" rel=\"noopener\">support.google.com\/chrome\/answer\/95647?hl=es<\/a><\/li><li><span style=\"color: #164386;\"><strong>Safari: <\/strong><\/span><a href=\"http:\/\/www.apple.com\/es\/privacy\/use-of-cookies\/\" target=\"_blank\" rel=\"noopener\">www.apple.com\/es\/privacy\/use-of-cookies\/<\/a><\/li><\/ul><p>Derudover kan du ogs\u00e5 styre lagringen af cookies i din browser ved hj\u00e6lp af v\u00e6rkt\u00f8jer som f.eks. f\u00f8lgende:<\/p><ul><li><span style=\"color: #164386;\"><strong>Ghostery: <\/strong><\/span><a href=\"http:\/\/www.ghostery.com\/\" target=\"_blank\" rel=\"noopener\">www.ghostery.com\/<\/a><\/li><li><span style=\"color: #164386;\"><strong>Your online choices: <\/strong><\/span><a href=\"http:\/\/www.youronlinechoices.com\/es\/\" target=\"_blank\" rel=\"noopener\">www.youronlinechoices.com\/es\/<\/a><\/li><\/ul>\t\t\t\t\t\t\t\t<\/div>\n\t\t\t\t<\/div>\n\t\t\t\t\t<\/div>\n\t\t\t\t<\/div>\n\t\t\t\t<\/div>\n\t\t","protected":false},"excerpt":{"rendered":"<p>Er Blonquet S.L. ejer af m\u00e6rket Scandinavian Healthcenter informerer Cookies er filer, der kan downloades til din computer af hjemmesider. De er vigtige v\u00e6rkt\u00f8jer til levering af informationssamfundstjenester. De g\u00f8r det blandt andet muligt for et websted at gemme og hente oplysninger om en brugers browservaner eller deres udstyr, og afh\u00e6ngigt af de indhentede oplysninger&#8230;<\/p>\n","protected":false},"author":1,"featured_media":0,"parent":0,"menu_order":0,"comment_status":"closed","ping_status":"closed","template":"","meta":{"footnotes":""},"class_list":["post-707","page","type-page","status-publish","hentry"],"yoast_head":"<!-- This site is optimized with the Yoast SEO plugin v26.8 - https:\/\/yoast.com\/product\/yoast-seo-wordpress\/ -->\n<title>Retningslinjer for informasjonskapsler | Scandinavian Health Center<\/title>\n<meta name=\"robots\" content=\"index, follow, max-snippet:-1, max-image-preview:large, max-video-preview:-1\" \/>\n<link rel=\"canonical\" href=\"https:\/\/scandinavianhealthcenter.com\/da\/cookie-policy\/\" \/>\n<meta property=\"og:locale\" content=\"da_DK\" \/>\n<meta property=\"og:type\" content=\"article\" \/>\n<meta property=\"og:title\" content=\"Retningslinjer for informasjonskapsler | Scandinavian Health Center\" \/>\n<meta property=\"og:description\" content=\"Er Blonquet S.L. ejer af m\u00e6rket Scandinavian Healthcenter informerer Cookies er filer, der kan downloades til din computer af hjemmesider. De er vigtige v\u00e6rkt\u00f8jer til levering af informationssamfundstjenester. De g\u00f8r det blandt andet muligt for et websted at gemme og hente oplysninger om en brugers browservaner eller deres udstyr, og afh\u00e6ngigt af de indhentede oplysninger...\" \/>\n<meta property=\"og:url\" content=\"https:\/\/scandinavianhealthcenter.com\/da\/cookie-policy\/\" \/>\n<meta property=\"og:site_name\" content=\"Scandinavian Health Center\" \/>\n<meta property=\"article:modified_time\" content=\"2025-04-09T07:24:37+00:00\" \/>\n<meta name=\"twitter:card\" content=\"summary_large_image\" \/>\n<meta name=\"twitter:label1\" content=\"Estimeret l\u00e6setid\" \/>\n\t<meta name=\"twitter:data1\" content=\"4 minut\" \/>\n<script type=\"application\/ld+json\" class=\"yoast-schema-graph\">{\"@context\":\"https:\/\/schema.org\",\"@graph\":[{\"@type\":\"WebPage\",\"@id\":\"https:\/\/scandinavianhealthcenter.com\/da\/cookie-policy\/\",\"url\":\"https:\/\/scandinavianhealthcenter.com\/da\/cookie-policy\/\",\"name\":\"Retningslinjer for informasjonskapsler | Scandinavian Health Center\",\"isPartOf\":{\"@id\":\"https:\/\/scandinavianhealthcenter.com\/da\/#website\"},\"datePublished\":\"2025-03-03T10:57:06+00:00\",\"dateModified\":\"2025-04-09T07:24:37+00:00\",\"breadcrumb\":{\"@id\":\"https:\/\/scandinavianhealthcenter.com\/da\/cookie-policy\/#breadcrumb\"},\"inLanguage\":\"da-DK\",\"potentialAction\":[{\"@type\":\"ReadAction\",\"target\":[\"https:\/\/scandinavianhealthcenter.com\/da\/cookie-policy\/\"]}]},{\"@type\":\"BreadcrumbList\",\"@id\":\"https:\/\/scandinavianhealthcenter.com\/da\/cookie-policy\/#breadcrumb\",\"itemListElement\":[{\"@type\":\"ListItem\",\"position\":1,\"name\":\"Hjem\",\"item\":\"https:\/\/scandinavianhealthcenter.com\/da\/\"},{\"@type\":\"ListItem\",\"position\":2,\"name\":\"Retningslinjer for informasjonskapsler\"}]},{\"@type\":\"WebSite\",\"@id\":\"https:\/\/scandinavianhealthcenter.com\/da\/#website\",\"url\":\"https:\/\/scandinavianhealthcenter.com\/da\/\",\"name\":\"Scandinavian HealtCenter\",\"description\":\"L\u00e6gehj\u00e6lp til skandinaver i Mallorca\",\"publisher\":{\"@id\":\"https:\/\/scandinavianhealthcenter.com\/da\/#organization\"},\"potentialAction\":[{\"@type\":\"SearchAction\",\"target\":{\"@type\":\"EntryPoint\",\"urlTemplate\":\"https:\/\/scandinavianhealthcenter.com\/da\/?s={search_term_string}\"},\"query-input\":{\"@type\":\"PropertyValueSpecification\",\"valueRequired\":true,\"valueName\":\"search_term_string\"}}],\"inLanguage\":\"da-DK\"},{\"@type\":\"Organization\",\"@id\":\"https:\/\/scandinavianhealthcenter.com\/da\/#organization\",\"name\":\"Citam\",\"url\":\"https:\/\/scandinavianhealthcenter.com\/da\/\",\"logo\":{\"@type\":\"ImageObject\",\"inLanguage\":\"da-DK\",\"@id\":\"https:\/\/scandinavianhealthcenter.com\/da\/#\/schema\/logo\/image\/\",\"url\":\"https:\/\/scandinavianhealthcenter.com\/wp-content\/uploads\/2025\/03\/scandinavianhealthcenter-logo-top.png\",\"contentUrl\":\"https:\/\/scandinavianhealthcenter.com\/wp-content\/uploads\/2025\/03\/scandinavianhealthcenter-logo-top.png\",\"width\":350,\"height\":99,\"caption\":\"Citam\"},\"image\":{\"@id\":\"https:\/\/scandinavianhealthcenter.com\/da\/#\/schema\/logo\/image\/\"}}]}<\/script>\n<!-- \/ Yoast SEO plugin. -->","yoast_head_json":{"title":"Retningslinjer for informasjonskapsler | Scandinavian Health Center","robots":{"index":"index","follow":"follow","max-snippet":"max-snippet:-1","max-image-preview":"max-image-preview:large","max-video-preview":"max-video-preview:-1"},"canonical":"https:\/\/scandinavianhealthcenter.com\/da\/cookie-policy\/","og_locale":"da_DK","og_type":"article","og_title":"Retningslinjer for informasjonskapsler | Scandinavian Health Center","og_description":"Er Blonquet S.L. ejer af m\u00e6rket Scandinavian Healthcenter informerer Cookies er filer, der kan downloades til din computer af hjemmesider. De er vigtige v\u00e6rkt\u00f8jer til levering af informationssamfundstjenester. De g\u00f8r det blandt andet muligt for et websted at gemme og hente oplysninger om en brugers browservaner eller deres udstyr, og afh\u00e6ngigt af de indhentede oplysninger...","og_url":"https:\/\/scandinavianhealthcenter.com\/da\/cookie-policy\/","og_site_name":"Scandinavian Health Center","article_modified_time":"2025-04-09T07:24:37+00:00","twitter_card":"summary_large_image","twitter_misc":{"Estimeret l\u00e6setid":"4 minut"},"schema":{"@context":"https:\/\/schema.org","@graph":[{"@type":"WebPage","@id":"https:\/\/scandinavianhealthcenter.com\/da\/cookie-policy\/","url":"https:\/\/scandinavianhealthcenter.com\/da\/cookie-policy\/","name":"Retningslinjer for informasjonskapsler | Scandinavian Health Center","isPartOf":{"@id":"https:\/\/scandinavianhealthcenter.com\/da\/#website"},"datePublished":"2025-03-03T10:57:06+00:00","dateModified":"2025-04-09T07:24:37+00:00","breadcrumb":{"@id":"https:\/\/scandinavianhealthcenter.com\/da\/cookie-policy\/#breadcrumb"},"inLanguage":"da-DK","potentialAction":[{"@type":"ReadAction","target":["https:\/\/scandinavianhealthcenter.com\/da\/cookie-policy\/"]}]},{"@type":"BreadcrumbList","@id":"https:\/\/scandinavianhealthcenter.com\/da\/cookie-policy\/#breadcrumb","itemListElement":[{"@type":"ListItem","position":1,"name":"Hjem","item":"https:\/\/scandinavianhealthcenter.com\/da\/"},{"@type":"ListItem","position":2,"name":"Retningslinjer for informasjonskapsler"}]},{"@type":"WebSite","@id":"https:\/\/scandinavianhealthcenter.com\/da\/#website","url":"https:\/\/scandinavianhealthcenter.com\/da\/","name":"Scandinavian HealtCenter","description":"L\u00e6gehj\u00e6lp til skandinaver i Mallorca","publisher":{"@id":"https:\/\/scandinavianhealthcenter.com\/da\/#organization"},"potentialAction":[{"@type":"SearchAction","target":{"@type":"EntryPoint","urlTemplate":"https:\/\/scandinavianhealthcenter.com\/da\/?s={search_term_string}"},"query-input":{"@type":"PropertyValueSpecification","valueRequired":true,"valueName":"search_term_string"}}],"inLanguage":"da-DK"},{"@type":"Organization","@id":"https:\/\/scandinavianhealthcenter.com\/da\/#organization","name":"Citam","url":"https:\/\/scandinavianhealthcenter.com\/da\/","logo":{"@type":"ImageObject","inLanguage":"da-DK","@id":"https:\/\/scandinavianhealthcenter.com\/da\/#\/schema\/logo\/image\/","url":"https:\/\/scandinavianhealthcenter.com\/wp-content\/uploads\/2025\/03\/scandinavianhealthcenter-logo-top.png","contentUrl":"https:\/\/scandinavianhealthcenter.com\/wp-content\/uploads\/2025\/03\/scandinavianhealthcenter-logo-top.png","width":350,"height":99,"caption":"Citam"},"image":{"@id":"https:\/\/scandinavianhealthcenter.com\/da\/#\/schema\/logo\/image\/"}}]}},"_links":{"self":[{"href":"https:\/\/scandinavianhealthcenter.com\/da\/wp-json\/wp\/v2\/pages\/707","targetHints":{"allow":["GET"]}}],"collection":[{"href":"https:\/\/scandinavianhealthcenter.com\/da\/wp-json\/wp\/v2\/pages"}],"about":[{"href":"https:\/\/scandinavianhealthcenter.com\/da\/wp-json\/wp\/v2\/types\/page"}],"author":[{"embeddable":true,"href":"https:\/\/scandinavianhealthcenter.com\/da\/wp-json\/wp\/v2\/users\/1"}],"replies":[{"embeddable":true,"href":"https:\/\/scandinavianhealthcenter.com\/da\/wp-json\/wp\/v2\/comments?post=707"}],"version-history":[{"count":4,"href":"https:\/\/scandinavianhealthcenter.com\/da\/wp-json\/wp\/v2\/pages\/707\/revisions"}],"predecessor-version":[{"id":1454,"href":"https:\/\/scandinavianhealthcenter.com\/da\/wp-json\/wp\/v2\/pages\/707\/revisions\/1454"}],"wp:attachment":[{"href":"https:\/\/scandinavianhealthcenter.com\/da\/wp-json\/wp\/v2\/media?parent=707"}],"curies":[{"name":"wp","href":"https:\/\/api.w.org\/{rel}","templated":true}]}}