{"id":687,"date":"2025-03-03T13:54:39","date_gmt":"2025-03-03T12:54:39","guid":{"rendered":"https:\/\/scandinavianhealthcenter.com\/about-us\/"},"modified":"2025-04-08T15:35:44","modified_gmt":"2025-04-08T13:35:44","slug":"about-us","status":"publish","type":"page","link":"https:\/\/scandinavianhealthcenter.com\/da\/about-us\/","title":{"rendered":"Om os"},"content":{"rendered":"\t\t<div data-elementor-type=\"wp-page\" data-elementor-id=\"687\" class=\"elementor elementor-687 elementor-205\">\n\t\t\t\t<div class=\"elementor-element elementor-element-dfecc76 elementor-hidden-mobile e-flex e-con-boxed e-con e-parent\" data-id=\"dfecc76\" data-element_type=\"container\">\n\t\t\t\t\t<div class=\"e-con-inner\">\n\t\t\t\t<div class=\"elementor-element elementor-element-47d74b2 elementor-widget elementor-widget-spacer\" data-id=\"47d74b2\" data-element_type=\"widget\" data-widget_type=\"spacer.default\">\n\t\t\t\t<div class=\"elementor-widget-container\">\n\t\t\t\t\t\t\t<div class=\"elementor-spacer\">\n\t\t\t<div class=\"elementor-spacer-inner\"><\/div>\n\t\t<\/div>\n\t\t\t\t\t\t<\/div>\n\t\t\t\t<\/div>\n\t\t\t\t\t<\/div>\n\t\t\t\t<\/div>\n\t\t<div class=\"elementor-element elementor-element-7f31459 e-flex e-con-boxed e-con e-parent\" data-id=\"7f31459\" data-element_type=\"container\">\n\t\t\t\t\t<div class=\"e-con-inner\">\n\t\t\t\t<div class=\"elementor-element elementor-element-1d1a9cf columnas-2 elementor-widget elementor-widget-text-editor\" data-id=\"1d1a9cf\" data-element_type=\"widget\" data-widget_type=\"text-editor.default\">\n\t\t\t\t<div class=\"elementor-widget-container\">\n\t\t\t\t\t\t\t\t\t<h2>Scandinavian HEALTHCENTER er din Medical Service Facilitator<\/h2><p>Scandinavian HEALTHCENTER tilbyder dig behandling af al assistance og garanterer:<\/p><p>&#8211; Adgang til de bedste private klinikker<\/p><p>&#8211; De bedste medicinske fagfolk<\/p><p>&#8211; Kun klinikker og fagfolk, der er godkendt af europ\u00e6iske regler<\/p><p>&#8211; Ret til kvalitetsbehandling og patientsikkerhed<\/p><p>&#8211; Ret til information og informeret samtykke<\/p><p>&#8211; Ret til valg af sundhedsv\u00e6sen<\/p><p>&#8211; Tilg\u00e6ngelighed af hospitaler for patienter med handicap<\/p><p>&#8211; Ret til at f\u00e5 adgang til kopi af din medicinske journal<\/p><p>&#8211; Samarbejde med din egen l\u00e6ge om opf\u00f8lgende behandling<br \/><br \/>&#8211; Ret til privatliv og beskyttelse af dine personlige data<\/p><p>&#8211; Officielle behandlingspriser<\/p><h3>Sundhedsydelser i udlandet<\/h3><p>Vi behandler din l\u00e6gehj\u00e6lp med enhver form for forsikring. Hvis du ikke har en forsikring, kan vi ogs\u00e5 behandle din ret til refusion over for de offentlige myndigheder i dit land.<\/p>\t\t\t\t\t\t\t\t<\/div>\n\t\t\t\t<\/div>\n\t\t\t\t\t<\/div>\n\t\t\t\t<\/div>\n\t\t\t\t<\/div>\n\t\t","protected":false},"excerpt":{"rendered":"<p>Scandinavian HEALTHCENTER er din Medical Service Facilitator Scandinavian HEALTHCENTER tilbyder dig behandling af al assistance og garanterer: &#8211; Adgang til de bedste private klinikker &#8211; De bedste medicinske fagfolk &#8211; Kun klinikker og fagfolk, der er godkendt af europ\u00e6iske regler &#8211; Ret til kvalitetsbehandling og patientsikkerhed &#8211; Ret til information og informeret samtykke &#8211; Ret&#8230;<\/p>\n","protected":false},"author":1,"featured_media":688,"parent":0,"menu_order":0,"comment_status":"closed","ping_status":"closed","template":"","meta":{"footnotes":""},"class_list":["post-687","page","type-page","status-publish","has-post-thumbnail","hentry"],"yoast_head":"<!-- This site is optimized with the Yoast SEO plugin v26.8 - https:\/\/yoast.com\/product\/yoast-seo-wordpress\/ -->\n<title>Om os | Scandinavian Health Center<\/title>\n<meta name=\"robots\" content=\"index, follow, max-snippet:-1, max-image-preview:large, max-video-preview:-1\" \/>\n<link rel=\"canonical\" href=\"https:\/\/scandinavianhealthcenter.com\/da\/about-us\/\" \/>\n<meta property=\"og:locale\" content=\"da_DK\" \/>\n<meta property=\"og:type\" content=\"article\" \/>\n<meta property=\"og:title\" content=\"Om os | Scandinavian Health Center\" \/>\n<meta property=\"og:description\" content=\"Scandinavian HEALTHCENTER er din Medical Service Facilitator Scandinavian HEALTHCENTER tilbyder dig behandling af al assistance og garanterer: &#8211; Adgang til de bedste private klinikker &#8211; De bedste medicinske fagfolk &#8211; Kun klinikker og fagfolk, der er godkendt af europ\u00e6iske regler &#8211; Ret til kvalitetsbehandling og patientsikkerhed &#8211; Ret til information og informeret samtykke &#8211; Ret...\" \/>\n<meta property=\"og:url\" content=\"https:\/\/scandinavianhealthcenter.com\/da\/about-us\/\" \/>\n<meta property=\"og:site_name\" content=\"Scandinavian Health Center\" \/>\n<meta property=\"article:modified_time\" content=\"2025-04-08T13:35:44+00:00\" \/>\n<meta property=\"og:image\" content=\"https:\/\/scandinavianhealthcenter.com\/wp-content\/uploads\/2025\/03\/Citam-Header-Home_2-1.jpg\" \/>\n\t<meta property=\"og:image:width\" content=\"2200\" \/>\n\t<meta property=\"og:image:height\" content=\"960\" \/>\n\t<meta property=\"og:image:type\" content=\"image\/jpeg\" \/>\n<meta name=\"twitter:card\" content=\"summary_large_image\" \/>\n<meta name=\"twitter:label1\" content=\"Estimeret l\u00e6setid\" \/>\n\t<meta name=\"twitter:data1\" content=\"1 minut\" \/>\n<script type=\"application\/ld+json\" class=\"yoast-schema-graph\">{\"@context\":\"https:\/\/schema.org\",\"@graph\":[{\"@type\":\"WebPage\",\"@id\":\"https:\/\/scandinavianhealthcenter.com\/da\/about-us\/\",\"url\":\"https:\/\/scandinavianhealthcenter.com\/da\/about-us\/\",\"name\":\"Om os | Scandinavian Health Center\",\"isPartOf\":{\"@id\":\"https:\/\/scandinavianhealthcenter.com\/da\/#website\"},\"primaryImageOfPage\":{\"@id\":\"https:\/\/scandinavianhealthcenter.com\/da\/about-us\/#primaryimage\"},\"image\":{\"@id\":\"https:\/\/scandinavianhealthcenter.com\/da\/about-us\/#primaryimage\"},\"thumbnailUrl\":\"https:\/\/scandinavianhealthcenter.com\/wp-content\/uploads\/2025\/03\/Citam-Header-Home_2-1.jpg\",\"datePublished\":\"2025-03-03T12:54:39+00:00\",\"dateModified\":\"2025-04-08T13:35:44+00:00\",\"breadcrumb\":{\"@id\":\"https:\/\/scandinavianhealthcenter.com\/da\/about-us\/#breadcrumb\"},\"inLanguage\":\"da-DK\",\"potentialAction\":[{\"@type\":\"ReadAction\",\"target\":[\"https:\/\/scandinavianhealthcenter.com\/da\/about-us\/\"]}]},{\"@type\":\"ImageObject\",\"inLanguage\":\"da-DK\",\"@id\":\"https:\/\/scandinavianhealthcenter.com\/da\/about-us\/#primaryimage\",\"url\":\"https:\/\/scandinavianhealthcenter.com\/wp-content\/uploads\/2025\/03\/Citam-Header-Home_2-1.jpg\",\"contentUrl\":\"https:\/\/scandinavianhealthcenter.com\/wp-content\/uploads\/2025\/03\/Citam-Header-Home_2-1.jpg\",\"width\":2200,\"height\":960,\"caption\":\"Citam-Header-Home\"},{\"@type\":\"BreadcrumbList\",\"@id\":\"https:\/\/scandinavianhealthcenter.com\/da\/about-us\/#breadcrumb\",\"itemListElement\":[{\"@type\":\"ListItem\",\"position\":1,\"name\":\"Hjem\",\"item\":\"https:\/\/scandinavianhealthcenter.com\/da\/\"},{\"@type\":\"ListItem\",\"position\":2,\"name\":\"Om os\"}]},{\"@type\":\"WebSite\",\"@id\":\"https:\/\/scandinavianhealthcenter.com\/da\/#website\",\"url\":\"https:\/\/scandinavianhealthcenter.com\/da\/\",\"name\":\"Scandinavian HealtCenter\",\"description\":\"L\u00e6gehj\u00e6lp til skandinaver i Mallorca\",\"publisher\":{\"@id\":\"https:\/\/scandinavianhealthcenter.com\/da\/#organization\"},\"potentialAction\":[{\"@type\":\"SearchAction\",\"target\":{\"@type\":\"EntryPoint\",\"urlTemplate\":\"https:\/\/scandinavianhealthcenter.com\/da\/?s={search_term_string}\"},\"query-input\":{\"@type\":\"PropertyValueSpecification\",\"valueRequired\":true,\"valueName\":\"search_term_string\"}}],\"inLanguage\":\"da-DK\"},{\"@type\":\"Organization\",\"@id\":\"https:\/\/scandinavianhealthcenter.com\/da\/#organization\",\"name\":\"Citam\",\"url\":\"https:\/\/scandinavianhealthcenter.com\/da\/\",\"logo\":{\"@type\":\"ImageObject\",\"inLanguage\":\"da-DK\",\"@id\":\"https:\/\/scandinavianhealthcenter.com\/da\/#\/schema\/logo\/image\/\",\"url\":\"https:\/\/scandinavianhealthcenter.com\/wp-content\/uploads\/2025\/03\/scandinavianhealthcenter-logo-top.png\",\"contentUrl\":\"https:\/\/scandinavianhealthcenter.com\/wp-content\/uploads\/2025\/03\/scandinavianhealthcenter-logo-top.png\",\"width\":350,\"height\":99,\"caption\":\"Citam\"},\"image\":{\"@id\":\"https:\/\/scandinavianhealthcenter.com\/da\/#\/schema\/logo\/image\/\"}}]}<\/script>\n<!-- \/ Yoast SEO plugin. -->","yoast_head_json":{"title":"Om os | Scandinavian Health Center","robots":{"index":"index","follow":"follow","max-snippet":"max-snippet:-1","max-image-preview":"max-image-preview:large","max-video-preview":"max-video-preview:-1"},"canonical":"https:\/\/scandinavianhealthcenter.com\/da\/about-us\/","og_locale":"da_DK","og_type":"article","og_title":"Om os | Scandinavian Health Center","og_description":"Scandinavian HEALTHCENTER er din Medical Service Facilitator Scandinavian HEALTHCENTER tilbyder dig behandling af al assistance og garanterer: &#8211; Adgang til de bedste private klinikker &#8211; De bedste medicinske fagfolk &#8211; Kun klinikker og fagfolk, der er godkendt af europ\u00e6iske regler &#8211; Ret til kvalitetsbehandling og patientsikkerhed &#8211; Ret til information og informeret samtykke &#8211; Ret...","og_url":"https:\/\/scandinavianhealthcenter.com\/da\/about-us\/","og_site_name":"Scandinavian Health Center","article_modified_time":"2025-04-08T13:35:44+00:00","og_image":[{"width":2200,"height":960,"url":"https:\/\/scandinavianhealthcenter.com\/wp-content\/uploads\/2025\/03\/Citam-Header-Home_2-1.jpg","type":"image\/jpeg"}],"twitter_card":"summary_large_image","twitter_misc":{"Estimeret l\u00e6setid":"1 minut"},"schema":{"@context":"https:\/\/schema.org","@graph":[{"@type":"WebPage","@id":"https:\/\/scandinavianhealthcenter.com\/da\/about-us\/","url":"https:\/\/scandinavianhealthcenter.com\/da\/about-us\/","name":"Om os | Scandinavian Health Center","isPartOf":{"@id":"https:\/\/scandinavianhealthcenter.com\/da\/#website"},"primaryImageOfPage":{"@id":"https:\/\/scandinavianhealthcenter.com\/da\/about-us\/#primaryimage"},"image":{"@id":"https:\/\/scandinavianhealthcenter.com\/da\/about-us\/#primaryimage"},"thumbnailUrl":"https:\/\/scandinavianhealthcenter.com\/wp-content\/uploads\/2025\/03\/Citam-Header-Home_2-1.jpg","datePublished":"2025-03-03T12:54:39+00:00","dateModified":"2025-04-08T13:35:44+00:00","breadcrumb":{"@id":"https:\/\/scandinavianhealthcenter.com\/da\/about-us\/#breadcrumb"},"inLanguage":"da-DK","potentialAction":[{"@type":"ReadAction","target":["https:\/\/scandinavianhealthcenter.com\/da\/about-us\/"]}]},{"@type":"ImageObject","inLanguage":"da-DK","@id":"https:\/\/scandinavianhealthcenter.com\/da\/about-us\/#primaryimage","url":"https:\/\/scandinavianhealthcenter.com\/wp-content\/uploads\/2025\/03\/Citam-Header-Home_2-1.jpg","contentUrl":"https:\/\/scandinavianhealthcenter.com\/wp-content\/uploads\/2025\/03\/Citam-Header-Home_2-1.jpg","width":2200,"height":960,"caption":"Citam-Header-Home"},{"@type":"BreadcrumbList","@id":"https:\/\/scandinavianhealthcenter.com\/da\/about-us\/#breadcrumb","itemListElement":[{"@type":"ListItem","position":1,"name":"Hjem","item":"https:\/\/scandinavianhealthcenter.com\/da\/"},{"@type":"ListItem","position":2,"name":"Om os"}]},{"@type":"WebSite","@id":"https:\/\/scandinavianhealthcenter.com\/da\/#website","url":"https:\/\/scandinavianhealthcenter.com\/da\/","name":"Scandinavian HealtCenter","description":"L\u00e6gehj\u00e6lp til skandinaver i Mallorca","publisher":{"@id":"https:\/\/scandinavianhealthcenter.com\/da\/#organization"},"potentialAction":[{"@type":"SearchAction","target":{"@type":"EntryPoint","urlTemplate":"https:\/\/scandinavianhealthcenter.com\/da\/?s={search_term_string}"},"query-input":{"@type":"PropertyValueSpecification","valueRequired":true,"valueName":"search_term_string"}}],"inLanguage":"da-DK"},{"@type":"Organization","@id":"https:\/\/scandinavianhealthcenter.com\/da\/#organization","name":"Citam","url":"https:\/\/scandinavianhealthcenter.com\/da\/","logo":{"@type":"ImageObject","inLanguage":"da-DK","@id":"https:\/\/scandinavianhealthcenter.com\/da\/#\/schema\/logo\/image\/","url":"https:\/\/scandinavianhealthcenter.com\/wp-content\/uploads\/2025\/03\/scandinavianhealthcenter-logo-top.png","contentUrl":"https:\/\/scandinavianhealthcenter.com\/wp-content\/uploads\/2025\/03\/scandinavianhealthcenter-logo-top.png","width":350,"height":99,"caption":"Citam"},"image":{"@id":"https:\/\/scandinavianhealthcenter.com\/da\/#\/schema\/logo\/image\/"}}]}},"_links":{"self":[{"href":"https:\/\/scandinavianhealthcenter.com\/da\/wp-json\/wp\/v2\/pages\/687","targetHints":{"allow":["GET"]}}],"collection":[{"href":"https:\/\/scandinavianhealthcenter.com\/da\/wp-json\/wp\/v2\/pages"}],"about":[{"href":"https:\/\/scandinavianhealthcenter.com\/da\/wp-json\/wp\/v2\/types\/page"}],"author":[{"embeddable":true,"href":"https:\/\/scandinavianhealthcenter.com\/da\/wp-json\/wp\/v2\/users\/1"}],"replies":[{"embeddable":true,"href":"https:\/\/scandinavianhealthcenter.com\/da\/wp-json\/wp\/v2\/comments?post=687"}],"version-history":[{"count":7,"href":"https:\/\/scandinavianhealthcenter.com\/da\/wp-json\/wp\/v2\/pages\/687\/revisions"}],"predecessor-version":[{"id":1335,"href":"https:\/\/scandinavianhealthcenter.com\/da\/wp-json\/wp\/v2\/pages\/687\/revisions\/1335"}],"wp:featuredmedia":[{"embeddable":true,"href":"https:\/\/scandinavianhealthcenter.com\/da\/wp-json\/wp\/v2\/media\/688"}],"wp:attachment":[{"href":"https:\/\/scandinavianhealthcenter.com\/da\/wp-json\/wp\/v2\/media?parent=687"}],"curies":[{"name":"wp","href":"https:\/\/api.w.org\/{rel}","templated":true}]}}